{"id":1009,"date":"2019-01-03T20:39:41","date_gmt":"2019-01-03T20:39:41","guid":{"rendered":"http:\/\/avicom.icom.cust.oxymium.net\/archives\/2010-2\/general-conference-2010\/"},"modified":"2019-01-03T20:46:43","modified_gmt":"2019-01-03T20:46:43","slug":"general-conference-2010","status":"publish","type":"page","link":"https:\/\/avicom.mini.icom.museum\/es\/archives\/2010-2\/general-conference-2010\/","title":{"rendered":"General Conference 2010"},"content":{"rendered":"<div id=\"RTE_CONTENT\"> <!--TYPO3SEARCH_begin--> \t<!--  CONTENT ELEMENT, uid:5950\/multimedia [begin] --> \t\t<\/p>\n<div id=\"c5950\"> \t\t<!--  Header: [begin] --> \t\t\t<\/p>\n<h1>Archives<\/h1>\n<p> \t\t<!--  Header: [end] --> \t\t\t \t\t<!--  Multimedia element: [begin] --> \t\t\t  <\/p>\n<h2 align=\"justify\">Conf\u00e9rence g\u00e9n\u00e9rale 2010<\/h2>\n<p align=\"justify\">Shanghai, China<br \/>    November 7-13 2010<br \/><a href=\"http:\/\/icom.museum\/general-conference2010_fr.html\" target=\"_blank\">22nd General Conference <\/a> <br \/>    Theme: Museums and a Harmonious Society <br \/><a href=\"http:\/\/icom2010.org.cn\/\">http:\/\/icom2010.org.cn\/<\/a><\/p>\n<p align=\"justify\"><\/p>\n<p><strong><img decoding=\"async\" src=\"http:\/\/icom.museum\/uploads\/RTEmagicC_logo_pavillion2010_01.jpg.jpg\" alt=\"ICOM 2010\" align=\"left\" txdam=\"3706\"><\/strong>For the first time in its history, ICOM will participate in the celebrated World Expo, which is held this year on the theme of &#8216;Better City, Better Life&#8217; in Shanghai from May 1st to 31 October, 2010.<\/p>\n<p>  With a booth of 108m\u00b2, ICOM will be able to show the world the important role museums play in modern history as well as ICOM\u2019s function as the only international organisation representing museums and museum professionals.<\/p>\n<p>Note: Use the FIREFOX browser to read this page correctly and see the videos.<\/p>\n<p>\u00a0<\/p>\n<p align=\"center\">    <object><param value=\"http:\/\/www.dailymotion.com\/swf\/video\/xd7xoq\" name=\"movie\"><param value=\"true\" name=\"allowFullScreen\"><param value=\"always\" name=\"allowScriptAccess\"><embed allowscriptaccess=\"always\" allowfullscreen=\"true\" src=\"http:\/\/www.dailymotion.com\/swf\/video\/xd7xoq\" type=\"application\/x-shockwave-flash\"><\/embed><\/object>  <strong> <\/strong><\/p>\n<p align=\"center\"> Visit of ICOM pavillon with Julien Enfruns<strong><br \/><\/strong>  <\/p>\n<hr size=\"2\">\n<h2>ICOM Pavilion<\/h2>\n<p>The architecture agency Exhibit Works Inc. has designed a \u201cmuseum\u201d experience for visitors to appreciate and learn about ICOM and what ICOM does. The clean, simple, modern museum-like architecture with its modernized image has well planned functions. The front circular space can be set up as a featured exhibit area and can also be converted to an activity area.<\/p>\n<p>\u00a0<\/p>\n<p align=\"center\"><img decoding=\"async\" src=\"http:\/\/icom.museum\/uploads\/RTEmagicC_stand_icom_ExU_01b.jpg.jpg\" txdam=\"3707\" alt=\"\"><\/p>\n<p><em>These are photos of models! See all the <a href=\"http:\/\/icom.museum\/who-we-are\/media\/photo-video-gallery.html\" target=\"_blank\">photos of the pavilion<\/a>.<\/em><\/p>\n<p>\u00a0<\/p>\n<p>At the back, a video wall will create a sensational experience of a modern museum environment. Visitors can appreciate the exhibit from both outside and inside the pavilion, and they can access the exhibit in and out easily with all the openings on all sides. The VIP lounge will provide a comfortable environment for ICOM members, journalists and partners.<\/p>\n<p><\/p>\n<p align=\"center\"><img decoding=\"async\" src=\"http:\/\/icom.museum\/uploads\/RTEmagicC_stand_icom_ExU_03b.jpg.jpg\" txdam=\"3708\" alt=\"\"><\/p>\n<p align=\"center\">\u00a0<\/p>\n<p align=\"center\"><img decoding=\"async\" src=\"http:\/\/icom.museum\/uploads\/RTEmagicC_stand_icom_ExU_04b.jpg.jpg\" txdam=\"3709\" alt=\"\"><\/p>\n<p align=\"center\">\u00a0<\/p>\n<p align=\"center\"><img decoding=\"async\" src=\"http:\/\/icom.museum\/uploads\/RTEmagicC_stand_icom_ExU_05b.jpg.jpg\" txdam=\"3710\" alt=\"\"><\/p>\n<p align=\"center\">\u00a0<\/p>\n<p align=\"center\"><em>These are photos of models! See all the <a href=\"http:\/\/icom.museum\/who-we-are\/media\/photo-video-gallery.html\" target=\"_blank\">photos of the pavilion<\/a>.<\/em><\/p>\n<p align=\"center\">\u00a0<\/p>\n<p align=\"left\">The theme for the ICOM booth (&#8216;Better City, Better Life&#8217;) will be explored throughout exhibitions and events during the six months of the Expo:<\/p>\n<p align=\"left\">\u00a0<\/p>\n<ul>\n<li>A permanent exhibition on ICOM and its missions.<\/li>\n<li>Six temporary exhibitions that will highlight a continent with five topics: Museum and Society, Museums and the Environment, Museums and Culture, Museums, Economy and Innovation.<\/li>\n<li>At the beginning of each month a museum will be presented, highlighting a region of the world.<\/li>\n<\/ul>\n<p>\u00a0<\/p>\n<p><strong>ICOM will be under the spotlight on <a href=\"http:\/\/icom.museum\/doc\/expo2010\/expo2010.html\" target=\"_blank\">May 18, 2010<\/a> on the occasion of International Museum Day.<\/strong><\/p>\n<p>   \t\t<!--  Multimedia element: [end] --> \t\t\t<\/div>\n<p> \t<!--  CONTENT ELEMENT, uid:5950\/multimedia [end] --> \t\t<!--TYPO3SEARCH_end--> <\/div>\n","protected":false},"excerpt":{"rendered":"<p>Archives Conf\u00e9rence g\u00e9n\u00e9rale 2010 Shanghai, China November 7-13 201022nd General Conference Theme: Museums and a Harmonious Society http:\/\/icom2010.org.cn\/ For the first time in its history, ICOM will participate in the celebrated World Expo, which is held this year on the theme of &#8216;Better City, Better Life&#8217; in Shanghai from May 1st to 31 October, 2010. [&hellip;]<\/p>\n","protected":false},"author":1,"featured_media":0,"parent":623,"menu_order":0,"comment_status":"closed","ping_status":"closed","template":"","meta":{"footnotes":""},"yst_prominent_words":[],"acf":[],"_links":{"self":[{"href":"https:\/\/avicom.mini.icom.museum\/es\/wp-json\/wp\/v2\/pages\/1009"}],"collection":[{"href":"https:\/\/avicom.mini.icom.museum\/es\/wp-json\/wp\/v2\/pages"}],"about":[{"href":"https:\/\/avicom.mini.icom.museum\/es\/wp-json\/wp\/v2\/types\/page"}],"author":[{"embeddable":true,"href":"https:\/\/avicom.mini.icom.museum\/es\/wp-json\/wp\/v2\/users\/1"}],"replies":[{"embeddable":true,"href":"https:\/\/avicom.mini.icom.museum\/es\/wp-json\/wp\/v2\/comments?post=1009"}],"version-history":[{"count":1,"href":"https:\/\/avicom.mini.icom.museum\/es\/wp-json\/wp\/v2\/pages\/1009\/revisions"}],"predecessor-version":[{"id":2160,"href":"https:\/\/avicom.mini.icom.museum\/es\/wp-json\/wp\/v2\/pages\/1009\/revisions\/2160"}],"up":[{"embeddable":true,"href":"https:\/\/avicom.mini.icom.museum\/es\/wp-json\/wp\/v2\/pages\/623"}],"wp:attachment":[{"href":"https:\/\/avicom.mini.icom.museum\/es\/wp-json\/wp\/v2\/media?parent=1009"}],"wp:term":[{"taxonomy":"yst_prominent_words","embeddable":true,"href":"https:\/\/avicom.mini.icom.museum\/es\/wp-json\/wp\/v2\/yst_prominent_words?post=1009"}],"curies":[{"name":"wp","href":"https:\/\/api.w.org\/{rel}","templated":true}]}}