{"id":1101,"date":"2019-01-03T20:40:17","date_gmt":"2019-01-03T20:40:17","guid":{"rendered":"http:\/\/avicom.icom.cust.oxymium.net\/archives\/2010-2\/composition-of-the-international-jury\/"},"modified":"2019-01-03T20:46:42","modified_gmt":"2019-01-03T20:46:42","slug":"composition-of-the-international-jury","status":"publish","type":"page","link":"https:\/\/avicom.mini.icom.museum\/es\/archives\/2010-2\/composition-of-the-international-jury\/","title":{"rendered":"Composition of the International Jury"},"content":{"rendered":"<div id=\"RTE_CONTENT\"> <!--TYPO3SEARCH_begin--> \t<!--  CONTENT ELEMENT, uid:6028\/textpic [begin] --> \t\t<\/p>\n<div id=\"c6028\"> \t\t<!--  Header: [begin] --> \t\t\t<\/p>\n<h2>Archives<\/h2>\n<p> \t\t<!--  Header: [end] --> \t\t\t \t\t<!--  Image block: [begin] --> \t\t\t<\/p>\n<div>\n<div><img decoding=\"async\" src=\"http:\/\/avicom.mini.icom.museum\/wp-content\/uploads\/sites\/3\/2019\/01\/logo_fiamp_57.jpg\" alt=\"\"><\/div>\n<div> \t\t<!--  Text: [begin] --> \t\t\t<\/p>\n<h2>FIAMP.2010<\/h2>\n<h3>Shanghai, China, November 8-10, 2010 <\/h3>\n<h2>Jury<\/h2>\n<ul>\n<li>\n<p><strong>Pedro de SOUSA ABREU<\/strong><br \/>       Pr\u00e9sident  du Jury attach\u00e9  culturel, D\u00e9l\u00e9gation Permanent \u00a0du Portugal pr\u00e8s UNESCO &#8211; Portugal\u00a0<\/p>\n<\/li>\n<li>\n<p><strong>Ir\u00e8ne RABENORO<\/strong><br \/>       Ambassadeur,  D\u00e9l\u00e9gation permanente de Madagascar pr\u00e8s UNESCO &#8211; Madagascar\u00a0<\/p>\n<\/li>\n<li>\n<p><strong>Martina NIBBELING-WRIE\u00dfNIG<\/strong><br \/>       Ambassadeur,  D\u00e9l\u00e9gation Permanent de la R\u00e9publique f\u00e9d\u00e9rale d&#8217;Allemagne pr\u00e8s UNESCO &#8211; Allemagne\u00a0<\/p>\n<\/li>\n<li>\n<p><strong>Christa BLENK<\/strong><br \/>       Attach\u00e9  culturel, D\u00e9l\u00e9gation Permanent de la R\u00e9publique f\u00e9d\u00e9rale d&#8217;Allemagne pr\u00e8s UNESCO  &#8211; Allemagne\u00a0<\/p>\n<\/li>\n<li>\n<p><strong>Anja KRAUSE<\/strong><br \/>       D\u00e9l\u00e9gation  Permanent de la R\u00e9publique f\u00e9d\u00e9rale d&#8217;Allemagne pr\u00e8s UNESCO \u2013 Allemagne\u00a0<\/p>\n<\/li>\n<li>\n<p><strong>Rocke RAJAOFETRA<\/strong><br \/>       Consultant  culturel, D\u00e9l\u00e9gation permanente de Madagascar pr\u00e8s UNESCO \u2013 Madagascar\u00a0<\/p>\n<\/li>\n<li>\n<p><strong>Nytoky ANDRIAMANJATO<\/strong><br \/>       Consultant  culturel, D\u00e9l\u00e9gation permanente de Madagascar pr\u00e8s UNESCO \u2013 Madagascar\u00a0<\/p>\n<\/li>\n<li>\n<p><strong>LUO Jing<\/strong><br \/>       Vice-director  Museum Division, State Administration of Cultural Heritage (d\u00e9l\u00e9gation chinoise)  &#8211; Chine\u00a0<\/p>\n<\/li>\n<li>\n<p><strong>CHEN Jianming<\/strong><br \/>       Director  Hunan Provincial Museum (d\u00e9l\u00e9gation chinoise) &#8211; Chine\u00a0<\/p>\n<\/li>\n<li>\n<p><strong>YANG Yang<\/strong><br \/>       Charg\u00e9e  de mission AVICOM pour le FIAMP &#8211; Chine\u00a0<\/p>\n<\/li>\n<li>\n<p><strong>Carla BONOMI<\/strong><br \/>       Webmestre  du site de l&#8217;ICOM &#8211; Italie\u00a0<\/p>\n<\/li>\n<li>\n<p><strong>Paula MARTINS<\/strong><br \/>       Interpr\u00e8te  de conf\u00e9rences \u00e0 l\u2019UNESCO \u2013 Portugal\u00a0<\/p>\n<\/li>\n<li>\n<p><strong>B\u00e9atrice SOUVIGNET<\/strong><br \/>       Mus\u00e9e  national de la Marine &#8211; France\u00a0<\/p>\n<\/li>\n<li>\n<p><strong>Jean-Marcel HUMBERT<\/strong><br \/>       Comit\u00e9  AVICOM \u2013 France\u00a0<\/p>\n<\/li>\n<li>\n<p><strong>Marie-Fran\u00e7oise DELVAL<\/strong><br \/>       Directrice  g\u00e9n\u00e9rale du FIAMP et Pr\u00e9sidente d\u2019AVICOM &#8211; France<\/p>\n<\/li>\n<\/ul>\n<p> <!--  Text: [end] --> <\/div>\n<\/p><\/div>\n<div><!-- --><\/div>\n<p> \t\t<!--  Image block: [end] --> \t\t\t   \t<!--  \t\tBEGIN: Content of extension \"hpo_relatedlink\", plugin \"tx_hporelatedlink_pi1\"  \t--> \t<\/p>\n<div> \t\t \t<\/div>\n<p> \t \t<!-- END: Content of extension \"hpo_relatedlink\", plugin \"tx_hporelatedlink_pi1\" -->  \t<\/div>\n<p> \t<!--  CONTENT ELEMENT, uid:6028\/textpic [end] --> \t\t<!--TYPO3SEARCH_end--> <\/div>\n","protected":false},"excerpt":{"rendered":"<p>Archives FIAMP.2010 Shanghai, China, November 8-10, 2010 Jury Pedro de SOUSA ABREU Pr\u00e9sident du Jury attach\u00e9 culturel, D\u00e9l\u00e9gation Permanent \u00a0du Portugal pr\u00e8s UNESCO &#8211; Portugal\u00a0 Ir\u00e8ne RABENORO Ambassadeur, D\u00e9l\u00e9gation permanente de Madagascar pr\u00e8s UNESCO &#8211; Madagascar\u00a0 Martina NIBBELING-WRIE\u00dfNIG Ambassadeur, D\u00e9l\u00e9gation Permanent de la R\u00e9publique f\u00e9d\u00e9rale d&#8217;Allemagne pr\u00e8s UNESCO &#8211; Allemagne\u00a0 Christa BLENK Attach\u00e9 culturel, D\u00e9l\u00e9gation [&hellip;]<\/p>\n","protected":false},"author":1,"featured_media":0,"parent":623,"menu_order":6,"comment_status":"closed","ping_status":"closed","template":"","meta":{"footnotes":""},"yst_prominent_words":[],"acf":[],"_links":{"self":[{"href":"https:\/\/avicom.mini.icom.museum\/es\/wp-json\/wp\/v2\/pages\/1101"}],"collection":[{"href":"https:\/\/avicom.mini.icom.museum\/es\/wp-json\/wp\/v2\/pages"}],"about":[{"href":"https:\/\/avicom.mini.icom.museum\/es\/wp-json\/wp\/v2\/types\/page"}],"author":[{"embeddable":true,"href":"https:\/\/avicom.mini.icom.museum\/es\/wp-json\/wp\/v2\/users\/1"}],"replies":[{"embeddable":true,"href":"https:\/\/avicom.mini.icom.museum\/es\/wp-json\/wp\/v2\/comments?post=1101"}],"version-history":[{"count":1,"href":"https:\/\/avicom.mini.icom.museum\/es\/wp-json\/wp\/v2\/pages\/1101\/revisions"}],"predecessor-version":[{"id":2154,"href":"https:\/\/avicom.mini.icom.museum\/es\/wp-json\/wp\/v2\/pages\/1101\/revisions\/2154"}],"up":[{"embeddable":true,"href":"https:\/\/avicom.mini.icom.museum\/es\/wp-json\/wp\/v2\/pages\/623"}],"wp:attachment":[{"href":"https:\/\/avicom.mini.icom.museum\/es\/wp-json\/wp\/v2\/media?parent=1101"}],"wp:term":[{"taxonomy":"yst_prominent_words","embeddable":true,"href":"https:\/\/avicom.mini.icom.museum\/es\/wp-json\/wp\/v2\/yst_prominent_words?post=1101"}],"curies":[{"name":"wp","href":"https:\/\/api.w.org\/{rel}","templated":true}]}}