{"id":1257,"date":"2019-01-03T20:40:54","date_gmt":"2019-01-03T20:40:54","guid":{"rendered":"http:\/\/avicom.icom.cust.oxymium.net\/archives\/2009-2\/composition-of-the-international-jury\/"},"modified":"2019-01-03T20:46:41","modified_gmt":"2019-01-03T20:46:41","slug":"composition-of-the-international-jury","status":"publish","type":"page","link":"https:\/\/avicom.mini.icom.museum\/es\/archives\/2009-2\/composition-of-the-international-jury\/","title":{"rendered":"Composition of the International Jury"},"content":{"rendered":"<div id=\"RTE_CONTENT\"> <!--TYPO3SEARCH_begin--> \t<!--  CONTENT ELEMENT, uid:5976\/textpic [begin] --> \t\t<\/p>\n<div id=\"c5976\"> \t\t<!--  Header: [begin] --> \t\t\t<\/p>\n<h2>Archives<\/h2>\n<p> \t\t<!--  Header: [end] --> \t\t\t \t\t<!--  Image block: [begin] --> \t\t\t<\/p>\n<div>\n<div><img decoding=\"async\" src=\"http:\/\/avicom.mini.icom.museum\/wp-content\/uploads\/sites\/3\/2019\/01\/logo_fiamp_27.jpg\" alt=\"\"><\/div>\n<div> \t\t<!--  Text: [begin] --> \t\t\t<\/p>\n<h2>FIAMP.2009<\/h2>\n<h3>Turin, Italy <\/h3>\n<p>The jury met in early December at the&#8221;Guido Quazza&#8221; Multimedia Lab of the Faculty of Information Sciences at the University of Turin.  <\/p>\n<p>The jury  consisted of:<\/p>\n<ul>\n<li>\n<p><strong>Giuseppe CALOPRESTI<\/strong> \u2013 R\u00e9gion du Pi\u00e9mont &#8211; Expert<\/p>\n<\/li>\n<li>\n<p><strong>Simona CARACENI<\/strong> \u2013 Professeur Multimedia &#8211; Milan<\/p>\n<\/li>\n<li>\n<p><strong>Marie-Fran\u00e7oise DELVALI<\/strong> \u2013 Pr\u00e9sident AVICOM<\/p>\n<\/li>\n<li>\n<p><strong>Alex DONADIO<\/strong> \u2013 Sc\u00e9nographe &#8211; Ind\u00e9pendant<\/p>\n<\/li>\n<li>\n<p><strong>Daniele JALLA <\/strong>\u2013 ICOM Italia &#8211; Pr\u00e9sident<\/p>\n<\/li>\n<li>\n<p><strong>H\u00e9l\u00e8ne LENG<\/strong> \u2013 Professeur FLE &#8211; Libraire Turin<\/p>\n<\/li>\n<li>\n<p><strong>Nello RASSU<\/strong> \u2013 Universit\u00e9 de Turin &#8211; Expert<\/p>\n<\/li>\n<li>\n<p><strong>Caterina THELLUNG<\/strong> \u2013 Ville de Turin \u2013 Conservateur<\/p>\n<\/li>\n<li>\n<p><strong>Marco TONON<\/strong> \u2013 ICOM Italia &#8211; Ancien Pr\u00e9sident d\u2019AVICOM<\/p>\n<\/li>\n<li>\n<p><strong>Enrico VERRA<\/strong> \u2013 R\u00e9alisateur cin\u00e9matographique Ind\u00e9pendant<\/p>\n<\/li>\n<li>\n<p><strong>Alessandro UCCELLI <\/strong>&#8211; Etudiant, Universit\u00e9 de Turin.<\/p>\n<\/li>\n<li>    <strong>Federica GANDOLFI<\/strong> &#8211; Assistante<\/li>\n<\/ul>\n<p>\u00a0<\/p>\n<p><img decoding=\"async\" src=\"http:\/\/avicom.mini.icom.museum\/wp-content\/uploads\/sites\/3\/2019\/01\/RTEmagicC_barre_fiamp2009_400px.jpg.jpg\" alt=\"FIAMP.2009\"><\/p>\n<p>\u00a0<\/p>\n<h3>Download <\/h3>\n<ul>\n<li> <strong><a href=\"http:\/\/avicom.mini.icom.museum\/wp-content\/uploads\/sites\/3\/2019\/01\/fiamp2009_palmares_fr.pdf\" title=\"fiamp2009_palmares_fr.pdf (511 KB)\" target=\"_blank\">List of winners<\/a><\/strong> (PDF) <\/li>\n<li> <strong><a href=\"http:\/\/avicom.mini.icom.museum\/wp-content\/uploads\/sites\/3\/2019\/01\/avicom_slide_loop.pdf\" title=\"avicom_slide_loop.pdf (2.3 MB)\" target=\"_blank\">Creation of the trophies<\/a><\/strong> (PDF) <\/li>\n<\/ul>\n<p> <!--  Text: [end] --> <\/div>\n<\/p><\/div>\n<div><!-- --><\/div>\n<p> \t\t<!--  Image block: [end] --> \t\t\t   \t<!--  \t\tBEGIN: Content of extension \"hpo_relatedlink\", plugin \"tx_hporelatedlink_pi1\"  \t--> \t<\/p>\n<div> \t\t \t<\/div>\n<p> \t \t<!-- END: Content of extension \"hpo_relatedlink\", plugin \"tx_hporelatedlink_pi1\" -->  \t<\/div>\n<p> \t<!--  CONTENT ELEMENT, uid:5976\/textpic [end] --> \t\t<!--TYPO3SEARCH_end--> <\/div>\n","protected":false},"excerpt":{"rendered":"<p>Archives FIAMP.2009 Turin, Italy The jury met in early December at the&#8221;Guido Quazza&#8221; Multimedia Lab of the Faculty of Information Sciences at the University of Turin. The jury consisted of: Giuseppe CALOPRESTI \u2013 R\u00e9gion du Pi\u00e9mont &#8211; Expert Simona CARACENI \u2013 Professeur Multimedia &#8211; Milan Marie-Fran\u00e7oise DELVALI \u2013 Pr\u00e9sident AVICOM Alex DONADIO \u2013 Sc\u00e9nographe &#8211; [&hellip;]<\/p>\n","protected":false},"author":1,"featured_media":0,"parent":625,"menu_order":1,"comment_status":"closed","ping_status":"closed","template":"","meta":{"footnotes":""},"yst_prominent_words":[],"acf":[],"_links":{"self":[{"href":"https:\/\/avicom.mini.icom.museum\/es\/wp-json\/wp\/v2\/pages\/1257"}],"collection":[{"href":"https:\/\/avicom.mini.icom.museum\/es\/wp-json\/wp\/v2\/pages"}],"about":[{"href":"https:\/\/avicom.mini.icom.museum\/es\/wp-json\/wp\/v2\/types\/page"}],"author":[{"embeddable":true,"href":"https:\/\/avicom.mini.icom.museum\/es\/wp-json\/wp\/v2\/users\/1"}],"replies":[{"embeddable":true,"href":"https:\/\/avicom.mini.icom.museum\/es\/wp-json\/wp\/v2\/comments?post=1257"}],"version-history":[{"count":1,"href":"https:\/\/avicom.mini.icom.museum\/es\/wp-json\/wp\/v2\/pages\/1257\/revisions"}],"predecessor-version":[{"id":2148,"href":"https:\/\/avicom.mini.icom.museum\/es\/wp-json\/wp\/v2\/pages\/1257\/revisions\/2148"}],"up":[{"embeddable":true,"href":"https:\/\/avicom.mini.icom.museum\/es\/wp-json\/wp\/v2\/pages\/625"}],"wp:attachment":[{"href":"https:\/\/avicom.mini.icom.museum\/es\/wp-json\/wp\/v2\/media?parent=1257"}],"wp:term":[{"taxonomy":"yst_prominent_words","embeddable":true,"href":"https:\/\/avicom.mini.icom.museum\/es\/wp-json\/wp\/v2\/yst_prominent_words?post=1257"}],"curies":[{"name":"wp","href":"https:\/\/api.w.org\/{rel}","templated":true}]}}