{"id":1373,"date":"2019-01-03T20:41:50","date_gmt":"2019-01-03T20:41:50","guid":{"rendered":"http:\/\/avicom.icom.cust.oxymium.net\/archives\/2008-2\/registration-and-practical-information-2\/"},"modified":"2019-01-03T20:46:38","modified_gmt":"2019-01-03T20:46:38","slug":"registration-and-practical-information-2","status":"publish","type":"page","link":"https:\/\/avicom.mini.icom.museum\/es\/archives\/2008-2\/registration-and-practical-information-2\/","title":{"rendered":"Registration and Practical Information"},"content":{"rendered":"<div id=\"RTE_CONTENT\"> <!--TYPO3SEARCH_begin--> \t<!--  CONTENT ELEMENT, uid:6012\/textpic [begin] --> \t\t<\/p>\n<div id=\"c6012\"> \t\t<!--  Header: [begin] --> \t\t\t<\/p>\n<h2>Archives<\/h2>\n<p> \t\t<!--  Header: [end] --> \t\t\t \t\t<!--  Image block: [begin] --> \t\t\t<\/p>\n<div>\n<div><img decoding=\"async\" src=\"http:\/\/avicom.mini.icom.museum\/wp-content\/uploads\/sites\/3\/2019\/01\/logo_fiamp_51.jpg\" alt=\"\"><\/div>\n<div> \t\t<!--  Text: [begin] --> \t\t\t<\/p>\n<h2>FIAMP.2008<\/h2>\n<h3>Gatineau-Ottawa, Canada, October 16 &#8211; 17, 2008<\/p>\n<\/h3>\n<h3>Competition<\/h3>\n<p>Registration for the competition is closed. The projects that were submitted are currently being evaluated by the jury. <\/p>\n<p>\u00a0<\/p>\n<h3>Festival Registration (conference and activities)<\/h3>\n<ul>\n<li>Unlimited Pass \u00a0\u00a0\u00a0 $150 ($169.31 with taxes).<\/li>\n<li>Unlimited Student Pass \u00a0 $100 ($112.88 with taxes).<\/li>\n<\/ul>\n<p>Includes: All sessions on October 16 and 17, coffee breaks, two lunches and a networking reception. <\/p>\n<p>\u00a0<\/p>\n<h3>Day Pass <\/h3>\n<ul>\n<li>October 16 2008\u00a0\u00a0\u00a0  $100 ( $112.88 with taxes).<br \/>   Includes: Sessions on October 16, coffee breaks, working lunch and a networking reception.<\/li>\n<li>October 17 2008\u00a0\u00a0\u00a0  $50 ($56.44 with taxes)<br \/>     Includes: Sessions on October 17, a coffee break and working lunch.<\/li>\n<\/ul>\n<p> Discover the <a href=\"http:\/\/www.learningtimes.net\/fiamp\/Program\" title=\"speakers\" target=\"and\">Fiamp.2008 program<\/a> and register now. <br \/>   Download the registration form. <\/p>\n<p>\u00a0<\/p>\n<h3>NEW \u2013 Fiamp 2008 is available in Web conference!<\/h3>\n<p>You cannot attend the Fiamp 2008? The conference will be broadcast online in real time. For more information, <a href=\"http:\/\/www.learningtimes.net\/fiamp\/\" target=\"_blank\">visit the website<\/a>. <\/p>\n<h2>  Portrait of the National Capital Region of Ottawa-Gatineau<\/h2>\n<p> <b>At the crossroads of French and English cultures<\/b><br \/>   The National Capital Region of Canada is located at the confluence of French and English cultures, which gives it a unique character. It includes the city of Gatineau and the capital of Canada, Ottawa, two major urban areas of 226,000 and 812,129 inhabitants respectively. The Quebec side of Ottawa is named the <i>Outaouais<\/i> and promotes itself as a tourist destination all year round!<\/p>\n<p><b>From the timber industry to public service <\/b><br \/>   The region owes its economic development to the Ottawa river (<i>la rivi\u00e8re des Outaouais<\/i>) with the timber industry in the nineteenth century. Bearing the name of old Bytown, Ottawa had nearly 1000 people in 1828. In order to ensure the city was a more eloquent candidate in the selection of Canada&#8217;s capital, it was renamed in 1855 under its current name. The Outaouais is distinctive from other regions of Quebec&#8217;s economic stability due to the presence of a large contingent of federal officials.<\/p>\n<p><b>Une multitude d\u2019activit\u00e9s et des mus\u00e9es pour tous les go\u00fbts<\/b><br \/>   La r\u00e9gion offre aux voyageurs des exp\u00e9riences aussi diversifi\u00e9es que le Canada : un calendrier d\u2019activit\u00e9s vari\u00e9es, plusieurs parcs, des lieux de pr\u00e9sentation renomm\u00e9s des arts visuels et de la sc\u00e8ne, sans compter plus d\u2019une douzaine de mus\u00e9es. On peut entre autres visiter, \u00e0 Gatineau, le Mus\u00e9e canadien des civilisations et du c\u00f4t\u00e9 d&#8217;Ottawa, le Mus\u00e9e des beaux-arts du Canada, le Mus\u00e9e canadien de la guerre, le Mus\u00e9e canadien de la nature et le Mus\u00e9e des sciences et de la technologie du Canada, qui sont des incontournables. Pour obtenir une liste compl\u00e8te des mus\u00e9es de la r\u00e9gion, visitez le Mus\u00e9e virtuel du Canada.   <\/p>\n<p><b>A multitude of activities and museums for all tastes <\/b><br \/>   The region offers travelers experiences as diverse as Canada itself, a schedule of various activities, several parks, renowned visual arts and performing arts venues, not to mention more than a dozen museums. In Gatineau, one can visit the Canadian Museum of Civilization and on the Ottawa side, the Museum of Fine Arts of Canada, the Canadian War Museum, the Canadian Museum of Nature and the Canada Science and Technology Museum. For a complete list of museums in the region, visit the <a href=\"http:\/\/www.museevirtuel-virtualmuseum.ca\/index-eng.jsp\" target=\"_blank\">Virtual Museum of Canada<\/a>. <\/p>\n<p>Discover the unique charm of the National Capital and Outaouais region and explore its many facets, both natural and cultural!  <\/p>\n<p>For more information:<\/p>\n<ul>\n<li><a href=\"http:\/\/www.tourismeoutaouais.com\/en-ca\/default.aspx\" target=\"_blank\">Outaouais Tourism<\/a><\/li>\n<li><a href=\"http:\/\/www.ottawatourism.ca\/\" target=\"_blank\">Ottawa Tourism<\/a><\/li>\n<\/ul>\n<p>\u00a0<\/p>\n<p><b>L&#8217;Universit\u00e9 du Qu\u00e9bec en Outaouais (UQO)<\/b><br \/>   283, boulevard Alexandre Tach\u00e9<br \/>   Pavillon Alexandre Tach\u00e9 &#8211; Aile C &#8211; Salle Polyvalente<br \/>   Gatineau (Qu\u00e9bec) Canada J9A 1L8<br \/>   Tel.: 819-773-1806 <\/p>\n<p>\u00a0<\/p>\n<h3> Accommodations<\/h3>\n<p>The National Capital Region of Canada has a wide variety of accommodation options. Here are some of the hotels, lodges and inns that we offer: <\/p>\n<p>\u00a0<\/p>\n<table align=\"center\">\n<tr>\n<td valign=\"top\">\n<p><strong>Establishment<\/strong><\/p>\n<\/td>\n<td valign=\"top\">\n<p><strong><strong>Classification<\/strong><\/strong><\/p>\n<\/td>\n<td valign=\"top\">\n<p><strong>Rates <br \/><strong>(single or double)<\/strong><\/strong><\/p>\n<\/td>\n<td valign=\"top\">\n<p><strong><strong>Distance from UQO<\/strong><\/strong><\/p>\n<\/td>\n<td valign=\"top\">\n<p><strong><strong>Transportation<\/strong><\/strong><\/p>\n<\/td>\n<\/tr>\n<tr>\n<td valign=\"top\">\n<p><strong><a href=\"http:\/\/www.ichotelsgroup.com\/h\/d\/hi\/350\/fr\/hd\/yowcp?irs=null\/\" target=\"_blank\">Holiday Inn Plaza La Chaudi\u00e8re<\/a><\/strong><br \/> Gatineau \t\t\t(Qu\u00e9bec)<\/p>\n<\/td>\n<td valign=\"top\">\n<p>Hotel<br \/>     4 Stars <\/p>\n<\/td>\n<td valign=\"top\">\n<p>$132 CAN\/night<br \/> 82,82 \u20ac\/night<\/p>\n<\/td>\n<td valign=\"top\">\n<p>1.3 km<\/p>\n<\/td>\n<td valign=\"top\">\n<p>Taxi, Public Transport <\/p>\n<\/td>\n<\/tr>\n<tr>\n<td valign=\"top\">\n<p><strong><a href=\"http:\/\/www.starwoodhotels.com\/fourpoints\/property\/overview\/index.html\" target=\"_blank\">Four Points by Sheraton<\/a><\/strong><br \/> Gatineau \t\t\t(Qu\u00e9bec) <\/p>\n<\/td>\n<td valign=\"top\">\n<p>Hotel<br \/> 4 Stars <\/p>\n<\/td>\n<td valign=\"top\">\n<p>$115 CAN\/night<br \/> 72,15 \u20ac\/night<\/p>\n<\/td>\n<td valign=\"top\">\n<p>2.6 km<\/p>\n<\/td>\n<td valign=\"top\">\n<p>Taxi, Public Transport <\/p>\n<\/td>\n<\/tr>\n<tr>\n<td valign=\"top\">\n<p><strong><a href=\"http:\/\/www.suitesvictoria.com\" target=\"_blank\">Les Suites \t\t\tVictoria<\/a><\/strong><br \/> Gatineau \t\t\t(Qu\u00e9bec)<br \/>     Apartment-style rooms with mini fridge and kitchenette available.<\/p>\n<\/td>\n<td valign=\"top\">\n<p>Hotel<br \/> 3 Stars <\/p>\n<\/td>\n<td valign=\"top\">\n<p>$103 CAN\/night<br \/> 64,62 \u20ac\/night<\/p>\n<\/td>\n<td valign=\"top\">\n<p>2.2 km<\/p>\n<\/td>\n<td valign=\"top\">\n<p>Taxi, Public Transport <\/p>\n<\/td>\n<\/tr>\n<tr>\n<td valign=\"top\">\n<p><strong><a href=\"http:\/\/www.aubergedelagare.ca\" target=\"_blank\">Auberge de la Gare<\/a><\/strong><br \/> Gatineau \t\t\t(Qu\u00e9bec)<\/p>\n<\/td>\n<td valign=\"top\">\n<p>Hotel<br \/> 3 Stars <\/p>\n<\/td>\n<td valign=\"top\">\n<p>$90 CAN\/night<br \/> 56,47 \u20ac\/night<\/p>\n<\/td>\n<td valign=\"top\">\n<p>1.7 km<\/p>\n<\/td>\n<td valign=\"top\">\n<p>Taxi, Public Transport <\/p>\n<\/td>\n<\/tr>\n<tr>\n<td valign=\"top\">\n<p><strong><a href=\"http:\/\/www.55tache.com\/\" target=\"_blank\">Au 55 Tach\u00e9<\/a><\/strong><br \/>       Gatineau \t\t\t(Qu\u00e9bec)<br \/><a href=\"http:\/\/www.55tache.com\/\" target=\"_blank\">http:\/\/www.55tache.com\/<\/a><\/p>\n<\/td>\n<td valign=\"top\">\n<p>Bed &amp; Breakfast  (B&amp;B)<br \/>       4 Stars <\/p>\n<\/td>\n<td valign=\"top\">\n<p>$90 CAN\/night 56,47 \u20ac\/night<\/p>\n<\/td>\n<td valign=\"top\">\n<p>0.6 km<\/p>\n<\/td>\n<td valign=\"top\">\n<p>Taxi, Public Transport <\/p>\n<\/td>\n<\/tr>\n<tr>\n<td valign=\"top\">\n<p><strong><a href=\"http:\/\/www.novotelottawa.com\" target=\"_blank\">Novotel Ottawa<\/a><\/strong><br \/>       Ottawa \t\t\t(Ontario)<br \/><a href=\"http:\/\/www.novotelottawa.com\/\" target=\"_blank\">http:\/\/www.novotelottawa.com\/<\/a> <\/p>\n<\/td>\n<td valign=\"top\">\n<p>Hotel<br \/> 3 Stars<\/p>\n<\/td>\n<td valign=\"top\">\n<p> $189 CAN\/night 118,58 \u20ac\/night<\/p>\n<\/td>\n<td valign=\"top\">\n<p> 4.8 km<\/p>\n<\/td>\n<td valign=\"top\">\n<p>Taxi, Public Transport <\/p>\n<\/td>\n<\/tr>\n<\/table>\n<p> <!--  Text: [end] --> <\/div>\n<\/p><\/div>\n<div><!-- --><\/div>\n<p> \t\t<!--  Image block: [end] --> \t\t\t   \t<!--  \t\tBEGIN: Content of extension \"hpo_relatedlink\", plugin \"tx_hporelatedlink_pi1\"  \t--> \t<\/p>\n<div> \t\t \t<\/div>\n<p> \t \t<!-- END: Content of extension \"hpo_relatedlink\", plugin \"tx_hporelatedlink_pi1\" -->  \t<\/div>\n<p> \t<!--  CONTENT ELEMENT, uid:6012\/textpic [end] --> \t\t<!--TYPO3SEARCH_end--> <\/div>\n","protected":false},"excerpt":{"rendered":"<p>Archives FIAMP.2008 Gatineau-Ottawa, Canada, October 16 &#8211; 17, 2008 Competition Registration for the competition is closed. The projects that were submitted are currently being evaluated by the jury. \u00a0 Festival Registration (conference and activities) Unlimited Pass \u00a0\u00a0\u00a0 $150 ($169.31 with taxes). Unlimited Student Pass \u00a0 $100 ($112.88 with taxes). Includes: All sessions on October 16 [&hellip;]<\/p>\n","protected":false},"author":1,"featured_media":0,"parent":627,"menu_order":14,"comment_status":"closed","ping_status":"closed","template":"","meta":{"footnotes":""},"yst_prominent_words":[],"acf":[],"_links":{"self":[{"href":"https:\/\/avicom.mini.icom.museum\/es\/wp-json\/wp\/v2\/pages\/1373"}],"collection":[{"href":"https:\/\/avicom.mini.icom.museum\/es\/wp-json\/wp\/v2\/pages"}],"about":[{"href":"https:\/\/avicom.mini.icom.museum\/es\/wp-json\/wp\/v2\/types\/page"}],"author":[{"embeddable":true,"href":"https:\/\/avicom.mini.icom.museum\/es\/wp-json\/wp\/v2\/users\/1"}],"replies":[{"embeddable":true,"href":"https:\/\/avicom.mini.icom.museum\/es\/wp-json\/wp\/v2\/comments?post=1373"}],"version-history":[{"count":1,"href":"https:\/\/avicom.mini.icom.museum\/es\/wp-json\/wp\/v2\/pages\/1373\/revisions"}],"predecessor-version":[{"id":2130,"href":"https:\/\/avicom.mini.icom.museum\/es\/wp-json\/wp\/v2\/pages\/1373\/revisions\/2130"}],"up":[{"embeddable":true,"href":"https:\/\/avicom.mini.icom.museum\/es\/wp-json\/wp\/v2\/pages\/627"}],"wp:attachment":[{"href":"https:\/\/avicom.mini.icom.museum\/es\/wp-json\/wp\/v2\/media?parent=1373"}],"wp:term":[{"taxonomy":"yst_prominent_words","embeddable":true,"href":"https:\/\/avicom.mini.icom.museum\/es\/wp-json\/wp\/v2\/yst_prominent_words?post=1373"}],"curies":[{"name":"wp","href":"https:\/\/api.w.org\/{rel}","templated":true}]}}