{"id":1561,"date":"2019-01-03T20:43:07","date_gmt":"2019-01-03T20:43:07","guid":{"rendered":"http:\/\/avicom.icom.cust.oxymium.net\/archives\/2006-2\/vienna-2007\/"},"modified":"2019-01-03T20:46:37","modified_gmt":"2019-01-03T20:46:37","slug":"vienna-2007","status":"publish","type":"page","link":"https:\/\/avicom.mini.icom.museum\/es\/archives\/2006-2\/vienna-2007\/","title":{"rendered":"Vienna 2007"},"content":{"rendered":"<div id=\"RTE_CONTENT\"> <!--TYPO3SEARCH_begin--> \t<!--  CONTENT ELEMENT, uid:5988\/text [begin] --> \t\t<\/p>\n<div id=\"c5988\"> \t\t<!--  Header: [begin] --> \t\t\t<\/p>\n<h2>Archives<\/h2>\n<p> \t\t<!--  Header: [end] --> \t\t\t \t\t<!--  Text: [begin] --> \t\t\t<\/p>\n<h2>Programme of the Triennial Conference of the international AVICOM Committee, University of Vienna <\/h2>\n<table cellspacing=\"0\">\n<tr>\n<td valign=\"top\">\n<p>\u00a0<\/p>\n<\/td>\n<td valign=\"top\">\n<p><strong>Monday, August 20, 2007<\/strong><\/p>\n<\/td>\n<\/tr>\n<tr>\n<td valign=\"top\">\n<p>\u00a0<\/p>\n<\/td>\n<td valign=\"top\">\n<p><strong>AVICOM Pre-conference : Museum Visits <\/strong><\/p>\n<\/td>\n<\/tr>\n<tr>\n<td valign=\"top\">\n<p>9:30 am \u2013 10:30 am<\/p>\n<\/td>\n<td valign=\"top\">\n<p>Technisches Museum Wien <\/p>\n<\/td>\n<\/tr>\n<tr>\n<td valign=\"top\">\n<p>11 am \u2013 12 pm<\/p>\n<\/td>\n<td valign=\"top\">\n<p>Osterreichische Mediathek<\/p>\n<\/td>\n<\/tr>\n<tr>\n<td valign=\"top\">\n<p>\u00a0<\/p>\n<\/td>\n<td valign=\"top\">\n<p><strong>Tuesday, August 21, 2007 <\/strong>(Download the <a href=\"http:\/\/avicom.mini.icom.museum\/wp-content\/uploads\/sites\/3\/2019\/01\/1-Programme_detaille_21_aout_V4.pdf\" title=\"1-Programme_detaille_21_aout_V4.pdf (314 KB)\" target=\"_blank\"><strong>PDF<\/strong><\/a>) <\/p>\n<\/td>\n<\/tr>\n<tr>\n<td valign=\"top\">\n<p>\u00a0<\/p>\n<\/td>\n<td valign=\"top\">\n<p><strong>AVICOM Conference \u2013 Day 1 <\/strong><strong><br \/> New Technologies and the Sharing of World Heritage <\/strong>      <\/p>\n<p>UNIVERSIT\u00c4T WIEN (University of Vienna)<br \/>         Hauptgeb\u00e4ude und NIG (Neues  Instituts-Geb\u00e4ude),<br \/>         Dr.-Karl-Lueger-Ring 1, 1010 Vienna (U-Bahn U2  &#8220;Schottentor&#8221;, Tram 1\/2 &#8220;Schottentor\u201d) <\/p>\n<p>     The conservation, education and communication of tangible and intangible witnesses to cultural heritage has been facilitated by new technologies. At the same time, the role of museums has become more complex. In the past, museums were heralded as the sole guardians of memory, and the sole research and dissemination sites for the arts, heritage and culture. Today, in the 21st century, museums are confronted with cultural, social, economic and ecological issues requiring specific attitudes and knowledge. Faced with this great challenge, museums must increasingly rely on their creative and innovative abilities &#8211; including the development of a new way of analysing and promoting humanity\u2019s heritage. <\/p>\n<\/td>\n<\/tr>\n<tr>\n<td valign=\"top\">\n<p>10:00 am <\/p>\n<\/td>\n<td valign=\"top\">\n<p>Welcome by the president of AVICOM, Mrs Marie-Fran\u00e7oise Delval, and the mediator of the day, professor Eric Langlois, University of Qu\u00e9bec in Outaouais, Qu\u00e9bec, Canada<\/p>\n<\/td>\n<\/tr>\n<tr>\n<td valign=\"top\">\n<p>\u00a0<\/p>\n<\/td>\n<td valign=\"top\">\n<p><strong>Conferences: First Part <\/strong><\/p>\n<\/td>\n<\/tr>\n<tr>\n<td valign=\"top\">\n<p>10:30 am <\/p>\n<\/td>\n<td valign=\"top\">\n<p> <strong>3D Tour of Parc Canada<\/strong><br \/> Lise Cyr, charg\u00e9e de projet en mise en valeur des aires patrimoniales, Parc Canada<br \/> Vincent Renaud, charg\u00e9 de projet, Visites 3D, Parc Canada<\/p>\n<\/td>\n<\/tr>\n<tr>\n<td valign=\"top\">\n<p>10:55 am <\/p>\n<\/td>\n<td valign=\"top\">\n<p>Questions<\/p>\n<\/td>\n<\/tr>\n<tr>\n<td valign=\"top\">\n<p>11:05 am <\/p>\n<\/td>\n<td valign=\"top\">\n<p> <strong><em>Tradici\u00f3n, Pasi\u00f3n, profesionalizaci\u00f3n : Capacitaci\u00f3n a distancia sobre museos en Latinoam\u00e9rica.<\/em><\/strong><br \/> Karina Rebeca Durand Velasco, archaeologist, vicepresident AVICOM-ICOM Mexico Board, manager of Educational Communication of Prived Agency : Global Noise International (Phoenix, Arizona), Teacher of ILAM Workshops (Costa Rica) (<a href=\"http:\/\/avicom.mini.icom.museum\/wp-content\/uploads\/sites\/3\/2019\/01\/Comunicacion_KDurand.pdf\" title=\"Comunicacion_KDurand.pdf (108 KB)\" target=\"_blank\"><strong>PDF<\/strong><\/a>) <\/p>\n<\/td>\n<\/tr>\n<tr>\n<td valign=\"top\">\n<p>11:20 am <\/p>\n<\/td>\n<td valign=\"top\">\n<p>Questions<\/p>\n<\/td>\n<\/tr>\n<tr>\n<td valign=\"top\">\n<p>11:30 am <\/p>\n<\/td>\n<td valign=\"top\">\n<p><strong>INNOVATION : Cybermuseology University Program<\/strong><br \/> Eric Langlois, Directeur des \u00e9tudes de premier cycle en arts, Professeur en cybermus\u00e9ologie, Universit\u00e9 du Qu\u00e9bec en Outaouais, Qu\u00e9bec, Canada<\/p>\n<\/td>\n<\/tr>\n<tr>\n<td valign=\"top\">\n<p>11:45 am <\/p>\n<\/td>\n<td valign=\"top\">\n<p>Questions<\/p>\n<\/td>\n<\/tr>\n<tr>\n<td valign=\"top\">\n<p>11:55 am <\/p>\n<\/td>\n<td valign=\"top\">\n<p>Aura Mar\u00eda Olivares Rivas, Jefe &#8211; Archivo Hist\u00f3rico, IHNCA-UCA<\/p>\n<\/td>\n<\/tr>\n<tr>\n<td valign=\"top\">\n<p>12:05 pm <\/p>\n<\/td>\n<td valign=\"top\">\n<p>Questions<\/p>\n<\/td>\n<\/tr>\n<tr>\n<td valign=\"top\">\n<p>12:15 pm <\/p>\n<\/td>\n<td valign=\"top\">\n<p><strong>Lunch<\/strong><\/p>\n<\/td>\n<\/tr>\n<tr>\n<td valign=\"top\">\n<p>\u00a0<\/p>\n<\/td>\n<td valign=\"top\">\n<p><strong>Conferences: Second Part <\/strong><\/p>\n<\/td>\n<\/tr>\n<tr>\n<td valign=\"top\">\n<p>1:30 pm <\/p>\n<\/td>\n<td valign=\"top\">\n<p><strong>THINK BIG &#8211; A NEW TAKE ON 3D VISUALISATION, The Virtual Room, AVIE, PLACE<\/strong><br \/> Timothy Hart, Director Information Multimedia and Technology, Museum Victoria<\/p>\n<\/td>\n<\/tr>\n<tr>\n<td valign=\"top\">\n<p>1:45 pm <\/p>\n<\/td>\n<td valign=\"top\">\n<p>Questions<\/p>\n<\/td>\n<\/tr>\n<tr>\n<td valign=\"top\">\n<p>1:55 pm <\/p>\n<\/td>\n<td valign=\"top\">\n<p><strong>Four cases of the audiovisuals at the permanent exhibition of The Slovene Ethnographic Museum in Ljubljana, Slovenia<\/strong><br \/> Nadja Valentincic Furlan, senior curator at the Slovene Ethnographic Museum in Ljubljana, Slovenia<\/p>\n<\/td>\n<\/tr>\n<tr>\n<td valign=\"top\">\n<p>2:25 pm <\/p>\n<\/td>\n<td valign=\"top\">\n<p>Questions<\/p>\n<\/td>\n<\/tr>\n<tr>\n<td valign=\"top\">\n<p>2:35 pm <\/p>\n<\/td>\n<td valign=\"top\">\n<p><strong>Information Society and Digital Culture: Museums and New Technologies at the University of the Aegean in Greece<\/strong><br \/> Alexandra Bounia, Assistant Professor of Museology, Department of Cultural Technology and Communication, University of the Aegean<\/p>\n<\/td>\n<\/tr>\n<tr>\n<td valign=\"top\">\n<p>2:50 pm <\/p>\n<\/td>\n<td valign=\"top\">\n<p>Questions<\/p>\n<\/td>\n<\/tr>\n<tr>\n<td valign=\"top\">\n<p>3:00 pm <\/p>\n<\/td>\n<td valign=\"top\">\n<p><strong>Break<\/strong><\/p>\n<\/td>\n<\/tr>\n<tr>\n<td valign=\"top\">\n<p>3:30 pm <\/p>\n<\/td>\n<td valign=\"top\">\n<p><strong>PLENARY<\/strong><br \/> How the various initiatives exposed contribute to the approach and to the sharing of the humanity heritage? <br \/> Alain Mass\u00e9, C.E.O. Id\u00e9eclic, Quebec, Canada, General Secretary of AVICOM <\/p>\n<\/td>\n<\/tr>\n<tr>\n<td valign=\"top\">\n<p>4:30 pm <\/p>\n<\/td>\n<td valign=\"top\">\n<p>Conclusion<br \/>     The President of AVICOM, Mrs Marie-Fran\u00e7oise Delval and the mediator of the day, professor Eric Langlois, University of Qu\u00e9bec in Outaouais, Qu\u00e9bec, Canada<\/p>\n<\/td>\n<\/tr>\n<tr>\n<td valign=\"top\">\n<p>\u00a0<\/p>\n<\/td>\n<td valign=\"top\">\n<p><strong>Wednesday, August 22, 2007<\/strong> (Download the <a href=\"http:\/\/avicom.mini.icom.museum\/wp-content\/uploads\/sites\/3\/2019\/01\/1-Programme_detaille_22_aout_V1.pdf\" title=\"1-Programme_detaille_22_aout_V1.pdf (106 KB)\" target=\"_blank\"><strong>PDF<\/strong><\/a>) <\/p>\n<\/td>\n<\/tr>\n<tr>\n<td valign=\"top\">\n<p>\u00a0<\/p>\n<\/td>\n<td valign=\"top\">\n<p><strong>AVICOM Conference \u2013 Day 2<br \/>       2007 International Festival of Heritage Audiovisual and Multimedia <\/strong><\/p>\n<p>UNIVERSIT\u00c4T WIEN (University of Vienna)<br \/>         Hauptgeb\u00e4ude und NIG (Neues  Instituts-Geb\u00e4ude),<br \/>         Dr.-Karl-Lueger-Ring 1, 1010 Vienna (U-Bahn U2  &#8220;Schottentor&#8221;, Tram 1\/2 &#8220;Schottentor\u201d) <\/p>\n<p>     Awarded institutions will present their conduct about production, their programs, and the museographic integration of new technologies. in exhibition design. <\/p>\n<\/td>\n<\/tr>\n<tr>\n<td valign=\"top\">\n<p>9:45 am -11:00 am <\/p>\n<\/td>\n<td valign=\"top\">\n<p><strong>&#8220;The Interactive terminals of the museum of Quai Branly&#8221;<\/strong><br \/>     Mediator: Marie-Fran\u00e7oise Delval &#8211; 3x20mn + 15mn debate<\/p>\n<ul>\n<li>St\u00e9phane Bezombes, soci\u00e9t\u00e9 R\u00e9ciproque, responsable des programmes interactifs du Mus\u00e9e du quai Branly, France  (<a href=\"http:\/\/avicom.mini.icom.museum\/wp-content\/uploads\/sites\/3\/2019\/01\/Comunicacion_s_bezombes.pdf\" title=\"Comunicacion_s_bezombes.pdf (98 KB)\" target=\"_blank\"><strong>PDF<\/strong><\/a>)  <\/li>\n<li>Christine Hemmet, responsable de l&#8217;unit\u00e9 patrimoniale des collections Asie, Mus\u00e9e du quai Branly, France (<a href=\"http:\/\/avicom.mini.icom.museum\/wp-content\/uploads\/sites\/3\/2019\/01\/Comunicacion_c_hemmet.pdf\" title=\"Comunicacion_c_hemmet.pdf (99 KB)\" target=\"_blank\"><strong>PDF<\/strong><\/a>)  <\/li>\n<li>Emmanuel Desvaud, France<\/li>\n<\/ul>\n<p>\u00a0<\/p>\n<\/td>\n<\/tr>\n<tr>\n<td valign=\"top\">\n<p>11:00 am -12:15 pm <\/p>\n<\/td>\n<td valign=\"top\">\n<p><strong>&#8220;Web sites, virtual department of the museums&#8221;<\/strong><br \/>     Mediator  : Alain Mass\u00e9 &#8211; 3x20mn + 15mn debate<\/p>\n<ul>\n<li>Dr. Daniel Chao-ling Sung, librarian, Dept. of Rare Books and Historical Documents, National Palace Museum, Taiwan (<a href=\"http:\/\/avicom.mini.icom.museum\/wp-content\/uploads\/sites\/3\/2019\/01\/Dan Sung_biocv_2007.pdf\" title=\"Dan Sung_biocv_2007.pdf (339 KB)\" target=\"_blank\"><strong>PDF<\/strong><\/a>)  <\/li>\n<li>Dr. Rainer Hubert, head of the \u00d6sterreichische Mediathek, a division of the Technisches Museum Wien, Autriche (<a href=\"http:\/\/avicom.mini.icom.museum\/wp-content\/uploads\/sites\/3\/2019\/01\/cv_Rainer_hubert.pdf\" title=\"cv_Rainer_hubert.pdf (160 KB)\" target=\"_blank\"><strong>PDF<\/strong><\/a>)  <\/li>\n<li>Penny Houlden, Directrice, The Rooms (mus\u00e9e provinciale de Terre-Neuve et Labrador), Kanani Penashue, Directrice d\u2019\u00e9ducation, Sheshathiu Innu First Nation, Louise Filiatrault, Directrice des programmes du RCIP, Canada<\/li>\n<\/ul>\n<p>\u00a0<\/p>\n<\/td>\n<\/tr>\n<tr>\n<td valign=\"top\">\n<p>12:30 pm -2:00 pm<\/p>\n<\/td>\n<td valign=\"top\">\n<p>Lunch<\/p>\n<\/td>\n<\/tr>\n<tr>\n<td valign=\"top\">\n<p>2:00 pm-3:15 pm <\/p>\n<\/td>\n<td valign=\"top\">\n<p><strong>&#8220;The CD-Rom and its future&#8221;<\/strong><br \/>     Mediator  : Marie-Fran\u00e7oise Delval &#8211; 3x20mn + 15mn debate<\/p>\n<ul>\n<li>Csilla E.Csorba,  Directeur du Museum of Literature Pet\u00f6fi, Hongrie<\/li>\n<li>Janos Tari, Mus\u00e9e d&#8217;Ethnographie de Budapest, Hongrie (<a href=\"http:\/\/avicom.mini.icom.museum\/wp-content\/uploads\/sites\/3\/2019\/01\/JTari_cv_2007.pdf\" title=\"JTari_cv_2007.pdf (134 KB)\" target=\"_blank\"><strong>PDF<\/strong><\/a>)  <\/li>\n<li>Sanita Azolina, directeur de projet, DD Laboratory, Latvia<\/li>\n<\/ul>\n<p>\u00a0<\/p>\n<\/td>\n<\/tr>\n<tr>\n<td valign=\"top\">\n<p>3:30 pm <\/p>\n<\/td>\n<td valign=\"top\">\n<p><strong>&#8220;Audio-visuals of the museum Albert Kahn: realization of films starting from historical files&#8221;.<\/strong><br \/>     Conference of Gilles Baud-Berthier, directeur du mus\u00e9e Albert Kahn (<a href=\"http:\/\/avicom.mini.icom.museum\/wp-content\/uploads\/sites\/3\/2019\/01\/g_baud_berthier_kahn.pdf\" title=\"g_baud_berthier_kahn.pdf (109 KB)\" target=\"_blank\"><strong>PDF<\/strong><\/a>) <\/p>\n<\/td>\n<\/tr>\n<tr>\n<td valign=\"top\">\n<p>3:45 pm <\/p>\n<\/td>\n<td valign=\"top\">\n<p>Vote, examination and election of new AVICOM Board<\/p>\n<\/td>\n<\/tr>\n<tr>\n<td valign=\"top\">\n<p>4:00 pm-5:15 pm <\/p>\n<\/td>\n<td valign=\"top\">\n<p>General Assembly and presentation of Fiamp.2007 in November in Cuernvaca, Mexico.<\/p>\n<\/td>\n<\/tr>\n<tr>\n<td valign=\"top\">\n<p>5:30 pm &#8211; 7:00 pm <\/p>\n<\/td>\n<td valign=\"top\">\n<p>Rehearsal of the ceremony of handing-over of the trophies<\/p>\n<\/td>\n<\/tr>\n<tr>\n<td valign=\"top\">\n<p>\u00a0<\/p>\n<\/td>\n<td valign=\"top\">\n<p><strong>Thursday, August 24, 2007 <\/strong><\/p>\n<\/td>\n<\/tr>\n<tr>\n<td valign=\"top\">\n<p>\u00a0<\/p>\n<\/td>\n<td valign=\"top\">\n<p><strong>ICOM General Conference<br \/> FIAMP 2006 Awards Ceremony <\/strong><\/p>\n<\/td>\n<\/tr>\n<tr>\n<td valign=\"top\">\n<p>11:30 am -12:00 pm<\/p>\n<\/td>\n<td valign=\"top\">\n<p><strong>AVICOM Awards at the Konzerthaus <\/strong><br \/>     KONZERTHAUS: Lothringerstra\u00dfe 20, 1030 Vienne (close to Tram 1\/2\/D &#8220;Schwarzenbergplatz&#8221;)<\/p>\n<p>&#8220;AVICOM Award&#8221; awarded to the Konzerthaus<strong><\/strong><\/p>\n<\/td>\n<\/tr>\n<\/table>\n<p> <!--  Text: [end] --><!--  \t\tBEGIN: Content of extension \"hpo_relatedlink\", plugin \"tx_hporelatedlink_pi1\"  \t--><\/p>\n<div> \t\t \t<\/div>\n<p> \t \t<!-- END: Content of extension \"hpo_relatedlink\", plugin \"tx_hporelatedlink_pi1\" -->  \t<\/div>\n<p> \t<!--  CONTENT ELEMENT, uid:5988\/text [end] --> \t\t<!--TYPO3SEARCH_end--> <\/div>\n","protected":false},"excerpt":{"rendered":"<p>Archives Programme of the Triennial Conference of the international AVICOM Committee, University of Vienna \u00a0 Monday, August 20, 2007 \u00a0 AVICOM Pre-conference : Museum Visits 9:30 am \u2013 10:30 am Technisches Museum Wien 11 am \u2013 12 pm Osterreichische Mediathek \u00a0 Tuesday, August 21, 2007 (Download the PDF) \u00a0 AVICOM Conference \u2013 Day 1 New [&hellip;]<\/p>\n","protected":false},"author":1,"featured_media":0,"parent":631,"menu_order":2,"comment_status":"closed","ping_status":"closed","template":"","meta":{"footnotes":""},"yst_prominent_words":[],"acf":[],"_links":{"self":[{"href":"https:\/\/avicom.mini.icom.museum\/es\/wp-json\/wp\/v2\/pages\/1561"}],"collection":[{"href":"https:\/\/avicom.mini.icom.museum\/es\/wp-json\/wp\/v2\/pages"}],"about":[{"href":"https:\/\/avicom.mini.icom.museum\/es\/wp-json\/wp\/v2\/types\/page"}],"author":[{"embeddable":true,"href":"https:\/\/avicom.mini.icom.museum\/es\/wp-json\/wp\/v2\/users\/1"}],"replies":[{"embeddable":true,"href":"https:\/\/avicom.mini.icom.museum\/es\/wp-json\/wp\/v2\/comments?post=1561"}],"version-history":[{"count":1,"href":"https:\/\/avicom.mini.icom.museum\/es\/wp-json\/wp\/v2\/pages\/1561\/revisions"}],"predecessor-version":[{"id":2124,"href":"https:\/\/avicom.mini.icom.museum\/es\/wp-json\/wp\/v2\/pages\/1561\/revisions\/2124"}],"up":[{"embeddable":true,"href":"https:\/\/avicom.mini.icom.museum\/es\/wp-json\/wp\/v2\/pages\/631"}],"wp:attachment":[{"href":"https:\/\/avicom.mini.icom.museum\/es\/wp-json\/wp\/v2\/media?parent=1561"}],"wp:term":[{"taxonomy":"yst_prominent_words","embeddable":true,"href":"https:\/\/avicom.mini.icom.museum\/es\/wp-json\/wp\/v2\/yst_prominent_words?post=1561"}],"curies":[{"name":"wp","href":"https:\/\/api.w.org\/{rel}","templated":true}]}}