{"id":1797,"date":"2019-01-03T20:44:51","date_gmt":"2019-01-03T20:44:51","guid":{"rendered":"http:\/\/avicom.icom.cust.oxymium.net\/archives\/2004-2\/official-selection\/"},"modified":"2019-01-03T20:46:33","modified_gmt":"2019-01-03T20:46:33","slug":"official-selection","status":"publish","type":"page","link":"https:\/\/avicom.mini.icom.museum\/es\/archives\/2004-2\/official-selection\/","title":{"rendered":"Official Selection"},"content":{"rendered":"<div id=\"RTE_CONTENT\"> <!--TYPO3SEARCH_begin--> \t<!--  CONTENT ELEMENT, uid:5970\/textpic [begin] --> \t\t<\/p>\n<div id=\"c5970\"> \t\t<!--  Header: [begin] --> \t\t\t<\/p>\n<h2>Archives<\/h2>\n<p> \t\t<!--  Header: [end] --> \t\t\t \t\t<!--  Image block: [begin] --> \t\t\t<\/p>\n<div>\n<div><img decoding=\"async\" src=\"http:\/\/avicom.mini.icom.museum\/wp-content\/uploads\/sites\/3\/2019\/01\/logo_fiamp_24.jpg\" alt=\"\"><\/div>\n<div> \t\t<!--  Text: [begin] --> \t\t\t<\/p>\n<h2>FIAMP.2004<\/h2>\n<h3>National Palace Museum, Taipei, Taiwan, May 3-7, 2004<\/h3>\n<h2>Short-Length<\/h2>\n<ul>\n<li>\n<p>The American Museum of Natural History, New York, USA <br \/>   &#8220;Einstein : The Man behind the Science&#8221; <\/p>\n<\/li>\n<li>\n<p>Museo de Historia Natural de Tamaulipas TaMux, Victoria, Tamaulipas, Mexico<br \/>   &#8220;El Tiempo en Trazos : Evolucion y Paleontologia&#8221;<\/p>\n<\/li>\n<li>\n<p>Estudio Preto e Branco, S\u00e3o Paulo, Brazil<br \/>   &#8220;Impress\u00f5es&#8221; <\/p>\n<\/li>\n<li>\n<p>Laboratoire de Recherche des Monuments Historiques (LRMH), Paris, France <br \/>   &#8220;Lascaux : L&#8217;\u00e9tat des Lieux&#8221; <\/p>\n<\/li>\n<li>\n<p>Mubimedia, Barcelona, Spain <br \/>   &#8220;Le secret Lalique&#8221;<\/p>\n<\/li>\n<li>\n<p>Association de d\u00e9veloppement culturel &#8211; Arch\u00e9olud, P\u00e9rigueux, France<br \/>   &#8220;Les gestes de la Pr\u00e9histoire : &#8220;Contour d\u00e9coup\u00e9&#8221;&#8221; <\/p>\n<\/li>\n<li>\n<p>Trans Europe Film, Paris, France <br \/>   &#8220;Les Nouveaux Patrimoines du XX\u00e8 si\u00e8cle : La Piscine de la Butte aux Cailles&#8221; <\/p>\n<\/li>\n<li>    Emblemma Espais Audiovisuales, Barcelona, Spain <br \/> &#8220;Museo de la Paz : Reconciliacion&#8221;  <\/li>\n<\/ul>\n<p>\u00a0<\/p>\n<h2>Mid-Length<\/h2>\n<ul>\n<li>\n<p>National Museum of Natural Science, Taichung, Taiwan R.O.C.<br \/>   &#8220;Joy to arrive the World an Ostrich&#8221;    <\/p>\n<\/li>\n<li>\n<p>Mus\u00e9e Olympique, Lausanne, Switzerland<br \/>   &#8220;Lumi\u00e8re sur la flamme Olympique et le relais&#8221;<\/p>\n<\/li>\n<li>\n<p>Juming Museum , Taipei, Taiwan, R.O.C.<br \/>   &#8220;Record Juming Museum&#8221; <\/p>\n<\/li>\n<li>    National Museums Liverpool, United Kingdom <br \/> &#8220;War Workers : Spirit of the Blitz&#8221;<\/li>\n<\/ul>\n<p>\u00a0<\/p>\n<h2>Feature Length <\/h2>\n<ul>\n<li>\n<p>Museu De Francisco Tavares Proen\u00e7a J\u00fanior, Castelo Branco, Portugal<br \/>   &#8220;A Seda \u00e9 um Mist\u00e9rio&#8221; <\/p>\n<\/li>\n<li>\n<p>National Gallery of Slovenia, Ljubljana, Slovania<br \/>   &#8220;Conservation and Restoration of Valentin Metzinger&#8217;s Paintings&#8221; <\/p>\n<\/li>\n<li>\n<p>Associazione Museo dei Ragazzi di Firenze, Italy<br \/>   &#8221;       L&#8217;Occhio di Masaccio&#8221;<\/p>\n<\/li>\n<li> Museu De Francisco Tavares Proen\u00e7a J\u00fanior, Castelo Branco, Portugal<br \/> &#8220;O Linho \u00e9 um Sonho&#8221;<\/li>\n<\/ul>\n<p>\u00a0<\/p>\n<h2>CD-ROMS<\/h2>\n<ul>\n<li>\n<p>National Center for High-Performance Computing, Taiwan<br \/>   &#8220;921, Chi-Chi Earthquake&#8221; <\/p>\n<\/li>\n<li>\n<p>Taiwan Imagetech Co., Ltd, Taipei, Taiwan R.O.C<br \/>   &#8220;A Great Garden of Chinese Painting and Calligraphy&#8221; <\/p>\n<\/li>\n<li>\n<p>Hyptique, Paris, France<br \/>   &#8220;Autour des nuits d&#8217;\u00e9t\u00e9 de Hector Berlioz&#8221; <\/p>\n<\/li>\n<li>\n<p>Pharmacy Museum, Lisboa, Portugal<br \/>   &#8220;Clube da Sara. Visita ao Museu da Farm\u00e1cia&#8221; <\/p>\n<\/li>\n<li>\n<p>Taiwan Imagetech Co., Ltd, Taipei, Taiwan R.O.C<br \/>   &#8220;Convergence of Radiance. Tibeto-Chinese Buddhist Scripture Illustrations from the Collection of the National Palace Museum&#8221;<\/p>\n<\/li>\n<li>\n<p>Gradski Muzej Vara\u017edin (The Vara\u017edin city Museum), Vara\u017edin, Croatia<br \/>   &#8220;Kukci &#8211; Insects&#8221; <\/p>\n<\/li>\n<li>\n<p>Hexagramm, Paris, France<br \/>   &#8220;L&#8217;Univers du Blason : L&#8217;Armorial de la Toison d&#8217;Or, pr\u00e9sent\u00e9 par Michel Pastoureau et Michel Popoff&#8221; <\/p>\n<\/li>\n<li>\n<p>Museo degli Usi e Costumi della Gente Trentina, San Michele all&#8217;Adige, Italy <br \/>   &#8220;L&#8217;Uomo selvatico nel Trentino&#8221;  <\/p>\n<\/li>\n<li>\n<p>Museu Paraense Em\u00edlio Goeldi, Bel\u00e9m, Brazil<br \/>   &#8220;Mag\u00fcta Ar\u00fc In\u00fc : Jogo de Mem\u00f3ria &#8211; Pensamento Mag\u00fcta&#8221; <\/p>\n<\/li>\n<li>\n<p>Bright Ideas Design Co., Taipei, Taiwan R.O.C.<br \/>   &#8220;Return to Babylon. World Ancient Civilization Series&#8221;  <\/p>\n<\/li>\n<li>\n<p>Tram Design Multim\u00e9dia, Montreal, Canada<br \/>   &#8220;Salut Riopelle ! Une exp\u00e9rience ludique et intuitive dans les mondes de l&#8217;artiste&#8221; <\/p>\n<\/li>\n<li>\n<p>Bright Ideas Design Co., Taipei, Taiwan R.O.C.<br \/>   &#8220;Terra Cotta Warriors and Horses of Qin Shi Huang, the first Qin Emperor&#8221;<\/p>\n<\/li>\n<li>\n<p>Brogent Technologies INC, Taiwan R.O.C<br \/>   &#8220;The Fashionable VS the Antiquarian : New Styles and Archaic Forms in Jade during the Ch&#8217;ing Dynasty&#8221; <\/p>\n<\/li>\n<li>\n<p>Russian National Multimedia Center, Moscow, Russia <br \/>   &#8220;The State Tretyakov Gallery&#8221;  <\/p>\n<\/li>\n<li>\n<p>Cretan Open-air Museum &#8220;Lychnostatis&#8221;, Hersonisos, Greece<br \/>   &#8220;Tradition, a Pathway to Technology : Traditional crafts in four European countries&#8221; <\/p>\n<\/li>\n<li>    Bright Ideas Design Co., Taipei, Taiwan R.O.C.<br \/> &#8220;Cent ans Feng-Mian&#8221;  <\/li>\n<\/ul>\n<p>\u00a0<\/p>\n<h2>Generalist Websites <\/h2>\n<ul>\n<li>\n<p><a href=\"http:\/\/www.jmberlin.de\/\" target=\"_blank\">J\u00fcdisches Museum Berlin<\/a><br \/>       Germany    <\/p>\n<\/li>\n<li>\n<p><a href=\"http:\/\/www.museum.toulouse.fr\/\" target=\"_blank\">Museum d&#8217;histoire naturelle de Toulouse<\/a><br \/>       Toulouse, France    <\/p>\n<\/li>\n<li>\n<p>Observatoire des mus\u00e9es de la Soci\u00e9t\u00e9 des mus\u00e9es qu\u00e9b\u00e9cois<br \/>       Canada<br \/><a href=\"http:\/\/www.musees.quebec.museum\/\" target=\"_parent\">Mus\u00e9es \u00e0 d\u00e9couvrir : Portail des mus\u00e9es du Qu\u00e9bec<\/a><\/p>\n<\/li>\n<li>\n<p><a href=\"http:\/\/www.tfam.gov.tw\/english\/index.asp\" target=\"_blank\">Taipei Fine Arts Museum<\/a><br \/>       Taiwan    <\/p>\n<\/li>\n<li>\n<p><a href=\"http:\/\/www.mocataipei.org.tw\" target=\"_blank\">Museum of Contemporary Art<\/a><br \/>       Taiwan    <\/p>\n<\/li>\n<li>\n<p><a href=\"http:\/\/www.cjn.or.jp\/tokugawa\" target=\"_blank\">Tokugawa Art Museum<\/a> <br \/>       Japan    <\/p>\n<\/li>\n<li>\n<p><a href=\"http:\/\/www.munal.com.mx\/\" target=\"_blank\">Centro historico Tacuba<\/a><br \/>       Mexico    <\/p>\n<\/li>\n<li> Institut national de recherches arch\u00e9ologiques pr\u00e9ventives<br \/>     France<br \/>     Site de l&#8217;<a href=\"http:\/\/www.inrap.fr\" target=\"_blank\">INRAP   <\/a> <\/li>\n<\/ul>\n<p>\u00a0<\/p>\n<h2>Virtual Exhibitions <\/h2>\n<ul>\n<li>Canadian Museum of Civilization Corporation, Canada<br \/><a href=\"http:\/\/www.civilisations.ca\/arts\/opus\/opusf.html\" target=\"_blank\">Civilisations.ca &#8211; Opus La facture instrumentale au Canada<\/a>\n<\/li>\n<li>Canadian Museum of Civilization Corporation, Canada<br \/><a href=\"http:\/\/www.civilisations.ca\/hist\/cae\/splashf.html\" target=\"_blank\">Civilisations.ca &#8211; Peuples et connaissance du Nord Exp\u00e9dition canadienne dans l&#8217;Arctique<\/a>\n<\/li>\n<li>Canadian Museum of Civilization Corporation, Canada<br \/><a href=\"http:\/\/www.civilisations.ca\/arts\/resonance\/resintf.html\" target=\"_blank\">Civilisations.ca &#8211; R\u00e9sonance Patrimoine musical de la Francophonie <\/a>\n<\/li>\n<li>Canadian Museum of Civilization Corporation, Canada<br \/><a href=\"http:\/\/www.civilisations.ca\/cwm\/newspapers\/intro_f.html\" target=\"_blank\">Musee de la guerre.ca &#8211; La D\u00e9mocratie en guerre Les journaux canadiens et la Seconde Guerre mondiale<\/a>\n<\/li>\n<li>The New Jersey historical Society, USA<br \/><a href=\"http:\/\/www.jerseyhistory.org\/what_exit\/index.html\" target=\"_parent\">What exit? New Jersey and Its Turnpike  <\/a>\n<\/li>\n<li>The Western Australian Museum, Australia<br \/><a href=\"http:\/\/www.museum.wa.gov.au\/\" target=\"_blank\">Western Australia : Land &amp; People. Virtual Exhibition<\/a>\n<\/li>\n<li>University of Alberta Museum, Canada<br \/><a href=\"http:\/\/www.museums.ualberta.ca\/francais\/kidzone\/\" target=\"_blank\">Kidzone &#8211; Zone Des Jeunes<\/a>\n<\/li>\n<li>Brooklyn Museum of Art, USA<br \/><a href=\"http:\/\/www.brooklynmuseum.org\/ancient-egypt\/\" target=\"_blank\">Ancient Egypt at the BMA<\/a>, <a href=\"http:\/\/www.brooklynmuseum.org\/visit\/permanent_collections\/ancient-egypt\/\" target=\"_blank\">Permanent Collections <\/a><b><br \/><\/b> <\/li>\n<li>Badisches Landesmuseum Karlsruhe, Germany <br \/><a href=\"http:\/\/www.tuerkenbeute.de\" target=\"_blank\">Das virtuelle Museum Karlsruher T\u00fcrkenbeut<\/a> <\/li>\n<\/ul>\n<p><\/p>\n<p> \t\t<!--  Text: [end] --> \t\t\t<\/div>\n<\/p><\/div>\n<div><!-- --><\/div>\n<p> \t\t<!--  Image block: [end] --> \t\t\t   \t<!--  \t\tBEGIN: Content of extension \"hpo_relatedlink\", plugin \"tx_hporelatedlink_pi1\"  \t--> \t<\/p>\n<div> \t\t \t<\/div>\n<p> \t \t<!-- END: Content of extension \"hpo_relatedlink\", plugin \"tx_hporelatedlink_pi1\" -->  \t<\/div>\n<p> \t<!--  CONTENT ELEMENT, uid:5970\/textpic [end] --> \t\t<!--TYPO3SEARCH_end--> <\/div>\n","protected":false},"excerpt":{"rendered":"<p>Archives FIAMP.2004 National Palace Museum, Taipei, Taiwan, May 3-7, 2004 Short-Length The American Museum of Natural History, New York, USA &#8220;Einstein : The Man behind the Science&#8221; Museo de Historia Natural de Tamaulipas TaMux, Victoria, Tamaulipas, Mexico &#8220;El Tiempo en Trazos : Evolucion y Paleontologia&#8221; Estudio Preto e Branco, S\u00e3o Paulo, Brazil &#8220;Impress\u00f5es&#8221; Laboratoire de [&hellip;]<\/p>\n","protected":false},"author":1,"featured_media":0,"parent":633,"menu_order":1,"comment_status":"closed","ping_status":"closed","template":"","meta":{"footnotes":""},"yst_prominent_words":[],"acf":[],"_links":{"self":[{"href":"https:\/\/avicom.mini.icom.museum\/es\/wp-json\/wp\/v2\/pages\/1797"}],"collection":[{"href":"https:\/\/avicom.mini.icom.museum\/es\/wp-json\/wp\/v2\/pages"}],"about":[{"href":"https:\/\/avicom.mini.icom.museum\/es\/wp-json\/wp\/v2\/types\/page"}],"author":[{"embeddable":true,"href":"https:\/\/avicom.mini.icom.museum\/es\/wp-json\/wp\/v2\/users\/1"}],"replies":[{"embeddable":true,"href":"https:\/\/avicom.mini.icom.museum\/es\/wp-json\/wp\/v2\/comments?post=1797"}],"version-history":[{"count":1,"href":"https:\/\/avicom.mini.icom.museum\/es\/wp-json\/wp\/v2\/pages\/1797\/revisions"}],"predecessor-version":[{"id":2108,"href":"https:\/\/avicom.mini.icom.museum\/es\/wp-json\/wp\/v2\/pages\/1797\/revisions\/2108"}],"up":[{"embeddable":true,"href":"https:\/\/avicom.mini.icom.museum\/es\/wp-json\/wp\/v2\/pages\/633"}],"wp:attachment":[{"href":"https:\/\/avicom.mini.icom.museum\/es\/wp-json\/wp\/v2\/media?parent=1797"}],"wp:term":[{"taxonomy":"yst_prominent_words","embeddable":true,"href":"https:\/\/avicom.mini.icom.museum\/es\/wp-json\/wp\/v2\/yst_prominent_words?post=1797"}],"curies":[{"name":"wp","href":"https:\/\/api.w.org\/{rel}","templated":true}]}}