{"id":1803,"date":"2019-01-03T20:44:54","date_gmt":"2019-01-03T20:44:54","guid":{"rendered":"http:\/\/avicom.icom.cust.oxymium.net\/archives\/2004-2\/composition-of-the-international-jury\/"},"modified":"2019-01-03T20:46:33","modified_gmt":"2019-01-03T20:46:33","slug":"composition-of-the-international-jury","status":"publish","type":"page","link":"https:\/\/avicom.mini.icom.museum\/es\/archives\/2004-2\/composition-of-the-international-jury\/","title":{"rendered":"Composition of the International Jury"},"content":{"rendered":"<div id=\"RTE_CONTENT\"> <!--TYPO3SEARCH_begin--> \t<!--  CONTENT ELEMENT, uid:5972\/textpic [begin] --> \t\t<\/p>\n<div id=\"c5972\"> \t\t<!--  Header: [begin] --> \t\t\t<\/p>\n<h2>Archives<\/h2>\n<p> \t\t<!--  Header: [end] --> \t\t\t \t\t<!--  Image block: [begin] --> \t\t\t<\/p>\n<div>\n<div><img decoding=\"async\" src=\"http:\/\/avicom.mini.icom.museum\/wp-content\/uploads\/sites\/3\/2019\/01\/logo_fiamp_22.jpg\" alt=\"\"><\/div>\n<div> \t\t<!--  Text: [begin] --> \t\t\t<\/p>\n<h2>FIAMP.2004<\/h2>\n<h3>National Palace Museum, Taipei, Taiwan, May 3-7, 2004<\/h3>\n<h2>Office of the jury <\/h2>\n<ul>\n<li> <strong>Claude-Nicole HOCQUARD<\/strong> &#8211; Pr\u00e9sidente du Jury 2004, Fondatrice AVICOM &#8211; R\u00e9alisatrice &#8211; France <\/li>\n<li> <strong>Marie-Fran\u00e7oise DELVAL<\/strong> &#8211; Commissaire G\u00e9n\u00e9ral du Fiamp pour AVICOM, Minist\u00e8re de la Culture et de la Communication &#8211; France <\/li>\n<\/ul>\n<p>\u00a0<\/p>\n<h2>Jury for the Audiovisual Category <\/h2>\n<ul>\n<li>\n<p><strong>Pascale MARCHAND<\/strong>, Mus\u00e9e national de la Marine, Commissaire g\u00e9n\u00e9ral adjoint Fiamp &#8211; France <\/p>\n<\/li>\n<li>\n<p><strong>Paula MARTINS<\/strong>, Interpr\u00e8te de conf\u00e9rence &#8211; Portugal <\/p>\n<\/li>\n<li>\n<p><strong>Etienne RAJOEL<\/strong>, Repr\u00e9sentation permanente de Madagascar aupr\u00e8s de l&#8217;UNESCO, Conseiller scientifique &#8211; Madagascar <\/p>\n<\/li>\n<li>\n<p><strong>David MORANTES<\/strong>, Repr\u00e9sentation permanente de la R\u00e9publique italienne aupr\u00e8s de l&#8217;UNESCO, Conseiller d&#8217;Ambassade &#8211; Itay <\/p>\n<\/li>\n<li>\n<p><strong>Sreck BETICA-SRSEN<\/strong>, D\u00e9l\u00e9gation permanente aupr\u00e8s de l&#8217;UNESCO, R\u00e9publique de Croatie, Ministre conseiller, d\u00e9l\u00e9gu\u00e9e permanente adjointe &#8211; Croatia <\/p>\n<\/li>\n<li>\n<p><strong>Jim WILLIAMS<\/strong>, Sp\u00e9cialiste principal du programme, secteur culturel, UNESCO &#8211; USA <\/p>\n<\/li>\n<li>\n<p><strong>Corine COUDERT<\/strong>, Psychologue &#8211; France <\/p>\n<\/li>\n<li>\n<p><strong>Alain LONGUET<\/strong>, SCAM Soci\u00e9t\u00e9 Civile des Auteurs Multim\u00e9dias, commission multim\u00e9dias auteur nouvelles technologies &#8211; France <\/p>\n<\/li>\n<li>    <strong>Ying-Teh CHEN<\/strong>, Professeur de Beaux-Arts, artiste peintre &#8211; Taiwan <\/li>\n<\/ul>\n<p>\u00a0<\/p>\n<h2>Jury for the CD-Rom Category <\/h2>\n<ul>\n<li>\n<p><strong>Patrick VIOLETTE<\/strong>, \u00c9cole du Louvre, Directeur de la phototh\u00e8que &#8211; France <\/p>\n<\/li>\n<li>\n<p><strong>Catherine TERSEUR<\/strong>, Mus\u00e9e national de la Marine, charg\u00e9e de production multim\u00e9dia &#8211; France <\/p>\n<\/li>\n<li>\n<p><strong>Pascale NEVEU<\/strong>, \u00c9cole Multim\u00e9dias, Directrice p\u00e9dagogique &#8211; France <\/p>\n<\/li>\n<li>\n<p><strong>Jean-Jacques RANDRIAFAMANTANANTSOA<\/strong>, Repr\u00e9sentation permanente de Madagascar aupr\u00e8s de l&#8217;UNESCO, Conseiller scientifique &#8211; Madagascar <\/p>\n<\/li>\n<li>\n<p><strong>Nicole HILDEBRAND<\/strong>, Repr\u00e9sentation permanente de la R\u00e9publique D\u00e9mocratique d&#8217;Allemagne aupr\u00e8s de l&#8217;UNESCO, Attach\u00e9e &#8211; Germany <\/p>\n<\/li>\n<li>\n<p><strong>Sreck BETICA-SRSEN<\/strong>, D\u00e9l\u00e9gation permanente aupr\u00e8s de l&#8217;UNESCO &#8211; R\u00e9publique de Croatie, Ministre conseiller, d\u00e9l\u00e9gu\u00e9e permanente adjointe &#8211; Croatia <\/p>\n<\/li>\n<li>    <strong>Ying-Teh CHEN<\/strong>, Professeur de Beaux-Arts, artiste peintre &#8211; Taiwan <\/li>\n<\/ul>\n<p>\u00a0<\/p>\n<h2>Jury for the Internet Category <\/h2>\n<ul>\n<li>\n<p><strong>Marie-Clart\u00e9 O&#8217;NEIL<\/strong>, \u00c9cole du Louvre, Directeur des \u00e9tudes 2\u00e8me cycle, charg\u00e9e des activit\u00e9s internationales &#8211; France <\/p>\n<\/li>\n<li>\n<p><strong>Colette DUFRESNE- PASS\u00c9<\/strong>, Directeur de programme mus\u00e9ologie, Universit\u00e9 de Montr\u00e9al &#8211; Canada <\/p>\n<\/li>\n<li>\n<p><strong>Michel BOTTIN<\/strong>, Minist\u00e8re de la Culture et de la Communication, chef de projet Internet &#8211; France <\/p>\n<\/li>\n<li>\n<p><strong>G\u00e9raldine REY<\/strong>, \u00c9cole Multim\u00e9dias, formatrice &#8211; France <\/p>\n<\/li>\n<li>\n<p><strong>Susanne GAERTNER<\/strong>, Repr\u00e9sentation permanente de la R\u00e9publique F\u00e9d\u00e9rale d&#8217;Allemagne aupr\u00e8s de l&#8217;UNESCO, Attach\u00e9e &#8211; Germany <\/p>\n<\/li>\n<li>\n<p><strong>Malanjoana RAKOTOMALALA<\/strong>, Repr\u00e9sentation permanente de Madagascar aupr\u00e8s de l&#8217;UNESCO, Conseiller culturel &#8211; Madagascar <\/p>\n<\/li>\n<li>\n<p><strong>Sreck BETICA-SRSEN<\/strong>, D\u00e9l\u00e9gation permanente aupr\u00e8s de l&#8217;UNESCO &#8211; R\u00e9publique de Croatie, Ministre conseiller, d\u00e9l\u00e9gu\u00e9e permanente adjointe &#8211; Croatia <\/p>\n<\/li>\n<li>\n<p><strong>Ying-Teh CHEN<\/strong>, Professeur de Beaux-Arts, artiste peintre &#8211; Taiwan<\/p>\n<\/li>\n<\/ul>\n<p> <!--  Text: [end] --> <\/div>\n<\/p><\/div>\n<div><!-- --><\/div>\n<p> \t\t<!--  Image block: [end] --> \t\t\t   \t<!--  \t\tBEGIN: Content of extension \"hpo_relatedlink\", plugin \"tx_hporelatedlink_pi1\"  \t--> \t<\/p>\n<div> \t\t \t<\/div>\n<p> \t \t<!-- END: Content of extension \"hpo_relatedlink\", plugin \"tx_hporelatedlink_pi1\" -->  \t<\/div>\n<p> \t<!--  CONTENT ELEMENT, uid:5972\/textpic [end] --> \t\t<!--TYPO3SEARCH_end--> <\/div>\n","protected":false},"excerpt":{"rendered":"<p>Archives FIAMP.2004 National Palace Museum, Taipei, Taiwan, May 3-7, 2004 Office of the jury Claude-Nicole HOCQUARD &#8211; Pr\u00e9sidente du Jury 2004, Fondatrice AVICOM &#8211; R\u00e9alisatrice &#8211; France Marie-Fran\u00e7oise DELVAL &#8211; Commissaire G\u00e9n\u00e9ral du Fiamp pour AVICOM, Minist\u00e8re de la Culture et de la Communication &#8211; France \u00a0 Jury for the Audiovisual Category Pascale MARCHAND, Mus\u00e9e [&hellip;]<\/p>\n","protected":false},"author":1,"featured_media":0,"parent":633,"menu_order":2,"comment_status":"closed","ping_status":"closed","template":"","meta":{"footnotes":""},"yst_prominent_words":[],"acf":[],"_links":{"self":[{"href":"https:\/\/avicom.mini.icom.museum\/es\/wp-json\/wp\/v2\/pages\/1803"}],"collection":[{"href":"https:\/\/avicom.mini.icom.museum\/es\/wp-json\/wp\/v2\/pages"}],"about":[{"href":"https:\/\/avicom.mini.icom.museum\/es\/wp-json\/wp\/v2\/types\/page"}],"author":[{"embeddable":true,"href":"https:\/\/avicom.mini.icom.museum\/es\/wp-json\/wp\/v2\/users\/1"}],"replies":[{"embeddable":true,"href":"https:\/\/avicom.mini.icom.museum\/es\/wp-json\/wp\/v2\/comments?post=1803"}],"version-history":[{"count":1,"href":"https:\/\/avicom.mini.icom.museum\/es\/wp-json\/wp\/v2\/pages\/1803\/revisions"}],"predecessor-version":[{"id":2107,"href":"https:\/\/avicom.mini.icom.museum\/es\/wp-json\/wp\/v2\/pages\/1803\/revisions\/2107"}],"up":[{"embeddable":true,"href":"https:\/\/avicom.mini.icom.museum\/es\/wp-json\/wp\/v2\/pages\/633"}],"wp:attachment":[{"href":"https:\/\/avicom.mini.icom.museum\/es\/wp-json\/wp\/v2\/media?parent=1803"}],"wp:term":[{"taxonomy":"yst_prominent_words","embeddable":true,"href":"https:\/\/avicom.mini.icom.museum\/es\/wp-json\/wp\/v2\/yst_prominent_words?post=1803"}],"curies":[{"name":"wp","href":"https:\/\/api.w.org\/{rel}","templated":true}]}}