{"id":2563,"date":"2019-12-20T16:57:26","date_gmt":"2019-12-20T16:57:26","guid":{"rendered":"http:\/\/avicom.mini.icom.museum\/?page_id=2563"},"modified":"2020-02-28T18:20:03","modified_gmt":"2020-02-28T18:20:03","slug":"audiovisual-digital-medios-sociales-avicom-el-comite-internacional-del-icom-para-la-multimedia","status":"publish","type":"page","link":"https:\/\/avicom.mini.icom.museum\/es\/audiovisual-digital-medios-sociales-avicom-el-comite-internacional-del-icom-para-la-multimedia\/","title":{"rendered":"Audiovisual-digital-medios sociales  AVICOM-El Comit\u00e9 Internacional del ICOM para la multimedia"},"content":{"rendered":"<p><a href=\"https:\/\/avicom.mini.icom.museum\/es\/audiovisual-digital-medios-sociales-avicom-el-comite-internacional-del-icom-para-la-multimedia\/olympus-digital-camera-2\/\" rel=\"attachment wp-att-2569\"><img decoding=\"async\" loading=\"lazy\" class=\" wp-image-2569\" src=\"http:\/\/avicom.mini.icom.museum\/wp-content\/uploads\/sites\/3\/2019\/12\/29371028208_23314c07c5_k-1-1024x683-1-300x200.jpg\" alt=\"\" width=\"560\" height=\"373\" srcset=\"https:\/\/avicom.mini.icom.museum\/wp-content\/uploads\/sites\/3\/2019\/12\/29371028208_23314c07c5_k-1-1024x683-1-300x200.jpg 300w, https:\/\/avicom.mini.icom.museum\/wp-content\/uploads\/sites\/3\/2019\/12\/29371028208_23314c07c5_k-1-1024x683-1-768x512.jpg 768w, https:\/\/avicom.mini.icom.museum\/wp-content\/uploads\/sites\/3\/2019\/12\/29371028208_23314c07c5_k-1-1024x683-1.jpg 1024w\" sizes=\"(max-width: 560px) 100vw, 560px\" \/><\/a><\/p>\n<h3><strong>DESDE 1991: UN COMIT\u00c9 EN EVOLUCI\u00d3N!<br \/>\n<\/strong><\/h3>\n<p>En las \u00faltimas tres d\u00e9cadas, el uso de la multimedia en museos e instituciones culturales ha tenido un cambio sustantivo. Esto tambi\u00e9n ha trascendido y ampliado el alcance de los objetivos del AVICOM:<\/p>\n<h3><strong>El AVICOM:<\/strong><\/h3>\n<ul>\n<li>Investiga, analiza, y documenta desarrollos en el campo de los medios audiovisuales, digitales y redes sociales.<\/li>\n<li>Informa sobre las mejores pr\u00e1cticas en multimedia<\/li>\n<li>Ofrece poner en contacto a colegas de museos con profesionales de los multimedios y promover el intercambio<\/li>\n<li>Orienta a los museos y espacios patrimoniales, no s\u00f3lo acerca de la utilidad y potencial, sino tambi\u00e9n sobre el uso id\u00f3neo de los multimedios en sus \u00e1reas de trabajo espec\u00edficas<\/li>\n<\/ul>\n<h3><strong>\u00a1El AVICOM TE ESPERA!<\/strong><\/h3>\n<ul>\n<li>Suscr\u00edbase a nuestro BOLET\u00cdN ELECTR\u00d3NICO GRATUITO con informaci\u00f3n actual y art\u00edculos t\u00e9cnicos; igualmente, usted podr\u00e1 enviar sus colaboraciones<\/li>\n<li>Participe en nuestro Festival anual internacional del Audio Visual y Multimedia sobre Patrimonio (F@IMP por sus siglas en ingl\u00e9s) con producciones multimedia de su museo o instituci\u00f3n<\/li>\n<li>Asista a nuestra CONFERENCIA ANUAL con diferentes tem\u00e1ticas y aspectos acerca del uso de los multimedios<\/li>\n<li>Intercambiemos EXPERIENCIAS MULTIMEDIA en t\u00e9rminos de realizaci\u00f3n, conservaci\u00f3n, restauraci\u00f3n, aspectos legales, grupos objetivo, usos para informaci\u00f3n y educaci\u00f3n, documentaci\u00f3n y reconstrucci\u00f3n, mercadeo, relaciones p\u00fablicas, gesti\u00f3n y administraci\u00f3n de museos<\/li>\n<\/ul>\n<h3><strong>PRINCIPALES TEMAS DE TRABAJO DE AVICOM PAPA LOS PR\u00d3XIMOS A\u00d1OS<br \/>\n<\/strong><\/h3>\n<ul>\n<li>Los multimedios como parte integral del museo y las exhibiciones<\/li>\n<li>El uso de redes sociales y aplicaciones<\/li>\n<li>Realidad virtual y aumentada: medios para la reconstrucci\u00f3n y mediaci\u00f3n con el patrimonio cultural<\/li>\n<li>M\u00e1s all\u00e1 de las barreras: inclusi\u00f3n a trav\u00e9s de la multimedia<\/li>\n<li>Aspectos legales de los medios<\/li>\n<li>Cooperaci\u00f3n adicional con los Comit\u00e9s Nacionales e Internacionales del ICOM<\/li>\n<\/ul>\n","protected":false},"excerpt":{"rendered":"<p>DESDE 1991: UN COMIT\u00c9 EN EVOLUCI\u00d3N! En las \u00faltimas tres d\u00e9cadas, el uso de la multimedia en museos e instituciones culturales ha tenido un cambio sustantivo. Esto tambi\u00e9n ha trascendido y ampliado el alcance de los objetivos del AVICOM: El AVICOM: Investiga, analiza, y documenta desarrollos en el campo de los medios audiovisuales, digitales y [&hellip;]<\/p>\n","protected":false},"author":20,"featured_media":0,"parent":0,"menu_order":0,"comment_status":"closed","ping_status":"closed","template":"","meta":{"footnotes":""},"yst_prominent_words":[510,506,339,493,492,494,491,503,504,507,500,497,509,498,501,496,149,499,502,495],"acf":[],"_links":{"self":[{"href":"https:\/\/avicom.mini.icom.museum\/es\/wp-json\/wp\/v2\/pages\/2563"}],"collection":[{"href":"https:\/\/avicom.mini.icom.museum\/es\/wp-json\/wp\/v2\/pages"}],"about":[{"href":"https:\/\/avicom.mini.icom.museum\/es\/wp-json\/wp\/v2\/types\/page"}],"author":[{"embeddable":true,"href":"https:\/\/avicom.mini.icom.museum\/es\/wp-json\/wp\/v2\/users\/20"}],"replies":[{"embeddable":true,"href":"https:\/\/avicom.mini.icom.museum\/es\/wp-json\/wp\/v2\/comments?post=2563"}],"version-history":[{"count":5,"href":"https:\/\/avicom.mini.icom.museum\/es\/wp-json\/wp\/v2\/pages\/2563\/revisions"}],"predecessor-version":[{"id":2761,"href":"https:\/\/avicom.mini.icom.museum\/es\/wp-json\/wp\/v2\/pages\/2563\/revisions\/2761"}],"wp:attachment":[{"href":"https:\/\/avicom.mini.icom.museum\/es\/wp-json\/wp\/v2\/media?parent=2563"}],"wp:term":[{"taxonomy":"yst_prominent_words","embeddable":true,"href":"https:\/\/avicom.mini.icom.museum\/es\/wp-json\/wp\/v2\/yst_prominent_words?post=2563"}],"curies":[{"name":"wp","href":"https:\/\/api.w.org\/{rel}","templated":true}]}}