{"id":2578,"date":"2019-12-20T18:06:54","date_gmt":"2019-12-20T18:06:54","guid":{"rendered":"http:\/\/avicom.mini.icom.museum\/?page_id=2578"},"modified":"2019-12-20T18:06:54","modified_gmt":"2019-12-20T18:06:54","slug":"el-avicom-te-espera","status":"publish","type":"page","link":"https:\/\/avicom.mini.icom.museum\/es\/el-avicom-te-espera\/","title":{"rendered":"\u00a1El AVICOM TE ESPERA!"},"content":{"rendered":"<ul>\n<li>Suscr\u00edbase a nuestro BOLET\u00cdN ELECTR\u00d3NICO GRATUITO con informaci\u00f3n actual y art\u00edculos t\u00e9cnicos; igualmente, usted podr\u00e1 enviar sus colaboraciones<\/li>\n<li>Participe en nuestro Festival anual internacional del Audio Visual y Multimedia sobre Patrimonio (F@IMP por sus siglas en ingl\u00e9s) con producciones multimedia de su museo o instituci\u00f3n<\/li>\n<li>Asista a nuestra CONFERENCIA ANUAL con diferentes tem\u00e1ticas y aspectos acerca del uso de los multimedios<\/li>\n<li>Intercambiemos EXPERIENCIAS MULTIMEDIA en t\u00e9rminos de realizaci\u00f3n, conservaci\u00f3n, restauraci\u00f3n, aspectos legales, grupos objetivo, usos para informaci\u00f3n y educaci\u00f3n, documentaci\u00f3n y reconstrucci\u00f3n, mercadeo, relaciones p\u00fablicas, gesti\u00f3n y administraci\u00f3n de museos<\/li>\n<\/ul>\n<p><a href=\"mailto:avicom@icom.museum\">avicom@icom.museum<\/a><\/p>\n","protected":false},"excerpt":{"rendered":"<p>Suscr\u00edbase a nuestro BOLET\u00cdN ELECTR\u00d3NICO GRATUITO con informaci\u00f3n actual y art\u00edculos t\u00e9cnicos; igualmente, usted podr\u00e1 enviar sus colaboraciones Participe en nuestro Festival anual internacional del Audio Visual y Multimedia sobre Patrimonio (F@IMP por sus siglas en ingl\u00e9s) con producciones multimedia de su museo o instituci\u00f3n Asista a nuestra CONFERENCIA ANUAL con diferentes tem\u00e1ticas y aspectos [&hellip;]<\/p>\n","protected":false},"author":20,"featured_media":0,"parent":0,"menu_order":0,"comment_status":"closed","ping_status":"closed","template":"","meta":{"footnotes":""},"yst_prominent_words":[523,524,506,130,507,131,521,149,520,522],"acf":[],"_links":{"self":[{"href":"https:\/\/avicom.mini.icom.museum\/es\/wp-json\/wp\/v2\/pages\/2578"}],"collection":[{"href":"https:\/\/avicom.mini.icom.museum\/es\/wp-json\/wp\/v2\/pages"}],"about":[{"href":"https:\/\/avicom.mini.icom.museum\/es\/wp-json\/wp\/v2\/types\/page"}],"author":[{"embeddable":true,"href":"https:\/\/avicom.mini.icom.museum\/es\/wp-json\/wp\/v2\/users\/20"}],"replies":[{"embeddable":true,"href":"https:\/\/avicom.mini.icom.museum\/es\/wp-json\/wp\/v2\/comments?post=2578"}],"version-history":[{"count":1,"href":"https:\/\/avicom.mini.icom.museum\/es\/wp-json\/wp\/v2\/pages\/2578\/revisions"}],"predecessor-version":[{"id":2579,"href":"https:\/\/avicom.mini.icom.museum\/es\/wp-json\/wp\/v2\/pages\/2578\/revisions\/2579"}],"wp:attachment":[{"href":"https:\/\/avicom.mini.icom.museum\/es\/wp-json\/wp\/v2\/media?parent=2578"}],"wp:term":[{"taxonomy":"yst_prominent_words","embeddable":true,"href":"https:\/\/avicom.mini.icom.museum\/es\/wp-json\/wp\/v2\/yst_prominent_words?post=2578"}],"curies":[{"name":"wp","href":"https:\/\/api.w.org\/{rel}","templated":true}]}}