{"id":2592,"date":"2020-01-04T19:05:06","date_gmt":"2020-01-04T19:05:06","guid":{"rendered":"http:\/\/avicom.mini.icom.museum\/?page_id=2592"},"modified":"2021-05-03T08:29:34","modified_gmt":"2021-05-03T08:29:34","slug":"junta-directiva","status":"publish","type":"page","link":"https:\/\/avicom.mini.icom.museum\/es\/junta-directiva\/","title":{"rendered":"Junta directiva"},"content":{"rendered":"<h3><strong>JUNTA DIRECTIVA 2019-2022<\/strong><\/h3>\n<p><strong>Presidente<\/strong><\/p>\n<p><a href=\"https:\/\/avicom.mini.icom.museum\/es\/junta-directiva\/paris-2018-redred-2\/\" rel=\"attachment wp-att-2647\"><img decoding=\"async\" loading=\"lazy\" class=\"alignnone size-medium wp-image-2647\" src=\"http:\/\/avicom.mini.icom.museum\/wp-content\/uploads\/sites\/3\/2020\/01\/Paris-2018-redred-1-216x300.jpg\" alt=\"\" width=\"216\" height=\"300\" srcset=\"https:\/\/avicom.mini.icom.museum\/wp-content\/uploads\/sites\/3\/2020\/01\/Paris-2018-redred-1-216x300.jpg 216w, https:\/\/avicom.mini.icom.museum\/wp-content\/uploads\/sites\/3\/2020\/01\/Paris-2018-redred-1-768x1068.jpg 768w, https:\/\/avicom.mini.icom.museum\/wp-content\/uploads\/sites\/3\/2020\/01\/Paris-2018-redred-1-737x1024.jpg 737w, https:\/\/avicom.mini.icom.museum\/wp-content\/uploads\/sites\/3\/2020\/01\/Paris-2018-redred-1.jpg 1417w\" sizes=\"(max-width: 216px) 100vw, 216px\" \/><\/a><\/p>\n<p>Dr. Michael H. FABER, Alemania<\/p>\n<p>Landschaftsverband Rheinland, Museo al aire libre, Kommern<\/p>\n<p><a href=\"mailto:dr.m.faber@t-online.de\">dr.m.faber@t-online.de<\/a><\/p>\n<p>&nbsp;<\/p>\n<p><strong>Vicepresidente<\/strong><\/p>\n<p><a href=\"https:\/\/avicom.mini.icom.museum\/es\/junta-directiva\/start-up-histovery-developpement-recherche-et-animation-3d-2\/\" rel=\"attachment wp-att-2620\"><img decoding=\"async\" loading=\"lazy\" class=\"size-medium wp-image-2620\" src=\"http:\/\/avicom.mini.icom.museum\/wp-content\/uploads\/sites\/3\/2020\/01\/Avicom-2019-Kyoto_Bruno-de-Sa-Moreira_Photo-1-212x300.jpg\" alt=\"\" width=\"212\" height=\"300\" srcset=\"https:\/\/avicom.mini.icom.museum\/wp-content\/uploads\/sites\/3\/2020\/01\/Avicom-2019-Kyoto_Bruno-de-Sa-Moreira_Photo-1-212x300.jpg 212w, https:\/\/avicom.mini.icom.museum\/wp-content\/uploads\/sites\/3\/2020\/01\/Avicom-2019-Kyoto_Bruno-de-Sa-Moreira_Photo-1.jpg 295w\" sizes=\"(max-width: 212px) 100vw, 212px\" \/><\/a><\/p>\n<p>Bruno DE SA MOREIRA, Francia<\/p>\n<p>CEO, HISTOVERY, Paris<\/p>\n<p><a href=\"mailto:bsm@histovery.com\">bsm@histovery.com<\/a><\/p>\n<p>&nbsp;<\/p>\n<p><strong>Secretaria general<\/strong><\/p>\n<p><a href=\"https:\/\/avicom.mini.icom.museum\/es\/junta-directiva\/photo-eszter_aczel-2\/\" rel=\"attachment wp-att-2641\"><img decoding=\"async\" loading=\"lazy\" class=\"alignnone wp-image-2641\" src=\"http:\/\/avicom.mini.icom.museum\/wp-content\/uploads\/sites\/3\/2020\/01\/Photo-Eszter_Acz\u00e9l-1-244x300.jpg\" alt=\"\" width=\"211\" height=\"259\" srcset=\"https:\/\/avicom.mini.icom.museum\/wp-content\/uploads\/sites\/3\/2020\/01\/Photo-Eszter_Acz\u00e9l-1-244x300.jpg 244w, https:\/\/avicom.mini.icom.museum\/wp-content\/uploads\/sites\/3\/2020\/01\/Photo-Eszter_Acz\u00e9l-1.jpg 338w\" sizes=\"(max-width: 211px) 100vw, 211px\" \/><\/a><\/p>\n<p>Eszter ACZEL, Hungr\u00eda<\/p>\n<p>Museo nacional h\u00fangaro, Budapest<\/p>\n<p><a href=\"mailto:aczelka@gmail.com\">aczelka@gmail.com<\/a><\/p>\n<p>&nbsp;<\/p>\n<p><strong>Tesorero<\/strong><\/p>\n<p><a href=\"https:\/\/avicom.mini.icom.museum\/es\/ildikofejes2-2\/\"><img decoding=\"async\" loading=\"lazy\" class=\"alignnone size-medium wp-image-3230\" src=\"http:\/\/avicom.mini.icom.museum\/wp-content\/uploads\/sites\/3\/2021\/05\/IldikoFejes2-262x300.jpg\" alt=\"\" width=\"262\" height=\"300\" srcset=\"https:\/\/avicom.mini.icom.museum\/wp-content\/uploads\/sites\/3\/2021\/05\/IldikoFejes2-262x300.jpg 262w, https:\/\/avicom.mini.icom.museum\/wp-content\/uploads\/sites\/3\/2021\/05\/IldikoFejes2-768x880.jpg 768w, https:\/\/avicom.mini.icom.museum\/wp-content\/uploads\/sites\/3\/2021\/05\/IldikoFejes2-893x1024.jpg 893w\" sizes=\"(max-width: 262px) 100vw, 262px\" \/><\/a><\/p>\n<p>Ildik\u00f3 SZABON\u00c9 FEJES, Hungr\u00eda<\/p>\n<p>Museo nacional h\u00fangaro, Budapest<\/p>\n<p><a href=\"mailto:fejes.ildiko@gmail.com\">fejes.ildiko@gmail.com<\/a><\/p>\n<p>&nbsp;<\/p>\n<p><strong>Miembros plenos<\/strong><\/p>\n<p>&nbsp;<\/p>\n<p><a href=\"https:\/\/avicom.mini.icom.museum\/es\/junta-directiva\/monnaie-de-paris\/\" rel=\"attachment wp-att-2644\"><img decoding=\"async\" loading=\"lazy\" class=\" wp-image-2644\" src=\"http:\/\/avicom.mini.icom.museum\/wp-content\/uploads\/sites\/3\/2020\/01\/Abastado-300x300.jpg\" alt=\"\" width=\"206\" height=\"206\" srcset=\"https:\/\/avicom.mini.icom.museum\/wp-content\/uploads\/sites\/3\/2020\/01\/Abastado-300x300.jpg 300w, https:\/\/avicom.mini.icom.museum\/wp-content\/uploads\/sites\/3\/2020\/01\/Abastado-150x150.jpg 150w, https:\/\/avicom.mini.icom.museum\/wp-content\/uploads\/sites\/3\/2020\/01\/Abastado-768x768.jpg 768w, https:\/\/avicom.mini.icom.museum\/wp-content\/uploads\/sites\/3\/2020\/01\/Abastado-1024x1024.jpg 1024w\" sizes=\"(max-width: 206px) 100vw, 206px\" \/><\/a><\/p>\n<p>Agn\u00e8s ABASTADO, Senegal<\/p>\n<p>&nbsp;<\/p>\n<p><a href=\"https:\/\/avicom.mini.icom.museum\/es\/junta-directiva\/bankaci-2\/\" rel=\"attachment wp-att-2623\"><img decoding=\"async\" loading=\"lazy\" class=\"alignnone wp-image-2623\" src=\"http:\/\/avicom.mini.icom.museum\/wp-content\/uploads\/sites\/3\/2020\/01\/Bankaci-1-300x248.jpg\" alt=\"\" width=\"206\" height=\"171\" srcset=\"https:\/\/avicom.mini.icom.museum\/wp-content\/uploads\/sites\/3\/2020\/01\/Bankaci-1-300x248.jpg 300w, https:\/\/avicom.mini.icom.museum\/wp-content\/uploads\/sites\/3\/2020\/01\/Bankaci-1.jpg 593w\" sizes=\"(max-width: 206px) 100vw, 206px\" \/><\/a><\/p>\n<p>Bulent BANKACI, <span lang=\"es\">Turqu\u00eda<\/span><\/p>\n<p>&nbsp;<\/p>\n<p><a href=\"https:\/\/avicom.mini.icom.museum\/es\/junta-directiva\/gininger-2\/\" rel=\"attachment wp-att-2626\"><img decoding=\"async\" loading=\"lazy\" class=\"alignnone wp-image-2626\" src=\"http:\/\/avicom.mini.icom.museum\/wp-content\/uploads\/sites\/3\/2020\/01\/Gininger-1-200x300.jpg\" alt=\"\" width=\"204\" height=\"307\" srcset=\"https:\/\/avicom.mini.icom.museum\/wp-content\/uploads\/sites\/3\/2020\/01\/Gininger-1-200x300.jpg 200w, https:\/\/avicom.mini.icom.museum\/wp-content\/uploads\/sites\/3\/2020\/01\/Gininger-1.jpg 400w\" sizes=\"(max-width: 204px) 100vw, 204px\" \/><\/a><\/p>\n<p>Ami GINIGER, Israel<\/p>\n<p>&nbsp;<\/p>\n<p><a href=\"https:\/\/avicom.mini.icom.museum\/es\/junta-directiva\/photo-kapsa-a-2\/\" rel=\"attachment wp-att-2650\"><img decoding=\"async\" loading=\"lazy\" class=\"alignnone wp-image-2650\" src=\"http:\/\/avicom.mini.icom.museum\/wp-content\/uploads\/sites\/3\/2020\/01\/Photo-\u2013-KAPSA-A.-1-213x300.jpg\" alt=\"\" width=\"205\" height=\"289\" srcset=\"https:\/\/avicom.mini.icom.museum\/wp-content\/uploads\/sites\/3\/2020\/01\/Photo-\u2013-KAPSA-A.-1-213x300.jpg 213w, https:\/\/avicom.mini.icom.museum\/wp-content\/uploads\/sites\/3\/2020\/01\/Photo-\u2013-KAPSA-A.-1-768x1083.jpg 768w, https:\/\/avicom.mini.icom.museum\/wp-content\/uploads\/sites\/3\/2020\/01\/Photo-\u2013-KAPSA-A.-1-726x1024.jpg 726w, https:\/\/avicom.mini.icom.museum\/wp-content\/uploads\/sites\/3\/2020\/01\/Photo-\u2013-KAPSA-A.-1.jpg 1906w\" sizes=\"(max-width: 205px) 100vw, 205px\" \/><\/a><\/p>\n<p>Mgr. Ale\u0161 KAPSA, Republica Checa<\/p>\n<p>&nbsp;<\/p>\n<p><a href=\"https:\/\/avicom.mini.icom.museum\/es\/junta-directiva\/marras-foto-cv-2019-2\/\" rel=\"attachment wp-att-2638\"><img decoding=\"async\" loading=\"lazy\" class=\"alignnone wp-image-2638\" src=\"http:\/\/avicom.mini.icom.museum\/wp-content\/uploads\/sites\/3\/2020\/01\/Marras-foto-cv-2019-1-278x300.jpg\" alt=\"\" width=\"207\" height=\"223\" srcset=\"https:\/\/avicom.mini.icom.museum\/wp-content\/uploads\/sites\/3\/2020\/01\/Marras-foto-cv-2019-1-278x300.jpg 278w, https:\/\/avicom.mini.icom.museum\/wp-content\/uploads\/sites\/3\/2020\/01\/Marras-foto-cv-2019-1-768x828.jpg 768w, https:\/\/avicom.mini.icom.museum\/wp-content\/uploads\/sites\/3\/2020\/01\/Marras-foto-cv-2019-1-949x1024.jpg 949w, https:\/\/avicom.mini.icom.museum\/wp-content\/uploads\/sites\/3\/2020\/01\/Marras-foto-cv-2019-1.jpg 1096w\" sizes=\"(max-width: 207px) 100vw, 207px\" \/><\/a><\/p>\n<p>Dr. Anna Maria MARRAS, Italia<\/p>\n<p>&nbsp;<\/p>\n","protected":false},"excerpt":{"rendered":"<p>JUNTA DIRECTIVA 2019-2022 Presidente Dr. Michael H. FABER, Alemania Landschaftsverband Rheinland, Museo al aire libre, Kommern dr.m.faber@t-online.de &nbsp; Vicepresidente Bruno DE SA MOREIRA, Francia CEO, HISTOVERY, Paris bsm@histovery.com &nbsp; Secretaria general Eszter ACZEL, Hungr\u00eda Museo nacional h\u00fangaro, Budapest aczelka@gmail.com &nbsp; Tesorero Ildik\u00f3 SZABON\u00c9 FEJES, Hungr\u00eda Museo nacional h\u00fangaro, Budapest fejes.ildiko@gmail.com &nbsp; Miembros plenos &nbsp; Agn\u00e8s [&hellip;]<\/p>\n","protected":false},"author":20,"featured_media":2614,"parent":0,"menu_order":0,"comment_status":"closed","ping_status":"closed","template":"","meta":{"footnotes":""},"yst_prominent_words":[560,549,559,556,529,542,536,557,548,543,558],"acf":[],"_links":{"self":[{"href":"https:\/\/avicom.mini.icom.museum\/es\/wp-json\/wp\/v2\/pages\/2592"}],"collection":[{"href":"https:\/\/avicom.mini.icom.museum\/es\/wp-json\/wp\/v2\/pages"}],"about":[{"href":"https:\/\/avicom.mini.icom.museum\/es\/wp-json\/wp\/v2\/types\/page"}],"author":[{"embeddable":true,"href":"https:\/\/avicom.mini.icom.museum\/es\/wp-json\/wp\/v2\/users\/20"}],"replies":[{"embeddable":true,"href":"https:\/\/avicom.mini.icom.museum\/es\/wp-json\/wp\/v2\/comments?post=2592"}],"version-history":[{"count":8,"href":"https:\/\/avicom.mini.icom.museum\/es\/wp-json\/wp\/v2\/pages\/2592\/revisions"}],"predecessor-version":[{"id":3240,"href":"https:\/\/avicom.mini.icom.museum\/es\/wp-json\/wp\/v2\/pages\/2592\/revisions\/3240"}],"wp:featuredmedia":[{"embeddable":true,"href":"https:\/\/avicom.mini.icom.museum\/es\/wp-json\/wp\/v2\/media\/2614"}],"wp:attachment":[{"href":"https:\/\/avicom.mini.icom.museum\/es\/wp-json\/wp\/v2\/media?parent=2592"}],"wp:term":[{"taxonomy":"yst_prominent_words","embeddable":true,"href":"https:\/\/avicom.mini.icom.museum\/es\/wp-json\/wp\/v2\/yst_prominent_words?post=2592"}],"curies":[{"name":"wp","href":"https:\/\/api.w.org\/{rel}","templated":true}]}}