{"id":2735,"date":"2020-02-28T17:18:01","date_gmt":"2020-02-28T17:18:01","guid":{"rendered":"http:\/\/avicom.mini.icom.museum\/?page_id=2735"},"modified":"2020-11-30T10:37:08","modified_gmt":"2020-11-30T10:37:08","slug":"2735-2","status":"publish","type":"page","link":"https:\/\/avicom.mini.icom.museum\/es\/2735-2\/","title":{"rendered":"Bienvenido! Nuestros nuevos miembros 2020"},"content":{"rendered":"<p>De la India:<\/p>\n<p><strong>Pankaj Protim Bordoloi<\/strong><\/p>\n<p>Oficial de Educaci\u00f3n, Museo Rashtrapati Bhavan, (President House Museum), Nueva Delhi<\/p>\n<p>De los Pa\u00edses Bajos:<\/p>\n<p><strong>Caroline Jeffra<\/strong><\/p>\n<p>Investigador posdoctoral, Universidad de Amsterdam, ACASA &#8211; Departamento de Arqueolog\u00eda<\/p>\n<p>De Espa\u00f1a:<\/p>\n<h5><strong>Julia Betancor<\/strong><\/h5>\n<p>Conservador Jefe de Arte, Madrid<\/p>\n<p>De Gran Breta\u00f1a:<\/p>\n<p><strong>Sarah Abdel Qader<\/strong><\/p>\n<p>Assistente de comunicaci\u00f3n, Engage, National Association for Gallery Education, Londres<\/p>\n<p>De Espa\u00f1a:<\/p>\n<p><strong>Marta Maria Peinador Aguado<\/strong><\/p>\n<p>Escritor de contenidos para museos. Voluntario ICOM ICEE<\/p>\n<p>De Italia:<\/p>\n<p><strong>Giovanna Santaera<\/strong><\/p>\n<p>Estudiante de doctorado, Universidad de Catania, Ciencias del patrimonio cultural<span lang=\"es\"> y la producci\u00f3n<\/span><\/p>\n<p>De Francia:<\/p>\n<p><strong>Charlotte Clergeau<\/strong><\/p>\n<p>Estudiante, Par\u00eds<\/p>\n<p>Desde Rusia:<\/p>\n<p><strong>Alexander Lavrov, PhD<\/strong><\/p>\n<p>Presidente Moscow Chapter of Virtual and Augmented Reality Association, Mosc\u00fa<\/p>\n<p>De Francia:<\/p>\n<p><strong>Mallory Car\u00eame<\/strong><\/p>\n<p>Estudiante, Sorbonne, Par\u00eds<\/p>\n<div id=\"tw-target-rmn-container\" class=\"tw-ta-container hide-focus-ring tw-nfl\">\n<pre id=\"tw-target-rmn\" class=\"tw-data-placeholder tw-text-small tw-ta\"><\/pre>\n<\/div>\n","protected":false},"excerpt":{"rendered":"<p>De la India: Pankaj Protim Bordoloi Oficial de Educaci\u00f3n, Museo Rashtrapati Bhavan, (President House Museum), Nueva Delhi De los Pa\u00edses Bajos: Caroline Jeffra Investigador posdoctoral, Universidad de Amsterdam, ACASA &#8211; Departamento de Arqueolog\u00eda De Espa\u00f1a: Julia Betancor Conservador Jefe de Arte, Madrid De Gran Breta\u00f1a: Sarah Abdel Qader Assistente de comunicaci\u00f3n, Engage, National Association for [&hellip;]<\/p>\n","protected":false},"author":60,"featured_media":0,"parent":0,"menu_order":0,"comment_status":"closed","ping_status":"closed","template":"","meta":{"footnotes":""},"yst_prominent_words":[1244,130,893,1295,894,1052,1296,134,1050,1049],"acf":[],"_links":{"self":[{"href":"https:\/\/avicom.mini.icom.museum\/es\/wp-json\/wp\/v2\/pages\/2735"}],"collection":[{"href":"https:\/\/avicom.mini.icom.museum\/es\/wp-json\/wp\/v2\/pages"}],"about":[{"href":"https:\/\/avicom.mini.icom.museum\/es\/wp-json\/wp\/v2\/types\/page"}],"author":[{"embeddable":true,"href":"https:\/\/avicom.mini.icom.museum\/es\/wp-json\/wp\/v2\/users\/60"}],"replies":[{"embeddable":true,"href":"https:\/\/avicom.mini.icom.museum\/es\/wp-json\/wp\/v2\/comments?post=2735"}],"version-history":[{"count":8,"href":"https:\/\/avicom.mini.icom.museum\/es\/wp-json\/wp\/v2\/pages\/2735\/revisions"}],"predecessor-version":[{"id":3204,"href":"https:\/\/avicom.mini.icom.museum\/es\/wp-json\/wp\/v2\/pages\/2735\/revisions\/3204"}],"wp:attachment":[{"href":"https:\/\/avicom.mini.icom.museum\/es\/wp-json\/wp\/v2\/media?parent=2735"}],"wp:term":[{"taxonomy":"yst_prominent_words","embeddable":true,"href":"https:\/\/avicom.mini.icom.museum\/es\/wp-json\/wp\/v2\/yst_prominent_words?post=2735"}],"curies":[{"name":"wp","href":"https:\/\/api.w.org\/{rel}","templated":true}]}}