{"id":2795,"date":"2020-03-03T13:30:03","date_gmt":"2020-03-03T13:30:03","guid":{"rendered":"http:\/\/avicom.mini.icom.museum\/?page_id=2795"},"modified":"2020-03-05T22:00:49","modified_gmt":"2020-03-05T22:00:49","slug":"los-embajadores-regionales-de-avicom","status":"publish","type":"page","link":"https:\/\/avicom.mini.icom.museum\/es\/los-embajadores-regionales-de-avicom\/","title":{"rendered":"Los embajadores regionales de AVICOM"},"content":{"rendered":"<p>Promoci\u00f3n del intercambio, fomentando el apoyo entre museos con recursos limitados e instituciones con mejores oportunidades en el campo audiovisual y multimedia, as\u00ed como asesorar a museos que no tengan mucha experiencia en multimedia: estas son las tareas de los nuevos embajadores regionales de AVICOM.<\/p>\n<p><strong>Pa\u00edses franc\u00f3fonos de \u00c1frica:<\/strong><\/p>\n<p><a href=\"https:\/\/avicom.mini.icom.museum\/es\/junta-directiva\/monnaie-de-paris\/\" rel=\"attachment wp-att-2644\"><img decoding=\"async\" loading=\"lazy\" class=\" wp-image-2644\" src=\"https:\/\/avicom.mini.icom.museum\/wp-content\/uploads\/sites\/3\/2020\/01\/Abastado-300x300.jpg\" alt=\"\" width=\"256\" height=\"256\" srcset=\"https:\/\/avicom.mini.icom.museum\/wp-content\/uploads\/sites\/3\/2020\/01\/Abastado-300x300.jpg 300w, https:\/\/avicom.mini.icom.museum\/wp-content\/uploads\/sites\/3\/2020\/01\/Abastado-150x150.jpg 150w, https:\/\/avicom.mini.icom.museum\/wp-content\/uploads\/sites\/3\/2020\/01\/Abastado-768x768.jpg 768w, https:\/\/avicom.mini.icom.museum\/wp-content\/uploads\/sites\/3\/2020\/01\/Abastado-1024x1024.jpg 1024w\" sizes=\"(max-width: 256px) 100vw, 256px\" \/><\/a><\/p>\n<p>Agn\u00e8s ABASTADO, miembro de la actual Mesa Directiva 2019-2022, ha sido nombrada embajadora de AVICOM para los pa\u00edses franc\u00f3fonos de \u00c1frica. Despu\u00e9s de 7 a\u00f1os de experiencia en un museo en Par\u00eds, actualmente trabaja en Senegal para <i>Digital Africa<\/i>, una iniciativa de colaboraci\u00f3n francesa que promueve la innovaci\u00f3n y el emprendimiento en \u00c1frica.<\/p>\n<p><a href=\"mailto:agnes.abastado@gmail.com\">agnes.abastado@gmail.com<\/a><\/p>\n<p><strong>Australia, Nueva Zelanda y Ocean\u00eda:<\/strong><\/p>\n<p><a href=\"https:\/\/avicom.mini.icom.museum\/es\/junta-directiva\/john-cheeseman-photograph\/\" rel=\"attachment wp-att-2605\"><img decoding=\"async\" loading=\"lazy\" class=\"alignnone wp-image-2605\" src=\"https:\/\/avicom.mini.icom.museum\/wp-content\/uploads\/sites\/3\/2020\/01\/John-Cheeseman-photograph-300x242.jpg\" alt=\"\" width=\"243\" height=\"196\" srcset=\"https:\/\/avicom.mini.icom.museum\/wp-content\/uploads\/sites\/3\/2020\/01\/John-Cheeseman-photograph-300x242.jpg 300w, https:\/\/avicom.mini.icom.museum\/wp-content\/uploads\/sites\/3\/2020\/01\/John-Cheeseman-photograph-768x620.jpg 768w, https:\/\/avicom.mini.icom.museum\/wp-content\/uploads\/sites\/3\/2020\/01\/John-Cheeseman-photograph.jpg 952w\" sizes=\"(max-width: 243px) 100vw, 243px\" \/><\/a><\/p>\n<p>John CHEESEMAN ha tomado el cargo de Embajador para Australia, Nueva Zelanda y Ocean\u00eda. El director de la Galer\u00eda Mosman en Sydney, realizador y experto multimedia, se desempe\u00f1\u00f3 como un miembro muy comprometido con la anterior mesa directiva del AVICOM.<\/p>\n<p><a href=\"mailto:J.Cheeseman@mosman.nsw.gov.au\">J.Cheeseman@mosman.nsw.gov.au<\/a><\/p>\n<p><strong>Centroam\u00e9rica y Sudam\u00e9rica:<\/strong><\/p>\n<p><a href=\"https:\/\/avicom.mini.icom.museum\/es\/karina_r-_durand_velasco_junio_2016_resized-jpg-2\/\"><img decoding=\"async\" loading=\"lazy\" class=\"alignnone wp-image-2746\" src=\"https:\/\/avicom.mini.icom.museum\/wp-content\/uploads\/sites\/3\/2019\/01\/Karina_R._Durand_Velasco_Junio_2016_resized-300x268.jpg\" alt=\"\" width=\"241\" height=\"215\" srcset=\"https:\/\/avicom.mini.icom.museum\/wp-content\/uploads\/sites\/3\/2019\/01\/Karina_R._Durand_Velasco_Junio_2016_resized-300x268.jpg 300w, https:\/\/avicom.mini.icom.museum\/wp-content\/uploads\/sites\/3\/2019\/01\/Karina_R._Durand_Velasco_Junio_2016_resized.jpg 320w\" sizes=\"(max-width: 241px) 100vw, 241px\" \/><\/a><\/p>\n<p>Como embajadora, Karina Rebeca DURAND VELASCO, de la Ciudad de M\u00e9xico, ser\u00e1 la responsable de la comunicaci\u00f3n con Centroam\u00e9rica y Sudam\u00e9rica. Experta en Museos, se mantiene en contacto con museos de Latinoamerica. Ha formado parte de AVICOM desde 1991 y durante varios periodos fue Vicepresidente del Comit\u00e9.<\/p>\n<p><a href=\"mailto:k.durand@globalnoisenet.com\">k.durand@globalnoisenet.com<\/a><\/p>\n<p><strong>\u00a0<\/strong><\/p>\n<p>&nbsp;<\/p>\n<p>&nbsp;<\/p>\n","protected":false},"excerpt":{"rendered":"<p>Promoci\u00f3n del intercambio, fomentando el apoyo entre museos con recursos limitados e instituciones con mejores oportunidades en el campo audiovisual y multimedia, as\u00ed como asesorar a museos que no tengan mucha experiencia en multimedia: estas son las tareas de los nuevos embajadores regionales de AVICOM. Pa\u00edses franc\u00f3fonos de \u00c1frica: Agn\u00e8s ABASTADO, miembro de la actual [&hellip;]<\/p>\n","protected":false},"author":20,"featured_media":0,"parent":0,"menu_order":0,"comment_status":"closed","ping_status":"closed","template":"","meta":{"footnotes":""},"yst_prominent_words":[861,858,856,855,850,879,840,339,876,878,875,880,862,859,857,877,874,873,863,860],"acf":[],"_links":{"self":[{"href":"https:\/\/avicom.mini.icom.museum\/es\/wp-json\/wp\/v2\/pages\/2795"}],"collection":[{"href":"https:\/\/avicom.mini.icom.museum\/es\/wp-json\/wp\/v2\/pages"}],"about":[{"href":"https:\/\/avicom.mini.icom.museum\/es\/wp-json\/wp\/v2\/types\/page"}],"author":[{"embeddable":true,"href":"https:\/\/avicom.mini.icom.museum\/es\/wp-json\/wp\/v2\/users\/20"}],"replies":[{"embeddable":true,"href":"https:\/\/avicom.mini.icom.museum\/es\/wp-json\/wp\/v2\/comments?post=2795"}],"version-history":[{"count":3,"href":"https:\/\/avicom.mini.icom.museum\/es\/wp-json\/wp\/v2\/pages\/2795\/revisions"}],"predecessor-version":[{"id":2812,"href":"https:\/\/avicom.mini.icom.museum\/es\/wp-json\/wp\/v2\/pages\/2795\/revisions\/2812"}],"wp:attachment":[{"href":"https:\/\/avicom.mini.icom.museum\/es\/wp-json\/wp\/v2\/media?parent=2795"}],"wp:term":[{"taxonomy":"yst_prominent_words","embeddable":true,"href":"https:\/\/avicom.mini.icom.museum\/es\/wp-json\/wp\/v2\/yst_prominent_words?post=2795"}],"curies":[{"name":"wp","href":"https:\/\/api.w.org\/{rel}","templated":true}]}}