{"id":2894,"date":"2020-03-21T13:43:39","date_gmt":"2020-03-21T13:43:39","guid":{"rendered":"http:\/\/avicom.mini.icom.museum\/?page_id=2894"},"modified":"2020-09-29T09:23:42","modified_gmt":"2020-09-29T09:23:42","slug":"festival-fimp-2-0-del-14-al-16-octubre-2020-bienvenido-a-normandia","status":"publish","type":"page","link":"https:\/\/avicom.mini.icom.museum\/es\/festival-fimp-2-0-del-14-al-16-octubre-2020-bienvenido-a-normandia\/","title":{"rendered":"Festival f@imp 2.0 del 14 al 16 octubre 2020: \u00a1Bienvenido a Normand\u00eda!"},"content":{"rendered":"<h2 class=\"tw-data-text tw-text-large XcVN5d tw-ta\"><span lang=\"es\" style=\"color: #ff0000\">Debido a Corona, el festival se pospondr\u00e1 hasta el oto\u00f1o de 2021 y se combinar\u00e1 con el F@imp Festival 2021.<\/span><\/h2>\n<h2><span style=\"color: #ff0000\">La fecha l\u00edmite para enviar contribuciones se extender\u00e1 hasta el 31 de octubre de 2020 (CET).<\/span><\/h2>\n<h5>\u00a1Bienvenido a Normand\u00eda! Festival Internacional de Medios AVICOM F@IMP 2.0 con conferencia anual AVICOM del 14 al 16 de octubre de 2020 en el Museo Airborne*, Sainte-M\u00e8re-\u00c9glise<\/h5>\n<h5>Es una tradici\u00f3n que un museo, que fue uno de los ganadores del festival de medios AVICOM el a\u00f1o pasado, sea el anfitri\u00f3n del festival al a\u00f1o siguiente. Este a\u00f1o, el Airborne Museum de Sainte-M\u00e8re-\u00c9glise en Normand\u00eda te invita al festival. Con una producci\u00f3n &#8220;HistoPad&#8221;, el Airborne Museum gan\u00f3 el primer premio en la categor\u00eda de festival &#8220;Aplicaci\u00f3n de Realidad Aumentada&#8221; el a\u00f1o pasado.<\/h5>\n<h5><a href=\"https:\/\/avicom.mini.icom.museum\/es\/le_deuxieme_batiment_a_ete_ouvert_en_1984_et_porte_le_nom_de_c-47-2-2\/\" rel=\"attachment wp-att-2693\"><img decoding=\"async\" loading=\"lazy\" class=\"alignnone size-medium wp-image-2693\" src=\"http:\/\/avicom.mini.icom.museum\/wp-content\/uploads\/sites\/3\/2019\/12\/Le_deuxi\u00e8me_b\u00e2timent_a_\u00e9t\u00e9_ouvert_en_1984_et_porte_le_nom_de_C-47-300x177.jpg\" alt=\"\" width=\"300\" height=\"177\" srcset=\"https:\/\/avicom.mini.icom.museum\/wp-content\/uploads\/sites\/3\/2019\/12\/Le_deuxi\u00e8me_b\u00e2timent_a_\u00e9t\u00e9_ouvert_en_1984_et_porte_le_nom_de_C-47-300x177.jpg 300w, https:\/\/avicom.mini.icom.museum\/wp-content\/uploads\/sites\/3\/2019\/12\/Le_deuxi\u00e8me_b\u00e2timent_a_\u00e9t\u00e9_ouvert_en_1984_et_porte_le_nom_de_C-47-768x453.jpg 768w, https:\/\/avicom.mini.icom.museum\/wp-content\/uploads\/sites\/3\/2019\/12\/Le_deuxi\u00e8me_b\u00e2timent_a_\u00e9t\u00e9_ouvert_en_1984_et_porte_le_nom_de_C-47.jpg 800w\" sizes=\"(max-width: 300px) 100vw, 300px\" \/><\/a><\/h5>\n<p>Airborne Museum<\/p>\n<h5>El festival internacional de medios F@IMP 2.0 (Festival del patrimonio audiovisual internacional multimedia) y la conferencia que lo acompa\u00f1a es el desarrollo posterior del festival FIAMP (Festival internacional de audiovisuales del mundo) lanzado hace m\u00e1s de dos d\u00e9cadas por AVICOM, un evento destinado a fomentar y reconocer la producci\u00f3n y distribuci\u00f3n de medios audiovisuales (audio, cine y video) y tecnolog\u00edas multimedia innovadoras (sitios web, programas interactivos, aplicaciones m\u00f3viles e instalaciones de exhibici\u00f3n creativas e interpretativas) iniciadas o producidas por museos o instituciones culturales y patrimoniales El mundo.<\/h5>\n<h5>Este a\u00f1o, el festival presentar\u00e1 algunas innovaciones: por primera vez, se introducir\u00e1 una nueva categor\u00eda de precios, en la que se reconocer\u00e1n producciones excepcionales y ejemplares para la integraci\u00f3n de grupos marginados y para la inclusi\u00f3n de personas con necesidades especiales.<\/h5>\n<h5>Estos pueden ser medios audiovisuales, interactivos y basados \u200b\u200ben la web.<\/h5>\n<h5>Las producciones de bajo presupuesto \/ producciones de museos con pocos recursos financieros tambi\u00e9n son expresamente bienvenidas como contribuciones al festival. Al jurado le preocupa cu\u00e1n eficientes son los medios para llegar, animar y educar al p\u00fablico, \u00a1no c\u00f3mo est\u00e1n dise\u00f1ados art\u00edsticamente y dramat\u00fargicamente!<\/h5>\n<h5>Las inscripciones pueden enviarse del 30 de marzo al 30 de junio inclusive (fecha l\u00edmite: medianoche, hora de Europa Central). Enviar es f\u00e1cil: en l\u00ednea a trav\u00e9s del sitio web del Festival AVICOM faimpavicom.org. \u00a1Solo sube publicaciones all\u00ed! En este sitio web encontrar\u00e1, adem\u00e1s de las muchas categor\u00edas entre las que puede elegir la correcta para su presentaci\u00f3n, las condiciones generales de participaci\u00f3n, as\u00ed como informaci\u00f3n adicional y constantemente actualizada sobre el festival. En este sitio web, tambi\u00e9n puede ver las contribuciones al festival y los medios ganadores el a\u00f1o pasado.<\/h5>\n<h5>La ceremonia de entrega de premios tendr\u00e1 lugar como parte del festival el jueves 15 de octubre de 2020.<\/h5>\n<h5>El festival est\u00e1 vinculado a la conferencia anual AVICOM y la reuni\u00f3n anual de la junta.<\/h5>\n<h5>Est\u00e9 all\u00ed, incluso si no desea enviar una contribuci\u00f3n de los medios. Como siempre, el festival ser\u00e1 emocionante y variado y aportar\u00e1 muchas contribuciones interesantes e inspiradoras.<\/h5>\n<h5>\u00a1Ya estoy deseando verte en Normand\u00eda!<\/h5>\n<h5>el tuyo<\/h5>\n<h5>Michael H. Faber<\/h5>\n<p>&nbsp;<\/p>\n<p>*) El Airborne Museum est\u00e1 dedicado a la memoria de los paracaidistas de las Divisiones Aerotransportadas 82 y 101 del Ej\u00e9rcito de los Estados Unidos que se lanzaron en paraca\u00eddas sobre Normand\u00eda la noche del 5 al 6 de junio de 1944 (&#8220;D\u00eda D&#8221;). El museo tiene m\u00e1s de 10,000 art\u00edculos, incluido un planeador CG-4 y un Skytrain C-47. Los art\u00edculos en exhibici\u00f3n de la Segunda Guerra Mundial fueron utilizados por paracaidistas que saltaron a Sainte-M\u00e8re-\u00c9glise durante la Batalla de Normand\u00eda. El museo contiene principalmente equipos estadounidenses, pero hay algunas r\u00e9plicas de equipos militares alemanes de la \u00e9poca.<\/p>\n<h5>Visite el sitio web:<a href=\"https:\/\/www.airborne-museum.org\/en\/\"> https:\/\/www.airborne-museum.org\/en\/<\/a><\/h5>\n<h5><\/h5>\n","protected":false},"excerpt":{"rendered":"<p>Debido a Corona, el festival se pospondr\u00e1 hasta el oto\u00f1o de 2021 y se combinar\u00e1 con el F@imp Festival 2021. La fecha l\u00edmite para enviar contribuciones se extender\u00e1 hasta el 31 de octubre de 2020 (CET). \u00a1Bienvenido a Normand\u00eda! Festival Internacional de Medios AVICOM F@IMP 2.0 con conferencia anual AVICOM del 14 al 16 de [&hellip;]<\/p>\n","protected":false},"author":20,"featured_media":0,"parent":0,"menu_order":0,"comment_status":"closed","ping_status":"closed","template":"","meta":{"footnotes":""},"yst_prominent_words":[302,1021,1026,492,822,1019,1022,1010,1015,1241,1013,1016,1027,1011,1024,1240,1012,1009,1018,1023],"acf":[],"_links":{"self":[{"href":"https:\/\/avicom.mini.icom.museum\/es\/wp-json\/wp\/v2\/pages\/2894"}],"collection":[{"href":"https:\/\/avicom.mini.icom.museum\/es\/wp-json\/wp\/v2\/pages"}],"about":[{"href":"https:\/\/avicom.mini.icom.museum\/es\/wp-json\/wp\/v2\/types\/page"}],"author":[{"embeddable":true,"href":"https:\/\/avicom.mini.icom.museum\/es\/wp-json\/wp\/v2\/users\/20"}],"replies":[{"embeddable":true,"href":"https:\/\/avicom.mini.icom.museum\/es\/wp-json\/wp\/v2\/comments?post=2894"}],"version-history":[{"count":7,"href":"https:\/\/avicom.mini.icom.museum\/es\/wp-json\/wp\/v2\/pages\/2894\/revisions"}],"predecessor-version":[{"id":3168,"href":"https:\/\/avicom.mini.icom.museum\/es\/wp-json\/wp\/v2\/pages\/2894\/revisions\/3168"}],"wp:attachment":[{"href":"https:\/\/avicom.mini.icom.museum\/es\/wp-json\/wp\/v2\/media?parent=2894"}],"wp:term":[{"taxonomy":"yst_prominent_words","embeddable":true,"href":"https:\/\/avicom.mini.icom.museum\/es\/wp-json\/wp\/v2\/yst_prominent_words?post=2894"}],"curies":[{"name":"wp","href":"https:\/\/api.w.org\/{rel}","templated":true}]}}