{"id":2995,"date":"2020-05-05T16:28:47","date_gmt":"2020-05-05T16:28:47","guid":{"rendered":"http:\/\/avicom.mini.icom.museum\/?page_id=2995"},"modified":"2020-05-06T12:32:50","modified_gmt":"2020-05-06T12:32:50","slug":"publicaciones","status":"publish","type":"page","link":"https:\/\/avicom.mini.icom.museum\/es\/publicaciones\/","title":{"rendered":"Publicaciones"},"content":{"rendered":"<p><strong>\u00bfMe afecta?<\/strong><\/p>\n<p><a href=\"https:\/\/avicom.mini.icom.museum\/es\/studie-cover-copyright-deutsches-auswandererhaus-3\/\"><img decoding=\"async\" loading=\"lazy\" class=\"alignnone size-medium wp-image-2992\" src=\"http:\/\/avicom.mini.icom.museum\/wp-content\/uploads\/sites\/3\/2020\/05\/Studie-Cover-COPYRIGHT-Deutsches-Auswandererhaus-1-225x300.jpg\" alt=\"\" width=\"225\" height=\"300\" srcset=\"https:\/\/avicom.mini.icom.museum\/wp-content\/uploads\/sites\/3\/2020\/05\/Studie-Cover-COPYRIGHT-Deutsches-Auswandererhaus-1-225x300.jpg 225w, https:\/\/avicom.mini.icom.museum\/wp-content\/uploads\/sites\/3\/2020\/05\/Studie-Cover-COPYRIGHT-Deutsches-Auswandererhaus-1-768x1024.jpg 768w\" sizes=\"(max-width: 225px) 100vw, 225px\" \/><\/a><\/p>\n<p>\u00a9 Deutsches Auswandererhaus<\/p>\n<p>\u00bfPuede la realidad virtual ayudar a transmitir el conocimiento hist\u00f3rico-cultural y las emociones? \u00bfLos visitantes experimentan objetos reales y virtuales de manera diferente?<\/p>\n<p>Cient\u00edficos del\u00a0 Deutsches Auswandererhaus (Centro de emigrati\u00f3n alem\u00e1n) en Bremerhaven (Alemania) investigaron esto en un experimento.<\/p>\n<p>El experimento mostr\u00f3 que los visitantes encontraron las aplicaciones de realidad virtual m\u00e1s entretenidas que la exposici\u00f3n tradicional. Sin embargo, la mediaci\u00f3n tradicional ha podido generar m\u00e1s empat\u00eda cognitiva. Los objetos originales fueron percibidos como m\u00e1s significativos que sus im\u00e1genes digitales.<\/p>\n<p><a href=\"https:\/\/avicom.mini.icom.museum\/es\/themenraeume-vr-traditionell-copyright-deutsches-auswandererhaus-foto-katie-heidsiek-red\/\"><img decoding=\"async\" loading=\"lazy\" class=\"alignnone size-medium wp-image-2981\" src=\"http:\/\/avicom.mini.icom.museum\/wp-content\/uploads\/sites\/3\/2020\/05\/Themenraeume-VR-traditionell-COPYRIGHT-Deutsches-Auswandererhaus-FOTO-Katie-Heidsiek.red_-225x300.jpg\" alt=\"\" width=\"225\" height=\"300\" srcset=\"https:\/\/avicom.mini.icom.museum\/wp-content\/uploads\/sites\/3\/2020\/05\/Themenraeume-VR-traditionell-COPYRIGHT-Deutsches-Auswandererhaus-FOTO-Katie-Heidsiek.red_-225x300.jpg 225w, https:\/\/avicom.mini.icom.museum\/wp-content\/uploads\/sites\/3\/2020\/05\/Themenraeume-VR-traditionell-COPYRIGHT-Deutsches-Auswandererhaus-FOTO-Katie-Heidsiek.red_-768x1024.jpg 768w, https:\/\/avicom.mini.icom.museum\/wp-content\/uploads\/sites\/3\/2020\/05\/Themenraeume-VR-traditionell-COPYRIGHT-Deutsches-Auswandererhaus-FOTO-Katie-Heidsiek.red_.jpg 1181w\" sizes=\"(max-width: 225px) 100vw, 225px\" \/><\/a><\/p>\n<p id=\"tw-target-text\" class=\"tw-data-text tw-text-large tw-ta\" dir=\"ltr\"><span lang=\"es\">Exposici\u00f3n VR (izquierda) y exposici\u00f3n tradicional (derecha). \u00a9 Deutsches Auswandererhaus. Foto: Katie Heidsiek<br \/>\n<\/span><\/p>\n<p>Los resultados se publican en alem\u00e1n e ingl\u00e9s y se pueden descargar de forma gratuita.<\/p>\n<p><a href=\"https:\/\/dah-bremerhaven.de\/vr-studie\/\">https:\/\/dah-bremerhaven.de\/vr-studie\/<\/a><\/p>\n<p>&nbsp;<\/p>\n","protected":false},"excerpt":{"rendered":"<p>\u00bfMe afecta? \u00a9 Deutsches Auswandererhaus \u00bfPuede la realidad virtual ayudar a transmitir el conocimiento hist\u00f3rico-cultural y las emociones? \u00bfLos visitantes experimentan objetos reales y virtuales de manera diferente? Cient\u00edficos del\u00a0 Deutsches Auswandererhaus (Centro de emigrati\u00f3n alem\u00e1n) en Bremerhaven (Alemania) investigaron esto en un experimento. El experimento mostr\u00f3 que los visitantes encontraron las aplicaciones de realidad [&hellip;]<\/p>\n","protected":false},"author":20,"featured_media":0,"parent":0,"menu_order":0,"comment_status":"closed","ping_status":"closed","template":"","meta":{"footnotes":""},"yst_prominent_words":[1080,130,918,1079,505,131,1103,1102,134,508,829,1094,1095,1098,1086,1096,1093,1100,356,1097],"acf":[],"_links":{"self":[{"href":"https:\/\/avicom.mini.icom.museum\/es\/wp-json\/wp\/v2\/pages\/2995"}],"collection":[{"href":"https:\/\/avicom.mini.icom.museum\/es\/wp-json\/wp\/v2\/pages"}],"about":[{"href":"https:\/\/avicom.mini.icom.museum\/es\/wp-json\/wp\/v2\/types\/page"}],"author":[{"embeddable":true,"href":"https:\/\/avicom.mini.icom.museum\/es\/wp-json\/wp\/v2\/users\/20"}],"replies":[{"embeddable":true,"href":"https:\/\/avicom.mini.icom.museum\/es\/wp-json\/wp\/v2\/comments?post=2995"}],"version-history":[{"count":4,"href":"https:\/\/avicom.mini.icom.museum\/es\/wp-json\/wp\/v2\/pages\/2995\/revisions"}],"predecessor-version":[{"id":3017,"href":"https:\/\/avicom.mini.icom.museum\/es\/wp-json\/wp\/v2\/pages\/2995\/revisions\/3017"}],"wp:attachment":[{"href":"https:\/\/avicom.mini.icom.museum\/es\/wp-json\/wp\/v2\/media?parent=2995"}],"wp:term":[{"taxonomy":"yst_prominent_words","embeddable":true,"href":"https:\/\/avicom.mini.icom.museum\/es\/wp-json\/wp\/v2\/yst_prominent_words?post=2995"}],"curies":[{"name":"wp","href":"https:\/\/api.w.org\/{rel}","templated":true}]}}