{"id":3256,"date":"2021-05-19T11:27:41","date_gmt":"2021-05-19T11:27:41","guid":{"rendered":"http:\/\/avicom.mini.icom.museum\/?page_id=3256"},"modified":"2021-05-19T11:27:41","modified_gmt":"2021-05-19T11:27:41","slug":"avicom-fimp-festival-2021-llamado-a-propuestas","status":"publish","type":"page","link":"https:\/\/avicom.mini.icom.museum\/es\/avicom-fimp-festival-2021-llamado-a-propuestas\/","title":{"rendered":"AVICOM f@imp Festival 2021: Llamado a propuestas"},"content":{"rendered":"<p><a href=\"https:\/\/avicom.mini.icom.museum\/es\/fimp-2021-museos-inspirando-el-futuro\/faimp_mozaik_honlapra-2\/\" rel=\"attachment wp-att-3248\"><img decoding=\"async\" loading=\"lazy\" class=\"alignnone size-medium wp-image-3248\" src=\"http:\/\/avicom.mini.icom.museum\/wp-content\/uploads\/sites\/3\/2021\/05\/faimp_mozaik_honlapra-300x169.jpg\" alt=\"\" width=\"300\" height=\"169\" srcset=\"https:\/\/avicom.mini.icom.museum\/wp-content\/uploads\/sites\/3\/2021\/05\/faimp_mozaik_honlapra-300x169.jpg 300w, https:\/\/avicom.mini.icom.museum\/wp-content\/uploads\/sites\/3\/2021\/05\/faimp_mozaik_honlapra-768x432.jpg 768w, https:\/\/avicom.mini.icom.museum\/wp-content\/uploads\/sites\/3\/2021\/05\/faimp_mozaik_honlapra-1024x576.jpg 1024w, https:\/\/avicom.mini.icom.museum\/wp-content\/uploads\/sites\/3\/2021\/05\/faimp_mozaik_honlapra.jpg 1280w\" sizes=\"(max-width: 300px) 100vw, 300px\" \/><\/a><\/p>\n<p>&nbsp;<\/p>\n<p>Vinculado con el D\u00eda Internacional de los Museos 2021, el 18 de Mayo, AVICOM propuso el Festival Internacional de Audiovisual, Multimedia y Patrimonio f@imp 2021 bajo el tema <strong>\u201cMuseos: Inspirando el Futuro\u201d.<\/strong><\/p>\n<p>Como un reconocimiento a los retos relacionados con la pandemia que los museos han tenido que enfrentar, habr\u00e1 una <strong>edici\u00f3n especial del festival de medios<\/strong> con un tema espec\u00edfico:<\/p>\n<p><strong>\u201cMuseos, Medios y Futuro: \u00bfC\u00f3mo pueden los museos cerrados abrir al p\u00fablico usando los medios?\u201c<\/strong><\/p>\n<p>Buenos ejemplos pueden ser enviados ahora para entrar al festival: sitios web, aplicaciones, filmes, presentaciones de redes sociales\u2026 Las producciones deber\u00e1n ser enviadas directamente al sitio web del festival <a href=\"http:\/\/faimpavicom.org\">http:\/\/faimpavicom.org<\/a> como en a\u00f1os anteriores.<\/p>\n<p>Si los aplicantes tienen alg\u00fan problema en registrarse o cargar las producciones v\u00eda el sitio web, por favor contactar a AVICOM. Encontraremos una soluci\u00f3n juntos.<\/p>\n<p><strong>En vista de la d\u00edficil situaci\u00f3n econ\u00f3mica actual en muchos museos,<\/strong> <strong>\u00a1la participaci\u00f3n este a\u00f1o es gratuita!<\/strong><\/p>\n<p><strong>La competencia est\u00e1 abierta hasta el 30 Septiembre 2021. <\/strong><\/p>\n<p>La ceremonia de premiaci\u00f3n, est\u00e1 planificada como un evento h\u00edbrido (en persona y en l\u00ednea) para <strong>Noviembre 2021<\/strong> en el <strong>Museo H\u00fangaro de Budapest<\/strong>.<\/p>\n<p>AVICOM quiere animarle a participar en este festival y espera con ansias un gran n\u00famero de contribuciones a las buenas pr\u00e1cticas.<\/p>\n<p>Por favor tomar nota: Al proponer las contribuciones, AVICOM expresamente obtiene permiso de publicar las mismas en su sitio web y en sus redes sociales. Adicionalmente, los contribuyentes dan el derecho a AVICOM a disponer las contribuciones a terceros con el prop\u00f3sito de brindar informaci\u00f3n acerca del festival f@imp y que estos editen y distribuyan en l\u00ednea.<\/p>\n<p>Para dudas contactar:<\/p>\n<p>Ildik\u00f3 Fejes, Tesorero de AVICOM<\/p>\n<p><a href=\"mailto:Fejes.ildiko@gmail.com\">Fejes.ildiko@gmail.com<\/a><\/p>\n<p>&nbsp;<\/p>\n<p>&nbsp;<\/p>\n<p>&nbsp;<\/p>\n","protected":false},"excerpt":{"rendered":"<p>&nbsp; Vinculado con el D\u00eda Internacional de los Museos 2021, el 18 de Mayo, AVICOM propuso el Festival Internacional de Audiovisual, Multimedia y Patrimonio f@imp 2021 bajo el tema \u201cMuseos: Inspirando el Futuro\u201d. Como un reconocimiento a los retos relacionados con la pandemia que los museos han tenido que enfrentar, habr\u00e1 una edici\u00f3n especial del [&hellip;]<\/p>\n","protected":false},"author":20,"featured_media":0,"parent":0,"menu_order":0,"comment_status":"closed","ping_status":"closed","template":"","meta":{"footnotes":""},"yst_prominent_words":[1307,54,1328,506,1327,1015,1332,80,1324,134,508,1333,1329,829,1326,844,1330,1017,293,1331],"acf":[],"_links":{"self":[{"href":"https:\/\/avicom.mini.icom.museum\/es\/wp-json\/wp\/v2\/pages\/3256"}],"collection":[{"href":"https:\/\/avicom.mini.icom.museum\/es\/wp-json\/wp\/v2\/pages"}],"about":[{"href":"https:\/\/avicom.mini.icom.museum\/es\/wp-json\/wp\/v2\/types\/page"}],"author":[{"embeddable":true,"href":"https:\/\/avicom.mini.icom.museum\/es\/wp-json\/wp\/v2\/users\/20"}],"replies":[{"embeddable":true,"href":"https:\/\/avicom.mini.icom.museum\/es\/wp-json\/wp\/v2\/comments?post=3256"}],"version-history":[{"count":1,"href":"https:\/\/avicom.mini.icom.museum\/es\/wp-json\/wp\/v2\/pages\/3256\/revisions"}],"predecessor-version":[{"id":3257,"href":"https:\/\/avicom.mini.icom.museum\/es\/wp-json\/wp\/v2\/pages\/3256\/revisions\/3257"}],"wp:attachment":[{"href":"https:\/\/avicom.mini.icom.museum\/es\/wp-json\/wp\/v2\/media?parent=3256"}],"wp:term":[{"taxonomy":"yst_prominent_words","embeddable":true,"href":"https:\/\/avicom.mini.icom.museum\/es\/wp-json\/wp\/v2\/yst_prominent_words?post=3256"}],"curies":[{"name":"wp","href":"https:\/\/api.w.org\/{rel}","templated":true}]}}