{"id":423,"date":"2019-01-03T20:35:09","date_gmt":"2019-01-03T20:35:09","guid":{"rendered":"http:\/\/avicom.icom.cust.oxymium.net\/technologies\/photo-albums\/"},"modified":"2019-01-03T20:46:56","modified_gmt":"2019-01-03T20:46:56","slug":"photo-albums","status":"publish","type":"page","link":"https:\/\/avicom.mini.icom.museum\/es\/technologies\/photo-albums\/","title":{"rendered":"Photo Albums"},"content":{"rendered":"<div id=\"RTE_CONTENT\"> <!--TYPO3SEARCH_begin--> \t<!--  CONTENT ELEMENT, uid:5458\/textpic [begin] --> \t\t<\/p>\n<div id=\"c5458\"> \t\t<!--  Image block: [begin] --> \t\t\t<\/p>\n<div> \t\t<!--  Text: [begin] --> \t\t\t<\/p>\n<p><img decoding=\"async\" src=\"http:\/\/avicom.mini.icom.museum\/wp-content\/uploads\/sites\/3\/2019\/01\/RTEmagicC_FIAMP_Gala1_01.jpg.jpg\" alt=\"\"><\/p>\n<p>\u00a0<\/p>\n<p>The AVICOM meeting was held in Montreal in the fall of 2012 with the chosen theme\u00a0: The development of technologies and the emergence of\u00a0 new museology professions. It was on this occasion that the FIAMP festival took place at the Canadian Centre for Architecture: October 9 &#8211; 12, 2012. See all the photos for the conference and the festival on <a href=\"http:\/\/www.flickr.com\/photos\/avicom\/\" target=\"_blank\">Flickr<\/a> and <a href=\"http:\/\/instagram.com\/avicom\" target=\"_blank\">Instagram<\/a>.<\/p>\n<h2>Albums on line: 1991 &#8211; 2013 <\/h2>\n<p>These albums are photo-reportage of activities and important moments of AVICOM and ICOM. As a chronology of events, they are the visual memory of our committee. They recall pleasant memories for those who have participated in activities over the years. They also act as an invitation to those who would like to join us in future events.<\/p>\n<p>\u00a0<\/p>\n<hr>\n<h4>\u00a0<\/h4>\n<h4>Flickr and Picasa:\u00a0 photographic work of memory and information on the activities of AVICOM and ICOM<\/h4>\n<p>\u00a0<\/p>\n<ul>\n<li> <a href=\"http:\/\/www.flickr.com\/photos\/icom-member1\/sets\/72157634651821100\/\" title=\"Opens external link in new window\" target=\"_blank\">1991 &#8211; Cr\u00e9ation d&#8217;AVICOM<\/a>\u00a0\u00a0 <\/li>\n<li><a href=\"http:\/\/www.flickr.com\/photos\/icom-member1\/sets\/72157634645290355\/\" title=\"Opens external link in new window\" target=\"_blank\">1992 &#8211; CG de l&#8217;ICOM \u00e0 Quebec<\/a><\/li>\n<li><a href=\"http:\/\/www.flickr.com\/photos\/icom-member1\/sets\/72157634645246005\/\" title=\"Opens external link in new window\" target=\"_blank\">1996 &#8211; CITIA d&#8217;AVICOM \u00e0 Sao Paulo<\/a><\/li>\n<li><a href=\"http:\/\/www.flickr.com\/photos\/icom-member1\/sets\/72157634651674166\/\" title=\"Opens external link in new window\" target=\"_blank\">1996 &#8211; Faimp Avicom Buenos Aires<\/a><\/li>\n<li><a href=\"http:\/\/www.flickr.com\/photos\/icom-member1\/sets\/72157634607983752\/\" title=\"Opens external link in new window\" target=\"_blank\">1997 &#8211; Faimp Avicom Paris<\/a><\/li>\n<li><a href=\"http:\/\/www.flickr.com\/photos\/icom-member1\/sets\/72157636938370623\" title=\"Opens external link in new window\" target=\"_blank\">1998 &#8211; Faimp Avicom \u00e0 Ouagadougou &#8211; Burkina Faso<\/a><\/li>\n<li>2004 &#8211; FIAMP Avicom \u00e0 Taiwan : <a href=\"http:\/\/www.flickr.com\/photos\/icom-member1\/sets\/72157634721258804\/\" title=\"Opens external link in new window\" target=\"_blank\">Flickr<\/a> \/ <a href=\"https:\/\/plus.google.com\/photos\/107570905674875647388\/albums\/5819577042891892001?banner=pwa\" title=\"Opens external link in new window\" target=\"_blank\">Picasa<\/a> <\/li>\n<li><a href=\"http:\/\/www.flickr.com\/photos\/icom-member1\/sets\/72157634645074545\/\" title=\"Opens external link in new window\" target=\"_blank\">2004 &#8211; CG ICOM \u00e0 S\u00e9oul<\/a><\/li>\n<li><a href=\"http:\/\/www.flickr.com\/photos\/icom-member1\/sets\/72157634651494054\/\" title=\"Opens external link in new window\" target=\"_blank\">2006 &#8211; 60 ans de l&#8217;ICOM<\/a><\/li>\n<li><a href=\"http:\/\/www.flickr.com\/photos\/icom-member1\/sets\/72157634713288709\/\" title=\"Opens external link in new window\" target=\"_blank\">2007 &#8211; CG de Vienne<\/a><\/li>\n<li><a href=\"http:\/\/www.flickr.com\/photos\/icom-member1\/sets\/72157634651395620\/\" title=\"Opens external link in new window\" target=\"_blank\">2007 &#8211; AG d&#8217;AVICOM, et c\u00e9r\u00e9monie de remise des troph\u00e9es du Fiamp \u00e0 Vienne<\/a><\/li>\n<li><a href=\"http:\/\/www.flickr.com\/photos\/icom-member1\/sets\/72157634651193600\/\" title=\"Opens external link in new window\" target=\"_blank\">2008 &#8211; Fiamp Avicom Canada<\/a><\/li>\n<li>2009 &#8211; Jury Fiamp Avicom &#8211; Turin : <a href=\"http:\/\/www.flickr.com\/photos\/icom-member1\/sets\/72157634672096713\/\" title=\"Opens external link in new window\" target=\"_blank\">Flickr<\/a>\u00a0 \/ <a href=\"https:\/\/plus.google.com\/photos\/107570905674875647388\/albums\/5822193183586673441?banner=pwa\" title=\"Opens external link in new window\" target=\"_blank\">Picasa<\/a> <\/li>\n<li><a href=\"http:\/\/www.flickr.com\/photos\/icom-member1\/sets\/72157623825364525\/\" title=\"Opens external link in new window\" target=\"_blank\">2010 &#8211; Avicom, voyage d&#8217;\u00e9tude \u00e0 Beijing<\/a><\/li>\n<li><a href=\"http:\/\/www.flickr.com\/photos\/icom-member1\/sets\/72157634678960196\/\" title=\"Opens external link in new window\" target=\"_blank\">2010 &#8211; CG Shanghai<\/a><\/li>\n<li><a href=\"http:\/\/www.flickr.com\/photos\/icom-member1\/sets\/72157634644585759\/\" title=\"Opens external link in new window\" target=\"_blank\">2011 &#8211; AC, EC de l&#8217;ICOM &#8211; juin Paris<\/a><\/li>\n<li><a href=\"http:\/\/www.flickr.com\/photos\/icom-member1\/sets\/72157635105969450\/\" title=\"Opens external link in new window\" target=\"_blank\">2013 &#8211; CG icom \u00e0 Rio<\/a><\/li>\n<\/ul>\n<table>\n<tbody>\n<tr><\/tr>\n<\/tbody>\n<\/table>\n<p> <!--  Text: [end] --> <\/div>\n<p> \t\t<!--  Image block: [end] --> \t\t\t   \t<!--  \t\tBEGIN: Content of extension \"hpo_relatedlink\", plugin \"tx_hporelatedlink_pi1\"  \t--> \t<\/p>\n<div> \t\t \t<\/div>\n<p> \t \t<!-- END: Content of extension \"hpo_relatedlink\", plugin \"tx_hporelatedlink_pi1\" -->  \t<\/div>\n<p> \t<!--  CONTENT ELEMENT, uid:5458\/textpic [end] --> \t\t<!--TYPO3SEARCH_end--> <\/div>\n","protected":false},"excerpt":{"rendered":"<p>\u00a0 The AVICOM meeting was held in Montreal in the fall of 2012 with the chosen theme\u00a0: The development of technologies and the emergence of\u00a0 new museology professions. It was on this occasion that the FIAMP festival took place at the Canadian Centre for Architecture: October 9 &#8211; 12, 2012. See all the photos for [&hellip;]<\/p>\n","protected":false},"author":1,"featured_media":0,"parent":135,"menu_order":0,"comment_status":"closed","ping_status":"closed","template":"","meta":{"footnotes":""},"yst_prominent_words":[],"acf":[],"_links":{"self":[{"href":"https:\/\/avicom.mini.icom.museum\/es\/wp-json\/wp\/v2\/pages\/423"}],"collection":[{"href":"https:\/\/avicom.mini.icom.museum\/es\/wp-json\/wp\/v2\/pages"}],"about":[{"href":"https:\/\/avicom.mini.icom.museum\/es\/wp-json\/wp\/v2\/types\/page"}],"author":[{"embeddable":true,"href":"https:\/\/avicom.mini.icom.museum\/es\/wp-json\/wp\/v2\/users\/1"}],"replies":[{"embeddable":true,"href":"https:\/\/avicom.mini.icom.museum\/es\/wp-json\/wp\/v2\/comments?post=423"}],"version-history":[{"count":1,"href":"https:\/\/avicom.mini.icom.museum\/es\/wp-json\/wp\/v2\/pages\/423\/revisions"}],"predecessor-version":[{"id":2225,"href":"https:\/\/avicom.mini.icom.museum\/es\/wp-json\/wp\/v2\/pages\/423\/revisions\/2225"}],"up":[{"embeddable":true,"href":"https:\/\/avicom.mini.icom.museum\/es\/wp-json\/wp\/v2\/pages\/135"}],"wp:attachment":[{"href":"https:\/\/avicom.mini.icom.museum\/es\/wp-json\/wp\/v2\/media?parent=423"}],"wp:term":[{"taxonomy":"yst_prominent_words","embeddable":true,"href":"https:\/\/avicom.mini.icom.museum\/es\/wp-json\/wp\/v2\/yst_prominent_words?post=423"}],"curies":[{"name":"wp","href":"https:\/\/api.w.org\/{rel}","templated":true}]}}