{"id":555,"date":"2019-01-03T20:35:26","date_gmt":"2019-01-03T20:35:26","guid":{"rendered":"http:\/\/avicom.icom.cust.oxymium.net\/technologies\/audiovisual\/"},"modified":"2019-01-03T20:46:56","modified_gmt":"2019-01-03T20:46:56","slug":"audiovisual","status":"publish","type":"page","link":"https:\/\/avicom.mini.icom.museum\/es\/technologies\/audiovisual\/","title":{"rendered":"Audiovisual"},"content":{"rendered":"<div id=\"RTE_CONTENT\"> <!--TYPO3SEARCH_begin--> \t<!--  CONTENT ELEMENT, uid:5460\/multimedia [begin] --> \t\t<\/p>\n<div id=\"c5460\"> \t\t<!--  Multimedia element: [begin] --> \t\t\t   <meta http-equiv=\"Content-Type\" content=\"text\/html; charset=ISO-8859-1\"> <title>Untitled Document<\/title> <\/p>\n<p>These innovative videos were made by museums from around the world. <a href=\"mailto:jlapalme@museesmontreal.org\" target=\"_blank\">Submit<\/a> your videos!<\/p>\n<ul>\n<li> <a href=\"http:\/\/ww3.tvo.org\/video\/172894\/do-museums-still-matter\" target=\"_blank\">TVOntario: The Agenda with Steve Paikin: Do Museums Still Matter?<\/a> (53:40) Steven Conn joins a panel of world-renowned experts to debate the importance of having a public space to be among tangible artifacts which connect us to the past.<\/li>\n<li> <a href=\"http:\/\/www.youtube.com\/show\/greatmuseums\" target=\"_blank\">Great Museums<\/a> is based on the premise that Americas museums are the repository of the American experience. The ongoing documentary series features great museums throughout the country, large and small, and reveals, in an informative and entertaining way, the people, places and stories that are at the core of the American identity.<\/li>\n<li> <a href=\"http:\/\/vimeo.com\/channels\/museummedia\" target=\"_blank\">Digital and new media for museums<\/a> is the Vimeo exposure channel of <a href=\"http:\/\/www.infofilm.nl\/nl\/en\/\" target=\"_blank\">Infofilm \/ Museummedia<\/a> in The Netherlands.<\/li>\n<\/ul>\n<h2>Museums, Science &amp; Technology<\/h2>\n<p align=\"center\">   <embed allowscriptaccess=\"always\" allowfullscreen=\"true\" type=\"application\/x-shockwave-flash\" src=\"http:\/\/www.youtube.com\/v\/D1EOJr11bvo&amp;hl=fr_FR&amp;fs=1&amp;\"><\/embed><\/p>\n<ul>\n<li> <a href=\"http:\/\/www.youtube.com\/watch?v=D1EOJr11bvo&amp;feature=player_embedded\" target=\"_blank\">Masterpieces of the Prado Museum in Google Earth<\/a> (2:55) January 12, 2009<\/li>\n<li> <a href=\"http:\/\/www.youtube.com\/watch?v=ooscH571RAA&amp;feature=player_embedded\" target=\"_blank\">Portugal&#8217;s Ephemeral Museum<\/a> combines street art and audio guides (2:12) March 27, 2009<strong><\/strong> <\/li>\n<li> <a href=\"http:\/\/www.youtube.com\/watch?v=yekLJeXFJt4&amp;feature=player_embedded\" target=\"_blank\">National Geographic: Secrets of Mona Lisa<\/a> \u2013 Science takes a closer look at the world&#8217;s most famous painting. Is this the portrait of a pregnant woman? (4:01) March 18, 2008<\/li>\n<li> <a href=\"http:\/\/www.youtube.com\/watch?v=4NCfnCXG01k&amp;feature=player_embedded\" target=\"_blank\">CBC News: Mona Lisa Answers Questions<\/a> \u2013 The Alive Gallery in Seoul, South Korea unveils its collection of moving and talking paintings. The technology helps young children interact with and appreciate old artworks. (1:50) April 3, 2008<\/li>\n<\/ul>\n<p>\u00a0<\/p>\n<hr size=\"1\" noshade>\n<h2>Museum Architecture and 3-D Renderings<\/h2>\n<p align=\"center\">   <embed allowscriptaccess=\"always\" allowfullscreen=\"true\" type=\"application\/x-shockwave-flash\" src=\"http:\/\/vimeo.com\/moogaloop.swf?clip_id=7812667&amp;server=vimeo.com&amp;show_title=1&amp;show_byline=1&amp;show_portrait=0&amp;color=&amp;fullscreen=1\"><\/embed><\/p>\n<ul>\n<li> <a href=\"http:\/\/vimeo.com\/7812667\" target=\"_blank\">Museum of Modern Art by Attila De\u00e1k<\/a> (3:33) November 25, 2009<\/li>\n<li> <a href=\"http:\/\/www.youtube.com\/watch?v=GmY4pcQ_WGA&amp;feature=player_embedded\" target=\"_blank\">Santiago Calatrava<\/a>, Architect (3:13) May 10, 2007<\/li>\n<li> <a href=\"http:\/\/www.youtube.com\/watch?v=1sghCuXTVbc&amp;feature=player_embedded\" target=\"_blank\">The New Acropolis Museum<\/a>, Greece (4:54) October 16, 2006<\/li>\n<li> <a href=\"http:\/\/www.youtube.com\/watch?v=5DGcV_Cuyy8&amp;feature=player_embedded\" target=\"_blank\">Mus\u00e9e d\u2019art contemporain<\/a>, <a href=\"http:\/\/www.hybrid-design.fr\" target=\"_blank\">Simon Boulard<\/a>, J\u00e9r\u00f4me Meyer et Vinciane Macke (4:59) 2006<\/li>\n<\/ul>\n<p>\u00a0<\/p>\n<hr size=\"1\" noshade>\n<h2>Commercials<\/h2>\n<p align=\"center\">   <embed allowscriptaccess=\"always\" allowfullscreen=\"true\" type=\"application\/x-shockwave-flash\" src=\"http:\/\/www.youtube.com\/v\/SyhccqYewAE\"><\/embed><\/p>\n<ul>\n<li> <a href=\"http:\/\/www.youtube.com\/watch?v=SyhccqYewAE&amp;feature=player_embedded\" target=\"_blank\">Magritte Museum<\/a> (2:51)  May 11, 2009<\/li>\n<li> <a href=\"http:\/\/www.dailymotion.com\/video\/x9pmvy_publicite-musee-des-arts-asiatiques_creation?start=4#from=embed\" target=\"_blank\">American Museum of Natural History<\/a> (1:05) April 22, 2009<\/li>\n<li> <em><a href=\"http:\/\/www.dailymotion.com\/video\/x9pmvy_publicite-musee-des-arts-asiatiques_creation?start=4#from=embed\" target=\"_blank\">Mus\u00e9e des arts asiatiques de Nice<\/a> <\/em>(1:15) June 28, 2009<\/li>\n<li> <a href=\"http:\/\/vimeo.com\/5409268\" target=\"_blank\">Groninger Museum<\/a>, The Netherlands (1:52) July 01, 2009<strong><\/strong> <\/li>\n<li> <a href=\"http:\/\/www.youtube.com\/watch?v=xKyLSmm9_Gc&amp;feature=player_embedded\" target=\"_blank\">Guggenheim Museum<\/a> in Bilbao, Spain (1:52) 2008<\/li>\n<li> <em><a href=\"http:\/\/www.dailymotion.com\/video\/xqvfp_musee_news?start=8#from=embed\" target=\"_blank\">Mus\u00e9e de la pal\u00e9ontologie de Paris<\/a> <\/em>(0:39) December 4, 2006<\/li>\n<li> <a href=\"http:\/\/www.dailymotion.com\/video\/xst39_pub-musee-afrique_fun#from=embed\" target=\"_blank\">&#8220;Le caf\u00e9&#8221;<\/a>: Commercial produced by the Belgian firm LG&amp;F. Writers: Thomas Danthine and Denis Dubrulle. (0:45) 2005<\/li>\n<\/ul>\n<p>\u00a0<\/p>\n<hr size=\"1\" noshade>\n<h2><strong>Museum Humour<\/strong><\/h2>\n<p align=\"center\">   <embed allowfullscreen=\"true\" allowscriptaccess=\"always\" type=\"application\/x-shockwave-flash\" src=\"http:\/\/www.youtube.com\/v\/gaFbmuEUdwI\"><\/embed><\/p>\n<ul>\n<li> <a href=\"http:\/\/www.youtube.com\/watch?v=gaFbmuEUdwI&amp;feature=player_embedded\" target=\"_blank\">We Love Museums&#8230; Do Museums Love Us Back?<\/a> (7:32) November 9, 2008<a href=\"http:\/\/www.youtube.com\/user\/pinkyshow\" target=\"_blank\"><br \/>   The Pinky Show<\/a> is a project of Associated Animals Inc., a non-profit educational organization. Recently Kim&#8217;s been obsessing over museums, her new &#8220;hobby.&#8221; Here she reads from her latest report, &#8220;The Creation of Value: meditations on the logic of museums and other coercive institutions.&#8221; <\/li>\n<li> <a href=\"http:\/\/www.dailymotion.com\/video\/x4fqzj_bernard-bear-museum_fun#from=embed\" target=\"_blank\">Bernard at the Museum<\/a> (3:27) February 20, 2008  <\/li>\n<\/ul>\n<p>\u00a0<\/p>\n<hr size=\"1\" noshade>\n<p>\u00a0<\/p>\n<h2>ICOM Video Clips<\/h2>\n<p><em>Note: You will need <a href=\"http:\/\/www.microsoft.com\/download\/en\/details.aspx?id=20426\">Windows Media Player<\/a> to view these video clips.<\/em><\/p>\n<p><\/p>\n<h3>AUSTRALIA<\/h3>\n<p><a href=\"mms:\/\/telesto.unesco.org\/ngo\/icom_australia.wmv\" target=\"_blank\">mms:\/\/telesto.unesco.org\/ngo\/icom_australia.wmv<\/a><br \/>   Gabriel Clark and Thomas Marcusson (University of Technology, Sydney)<\/p>\n<p>   Our video is a visual analogy of elements of ICOM&#8217;s mission. In our video piece intangible lines form tangible networks, supporting cultural heritage and creating a network of communication and support throughout the globalised world. The construction, and interaction of these cultural networks are supported and developed by ICOM. Using strong graphic elements generated by hand, lines of sand propel themselves across the screen, around examples of the world&#8217;s cultural heritage. Interacting with each other they build a grid that reates a global network. This theme ofglobalisation is illustrated by the depiction of a globe, thisglobe is in fact created by the network that ICOM has initiated and nurtured, the lines of sand.<\/p>\n<hr size=\"1\" align=\"justify\">\n<h3>CANADA <\/h3>\n<p><a href=\"mms:\/\/telesto.unesco.org\/ngo\/icom_canada.wmv\" target=\"_blank\">mms:\/\/telesto.unesco.org\/ngo\/icom_canada.wmv<\/a><br \/>   Christian Hudon and Jasmin Morin (Id\u00e9eclic, Gatineau, Qu\u00e9bec)<\/p>\n<p><em>La cr\u00e9ation du clip vid\u00e9o se veut avant tout un survol des richesses mus\u00e9ales bas\u00e9 sur les concepts de la sauvegarde du patrimoine mondial propos\u00e9s dans la mission d\u2019ICOM tant li\u00e9 au patrimoine mat\u00e9riel qu\u2019intangible. \u00c0 travers le regard de la diversit\u00e9 culturelle, nous sommes amen\u00e9s \u00e0 voyager dans le temps et \u00e0 survoler des lieux historiques ainsi qu\u2019\u00e0 d\u00e9couvrir des tr\u00e9sors par de riches compositions photographiques. On retrouve tout on long du vid\u00e9o la lettre \u00ab O \u00bb pour repr\u00e9senter le logo international de ICOM. De plus, cette forme ronde appuie bien la port\u00e9e mondiale des diff\u00e9rents comit\u00e9s internationaux. Le montage soutient la recherche et le d\u00e9veloppement ex\u00e9cut\u00e9s par l\u2019organisation, le concept de la diffusion du patrimoine ainsi que les diff\u00e9rents types de collections et d\u2019activit\u00e9s de programmations publiques mus\u00e9ales. L\u2019ensemble \u00e9voque la sensibilit\u00e9, le respect, l\u2019accessibilit\u00e9, la d\u00e9couverte, le savoir et la protection qui rend hommage aux membres et comit\u00e9s d\u2019ICOM.<\/em><\/p>\n<hr size=\"1\" align=\"justify\">\n<h3>HUNGARY <\/h3>\n<p><a href=\"mms:\/\/telesto.unesco.org\/ngo\/icom_hungary.wmv\" target=\"_blank\">mms:\/\/telesto.unesco.org\/ngo\/icom_hungary.wmv<\/a><br \/>   Dr. Janos Tari (Museum of Ethnography, Budapest)<\/p>\n<p>In the animation of the ICOM logo, we show museums buildings from all over the world, ethnic activities and restauration-exhibition situations connected with cultural heritage museums.<\/p>\n<hr size=\"1\" align=\"justify\">\n<div align=\"justify\"> Visit the <a href=\"http:\/\/icom.museum\/video.html\" target=\"_blank\">ICOM site<\/a> for more videos!  <\/p>\n<p>\u00a0<\/p>\n<p>    \t\t<!--  Multimedia element: [end] --> \t\t\t<\/div>\n<p> \t<!--  CONTENT ELEMENT, uid:5460\/multimedia [end] --> \t\t<!--TYPO3SEARCH_end--> <\/div>\n<div id=\"AUTO_CONTENT\"><\/div>\n<\/p><\/div>\n","protected":false},"excerpt":{"rendered":"<p>Untitled Document These innovative videos were made by museums from around the world. Submit your videos! TVOntario: The Agenda with Steve Paikin: Do Museums Still Matter? (53:40) Steven Conn joins a panel of world-renowned experts to debate the importance of having a public space to be among tangible artifacts which connect us to the past. [&hellip;]<\/p>\n","protected":false},"author":1,"featured_media":0,"parent":135,"menu_order":3,"comment_status":"closed","ping_status":"closed","template":"","meta":{"footnotes":""},"yst_prominent_words":[],"acf":[],"_links":{"self":[{"href":"https:\/\/avicom.mini.icom.museum\/es\/wp-json\/wp\/v2\/pages\/555"}],"collection":[{"href":"https:\/\/avicom.mini.icom.museum\/es\/wp-json\/wp\/v2\/pages"}],"about":[{"href":"https:\/\/avicom.mini.icom.museum\/es\/wp-json\/wp\/v2\/types\/page"}],"author":[{"embeddable":true,"href":"https:\/\/avicom.mini.icom.museum\/es\/wp-json\/wp\/v2\/users\/1"}],"replies":[{"embeddable":true,"href":"https:\/\/avicom.mini.icom.museum\/es\/wp-json\/wp\/v2\/comments?post=555"}],"version-history":[{"count":1,"href":"https:\/\/avicom.mini.icom.museum\/es\/wp-json\/wp\/v2\/pages\/555\/revisions"}],"predecessor-version":[{"id":2222,"href":"https:\/\/avicom.mini.icom.museum\/es\/wp-json\/wp\/v2\/pages\/555\/revisions\/2222"}],"up":[{"embeddable":true,"href":"https:\/\/avicom.mini.icom.museum\/es\/wp-json\/wp\/v2\/pages\/135"}],"wp:attachment":[{"href":"https:\/\/avicom.mini.icom.museum\/es\/wp-json\/wp\/v2\/media?parent=555"}],"wp:term":[{"taxonomy":"yst_prominent_words","embeddable":true,"href":"https:\/\/avicom.mini.icom.museum\/es\/wp-json\/wp\/v2\/yst_prominent_words?post=555"}],"curies":[{"name":"wp","href":"https:\/\/api.w.org\/{rel}","templated":true}]}}