{"id":565,"date":"2019-01-03T20:35:36","date_gmt":"2019-01-03T20:35:36","guid":{"rendered":"http:\/\/avicom.icom.cust.oxymium.net\/technologies\/websites\/"},"modified":"2019-01-03T20:46:55","modified_gmt":"2019-01-03T20:46:55","slug":"websites","status":"publish","type":"page","link":"https:\/\/avicom.mini.icom.museum\/es\/technologies\/websites\/","title":{"rendered":"Websites"},"content":{"rendered":"<div id=\"RTE_CONTENT\"> <!--TYPO3SEARCH_begin--> \t<!--  CONTENT ELEMENT, uid:5466\/text [begin] --> \t\t<\/p>\n<div id=\"c5466\"> \t\t<!--  Text: [begin] --> \t\t\t<\/p>\n<h3>MUVA Virtual Museums of Arts<\/h3>\n<\/p>\n<div>\n<div>\n<div>\n<h3>For more information<\/h3>\n<ul>\n<li><a href=\"http:\/\/avicom.mini.icom.museum\/wp-content\/uploads\/sites\/3\/2019\/01\/haber_alicia_conf.pdf\">Read Alicia Haber\u2019s paper<\/a><\/li>\n<\/ul><\/div>\n<\/p><\/div>\n<\/p><\/div>\n<p> A mention of virtual museums is incomplete without a visit to the one headed by Alicia Haber in Uruguay. The <a href=\"http:\/\/muva.elpais.com.uy\" target=\"_blank\">Museo Virtual de Artes El Pais<\/a> (MUVA), was the first totally virtual museum to go online in 1997. Its headquarters are in Montevideo, Uruguay. The museum is devoted to Uruguayan and Latin American art and contributes to the knowledge of visual art through its educational, informative and qualitative nature.  <\/p>\n<p> MUVA has no physical existence but its creators wanted to give visitors the impression of being in a real museum. They thought of using the Web as a way to mount exhibitions and recreate a museum atmosphere through the sensation of being inside a building. <\/p>\n<p> The fully virtual building was designed by four architects sponsored for MUVA. A virtual visit gives the impression of wondering through spaces that have been technologically assembled to recreate a museum. <\/p>\n<p> Visitors can actually move around the museum, take the elevator, climb the stairs, move from room to room and admire the works. All this without downloading software or cumbersome and complicated external applications. MUVA wanted to make a visit easy for its audience. <\/p>\n<p> Alicia Haber made a presentation on the MUVA Virtual Museums of Art at the Mytilene conference in June 2006 entitled \u201cThe Audiovisual Media as Cultural Heritage and Their Use in Museums\u201d. By way of introduction she noted:<\/p>\n<blockquote>\n<p> &#8220;My paper will focus on the MUVA Virtual Museums of Arts from Uruguay, its achievements but also its problems. I will deal with the creation of a virtual museum in a Third World country, entirely done by Uruguayans, with a very limited budget. I will present the way in which we had to face problems to create it in I996, how we got to create it and how we got to expand it and keep it alive&#8221;.<\/p>\n<\/blockquote>\n<p>\u00a0<\/p>\n<\/p>\n<hr>\n<p>\u00a0<\/p>\n<h3>Modern Art Gallery of the Soci\u00e9t\u00e9 G\u00e9n\u00e9rale Bank, Paris<\/h3>\n<p>The <a href=\"http:\/\/www.socgen.com\/magV2\/francais\/intro-bas.htm\" target=\"_blank\">Modern Art Gallery<\/a> is a fully virtual museum designed in computer-generated images. Architects created a three-dimensional building in which a visitor can move around in 10 rooms to discover some of the works contained in the modern and contemporary art collection of the Soci\u00e9t\u00e9 G\u00e9n\u00e9rale. <\/p>\n<p>   But although it is only imaginary, the museum serves as a visual support for real works with clearly defined proportions. This involved creating realistic architectural spaces and consideration for the relationship between the scale of the artistic, architectural and decorative elements. The choice and arrangement of the works resulted from an analysis of space, light and volume. <\/p>\n<p>   Without being overly technical, this collection provides a vast panorama of plastic arts from the end of the 1950s to the 1990s as a result of the diversity of the works, movement through the rooms and supporting material. Through the \u201cModern Art Gallery\u201d (MAG), the Soci\u00e9t\u00e9 G\u00e9n\u00e9rale has made its collection accessible to a larger audience. <\/p>\n<p>   The Gallery:<br \/>   3D Production: Project Studio<br \/>   Architectural Design: Christophe VALTIN (Umlaut)<br \/>   Conservator: Art Public Contemporain<br \/>   Photography: Edouard LEGROS<br \/>   Background Sound: Jean-Louis DO<br \/>   The Site:<br \/>   Artistic Direction \/ Production: Philippe ANDREVON<br \/>   Multimedia Engineering: Ark\u00e9on<\/p>\n<p>\u00a0<\/p>\n<hr>\n<p>\u00a0<\/p>\n<h3>Ho-Am Art Museum, Seoul, Korea<\/h3>\n<p>A mastery of technology, aesthetics and a wealth of information, Korean style&#8230; The <a href=\"http:\/\/www.hoammuseum.org\/\" target=\"_blank\">Ho-Am Art Museum<\/a> site offers an English version and provides Web surfers with information on Korean culture and heritage as well as on the collections on exhibit in the museum. <\/p>\n<p>   The design of the Web site is totally modern. The navigation is user-friendly, simple and clear and the look and feel is simple and pleasant. The educational content is particularly rich in informative documentation and high-quality illustrations. A \u201cZen\u201d site\u2026<\/p>\n<p>   The site was awarded the \u201cGold Web\u2019Art Prize\u201d at the 2003 \u201cInternational Museum &amp; Heritage Audiovisual Festival\u201d.<\/p>\n<p>\u00a0<\/p>\n<hr>\n<p>\u00a0<\/p>\n<h3>The Virtual Museum of Gabon Site<\/h3>\n<p>The project of the <a href=\"http:\/\/www.legabon.org\/livre\/\" target=\"_blank\">The Virtual Museum of Gabon<\/a> site, an initiative of the office of the President of the Republic, is essentially Franco-French with Gabonese funding. The national museum was asked to provide part of the raw material (namely, help select objects, provide information on them and write some of the content). For a variety of reasons, the museum quckly withdrew from the project at an early stage.  <\/p>\n<p>Design: Soci\u00e9t\u00e9 Novacom, Paris, France<\/p>\n<p><\/p>\n<p>   \t\t<!--  Text: [end] --> \t\t\t   \t<!--  \t\tBEGIN: Content of extension \"hpo_relatedlink\", plugin \"tx_hporelatedlink_pi1\"  \t--> \t<\/p>\n<div> \t\t \t<\/div>\n<p> \t \t<!-- END: Content of extension \"hpo_relatedlink\", plugin \"tx_hporelatedlink_pi1\" -->  \t<\/div>\n<p> \t<!--  CONTENT ELEMENT, uid:5466\/text [end] --> \t\t<!--TYPO3SEARCH_end--> <\/div>\n","protected":false},"excerpt":{"rendered":"<p>MUVA Virtual Museums of Arts For more information Read Alicia Haber\u2019s paper A mention of virtual museums is incomplete without a visit to the one headed by Alicia Haber in Uruguay. The Museo Virtual de Artes El Pais (MUVA), was the first totally virtual museum to go online in 1997. Its headquarters are in Montevideo, [&hellip;]<\/p>\n","protected":false},"author":1,"featured_media":0,"parent":135,"menu_order":6,"comment_status":"closed","ping_status":"closed","template":"","meta":{"footnotes":""},"yst_prominent_words":[],"acf":[],"_links":{"self":[{"href":"https:\/\/avicom.mini.icom.museum\/es\/wp-json\/wp\/v2\/pages\/565"}],"collection":[{"href":"https:\/\/avicom.mini.icom.museum\/es\/wp-json\/wp\/v2\/pages"}],"about":[{"href":"https:\/\/avicom.mini.icom.museum\/es\/wp-json\/wp\/v2\/types\/page"}],"author":[{"embeddable":true,"href":"https:\/\/avicom.mini.icom.museum\/es\/wp-json\/wp\/v2\/users\/1"}],"replies":[{"embeddable":true,"href":"https:\/\/avicom.mini.icom.museum\/es\/wp-json\/wp\/v2\/comments?post=565"}],"version-history":[{"count":1,"href":"https:\/\/avicom.mini.icom.museum\/es\/wp-json\/wp\/v2\/pages\/565\/revisions"}],"predecessor-version":[{"id":2219,"href":"https:\/\/avicom.mini.icom.museum\/es\/wp-json\/wp\/v2\/pages\/565\/revisions\/2219"}],"up":[{"embeddable":true,"href":"https:\/\/avicom.mini.icom.museum\/es\/wp-json\/wp\/v2\/pages\/135"}],"wp:attachment":[{"href":"https:\/\/avicom.mini.icom.museum\/es\/wp-json\/wp\/v2\/media?parent=565"}],"wp:term":[{"taxonomy":"yst_prominent_words","embeddable":true,"href":"https:\/\/avicom.mini.icom.museum\/es\/wp-json\/wp\/v2\/yst_prominent_words?post=565"}],"curies":[{"name":"wp","href":"https:\/\/api.w.org\/{rel}","templated":true}]}}