{"id":675,"date":"2019-01-03T20:36:59","date_gmt":"2019-01-03T20:36:59","guid":{"rendered":"http:\/\/avicom.icom.cust.oxymium.net\/fiamp-festival\/presentation\/winners-2009\/"},"modified":"2019-01-03T20:46:52","modified_gmt":"2019-01-03T20:46:52","slug":"winners-2009","status":"publish","type":"page","link":"https:\/\/avicom.mini.icom.museum\/es\/fiamp-festival\/presentation\/winners-2009\/","title":{"rendered":"Winners: 2009"},"content":{"rendered":"<div id=\"RTE_CONTENT\"> <!--TYPO3SEARCH_begin--> \t<!--  CONTENT ELEMENT, uid:5916\/textpic [begin] --> \t\t<\/p>\n<div id=\"c5916\"> \t\t<!--  Image block: [begin] --> \t\t\t<\/p>\n<div>\n<div><img decoding=\"async\" src=\"http:\/\/avicom.mini.icom.museum\/wp-content\/uploads\/sites\/3\/2019\/01\/logo_fiamp_09.jpg\" alt=\"\"><\/div>\n<div> \t\t<!--  Text: [begin] --> \t\t\t<\/p>\n<h3>FIAMP.2009<\/h3>\n<h4>Turin, Italy<\/h4>\n<\/p>\n<hr>\n<h2>AVICOM Grand Prize All Categories<\/h2>\n<ul>\n<li> D\u00e9partement de la recherche, de l&#8217;enseignement sup\u00e9rieur et de la technologie DREST du Minist\u00e8re de la Culture et de la communication, France<br \/>     &#8220;Lascaux&#8221;<br \/><em>L\u2019impact \u00e9motionnel rendu par l\u2019utilisation optimale de la technologie transforme la visite virtuelle en exp\u00e9rience r\u00e9elle.<\/em> <\/li>\n<\/ul>\n<h2>Audiovisuals <\/h2>\n<h3>Short-Length Category <\/h3>\n<ul>\n<li> <strong>Special Mention for Short-Length <\/strong><br \/>     Legambiente Abruzzo, Italy<br \/>   &#8220;Legambiente per l\u2019Aquila&#8221;<br \/><em>Pour le t\u00e9moignage qu\u2019il offre de la capacit\u00e9 \u00e0 lutter pour sauver le Patrimoine culturel m\u00eame face aux pires catastrophes.<\/em> <\/li>\n<li> <strong>Special Mention for Short-Length <\/strong><br \/>     Centro di dialettologia e di etnografia, Italy<br \/> &#8220;Vite Raccontate&#8221;<br \/><em>Pour son t\u00e9moignage pr\u00e9cis permettant de comprendre comment la recherche scientifique\u00a0 sur le terrain devient un instrument efficace d\u2019int\u00e9gration pour diff\u00e9rents savoir-faire.<\/em> <\/li>\n<li> <strong><strong><strong> Grand Prize for Short-Length<br \/><\/strong><\/strong><\/strong>Preto e Branco, Brazil<br \/>   &#8220;Memorial da resistencia&#8221; <br \/><em>Pour son aptitude \u00e0 utiliser une mise en sc\u00e8ne originale apte \u00e0 impliquer \u00e9motionnellement le spectateur sans pour autant renoncer \u00e0 une rigueur scientifique qu\u2019il communique avec acuit\u00e9.<\/em> <\/li>\n<\/ul>\n<p>\u00a0<\/p>\n<h3>Medium-Length Category <\/h3>\n<ul>\n<li> <strong>Special Mention for Medium-Length<br \/><\/strong>SVO Mus\u00e9e du Luxembourg, France<br \/>   &#8220;Wlaminck&#8221;<br \/><em>Un style efficace et convaincant, sp\u00e9cifiquement adapt\u00e9 au jeune public auquel il s\u2019adresse, sans pour autant renoncer \u00e0 un haut niveau de communication scientifique.<\/em> <\/li>\n<li> <strong>Special Mention for Medium-Length<\/strong><br \/>     Mus\u00e9e de la Blackitude, Cameroon<br \/> &#8220;La Blackitude en clair&#8221;<br \/><em>Un premier pas int\u00e9ressant visant \u00e0 promouvoir le Patrimoine culturel par l\u2019usage des techniques vid\u00e9o.<\/em> <\/li>\n<li> <strong><strong><strong>Grand Prize for Medium-Length<\/strong><\/strong><\/strong><br \/>     Basque Museum of Bilbao, Spain <br \/> &#8220;The game of Pelota&#8221;<br \/><em>Spectaculaire, hyperr\u00e9aliste, convaincant. Dans le respect de son r\u00f4le de vid\u00e9o informative et p\u00e9dagogique, il atteint cependant un niveau de qualit\u00e9 esth\u00e9tique qui en fait un produit \u00e0 regarder pour le pur plaisir.<\/em> <\/li>\n<\/ul>\n<p>\u00a0<\/p>\n<h3>Feature-Length Category <\/h3>\n<ul>\n<li> <strong>Special Mentions for <strong><strong>Feature-Length <\/strong><\/strong><\/strong><br \/>     SVO Mus\u00e9e du Luxembourg, France<br \/>   &#8220;De Miro \u00e0 Warhol&#8221;<br \/><em>Le portrait d\u2019un collectionneur, Berardo, se transforme en voyage dans l\u2019art du Vingti\u00e8me si\u00e8cle.<\/em> <\/li>\n<li> <strong><strong><strong>Grand Prize for <strong><strong>Feature-Length <\/strong><\/strong><\/strong><\/strong><\/strong><br \/>     Egdal Arkiver og Museum, Denmark<br \/> &#8220;The moving earth&#8221;<br \/><em>Inventions visuelles, reconstruction, strat\u00e9gies narratives captivantes mettent la complexit\u00e9 du sujet trait\u00e9, \u00e0 la port\u00e9e d\u2019un large public, de fa\u00e7on fascinante et abordable. Une vraie r\u00e9volution !<\/em> <\/li>\n<\/ul>\n<h2>Multimedia<\/h2>\n<ul>\n<li> <strong>Special Mention for  &#8220;Mobile Program&#8221;<\/strong><br \/>     Sistemas do Futuro, gest    \u00e3o e arte, Portugal<br \/>   &#8220;National Railway Museum&#8221;<br \/><em>Pour proposer de nouvelles plateformes de communication mus\u00e9ale<\/em> <\/li>\n<li> <strong><strong><strong>Web\u2019Art<\/strong><\/strong><\/strong> <strong>Grand Prize <\/strong><br \/>     Hyptique Interactif Design Bureau, France,<br \/>     et Minist\u00e8re de la culture et de la Communication \u2013 DREST<br \/> &#8220;Charpentiers d&#8217;Europe et de M\u00e9diterran\u00e9e&#8221;<br \/><em>Pour son exhaustivit\u00e9 scientifique et p\u00e9dagogique enrichie par un stimulant usage de la technologie<\/em> <\/li>\n<li> <strong><strong><strong>Multimedi\u2019Art Interactive <strong><strong>Grand Prize <\/strong><\/strong><\/strong><\/strong><\/strong> (Interactive Station)<br \/>     National Museum of Australia, Australia<br \/> &#8220;European voyage to the australian continent&#8221;<br \/><em>Une exhaustivit\u00e9 informative aboutie et un impact graphique remarquable<\/em> <\/li>\n<li> <strong><strong><strong>Multimedi\u2019Art CDR <strong><strong><strong><strong>Grand Prize<\/strong><\/strong><\/strong><\/strong><\/strong><\/strong><\/strong> (CD-Rom)<br \/>     D.D. Studio, Lettonia<br \/> &#8220;The popular front of Latvia, living history&#8221;<br \/><em>La simplicit\u00e9 de la structure g\u00e9n\u00e9rale r\u00e9v\u00e8le un produit exhaustif, agr\u00e9ablement navigable et esth\u00e9tiquement int\u00e9ressant, gr\u00e2ce \u00e0 l\u2019utilisation d\u2019une animation graphique originale. <\/em> <\/li>\n<\/ul>\n<p>\u00a0<\/p>\n<p> \t\t<!--  Text: [end] --> \t\t\t<\/div>\n<\/p><\/div>\n<div><!-- --><\/div>\n<p> \t\t<!--  Image block: [end] --> \t\t\t   \t<!--  \t\tBEGIN: Content of extension \"hpo_relatedlink\", plugin \"tx_hporelatedlink_pi1\"  \t--> \t<\/p>\n<div> \t\t \t<\/div>\n<p> \t \t<!-- END: Content of extension \"hpo_relatedlink\", plugin \"tx_hporelatedlink_pi1\" -->  \t<\/div>\n<p> \t<!--  CONTENT ELEMENT, uid:5916\/textpic [end] --> \t\t<!--TYPO3SEARCH_end--> <\/div>\n","protected":false},"excerpt":{"rendered":"<p>FIAMP.2009 Turin, Italy AVICOM Grand Prize All Categories D\u00e9partement de la recherche, de l&#8217;enseignement sup\u00e9rieur et de la technologie DREST du Minist\u00e8re de la Culture et de la communication, France &#8220;Lascaux&#8221;L\u2019impact \u00e9motionnel rendu par l\u2019utilisation optimale de la technologie transforme la visite virtuelle en exp\u00e9rience r\u00e9elle. Audiovisuals Short-Length Category Special Mention for Short-Length Legambiente Abruzzo, [&hellip;]<\/p>\n","protected":false},"author":1,"featured_media":0,"parent":277,"menu_order":1,"comment_status":"closed","ping_status":"closed","template":"","meta":{"footnotes":""},"yst_prominent_words":[],"acf":[],"_links":{"self":[{"href":"https:\/\/avicom.mini.icom.museum\/es\/wp-json\/wp\/v2\/pages\/675"}],"collection":[{"href":"https:\/\/avicom.mini.icom.museum\/es\/wp-json\/wp\/v2\/pages"}],"about":[{"href":"https:\/\/avicom.mini.icom.museum\/es\/wp-json\/wp\/v2\/types\/page"}],"author":[{"embeddable":true,"href":"https:\/\/avicom.mini.icom.museum\/es\/wp-json\/wp\/v2\/users\/1"}],"replies":[{"embeddable":true,"href":"https:\/\/avicom.mini.icom.museum\/es\/wp-json\/wp\/v2\/comments?post=675"}],"version-history":[{"count":1,"href":"https:\/\/avicom.mini.icom.museum\/es\/wp-json\/wp\/v2\/pages\/675\/revisions"}],"predecessor-version":[{"id":2202,"href":"https:\/\/avicom.mini.icom.museum\/es\/wp-json\/wp\/v2\/pages\/675\/revisions\/2202"}],"up":[{"embeddable":true,"href":"https:\/\/avicom.mini.icom.museum\/es\/wp-json\/wp\/v2\/pages\/277"}],"wp:attachment":[{"href":"https:\/\/avicom.mini.icom.museum\/es\/wp-json\/wp\/v2\/media?parent=675"}],"wp:term":[{"taxonomy":"yst_prominent_words","embeddable":true,"href":"https:\/\/avicom.mini.icom.museum\/es\/wp-json\/wp\/v2\/yst_prominent_words?post=675"}],"curies":[{"name":"wp","href":"https:\/\/api.w.org\/{rel}","templated":true}]}}