{"id":687,"date":"2019-01-03T20:37:04","date_gmt":"2019-01-03T20:37:04","guid":{"rendered":"http:\/\/avicom.icom.cust.oxymium.net\/fiamp-festival\/presentation\/winners-2007\/"},"modified":"2019-01-03T20:46:51","modified_gmt":"2019-01-03T20:46:51","slug":"winners-2007","status":"publish","type":"page","link":"https:\/\/avicom.mini.icom.museum\/es\/fiamp-festival\/presentation\/winners-2007\/","title":{"rendered":"Winners: 2007"},"content":{"rendered":"<div id=\"RTE_CONTENT\"> <!--TYPO3SEARCH_begin--> \t<!--  CONTENT ELEMENT, uid:5924\/textpic [begin] --> \t\t<\/p>\n<div id=\"c5924\"> \t\t<!--  Image block: [begin] --> \t\t\t<\/p>\n<div>\n<div><img decoding=\"async\" src=\"http:\/\/avicom.mini.icom.museum\/wp-content\/uploads\/sites\/3\/2019\/01\/logo_fiamp_13.jpg\" alt=\"\"><\/div>\n<div> \t\t<!--  Text: [begin] --> \t\t\t<\/p>\n<h3>FIAMP. 2007<\/h3>\n<h4>Cuernavaca, Mexico<\/h4>\n<\/p>\n<hr>\n<h2>AVICOM Grand Prize <\/h2>\n<ul>\n<li>Hyptique, Paris \u2013 France<br \/>     Virtual exhibition of the Mus\u00e9e des Civilisations de l&#8217;Europe et de la M\u00e9diterran\u00e9e, France<br \/>     &#8220;<a href=\"http:\/\/www.cornemuses.culture.fr\/index.php\" target=\"_blank\">Cornemuses d&#8217;Europe et de M\u00e9diterran\u00e9e<\/a>&#8220;<\/li>\n<\/ul>\n<h2>Audiovisuals<\/h2>\n<h3>Short-Length Category <\/h3>\n<ul>\n<li> <strong>Short Length Award<\/strong><br \/>     Museum of Contemporary Art Zagreb &#8211; Croatia<br \/>     Audiovisual of the film director Simon Bogojevic Narath<br \/>   &#8220;Novi New Museum of Contemporary Art&#8221;<\/li>\n<li> <strong>Creativity Award<\/strong><br \/>     Special Mention in the Promotion and Integration of Intangible Heritage<br \/>     Preto &amp; Branco Projetos Audiovisuales, S\u00e3o Paulo \u2013 Brazil<br \/>     Audiovisual program of the film director Luiz De Franco Neto<br \/> \u201cSomos \u2013 A cria\u00e7\u00e3o popular brasileira\u201d<\/li>\n<\/ul>\n<p>\u00a0<\/p>\n<h3>Medium-Length Category <\/h3>\n<ul>\n<li> <strong>Medium-Length Award<\/strong><br \/>     Arte France, Issy-les-Moulineaux &#8211; France<br \/>     Audiovisual of the film director Anna C\u00e9lia Kendall<br \/>   &#8220;La cafeti\u00e8re Conica&#8221; &#8211; S\u00e9rie Design<\/li>\n<li>  <strong>&#8220;Coup de Coeur&#8221; Award<\/strong><br \/>     National Palace Museum, Taipei \u2013 Taiwan, R.O.C<br \/>     Audiovisual of the film director Tom Sito<br \/> &#8220;Adventures in the National Palace Museum&#8221;<\/li>\n<\/ul>\n<p>\u00a0<\/p>\n<h2>Interactive Stations<\/h2>\n<ul>\n<li> <strong>Interactive Multimedi&#8217;Art Award<\/strong><br \/>     Mus\u00e9e du quai Branly, Paris &#8211; France<br \/>     Interactive station for Cosmonote, Paris &#8211; France<br \/>   &#8220;Sonorama, sud du B\u00e9nin&#8221;<\/li>\n<li> <strong>Special Mention in documentary fullness<\/strong><br \/>     DD Studio, Riga &#8211; Lettonie<br \/>     Interactive station for the Jurmala City Museum, Latvia<br \/> &#8220;Jurmala City Museum&#8217;s digital exhibition&#8221;<\/li>\n<li> <strong>Special Mention for interactive project<\/strong><br \/>     Magian Design Studio Pty Ltd, Melbourne &#8211; Australia<br \/>   40\u00a0 interactive stations of the &#8220;Museo Interactivo de Econom\u00eda&#8221;, Mexico<\/li>\n<li> <strong>Special Mention for a pedagogic and didactic project <\/strong><br \/>     Mus\u00e9e de l&#8217;Arles et de la Provence antiques, Arles &#8211; France<br \/>     Interactive station of Alyen company, Marseille \u2013 France<br \/> &#8220;Ingres et l&#8217;Antique \u2013 Le laboratoire secret&#8221;<\/li>\n<\/ul>\n<p>\u00a0<\/p>\n<h2>Website<\/h2>\n<ul>\n<li> <strong>Web&#8217;Art Award<\/strong><br \/>     National Palace Museum, Taipei \u2013 Taiwan, R.O.C <br \/>     &#8220;<a href=\"http:\/\/www.npm.gov.tw\/\" target=\"_blank\">National Palace Museum<\/a>&#8220;<\/li>\n<\/ul>\n<p>\u00a0<\/p>\n<h2>Virtual Exhibition<\/h2>\n<ul>\n<li> <strong>Web&#8217;Art Award for Virtual Exhibition<\/strong><br \/>     National Gallery of Canada, Ottawa &#8211; Canada<br \/>     Id\u00e9eClic, Gatineau &#8211; Canada<br \/>     &#8220;<a href=\"http:\/\/cybermuse.gallery.ca\/cybermuse\/youth\/dwl\/index_f.jsp\" target=\"_blank\">Drawing with Light<\/a>&#8220;<\/li>\n<\/ul>\n<p>\u00a0<\/p>\n<p> \t\t<!--  Text: [end] --> \t\t\t<\/div>\n<\/p><\/div>\n<div><!-- --><\/div>\n<p> \t\t<!--  Image block: [end] --> \t\t\t   \t<!--  \t\tBEGIN: Content of extension \"hpo_relatedlink\", plugin \"tx_hporelatedlink_pi1\"  \t--> \t<\/p>\n<div> \t\t \t<\/div>\n<p> \t \t<!-- END: Content of extension \"hpo_relatedlink\", plugin \"tx_hporelatedlink_pi1\" -->  \t<\/div>\n<p> \t<!--  CONTENT ELEMENT, uid:5924\/textpic [end] --> \t\t<!--TYPO3SEARCH_end--> <\/div>\n","protected":false},"excerpt":{"rendered":"<p>FIAMP. 2007 Cuernavaca, Mexico AVICOM Grand Prize Hyptique, Paris \u2013 France Virtual exhibition of the Mus\u00e9e des Civilisations de l&#8217;Europe et de la M\u00e9diterran\u00e9e, France &#8220;Cornemuses d&#8217;Europe et de M\u00e9diterran\u00e9e&#8220; Audiovisuals Short-Length Category Short Length Award Museum of Contemporary Art Zagreb &#8211; Croatia Audiovisual of the film director Simon Bogojevic Narath &#8220;Novi New Museum of [&hellip;]<\/p>\n","protected":false},"author":1,"featured_media":0,"parent":277,"menu_order":3,"comment_status":"closed","ping_status":"closed","template":"","meta":{"footnotes":""},"yst_prominent_words":[],"acf":[],"_links":{"self":[{"href":"https:\/\/avicom.mini.icom.museum\/es\/wp-json\/wp\/v2\/pages\/687"}],"collection":[{"href":"https:\/\/avicom.mini.icom.museum\/es\/wp-json\/wp\/v2\/pages"}],"about":[{"href":"https:\/\/avicom.mini.icom.museum\/es\/wp-json\/wp\/v2\/types\/page"}],"author":[{"embeddable":true,"href":"https:\/\/avicom.mini.icom.museum\/es\/wp-json\/wp\/v2\/users\/1"}],"replies":[{"embeddable":true,"href":"https:\/\/avicom.mini.icom.museum\/es\/wp-json\/wp\/v2\/comments?post=687"}],"version-history":[{"count":1,"href":"https:\/\/avicom.mini.icom.museum\/es\/wp-json\/wp\/v2\/pages\/687\/revisions"}],"predecessor-version":[{"id":2200,"href":"https:\/\/avicom.mini.icom.museum\/es\/wp-json\/wp\/v2\/pages\/687\/revisions\/2200"}],"up":[{"embeddable":true,"href":"https:\/\/avicom.mini.icom.museum\/es\/wp-json\/wp\/v2\/pages\/277"}],"wp:attachment":[{"href":"https:\/\/avicom.mini.icom.museum\/es\/wp-json\/wp\/v2\/media?parent=687"}],"wp:term":[{"taxonomy":"yst_prominent_words","embeddable":true,"href":"https:\/\/avicom.mini.icom.museum\/es\/wp-json\/wp\/v2\/yst_prominent_words?post=687"}],"curies":[{"name":"wp","href":"https:\/\/api.w.org\/{rel}","templated":true}]}}