{"id":701,"date":"2019-01-03T20:37:14","date_gmt":"2019-01-03T20:37:14","guid":{"rendered":"http:\/\/avicom.icom.cust.oxymium.net\/fiamp-festival\/presentation\/winners-2004\/"},"modified":"2019-01-03T20:46:51","modified_gmt":"2019-01-03T20:46:51","slug":"winners-2004","status":"publish","type":"page","link":"https:\/\/avicom.mini.icom.museum\/es\/fiamp-festival\/presentation\/winners-2004\/","title":{"rendered":"Winners: 2004"},"content":{"rendered":"<div id=\"RTE_CONTENT\"> <!--TYPO3SEARCH_begin--> \t<!--  CONTENT ELEMENT, uid:5932\/textpic [begin] --> \t\t<\/p>\n<div id=\"c5932\"> \t\t<!--  Image block: [begin] --> \t\t\t<\/p>\n<div>\n<div><img decoding=\"async\" src=\"http:\/\/avicom.mini.icom.museum\/wp-content\/uploads\/sites\/3\/2019\/01\/logo_fiamp_17.jpg\" alt=\"\"><\/div>\n<div> \t\t<!--  Text: [begin] --> \t\t\t<\/p>\n<h3>FIAMP.2004<\/h3>\n<h4>Tapei, Taiwan<\/h4>\n<\/p>\n<hr>\n<h2>AVICOM Awards All Categories<\/h2>\n<ul>\n<li> <strong>AVICOM<\/strong> <strong>Grand Prize <\/strong><br \/>     Bright Ideas Design &#8211; Taiwan R.O.C <br \/>   &#8220;World Ancient Civilization Series : Terra Cotta Warriors and Horses of Qin Shi Huang, the first Qin Emperor&#8221;<\/li>\n<li> <strong>AVICOM<\/strong> <strong>Coup de coeur Award<\/strong><br \/>     Trans Europe Film &#8211; France<br \/>   &#8220;Les nouveaux patrimoines du XX\u00e8me si\u00e8cle : la piscine de la Butte aux Cailles&#8221;<\/li>\n<li> <strong>AVICOM Special Mention  for Heritage Awareness <\/strong><br \/>     Institut de civilisations &#8211; Mus\u00e9e d&#8217;Art et d&#8217;Arch\u00e9ologie de l&#8217;Universit\u00e9 d&#8217;Antananarive, Madagascar<br \/>   &#8220;Vohimasina &#8211; Sacred Hills&#8221;<\/li>\n<\/ul>\n<h2>Audiovisuals<\/h2>\n<h3><strong>Short-Length Category <\/strong><\/h3>\n<ul>\n<li> <strong>Grand Prize for Short-Length <\/strong><br \/>     Emblemma Espais Audiovisuals, S.L. &#8211; Spain <br \/>   &#8220;Museo de la Paz Gernika : Reconciliacion&#8221;<\/li>\n<li> <strong>Special Mention for Creativity <\/strong><br \/>     Estudio Preto e Branco &#8211; Brazil<br \/>     &#8220;Impressoes&#8221;<\/li>\n<li> <strong>Special Mention for Image <\/strong><br \/>     Mubimedia &#8211; Spain <br \/>     &#8220;Le secret Lalique&#8221;<\/li>\n<li> <strong>Special Mention for Pedagogy <\/strong><br \/>     Association d\u00e9partementale de d\u00e9veloppement culturel Arch\u00e9olud &#8211; France <br \/>   &#8220;Les gestes de la Pr\u00e9histoire&#8221;<\/li>\n<\/ul>\n<p>\u00a0<\/p>\n<h3>Mid-Length Category <\/h3>\n<ul>\n<li> <strong>Grand Prize for Mid-Length<\/strong><br \/>     Mus\u00e9e Olympique de Lausanne &#8211; Switzerland<br \/>   &#8220;Lumi\u00e8re sur la flamme olympique et le relais&#8221;<\/li>\n<\/ul>\n<p>\u00a0<\/p>\n<blockquote>\n<p>\u00a0<\/p>\n<\/blockquote>\n<h3>Feature Length Category <\/h3>\n<ul>\n<li> <strong>Grand Prize for Feature Length <\/strong><br \/>     Museu de Francisco Tavares Proen\u00e7a Junior &#8211; Portugal<br \/>   &#8220;O linho \u00e9 um sonho&#8221;<\/li>\n<\/ul>\n<p>\u00a0<\/p>\n<h2>CD-ROMS<\/h2>\n<ul>\n<li> <strong>Gold Multim\u00e9di&#8217;Art Award <\/strong><br \/>     &#8220;Autour des nuits d&#8217;\u00e9t\u00e9 de Hector Berlioz&#8221; &#8211; Hyptique &#8211; France <\/li>\n<li> <strong>Silver Multim\u00e9di&#8217;Art Award <\/strong>(ex \u00e6quo)<br \/>     &#8220;The fashionable, the antiquarian&#8221; &#8211; Brogent Technologies Inc &#8211; Taiwan R.O.C<\/li>\n<li> <strong>Bronze Multim\u00e9di&#8217;Art Award <\/strong>(ex \u00e6quo)<br \/>     &#8220;L&#8217;univers du blason : l&#8217;armorial de la Toison d&#8217;Or&#8221; &#8211; Hexagramm &#8211; France <\/li>\n<li> <strong>Bronze Multim\u00e9di&#8217;Art Award <\/strong> (ex \u00e6quo)<br \/>     &#8220;State Tretyakov Gallery&#8221; &#8211; Russian National Multimedia Center &#8211; Russia<\/li>\n<li> <strong>Special Mention for Pedagogy and Documentary Research<\/strong><br \/>     &#8220;Kukci &#8211; insects&#8221; &#8211; Gradski Muzej Varazdin &#8211; Croatia <\/li>\n<li> <strong>Special Mention for Creative Process <\/strong><br \/>     &#8220;Salut Riopelle !&#8221; &#8211; TRAM Design Multimedia &#8211; Canada <\/li>\n<li> <strong>Special Mention for the Promotion of Heritage and  Image Processing<\/strong><br \/>     &#8220;World Ancient Civilization Series : Terra Cotta Warriors and Horses of Qin Shi Huang, the first Qin Emperor&#8221; &#8211; Bright Ideas Design &#8211; Taiwan R.O.C<\/li>\n<\/ul>\n<h2>Generalist Websites <\/h2>\n<ul>\n<li> <strong>Gold Web&#8217;Art Award <\/strong><br \/>     &#8220;<a href=\"http:\/\/www.inrap.fr\" target=\"_blank\">Site de l&#8217;Institut National de Recherches Arch\u00e9ologiques Pr\u00e9ventives INRAP<\/a>&#8220;<br \/><span><a href=\"http:\/\/www.inrap.fr\" target=\"_blank\">http:\/\/www.inrap.fr<\/a><\/span> Carr\u00e9 Multim\u00e9dia &#8211; France<\/li>\n<li> <strong>Silver Web&#8217;Art Award <\/strong><br \/>     &#8220;Mus\u00e9es \u00e0 d\u00e9couvrir : Portail des mus\u00e9es du Qu\u00e9bec&#8221;<br \/><a href=\"http:\/\/www.musees.quebec.museum\" target=\"_blank\">Soci\u00e9t\u00e9 des Mus\u00e9es Qu\u00e9b\u00e9cois<\/a> &#8211; Canada <\/li>\n<li> <strong>Bronze Web&#8217;Art Award <\/strong><br \/>     &#8220;<a href=\"http:\/\/www.cjn.or.jp\/tokugawa\" target=\"_blank\">The Tokugawa Art Museum<\/a>&#8220;<br \/><span><a href=\"http:\/\/www.cjn.or.jp\/tokugawa\" target=\"_blank\">http:\/\/www.cjn.or.jp\/tokugawa<\/a><\/span> Tokugawa Art Museum &#8211; Japan <\/li>\n<\/ul>\n<h2>Virtual Exhibitions <\/h2>\n<ul>\n<li> <strong>Gold Special Web&#8217;Art Award <\/strong><br \/>     &#8220;Das virtuelle Museum Karlsruher T\u00fcrkenbeute&#8221;<br \/><a href=\"http:\/\/www.tuerkenbeute.de\" target=\"_blank\">Badisches Landesmuseum Karlsruhe<\/a> &#8211; Germany <\/li>\n<li> <strong>Silver Special Web&#8217;Art Award <\/strong><br \/>     &#8220;Ancient Egypt at the BMA&#8221;<br \/><a href=\"http:\/\/www.brooklynmuseum.org\/ancient-egypt\/\" target=\"_blank\">Brooklyn Museum of Art<\/a> &#8211; USA <\/li>\n<li> <strong>Bronze Special Web&#8217;Art Award <\/strong><br \/>     &#8220;What exit? New Jersey and Its Turnpike&#8221;<br \/><a href=\"http:\/\/www.jerseyhistory.org\/\" target=\"_blank\">The New Jersey historical Society<\/a> &#8211; USA <\/li>\n<\/ul>\n<p>\u00a0<\/p>\n<p> \t\t<!--  Text: [end] --> \t\t\t<\/div>\n<\/p><\/div>\n<div><!-- --><\/div>\n<p> \t\t<!--  Image block: [end] --> \t\t\t   \t<!--  \t\tBEGIN: Content of extension \"hpo_relatedlink\", plugin \"tx_hporelatedlink_pi1\"  \t--> \t<\/p>\n<div> \t\t \t<\/div>\n<p> \t \t<!-- END: Content of extension \"hpo_relatedlink\", plugin \"tx_hporelatedlink_pi1\" -->  \t<\/div>\n<p> \t<!--  CONTENT ELEMENT, uid:5932\/textpic [end] --> \t\t<!--TYPO3SEARCH_end--> <\/div>\n","protected":false},"excerpt":{"rendered":"<p>FIAMP.2004 Tapei, Taiwan AVICOM Awards All Categories AVICOM Grand Prize Bright Ideas Design &#8211; Taiwan R.O.C &#8220;World Ancient Civilization Series : Terra Cotta Warriors and Horses of Qin Shi Huang, the first Qin Emperor&#8221; AVICOM Coup de coeur Award Trans Europe Film &#8211; France &#8220;Les nouveaux patrimoines du XX\u00e8me si\u00e8cle : la piscine de la [&hellip;]<\/p>\n","protected":false},"author":1,"featured_media":0,"parent":277,"menu_order":5,"comment_status":"closed","ping_status":"closed","template":"","meta":{"footnotes":""},"yst_prominent_words":[],"acf":[],"_links":{"self":[{"href":"https:\/\/avicom.mini.icom.museum\/es\/wp-json\/wp\/v2\/pages\/701"}],"collection":[{"href":"https:\/\/avicom.mini.icom.museum\/es\/wp-json\/wp\/v2\/pages"}],"about":[{"href":"https:\/\/avicom.mini.icom.museum\/es\/wp-json\/wp\/v2\/types\/page"}],"author":[{"embeddable":true,"href":"https:\/\/avicom.mini.icom.museum\/es\/wp-json\/wp\/v2\/users\/1"}],"replies":[{"embeddable":true,"href":"https:\/\/avicom.mini.icom.museum\/es\/wp-json\/wp\/v2\/comments?post=701"}],"version-history":[{"count":1,"href":"https:\/\/avicom.mini.icom.museum\/es\/wp-json\/wp\/v2\/pages\/701\/revisions"}],"predecessor-version":[{"id":2198,"href":"https:\/\/avicom.mini.icom.museum\/es\/wp-json\/wp\/v2\/pages\/701\/revisions\/2198"}],"up":[{"embeddable":true,"href":"https:\/\/avicom.mini.icom.museum\/es\/wp-json\/wp\/v2\/pages\/277"}],"wp:attachment":[{"href":"https:\/\/avicom.mini.icom.museum\/es\/wp-json\/wp\/v2\/media?parent=701"}],"wp:term":[{"taxonomy":"yst_prominent_words","embeddable":true,"href":"https:\/\/avicom.mini.icom.museum\/es\/wp-json\/wp\/v2\/yst_prominent_words?post=701"}],"curies":[{"name":"wp","href":"https:\/\/api.w.org\/{rel}","templated":true}]}}