{"id":933,"date":"2019-01-03T20:38:52","date_gmt":"2019-01-03T20:38:52","guid":{"rendered":"http:\/\/avicom.icom.cust.oxymium.net\/archives\/2013-2\/executive-board-2010-2013\/"},"modified":"2019-01-03T20:46:47","modified_gmt":"2019-01-03T20:46:47","slug":"executive-board-2010-2013","status":"publish","type":"page","link":"https:\/\/avicom.mini.icom.museum\/es\/archives\/2013-2\/executive-board-2010-2013\/","title":{"rendered":"Executive Board 2010-2013"},"content":{"rendered":"<div id=\"RTE_CONTENT\"> <!--TYPO3SEARCH_begin--> \t<!--  CONTENT ELEMENT, uid:12397\/text [begin] --> \t\t<\/p>\n<div id=\"c12397\"> \t\t<!--  Header: [begin] --> \t\t\t<\/p>\n<h2> Executive Board 2010-2013<\/h2>\n<p> \t\t<!--  Header: [end] --> \t\t\t \t\t<!--  Text: [begin] --> \t\t\t<\/p>\n<p>\u00a0<\/p>\n<p><b><b><a href=\"http:\/\/avicom.mini.icom.museum\/wp-content\/uploads\/sites\/3\/2019\/01\/bio cv_blanchette_2010.pdf\" title=\"TEXT, bio+cv blanchette 2010, bio+cv_blanchette_2010.pdf, 258 KB\" target=\"_blank\"><img decoding=\"async\" src=\"http:\/\/avicom.mini.icom.museum\/wp-content\/uploads\/sites\/3\/2019\/01\/RTEmagicC_ManonBLANCHETTE_BW.jpg.jpg\" alt=\"BLANCHETTE Manon, Ph.D.\" align=\"right\"><\/a><\/b>BLANCHETTE Manon<\/b>, <b>Ph.D. <\/b><br \/> AVICOM President<br \/><a href=\"http:\/\/network.icom.museum\/icom-canada\/L\/10.html\" target=\"_blank\">President of ICOM Canada<\/a><br \/> Chief Operating Officer\u00a0<br \/> Pointe-\u00e0-Calli\u00e8re, Montr\u00e9al Museum of Archaeology and History<br \/> Canada<br \/><a href=\"http:\/\/avicom.mini.icom.museum\/wp-content\/uploads\/sites\/3\/2019\/01\/bio cv_blanchette_2010.pdf\" title=\"TEXT, bio+cv blanchette 2010, bio+cv_blanchette_2010.pdf, 258 KB\" target=\"_blank\">PDF presentation<\/a> <\/p>\n<p>\u00a0<\/p>\n<hr>\n<p>\u00a0<\/p>\n<p><b><b><a href=\"http:\/\/avicom.mini.icom.museum\/wp-content\/uploads\/sites\/3\/2019\/01\/bio cv_tari_2010.pdf\" title=\"TEXT, bio+cv tari 2010, bio+cv_tari_2010.pdf, 279 KB\" target=\"_blank\"><img decoding=\"async\" src=\"http:\/\/avicom.mini.icom.museum\/wp-content\/uploads\/sites\/3\/2019\/01\/RTEmagicC_JanosTARI_BW.jpg.jpg\" alt=\"TARI J\u00e1nos\" align=\"right\"><\/a><\/b>TARI J\u00e1nos<\/b><br \/> Vice-President<br \/> Hungarian Ethnographical Museum<br \/> Director ethnographic film<br \/> Hungary<br \/><a href=\"http:\/\/avicom.mini.icom.museum\/wp-content\/uploads\/sites\/3\/2019\/01\/bio_cv_tari_2013.pdf\" title=\"TEXT, bio cv tari 2013, bio_cv_tari_2013.pdf, 373 KB\">PDF presentation<\/a>  <\/p>\n<p>\u00a0<\/p>\n<p>\u00a0<\/p>\n<p>\u00a0<\/p>\n<hr>\n<p>\u00a0<\/p>\n<p> <b><b><a href=\"http:\/\/avicom.mini.icom.museum\/wp-content\/uploads\/sites\/3\/2019\/01\/bio cv_souvignet_2010.pdf\" title=\"TEXT, bio+cv souvignet 2010, bio+cv_souvignet_2010.pdf, 298 KB\" target=\"_blank\"><img decoding=\"async\" src=\"http:\/\/avicom.mini.icom.museum\/wp-content\/uploads\/sites\/3\/2019\/01\/RTEmagicC_BeatriceSOUVIGNET-CHECHU_BW.jpg.jpg\" alt=\"SOUVIGNET-CHEHU B\u00e9atrice\" align=\"right\"><\/a><\/b>SOUVIGNET-CHEHU B\u00e9atrice<br \/><\/b>Treasurer<b><br \/><\/b><i>Documentaliste, charg\u00e9e des tournages, Agence photographique<br \/> Mus\u00e9e national de la Marine<\/i><br \/> France<br \/><a href=\"http:\/\/avicom.mini.icom.museum\/wp-content\/uploads\/sites\/3\/2019\/01\/bio cv_souvignet_2010.pdf\" title=\"TEXT, bio+cv souvignet 2010, bio+cv_souvignet_2010.pdf, 298 KB\" target=\"_blank\">PDF presentation <\/a> <\/p>\n<p>\u00a0<\/p>\n<p>\u00a0<\/p>\n<hr>\n<p>\u00a0<\/p>\n<p> <b><b><a href=\"http:\/\/avicom.mini.icom.museum\/wp-content\/uploads\/sites\/3\/2019\/01\/bio cv_caraceni_2010.pdf\" title=\"TEXT, bio+cv caraceni 2010, bio+cv_caraceni_2010.pdf, 317 KB\" target=\"_blank\"><img decoding=\"async\" src=\"http:\/\/avicom.mini.icom.museum\/wp-content\/uploads\/sites\/3\/2019\/01\/RTEmagicC_SimonaCARACENI_BW.jpg.jpg\" alt=\"CARACENI Simona\" align=\"right\"><\/a><\/b>CARACENI Simona<\/b><br \/> Professor of Museum Informatics &#8211; Project manager<br \/><i>Universita di Bologna<\/i> &#8211; Dept. Computer Science<br \/> Italy<br \/><a href=\"http:\/\/avicom.mini.icom.museum\/wp-content\/uploads\/sites\/3\/2019\/01\/bio cv_caraceni_2010.pdf\" title=\"TEXT, bio+cv caraceni 2010, bio+cv_caraceni_2010.pdf, 317 KB\" target=\"_blank\">PDF presentation <\/a> <\/p>\n<p>\u00a0<\/p>\n<p>\u00a0<\/p>\n<hr>\n<p>\u00a0<\/p>\n<p> <b><b><a href=\"http:\/\/avicom.mini.icom.museum\/wp-content\/uploads\/sites\/3\/2019\/01\/bio cv_delval_2010.pdf\" title=\"TEXT, bio+cv delval 2010, bio+cv_delval_2010.pdf, 343 KB\" target=\"_blank\"><img decoding=\"async\" src=\"http:\/\/avicom.mini.icom.museum\/wp-content\/uploads\/sites\/3\/2019\/01\/RTEmagicC_Marie-FrancoiseDELVAL_BW.jpg.jpg\" alt=\"DELVAL Marie-Fran\u00e7oise\" align=\"right\"><\/a><\/b>DELVAL Marie-Fran\u00e7oise<\/b><br \/> Coopted member<br \/><i>Sous-Direction des Syst\u00e8mes d&#8217;Information<br \/> Minist\u00e8re de la Culture et de la Communication<\/i><br \/> France<br \/><a href=\"http:\/\/avicom.mini.icom.museum\/wp-content\/uploads\/sites\/3\/2019\/01\/bio cv_delval_2010.pdf\" title=\"TEXT, bio+cv delval 2010, bio+cv_delval_2010.pdf, 343 KB\" target=\"_blank\">PDF presentation <\/a> <\/p>\n<p>\u00a0<\/p>\n<p>\u00a0<\/p>\n<hr>\n<p>\u00a0<\/p>\n<p> <b><b><a href=\"http:\/\/avicom.mini.icom.museum\/wp-content\/uploads\/sites\/3\/2019\/01\/bio cv_HU_Jiang.pdf\" title=\"TEXT, bio+cv HU Jiang, bio+cv_HU_Jiang.pdf, 424 KB\" target=\"_blank\"><img decoding=\"async\" src=\"http:\/\/avicom.mini.icom.museum\/wp-content\/uploads\/sites\/3\/2019\/01\/RTEmagicC_JiangHU_BW.jpg.jpg\" alt=\"HU Jiang\" align=\"right\"><\/a><\/b>HU Jiang<\/b><br \/> Curator and director of Information &amp; Data Center, Shanghai Museum<br \/> Director of the Digitization Committee of Chinese Museum Association<br \/> China<br \/><a href=\"http:\/\/avicom.mini.icom.museum\/wp-content\/uploads\/sites\/3\/2019\/01\/bio cv_HU_Jiang.pdf\" title=\"TEXT, bio+cv HU Jiang, bio+cv_HU_Jiang.pdf, 424 KB\" target=\"_blank\">PDF presentation <\/a> <\/p>\n<p>\u00a0<\/p>\n<p>\u00a0<\/p>\n<hr>\n<p>\u00a0<\/p>\n<p><b><b><a href=\"http:\/\/avicom.mini.icom.museum\/wp-content\/uploads\/sites\/3\/2019\/01\/bio cv_QI Qingguo_2010.pdf\" title=\"TEXT, bio+cv QI Qingguo 2010, bio+cv_QI Qingguo_2010.pdf, 253 KB\" target=\"_blank\"><img decoding=\"async\" src=\"http:\/\/avicom.mini.icom.museum\/wp-content\/uploads\/sites\/3\/2019\/01\/RTEmagicC_QingguoQI_BW.jpg.jpg\" align=\"right\" alt=\"\"><\/a><\/b>QI Qingguo<\/b><br \/> Director of the Exhibition Department, Capital Museum, Beijing<br \/> Secretary-general of the Digitization Committee, Chinese Museum Association<br \/> China<br \/><a href=\"http:\/\/avicom.mini.icom.museum\/wp-content\/uploads\/sites\/3\/2019\/01\/bio cv_QI Qingguo_2010.pdf\" title=\"TEXT, bio+cv QI Qingguo 2010, bio+cv_QI Qingguo_2010.pdf, 253 KB\" target=\"_blank\">PDF presentation <\/a> <\/p>\n<p>\u00a0<\/p>\n<p>\u00a0<\/p>\n<hr>\n<p>\u00a0<\/p>\n<p> <b><b><a href=\"http:\/\/avicom.mini.icom.museum\/wp-content\/uploads\/sites\/3\/2019\/01\/bio_santerne_2010.pdf\" title=\"TEXT, bio santerne 2010, bio_santerne_2010.pdf, 179 KB\" target=\"_blank\"><img decoding=\"async\" src=\"http:\/\/avicom.mini.icom.museum\/wp-content\/uploads\/sites\/3\/2019\/01\/RTEmagicC_Anne-LaureSANTERRE_BW.jpg.jpg\" alt=\"SANTERNE Anne-Laure\" align=\"right\"><\/a><\/b>SANTERNE Anne-Laure<\/b><br \/><i>Directrice, MaDeSa Ingenierie Culturelle <\/i><br \/> France<br \/><a href=\"http:\/\/avicom.mini.icom.museum\/wp-content\/uploads\/sites\/3\/2019\/01\/bio_santerne_2010.pdf\" title=\"TEXT, bio santerne 2010, bio_santerne_2010.pdf, 179 KB\" target=\"_blank\">PDF presentation <\/a> <\/p>\n<p>\u00a0<\/p>\n<p>\u00a0<\/p>\n<p>\u00a0<\/p>\n<p>\u00a0<\/p>\n<p>\u00a0<\/p>\n<hr>\n<p>\u00a0<\/p>\n<p> <b><b><a href=\"http:\/\/avicom.mini.icom.museum\/wp-content\/uploads\/sites\/3\/2019\/01\/bio cv_ZHANG Xiaopeng_2010.pdf\" title=\"TEXT, bio+cv ZHANG Xiaopeng 2010, bio+cv_ZHANG Xiaopeng_2010.pdf, 217 KB\" target=\"_blank\"><img decoding=\"async\" src=\"http:\/\/avicom.mini.icom.museum\/wp-content\/uploads\/sites\/3\/2019\/01\/RTEmagicC_XiaopengZHANG_BW.jpg.jpg\" alt=\"ZHANG Xiaopeng\" align=\"right\"><\/a><\/b>ZHANG Xiaopeng<\/b><br \/> Computer scientist<br \/> Information Department, Nanjing Museum<br \/> China<br \/><a href=\"http:\/\/avicom.mini.icom.museum\/wp-content\/uploads\/sites\/3\/2019\/01\/bio cv_ZHANG Xiaopeng_2010.pdf\" title=\"TEXT, bio+cv ZHANG Xiaopeng 2010, bio+cv_ZHANG Xiaopeng_2010.pdf, 217 KB\" target=\"_blank\">PDF presentation<\/a> <\/p>\n<p>\u00a0<\/p>\n<p>\u00a0<\/p>\n<p>\u00a0<\/p>\n<p>\u00a0<\/p>\n<hr>\n<h2>Past Executive Boards for AVICOM<\/h2>\n<p><b>Executive Board 2007-2010<\/b> <\/p>\n<ul>\n<li>President: Marie-Fran\u00e7oise DELVAL, France<\/li>\n<li>Vice-President: Karina DURAND, Mexico<\/li>\n<li>Vice-President: Janos TARI, Hungary <\/li>\n<li>General Secretary: Alain MASSE, Canada<\/li>\n<li>Treasurer: Jean-Marcel HUMBERT, France<\/li>\n<\/ul>\n<p> <b>Executive Board 2004-2007<\/b><\/p>\n<ul>\n<li>President: Marie-Fran\u00e7oise DELVAL, France <\/li>\n<li>Vice-president: Jean-Marc BLAIS, Canada <\/li>\n<li>Vice-president: Karina DURAND, Mexico <\/li>\n<li>General Secretary: Alain MASSE, Canada <\/li>\n<li>Treasurer: Claude-Nicole HOCQUARD, France <\/li>\n<li>Assistant Treasurer: Anne-Laure SANTERNE <\/li>\n<\/ul>\n<p><b>Executive Board 2001-2004<\/b><\/p>\n<ul>\n<li>President: Jean-Marcel HUMBERT, France <\/li>\n<li>Vice-president: Manon BLANCHETTE, Canada <\/li>\n<li>Vice-president: Janos TARI, Hungary<\/li>\n<li>General Secretary: Stephen A.H. DONE, United-Kingdom <\/li>\n<li>Treasurer: Claude-Nicole HOCQUARD, France<\/li>\n<\/ul>\n<p><b>Executive Board 1998-2001<\/b><\/p>\n<ul>\n<li>President: Jean-Marcel HUMBERT, France <\/li>\n<li>Vice-president: Manon BLANCHETTE, Canada <\/li>\n<li>Vice-president: Asko MAKELA, Finland<\/li>\n<li>Vice-president: Janos TARI, Hungary<\/li>\n<li>General Secretary: Stephen A.H. DONE, United-Kingdom <\/li>\n<li>Treasurer: Clotilde CUCCHI, France<\/li>\n<\/ul>\n<p><b>Executive Board 1994-1998<\/b><\/p>\n<ul>\n<li>President: Marco TONON, Italy<\/li>\n<li>Vice-president: Karina DURAND, Mexico<\/li>\n<li>Vice-president: Michael FABER, RFA<\/li>\n<li>Vice-president: Asko MAKELA, Finland<\/li>\n<li>General Secretary: Claude-Nicole HOCQUARD<\/li>\n<li>Treasurer: Clotilde CUCCHI, France <\/li>\n<\/ul>\n<p><b>Executive Board 1991-1994<\/b><\/p>\n<ul>\n<li>President: Marco TONON, Italy<\/li>\n<li>Vice-president: Karina DURAND, Mexico<\/li>\n<li>Vice-president: Michael FABER, RFA<\/li>\n<li>General Secretary: Claude-Nicole HOCQUARD<\/li>\n<li>Treasurer: Jean-Marcel HUMBERT, France<\/li>\n<\/ul>\n<p><\/p>\n<p>\u00a0<\/p>\n<p> \t\t<!--  Text: [end] --> \t\t\t   \t<!--  \t\tBEGIN: Content of extension \"hpo_relatedlink\", plugin \"tx_hporelatedlink_pi1\"  \t--> \t<\/p>\n<div> \t\t \t<\/div>\n<p> \t \t<!-- END: Content of extension \"hpo_relatedlink\", plugin \"tx_hporelatedlink_pi1\" -->  \t<\/div>\n<p> \t<!--  CONTENT ELEMENT, uid:12397\/text [end] --> \t\t<!--TYPO3SEARCH_end--> <\/div>\n","protected":false},"excerpt":{"rendered":"<p>Executive Board 2010-2013 \u00a0 BLANCHETTE Manon, Ph.D. AVICOM PresidentPresident of ICOM Canada Chief Operating Officer\u00a0 Pointe-\u00e0-Calli\u00e8re, Montr\u00e9al Museum of Archaeology and History CanadaPDF presentation \u00a0 \u00a0 TARI J\u00e1nos Vice-President Hungarian Ethnographical Museum Director ethnographic film HungaryPDF presentation \u00a0 \u00a0 \u00a0 \u00a0 SOUVIGNET-CHEHU B\u00e9atriceTreasurerDocumentaliste, charg\u00e9e des tournages, Agence photographique Mus\u00e9e national de la Marine FrancePDF presentation [&hellip;]<\/p>\n","protected":false},"author":1,"featured_media":0,"parent":609,"menu_order":0,"comment_status":"closed","ping_status":"closed","template":"","meta":{"footnotes":""},"yst_prominent_words":[219,194,232,197,229,218,220,222,233,221,195,230,235],"acf":[],"_links":{"self":[{"href":"https:\/\/avicom.mini.icom.museum\/es\/wp-json\/wp\/v2\/pages\/933"}],"collection":[{"href":"https:\/\/avicom.mini.icom.museum\/es\/wp-json\/wp\/v2\/pages"}],"about":[{"href":"https:\/\/avicom.mini.icom.museum\/es\/wp-json\/wp\/v2\/types\/page"}],"author":[{"embeddable":true,"href":"https:\/\/avicom.mini.icom.museum\/es\/wp-json\/wp\/v2\/users\/1"}],"replies":[{"embeddable":true,"href":"https:\/\/avicom.mini.icom.museum\/es\/wp-json\/wp\/v2\/comments?post=933"}],"version-history":[{"count":1,"href":"https:\/\/avicom.mini.icom.museum\/es\/wp-json\/wp\/v2\/pages\/933\/revisions"}],"predecessor-version":[{"id":2176,"href":"https:\/\/avicom.mini.icom.museum\/es\/wp-json\/wp\/v2\/pages\/933\/revisions\/2176"}],"up":[{"embeddable":true,"href":"https:\/\/avicom.mini.icom.museum\/es\/wp-json\/wp\/v2\/pages\/609"}],"wp:attachment":[{"href":"https:\/\/avicom.mini.icom.museum\/es\/wp-json\/wp\/v2\/media?parent=933"}],"wp:term":[{"taxonomy":"yst_prominent_words","embeddable":true,"href":"https:\/\/avicom.mini.icom.museum\/es\/wp-json\/wp\/v2\/yst_prominent_words?post=933"}],"curies":[{"name":"wp","href":"https:\/\/api.w.org\/{rel}","templated":true}]}}