{"id":959,"date":"2019-01-03T20:39:14","date_gmt":"2019-01-03T20:39:14","guid":{"rendered":"http:\/\/avicom.icom.cust.oxymium.net\/archives\/2011-2\/montreal-fifa-film-festival\/"},"modified":"2019-01-03T20:46:45","modified_gmt":"2019-01-03T20:46:45","slug":"montreal-fifa-film-festival","status":"publish","type":"page","link":"https:\/\/avicom.mini.icom.museum\/es\/archives\/2011-2\/montreal-fifa-film-festival\/","title":{"rendered":"Montreal FIFA Film Festival"},"content":{"rendered":"<div id=\"RTE_CONTENT\"> <!--TYPO3SEARCH_begin--> \t<!--  CONTENT ELEMENT, uid:5960\/textpic [begin] --> \t\t<\/p>\n<div id=\"c5960\"> \t\t<!--  Header: [begin] --> \t\t\t<\/p>\n<h2>Archives<\/h2>\n<p> \t\t<!--  Header: [end] --> \t\t\t \t\t<!--  Image block: [begin] --> \t\t\t<\/p>\n<div>\n<div><img decoding=\"async\" src=\"http:\/\/avicom.mini.icom.museum\/wp-content\/uploads\/sites\/3\/2019\/01\/blanchette_manon_312px_bord_07.jpg\" alt=\"\"><\/div>\n<div> \t\t<!--  Text: [begin] --> \t\t\t<\/p>\n<h2>AVICOM President to serve as jury foreperson of the Montreal FIFA film festival <\/h2>\n<p>February 21, 2011 \u2014 Ren\u00e9 Rozon, director and founder of the <i>Festival International du Film sur l\u2019Art de Montr\u00e9al<\/i> (FIFA), announced on Monday that <b>Manon Blanchette<\/b> would serve as jury foreperson for the 29<sup>th<\/sup> edition of the FIFA to be held in Montreal from March 17 to 27. <\/p>\n<p>Ms. Blanchette, Executive Director of the Board of Montreal Museum Directors and President of AVICOM\u2019s ICOM Council, will share her responsibilities with author and cinema specialist Harry Bos (The Netherlands), director Henri de Gerlache (Belgium), former animator and professional visual artist Winston McQuade (Canada) and chief of educational and cultural development at the <i>Institut national de l\u2019audiovisuel <\/i>Sylvie Richard (France). <\/p>\n<p>\u201cThis stellar jury is composed of such highly qualified members, whom will each undoubtedly lend their expertise to uphold the stakes of such an international competition.\u00a0 They will serve as witnesses to some of today\u2019s best international art films.\u00a0 The competition is unquestionably in good hands,\u201d commented Ren\u00e9 Rozon. <\/p>\n<p>Source: <a href=\"http:\/\/fr.canoe.ca\/divertissement\/cinema\/nouvelles\/2011\/02\/21\/17355256-qmi.html\" target=\"_blank\">Le jury de la 29e \u00e9dition d\u00e9voil\u00e9<\/a>, <i>Canoe.ca<\/i><\/p>\n<p> \t\t<!--  Text: [end] --> \t\t\t<\/div>\n<\/p><\/div>\n<div><!-- --><\/div>\n<p> \t\t<!--  Image block: [end] --> \t\t\t   \t<!--  \t\tBEGIN: Content of extension \"hpo_relatedlink\", plugin \"tx_hporelatedlink_pi1\"  \t--> \t<\/p>\n<div> \t\t \t<\/div>\n<p> \t \t<!-- END: Content of extension \"hpo_relatedlink\", plugin \"tx_hporelatedlink_pi1\" -->  \t<\/div>\n<p> \t<!--  CONTENT ELEMENT, uid:5960\/textpic [end] --> \t\t<!--TYPO3SEARCH_end--> <\/div>\n","protected":false},"excerpt":{"rendered":"<p>Archives AVICOM President to serve as jury foreperson of the Montreal FIFA film festival February 21, 2011 \u2014 Ren\u00e9 Rozon, director and founder of the Festival International du Film sur l\u2019Art de Montr\u00e9al (FIFA), announced on Monday that Manon Blanchette would serve as jury foreperson for the 29th edition of the FIFA to be held [&hellip;]<\/p>\n","protected":false},"author":1,"featured_media":0,"parent":617,"menu_order":2,"comment_status":"closed","ping_status":"closed","template":"","meta":{"footnotes":""},"yst_prominent_words":[],"acf":[],"_links":{"self":[{"href":"https:\/\/avicom.mini.icom.museum\/es\/wp-json\/wp\/v2\/pages\/959"}],"collection":[{"href":"https:\/\/avicom.mini.icom.museum\/es\/wp-json\/wp\/v2\/pages"}],"about":[{"href":"https:\/\/avicom.mini.icom.museum\/es\/wp-json\/wp\/v2\/types\/page"}],"author":[{"embeddable":true,"href":"https:\/\/avicom.mini.icom.museum\/es\/wp-json\/wp\/v2\/users\/1"}],"replies":[{"embeddable":true,"href":"https:\/\/avicom.mini.icom.museum\/es\/wp-json\/wp\/v2\/comments?post=959"}],"version-history":[{"count":1,"href":"https:\/\/avicom.mini.icom.museum\/es\/wp-json\/wp\/v2\/pages\/959\/revisions"}],"predecessor-version":[{"id":2169,"href":"https:\/\/avicom.mini.icom.museum\/es\/wp-json\/wp\/v2\/pages\/959\/revisions\/2169"}],"up":[{"embeddable":true,"href":"https:\/\/avicom.mini.icom.museum\/es\/wp-json\/wp\/v2\/pages\/617"}],"wp:attachment":[{"href":"https:\/\/avicom.mini.icom.museum\/es\/wp-json\/wp\/v2\/media?parent=959"}],"wp:term":[{"taxonomy":"yst_prominent_words","embeddable":true,"href":"https:\/\/avicom.mini.icom.museum\/es\/wp-json\/wp\/v2\/yst_prominent_words?post=959"}],"curies":[{"name":"wp","href":"https:\/\/api.w.org\/{rel}","templated":true}]}}