{"id":971,"date":"2019-01-03T20:39:20","date_gmt":"2019-01-03T20:39:20","guid":{"rendered":"http:\/\/avicom.icom.cust.oxymium.net\/archives\/2011-2\/nomination-of-the-president-2\/"},"modified":"2019-01-03T20:46:45","modified_gmt":"2019-01-03T20:46:45","slug":"nomination-of-the-president-2","status":"publish","type":"page","link":"https:\/\/avicom.mini.icom.museum\/es\/archives\/2011-2\/nomination-of-the-president-2\/","title":{"rendered":"Nomination of the President"},"content":{"rendered":"<div id=\"RTE_CONTENT\"> <!--TYPO3SEARCH_begin--> \t<!--  CONTENT ELEMENT, uid:7357\/textpic [begin] --> \t\t<\/p>\n<div id=\"c7357\"> \t\t<!--  Header: [begin] --> \t\t\t<\/p>\n<h2>Archives<\/h2>\n<p> \t\t<!--  Header: [end] --> \t\t\t \t\t<!--  Image block: [begin] --> \t\t\t<\/p>\n<div>\n<div>\n<dl>\n<dt><img decoding=\"async\" src=\"http:\/\/avicom.mini.icom.museum\/wp-content\/uploads\/sites\/3\/2019\/01\/blanchette_manon_312px_bord_15.jpg\" alt=\"\"><\/dt>\n<dd>Manon Blanchette, Ph.D. <\/dd>\n<\/dl>\n<\/div>\n<div> \t\t<!--  Text: [begin] --> \t\t\t<\/p>\n<h2>Manon Blanchette named Chief Operating Officer at Pointe-\u00e0-Calli\u00e8re <\/h2>\n<p>Montr\u00e9al, December 9, 2012 \u2014 Francine  Leli\u00e8vre, Executive Director of Pointe-\u00e0-Calli\u00e8re, the Montr\u00e9al Museum of  Archaeology and History, is pleased to announce the appointment of Manon Blanchette  to the position of Chief  Operating Officer. She will  take up her post on January 31, 2012, and will be  responsible for overseeing the Museum\u2019s operations. <\/p>\n<p>Manon Blanchette has extensive experience in the museum field and the   cultural sector, as well as in public administration and corporate   finance. An art historian with a doctorate from the Universit\u00e9 du Qu\u00e9bec   \u00e0 Montr\u00e9al, until just recently she held the position of Executive   Director at the Board of Montr\u00e9al Museum Directors. She also previously   held the positions of Chief Curator and Director of Communications and   Marketing at the Mus\u00e9e d\u2019art contemporain de Montr\u00e9al. She was also a   diplomat serving as a Cultural Advisor at the Canadian Embassy in Paris,   where she headed the Canadian Cultural Centre. Still active on an   international level, she is currently the President of the International   Council of Museums (ICOM Canada) and President of its AVICOM   international committee (International Committee for Audiovisual and New   Technologies of Image and Sound).<\/p>\n<p> She is taking up her duties as   the Museum gets ready to celebrate its 20th anniversary in 2012 with a   program of activities and events that will be taking place all year   long. Last year, the Museum also began a large-scale expansion project,   Phase 1 of which includes the refurbishment of the Mariners House,   scheduled to open in 2012. In the longer term, by 2017, the Museum   intends to create The Archaeology and History Complex, a world-class   cultural complex spread over nine sites in Old Montr\u00e9al. <\/p>\n<p>\u00a0<\/p>\n<h3>About  Pointe-\u00e0-Calli\u00e8re<\/h3>\n<p><a href=\"http:\/\/pacmusee.qc.ca\/en\/media\/press-releases\/manon-blanchette-named-chief-operating-officer-at-pointe-a-calliere\" target=\"_blank\">Pointe-\u00e0-Calli\u00e8re<\/a> is the only major archaeology museum in all of Qu\u00e9bec   and Canada; its museum complex rises above a concentrated number of   national historical and archaeological sites that illustrate key parts   of the history of Montr\u00e9al, Qu\u00e9bec, and Canada. It was inaugurated in   1992, on the occasion of the 350th anniversary of the founding of   Montr\u00e9al. Pointe-\u00e0-Calli\u00e8re\u2019s mission is to raise awareness and foster   an appreciation of Montr\u00e9al\u2019s history, and to forge bonds with regional,   national, and international networks concerned with archaeology,   history, and urban issues. <\/p>\n<p>Source: \u00a0\u00a0\u00a0\u00a0\u00a0\u00a0\u00a0\u00a0\u00a0\u00a0\u00a0  <\/p>\n<p><a href=\"mailto:croberge@pacmusee.qc.ca\">Catherine  Roberge<\/a><br \/>   Communications Department<br \/>   Pointe-\u00e0-Calli\u00e8re, Montr\u00e9al Museum of  Archaeology and History<br \/>   Phone. 514-872-7858<br \/><a href=\"http:\/\/pacmusee.qc.ca\" target=\"_blank\">pacmusee.qc.ca<\/a><\/p>\n<p> \t\t<!--  Text: [end] --> \t\t\t<\/div>\n<\/p><\/div>\n<div><!-- --><\/div>\n<p> \t\t<!--  Image block: [end] --> \t\t\t   \t<!--  \t\tBEGIN: Content of extension \"hpo_relatedlink\", plugin \"tx_hporelatedlink_pi1\"  \t--> \t<\/p>\n<div> \t\t \t<\/div>\n<p> \t \t<!-- END: Content of extension \"hpo_relatedlink\", plugin \"tx_hporelatedlink_pi1\" -->  \t<\/div>\n<p> \t<!--  CONTENT ELEMENT, uid:7357\/textpic [end] --> \t\t<!--TYPO3SEARCH_end--> <\/div>\n","protected":false},"excerpt":{"rendered":"<p>Archives Manon Blanchette, Ph.D. Manon Blanchette named Chief Operating Officer at Pointe-\u00e0-Calli\u00e8re Montr\u00e9al, December 9, 2012 \u2014 Francine Leli\u00e8vre, Executive Director of Pointe-\u00e0-Calli\u00e8re, the Montr\u00e9al Museum of Archaeology and History, is pleased to announce the appointment of Manon Blanchette to the position of Chief Operating Officer. She will take up her post on January 31, [&hellip;]<\/p>\n","protected":false},"author":1,"featured_media":0,"parent":617,"menu_order":4,"comment_status":"closed","ping_status":"closed","template":"","meta":{"footnotes":""},"yst_prominent_words":[],"acf":[],"_links":{"self":[{"href":"https:\/\/avicom.mini.icom.museum\/es\/wp-json\/wp\/v2\/pages\/971"}],"collection":[{"href":"https:\/\/avicom.mini.icom.museum\/es\/wp-json\/wp\/v2\/pages"}],"about":[{"href":"https:\/\/avicom.mini.icom.museum\/es\/wp-json\/wp\/v2\/types\/page"}],"author":[{"embeddable":true,"href":"https:\/\/avicom.mini.icom.museum\/es\/wp-json\/wp\/v2\/users\/1"}],"replies":[{"embeddable":true,"href":"https:\/\/avicom.mini.icom.museum\/es\/wp-json\/wp\/v2\/comments?post=971"}],"version-history":[{"count":1,"href":"https:\/\/avicom.mini.icom.museum\/es\/wp-json\/wp\/v2\/pages\/971\/revisions"}],"predecessor-version":[{"id":2167,"href":"https:\/\/avicom.mini.icom.museum\/es\/wp-json\/wp\/v2\/pages\/971\/revisions\/2167"}],"up":[{"embeddable":true,"href":"https:\/\/avicom.mini.icom.museum\/es\/wp-json\/wp\/v2\/pages\/617"}],"wp:attachment":[{"href":"https:\/\/avicom.mini.icom.museum\/es\/wp-json\/wp\/v2\/media?parent=971"}],"wp:term":[{"taxonomy":"yst_prominent_words","embeddable":true,"href":"https:\/\/avicom.mini.icom.museum\/es\/wp-json\/wp\/v2\/yst_prominent_words?post=971"}],"curies":[{"name":"wp","href":"https:\/\/api.w.org\/{rel}","templated":true}]}}