{"id":1000,"date":"2019-01-03T20:39:35","date_gmt":"2019-01-03T20:39:35","guid":{"rendered":"http:\/\/avicom.icom.cust.oxymium.net\/archives\/2011-2\/festival-international-du-film-sur-lart-de-montreal-2\/"},"modified":"2019-01-03T20:46:14","modified_gmt":"2019-01-03T20:46:14","slug":"festival-international-du-film-sur-lart-de-montreal-2","status":"publish","type":"page","link":"https:\/\/avicom.mini.icom.museum\/fr\/archives\/2011-2\/festival-international-du-film-sur-lart-de-montreal-2\/","title":{"rendered":"Festival International du Film sur l\u2019Art de Montr\u00e9al"},"content":{"rendered":"<div id=\"RTE_CONTENT\"> <!--TYPO3SEARCH_begin--> \t<!--  CONTENT ELEMENT, uid:5960\/textpic [begin] --> \t\t<\/p>\n<div id=\"c5960\"> \t\t<!--  Header: [begin] --> \t\t\t<\/p>\n<h2>Archives<\/h2>\n<p> \t\t<!--  Header: [end] --> \t\t\t \t\t<!--  Image block: [begin] --> \t\t\t<\/p>\n<div>\n<div><img decoding=\"async\" src=\"http:\/\/avicom.mini.icom.museum\/wp-content\/uploads\/sites\/3\/2019\/01\/blanchette_manon_312px_bord_06.jpg\" alt=\"\"><\/div>\n<div> \t\t<!--  Text: [begin] --> \t\t\t<\/p>\n<h2>La pr\u00e9sidente d&#8217;AVICOM nomm\u00e9e pr\u00e9sidente du jury du Festival des films sur l&#8217;art de Montr\u00e9al<\/h2>\n<p>21 f\u00e9vrier 2011 \u2014 Ren\u00e9 Rozon, directeur g\u00e9n\u00e9ral et fondateur du Festival International du Film sur l\u2019Art de Montr\u00e9al (FIFA), a annonc\u00e9 lundi la nomination de <b>Manon Blanchette<\/b> \u00e0 la pr\u00e9sidence du jury de la 29e \u00e9dition de l\u2019\u00e9v\u00e8nement qui se tiendra du 17 au 27 mars \u00e0 Montr\u00e9al.  <\/p>\n<p>La directrice g\u00e9n\u00e9rale de la Soci\u00e9t\u00e9 des directeurs de mus\u00e9es montr\u00e9alais et pr\u00e9sidente du comit\u00e9 AVICOM d\u2019ICOM sera entour\u00e9e de l&#8217;auteur et sp\u00e9cialiste du cin\u00e9ma Harry Bos (Pays-Bas), du r\u00e9alisateur Henri de Gerlache (Belgique), de l&#8217;ex-animateur et artiste professionnel en arts visuels Winston McQuade (Canada) et de la chef du service du d\u00e9veloppement \u00e9ducatif et culturel de l\u2019Institut national de l\u2019audiovisuel Sylvie Richard (France).  <\/p>\n<p>\u00ab\u00a0Voil\u00e0 un jury hautement qualifi\u00e9 pour r\u00e9pondre aux exigences d\u2019une comp\u00e9tition internationale. Ils auront le privil\u00e8ge de voir le meilleur de la production actuelle mondiale dans le domaine du film sur l\u2019art. Je suis convaincu, les enjeux de la comp\u00e9tition sont entre bonnes mains\u00a0\u00bb, a pr\u00e9cis\u00e9 Ren\u00e9 Rozon. <\/p>\n<p>Source : <a href=\"http:\/\/fr.canoe.ca\/divertissement\/cinema\/nouvelles\/2011\/02\/21\/17355256-qmi.html\" target=\"_blank\">Le jury de la 29e \u00e9dition d\u00e9voil\u00e9<\/a>, <i>Canoe.ca<\/i><\/p>\n<p> \t\t<!--  Text: [end] --> \t\t\t<\/div>\n<\/p><\/div>\n<div><!-- --><\/div>\n<p> \t\t<!--  Image block: [end] --> \t\t\t   \t<!--  \t\tBEGIN: Content of extension \"hpo_relatedlink\", plugin \"tx_hporelatedlink_pi1\"  \t--> \t<\/p>\n<div> \t\t \t<\/div>\n<p> \t \t<!-- END: Content of extension \"hpo_relatedlink\", plugin \"tx_hporelatedlink_pi1\" -->  \t<\/div>\n<p> \t<!--  CONTENT ELEMENT, uid:5960\/textpic [end] --> \t\t<!--TYPO3SEARCH_end--> <\/div>\n","protected":false},"excerpt":{"rendered":"<p>Archives La pr\u00e9sidente d&#8217;AVICOM nomm\u00e9e pr\u00e9sidente du jury du Festival des films sur l&#8217;art de Montr\u00e9al 21 f\u00e9vrier 2011 \u2014 Ren\u00e9 Rozon, directeur g\u00e9n\u00e9ral et fondateur du Festival International du Film sur l\u2019Art de Montr\u00e9al (FIFA), a annonc\u00e9 lundi la nomination de Manon Blanchette \u00e0 la pr\u00e9sidence du jury de la 29e \u00e9dition de l\u2019\u00e9v\u00e8nement [&hellip;]<\/p>\n","protected":false},"author":1,"featured_media":0,"parent":616,"menu_order":9,"comment_status":"closed","ping_status":"closed","template":"","meta":{"footnotes":""},"yst_prominent_words":[],"acf":[],"_links":{"self":[{"href":"https:\/\/avicom.mini.icom.museum\/fr\/wp-json\/wp\/v2\/pages\/1000"}],"collection":[{"href":"https:\/\/avicom.mini.icom.museum\/fr\/wp-json\/wp\/v2\/pages"}],"about":[{"href":"https:\/\/avicom.mini.icom.museum\/fr\/wp-json\/wp\/v2\/types\/page"}],"author":[{"embeddable":true,"href":"https:\/\/avicom.mini.icom.museum\/fr\/wp-json\/wp\/v2\/users\/1"}],"replies":[{"embeddable":true,"href":"https:\/\/avicom.mini.icom.museum\/fr\/wp-json\/wp\/v2\/comments?post=1000"}],"version-history":[{"count":1,"href":"https:\/\/avicom.mini.icom.museum\/fr\/wp-json\/wp\/v2\/pages\/1000\/revisions"}],"predecessor-version":[{"id":2013,"href":"https:\/\/avicom.mini.icom.museum\/fr\/wp-json\/wp\/v2\/pages\/1000\/revisions\/2013"}],"up":[{"embeddable":true,"href":"https:\/\/avicom.mini.icom.museum\/fr\/wp-json\/wp\/v2\/pages\/616"}],"wp:attachment":[{"href":"https:\/\/avicom.mini.icom.museum\/fr\/wp-json\/wp\/v2\/media?parent=1000"}],"wp:term":[{"taxonomy":"yst_prominent_words","embeddable":true,"href":"https:\/\/avicom.mini.icom.museum\/fr\/wp-json\/wp\/v2\/yst_prominent_words?post=1000"}],"curies":[{"name":"wp","href":"https:\/\/api.w.org\/{rel}","templated":true}]}}