{"id":1008,"date":"2019-01-03T20:39:41","date_gmt":"2019-01-03T20:39:41","guid":{"rendered":"http:\/\/avicom.icom.cust.oxymium.net\/archives\/2010-2\/conference-generale-2010\/"},"modified":"2019-01-03T20:46:14","modified_gmt":"2019-01-03T20:46:14","slug":"conference-generale-2010","status":"publish","type":"page","link":"https:\/\/avicom.mini.icom.museum\/fr\/archives\/2010-2\/conference-generale-2010\/","title":{"rendered":"Conf\u00e9rence g\u00e9n\u00e9rale 2010"},"content":{"rendered":"<div id=\"RTE_CONTENT\"> <!--TYPO3SEARCH_begin--> \t<!--  CONTENT ELEMENT, uid:5950\/multimedia [begin] --> \t\t<\/p>\n<div id=\"c5950\"> \t\t<!--  Header: [begin] --> \t\t\t<\/p>\n<h1>Archives<\/h1>\n<p> \t\t<!--  Header: [end] --> \t\t\t \t\t<!--  Multimedia element: [begin] --> \t\t\t    <\/p>\n<h2 align=\"justify\">Conf\u00e9rence g\u00e9n\u00e9rale 2010<\/h2>\n<p align=\"justify\">Shanghai, Chine<br \/>    7-13 novembre 2010<br \/><a href=\"http:\/\/icom.museum\/general-conference2010_fr.html\" target=\"_blank\">Vingt-deuxi\u00e8me conf\u00e9rence g\u00e9n\u00e9rale<\/a> <br \/>    Th\u00e8me : Les Mus\u00e9es et une Soci\u00e9t\u00e9 harmonieuse<br \/><a href=\"http:\/\/icom2010.org.cn\/\">http:\/\/icom2010.org.cn\/<\/a><\/p>\n<p align=\"justify\">\u00a0<\/p>\n<p><strong><img decoding=\"async\" src=\"http:\/\/icom.museum\/uploads\/RTEmagicC_logo_pavillion2010_01.jpg.jpg\" alt=\"ICOM 2010\" align=\"left\" txdam=\"3706\"><\/strong>L\u2019ICOM participe pour la premi\u00e8re fois de son   histoire \u00e0 l\u2019Exposition universelle qui aura lieu cette ann\u00e9e \u00e0 Shanghai   (Chine) autour du th\u00e8me \u00ab Meilleure ville, meilleure vie \u00bb du 1er mai   au 31 octobre 2010.<\/p>\n<p>  Avec un stand de 108 m\u00b2, l\u2019ICOM a l\u2019opportunit\u00e9 de   pr\u00e9senter les enjeux des mus\u00e9es au monde et les missions de la seule   organisation internationale repr\u00e9sentant les mus\u00e9es et les   professionnels des mus\u00e9es qu\u2019est l\u2019ICOM.<\/p>\n<p>Remarque: Utilisez le navigateur FIREFOX, pour lire correctement cette page et voir les vid\u00e9os.<\/p>\n<p><\/p>\n<p align=\"center\">    <object><param value=\"http:\/\/www.dailymotion.com\/swf\/video\/xd7xoq\" name=\"movie\"><param value=\"true\" name=\"allowFullScreen\"><param value=\"always\" name=\"allowScriptAccess\"><embed allowscriptaccess=\"always\" allowfullscreen=\"true\" src=\"http:\/\/www.dailymotion.com\/swf\/video\/xd7xoq\" type=\"application\/x-shockwave-flash\"><\/embed><\/object>  <strong> <\/strong><\/p>\n<p align=\"center\"> Visite du pavillon  avec Julien Enfruns<\/p>\n<hr size=\"2\">\n<h2>Le stand de l\u2019ICOM<\/h2>\n<p>Le cabinet d\u2019architecture Exhibit Works Inc. a con\u00e7u le stand de l\u2019ICOM dans le concept d\u2019une \u00ab For\u00eat des mus\u00e9es \u00bb. Leur approche est de concevoir une exp\u00e9rience   mus\u00e9ale pour les visiteurs leur permettant de conna\u00eetre et de comprendre   les missions et les activit\u00e9s de l\u2019ICOM. L\u2019architecture nette, simple et moderne du stand cr\u00e9e une image actuelle avec des fonctionnalit\u00e9s optimales de chaque espace.<\/p>\n<p>\u00a0<\/p>\n<p align=\"center\"><img decoding=\"async\" src=\"http:\/\/icom.museum\/uploads\/RTEmagicC_stand_icom_ExU_01b.jpg.jpg\" txdam=\"3707\" alt=\"\"><\/p>\n<p align=\"center\"><em>Ce sont des photos de mod\u00e8les. Veuillez voir toutes les <a href=\"http:\/\/icom.museum\/qui-sommes-nous\/media\/galerie-photovideo\/L\/2.html\" target=\"_blank\">photos du pavillon<\/a>. <\/em><\/p>\n<p align=\"center\">\u00a0<\/p>\n<p>L\u2019espace circulaire en avant sera modulable pour organiser une exposition ou des animations. \u00c0 l\u2019arri\u00e8re du stand, un mur d\u2019\u00e9crans cr\u00e9era l\u2019exp\u00e9rience d\u2019une mus\u00e9ographie moderne. Les visiteurs pourront d\u00e9couvrir les panneaux d\u2019expositions \u00e0   l\u2019int\u00e9rieur et \u00e0 l\u2019ext\u00e9rieur du stand en circulant librement dans le   stand de quatre all\u00e9es ouvert sur tous les c\u00f4t\u00e9s. Le VIP lounge offrira une ambiance confortable pour les membres de l\u2019ICOM, les journalistes et les partenaires. <\/p>\n<p>\u00a0<\/p>\n<p align=\"center\"><img decoding=\"async\" src=\"http:\/\/icom.museum\/uploads\/RTEmagicC_stand_icom_ExU_03b.jpg.jpg\" txdam=\"3708\" alt=\"\"><\/p>\n<p align=\"center\">\u00a0<\/p>\n<p align=\"center\"><img decoding=\"async\" src=\"http:\/\/icom.museum\/uploads\/RTEmagicC_stand_icom_ExU_04b.jpg.jpg\" txdam=\"3709\" alt=\"\"><\/p>\n<p align=\"center\">\u00a0<\/p>\n<p align=\"center\"><img decoding=\"async\" src=\"http:\/\/icom.museum\/uploads\/RTEmagicC_stand_icom_ExU_05b.jpg.jpg\" txdam=\"3710\" alt=\"\"><\/p>\n<p align=\"center\"><em>Ce sont des photos de mod\u00e8les. Veuillez voir toutes les <a href=\"http:\/\/icom.museum\/qui-sommes-nous\/media\/galerie-photovideo\/L\/2.html\" target=\"_blank\">photos du pavillon<\/a>. <\/em><\/p>\n<p align=\"center\">\u00a0<\/p>\n<p align=\"left\">\u00abMus\u00e9es au c\u0153ur de la ville\u00bb, le th\u00e8me du stand de l\u2019ICOM sera anim\u00e9 par des expositions et des \u00e9v\u00e9nements pendant les six mois de l\u2019Exposition universelle \u00e0 travers :<\/p>\n<p align=\"left\">\u00a0<\/p>\n<ul>\n<li>une exposition permanente sur l\u2019ICOM et ses missions.<\/li>\n<li>six expositions temporaires qui mettront \u00e0 l\u2019honneur un continent par mois en pr\u00e9sentant cinq th\u00e9matiques : mus\u00e9es et soci\u00e9t\u00e9, mus\u00e9es et environnement, mus\u00e9es et culture, mus\u00e9es et \u00e9conomie et mus\u00e9es et innovation.<\/li>\n<li>de nombreuses animations au d\u00e9but de chaque mois pr\u00e9senteront les mus\u00e9es d\u2019une m\u00eame r\u00e9gion du monde.<\/li>\n<\/ul>\n<p>\u00a0<\/p>\n<p><strong>L\u2019ICOM sera sous les feux des projecteurs   lors de sa Journ\u00e9e d\u2019honneur, le <a href=\"http:\/\/icom.museum\/doc\/expo2010\/expo2010.html\" target=\"_blank\">18 mai 2010<\/a> \u00e0 l\u2019occasion de la Journ\u00e9e   internationale des mus\u00e9es.<\/strong><\/p>\n<p>   \t\t<!--  Multimedia element: [end] --> \t\t\t<\/div>\n<p> \t<!--  CONTENT ELEMENT, uid:5950\/multimedia [end] --> \t\t<!--TYPO3SEARCH_end--> <\/div>\n","protected":false},"excerpt":{"rendered":"<p>Archives Conf\u00e9rence g\u00e9n\u00e9rale 2010 Shanghai, Chine 7-13 novembre 2010Vingt-deuxi\u00e8me conf\u00e9rence g\u00e9n\u00e9rale Th\u00e8me : Les Mus\u00e9es et une Soci\u00e9t\u00e9 harmonieusehttp:\/\/icom2010.org.cn\/ \u00a0 L\u2019ICOM participe pour la premi\u00e8re fois de son histoire \u00e0 l\u2019Exposition universelle qui aura lieu cette ann\u00e9e \u00e0 Shanghai (Chine) autour du th\u00e8me \u00ab Meilleure ville, meilleure vie \u00bb du 1er mai au 31 octobre [&hellip;]<\/p>\n","protected":false},"author":1,"featured_media":0,"parent":622,"menu_order":0,"comment_status":"closed","ping_status":"closed","template":"","meta":{"footnotes":""},"yst_prominent_words":[],"acf":[],"_links":{"self":[{"href":"https:\/\/avicom.mini.icom.museum\/fr\/wp-json\/wp\/v2\/pages\/1008"}],"collection":[{"href":"https:\/\/avicom.mini.icom.museum\/fr\/wp-json\/wp\/v2\/pages"}],"about":[{"href":"https:\/\/avicom.mini.icom.museum\/fr\/wp-json\/wp\/v2\/types\/page"}],"author":[{"embeddable":true,"href":"https:\/\/avicom.mini.icom.museum\/fr\/wp-json\/wp\/v2\/users\/1"}],"replies":[{"embeddable":true,"href":"https:\/\/avicom.mini.icom.museum\/fr\/wp-json\/wp\/v2\/comments?post=1008"}],"version-history":[{"count":1,"href":"https:\/\/avicom.mini.icom.museum\/fr\/wp-json\/wp\/v2\/pages\/1008\/revisions"}],"predecessor-version":[{"id":2011,"href":"https:\/\/avicom.mini.icom.museum\/fr\/wp-json\/wp\/v2\/pages\/1008\/revisions\/2011"}],"up":[{"embeddable":true,"href":"https:\/\/avicom.mini.icom.museum\/fr\/wp-json\/wp\/v2\/pages\/622"}],"wp:attachment":[{"href":"https:\/\/avicom.mini.icom.museum\/fr\/wp-json\/wp\/v2\/media?parent=1008"}],"wp:term":[{"taxonomy":"yst_prominent_words","embeddable":true,"href":"https:\/\/avicom.mini.icom.museum\/fr\/wp-json\/wp\/v2\/yst_prominent_words?post=1008"}],"curies":[{"name":"wp","href":"https:\/\/api.w.org\/{rel}","templated":true}]}}