{"id":1018,"date":"2019-01-03T20:39:48","date_gmt":"2019-01-03T20:39:48","guid":{"rendered":"http:\/\/avicom.icom.cust.oxymium.net\/archives\/2010-2\/le-mot-de-la-presidente\/"},"modified":"2019-01-03T20:46:13","modified_gmt":"2019-01-03T20:46:13","slug":"le-mot-de-la-presidente","status":"publish","type":"page","link":"https:\/\/avicom.mini.icom.museum\/fr\/archives\/2010-2\/le-mot-de-la-presidente\/","title":{"rendered":"Le mot de la Pr\u00e9sidente"},"content":{"rendered":"<div id=\"RTE_CONTENT\"> <!--TYPO3SEARCH_begin--> \t<!--  CONTENT ELEMENT, uid:6014\/textpic [begin] --> \t\t<\/p>\n<div id=\"c6014\"> \t\t<!--  Header: [begin] --> \t\t\t<\/p>\n<h2>Archives<\/h2>\n<p> \t\t<!--  Header: [end] --> \t\t\t \t\t<!--  Image block: [begin] --> \t\t\t<\/p>\n<div>\n<div>\n<dl>\n<dt><img decoding=\"async\" src=\"http:\/\/avicom.mini.icom.museum\/wp-content\/uploads\/sites\/3\/2019\/01\/marie-francoise_delval_10.jpg\" alt=\"\"><\/dt>\n<dd>Marie-Fran\u00e7oise DELVAL<\/dd>\n<\/dl>\n<\/div>\n<div> \t\t<!--  Text: [begin] --> \t\t\t<\/p>\n<h2>Appel \u00e0 candidature<\/h2>\n<p>Paris, le 1 mai 2010<\/p>\n<p>   Chers coll\u00e8gues, <\/p>\n<p>AVICOM sera pr\u00e9sent \u00e0 Shanghai en novembre, \u00e0 l&#8217;occasion de la Conf\u00e9rence G\u00e9n\u00e9rale de l&#8217;ICOM, o\u00f9 je vous invite \u00e0 venir nous rejoindre. <\/p>\n<p>L\u2019ann\u00e9e de la conf\u00e9rence g\u00e9n\u00e9rale de l\u2019ICOM est \u00e9galement celle des \u00e9lections au sein des comit\u00e9s internationaux. La pr\u00e9sente lettre constitue donc un appel \u00e0 candidature pour le bureau AVICOM et le comit\u00e9 ex\u00e9cutif : Pr\u00e9sident, Vice-Pr\u00e9sidents, Secr\u00e9taire G\u00e9n\u00e9ral, et Tr\u00e9sorier. <\/p>\n<p>Ceux d\u2019entre vous qui souhaitent pr\u00e9senter leur candidature sont donc pri\u00e9s de nous retourner, avant le 25 ao\u00fbt 2010 une lettre de candidature comprenant un CV d\u2019une dizaine de lignes maximum et une note d\u2019intention. <\/p>\n<p>Ces candidatures seront soumises aux membres votants du comit\u00e9 qui \u00e9liront leurs repr\u00e9sentants.  <\/p>\n<p>Dans l\u2019attente du plaisir de vous rencontrer \u00e0 Shanghai, je vous prie d\u2019agr\u00e9er, chers coll\u00e8gues, l\u2019expression de mes sentiments les meilleurs. <\/p>\n<p>   Marie-Fran\u00e7oise DELVAL<br \/>   Pr\u00e9sidente d\u2019AVICOM <\/p>\n<p><b>T\u00e9l\u00e9chargez : <\/b><a href=\"http:\/\/avicom.mini.icom.museum\/wp-content\/uploads\/sites\/3\/2019\/01\/appel_candidature_avicom2010.pdf\" title=\"appel_candidature_avicom2010.pdf (335 KB)\">Appel \u00e0 candidature<\/a><\/p>\n<p> \t\t<!--  Text: [end] --> \t\t\t<\/div>\n<\/p><\/div>\n<div><!-- --><\/div>\n<p> \t\t<!--  Image block: [end] --> \t\t\t   \t<!--  \t\tBEGIN: Content of extension \"hpo_relatedlink\", plugin \"tx_hporelatedlink_pi1\"  \t--> \t<\/p>\n<div> \t\t \t<\/div>\n<p> \t \t<!-- END: Content of extension \"hpo_relatedlink\", plugin \"tx_hporelatedlink_pi1\" -->  \t<\/div>\n<p> \t<!--  CONTENT ELEMENT, uid:6014\/textpic [end] --> \t\t<!--TYPO3SEARCH_end--> <\/div>\n","protected":false},"excerpt":{"rendered":"<p>Archives Marie-Fran\u00e7oise DELVAL Appel \u00e0 candidature Paris, le 1 mai 2010 Chers coll\u00e8gues, AVICOM sera pr\u00e9sent \u00e0 Shanghai en novembre, \u00e0 l&#8217;occasion de la Conf\u00e9rence G\u00e9n\u00e9rale de l&#8217;ICOM, o\u00f9 je vous invite \u00e0 venir nous rejoindre. L\u2019ann\u00e9e de la conf\u00e9rence g\u00e9n\u00e9rale de l\u2019ICOM est \u00e9galement celle des \u00e9lections au sein des comit\u00e9s internationaux. La pr\u00e9sente [&hellip;]<\/p>\n","protected":false},"author":1,"featured_media":0,"parent":622,"menu_order":1,"comment_status":"closed","ping_status":"closed","template":"","meta":{"footnotes":""},"yst_prominent_words":[],"acf":[],"_links":{"self":[{"href":"https:\/\/avicom.mini.icom.museum\/fr\/wp-json\/wp\/v2\/pages\/1018"}],"collection":[{"href":"https:\/\/avicom.mini.icom.museum\/fr\/wp-json\/wp\/v2\/pages"}],"about":[{"href":"https:\/\/avicom.mini.icom.museum\/fr\/wp-json\/wp\/v2\/types\/page"}],"author":[{"embeddable":true,"href":"https:\/\/avicom.mini.icom.museum\/fr\/wp-json\/wp\/v2\/users\/1"}],"replies":[{"embeddable":true,"href":"https:\/\/avicom.mini.icom.museum\/fr\/wp-json\/wp\/v2\/comments?post=1018"}],"version-history":[{"count":1,"href":"https:\/\/avicom.mini.icom.museum\/fr\/wp-json\/wp\/v2\/pages\/1018\/revisions"}],"predecessor-version":[{"id":2010,"href":"https:\/\/avicom.mini.icom.museum\/fr\/wp-json\/wp\/v2\/pages\/1018\/revisions\/2010"}],"up":[{"embeddable":true,"href":"https:\/\/avicom.mini.icom.museum\/fr\/wp-json\/wp\/v2\/pages\/622"}],"wp:attachment":[{"href":"https:\/\/avicom.mini.icom.museum\/fr\/wp-json\/wp\/v2\/media?parent=1018"}],"wp:term":[{"taxonomy":"yst_prominent_words","embeddable":true,"href":"https:\/\/avicom.mini.icom.museum\/fr\/wp-json\/wp\/v2\/yst_prominent_words?post=1018"}],"curies":[{"name":"wp","href":"https:\/\/api.w.org\/{rel}","templated":true}]}}