{"id":1028,"date":"2019-01-03T20:39:54","date_gmt":"2019-01-03T20:39:54","guid":{"rendered":"http:\/\/avicom.icom.cust.oxymium.net\/archives\/2010-2\/elections\/"},"modified":"2019-01-03T20:46:13","modified_gmt":"2019-01-03T20:46:13","slug":"elections","status":"publish","type":"page","link":"https:\/\/avicom.mini.icom.museum\/fr\/archives\/2010-2\/elections\/","title":{"rendered":"\u00c9lections"},"content":{"rendered":"<div id=\"RTE_CONTENT\"> <!--TYPO3SEARCH_begin--> \t<!--  CONTENT ELEMENT, uid:6016\/textpic [begin] --> \t\t<\/p>\n<div id=\"c6016\"> \t\t<!--  Header: [begin] --> \t\t\t<\/p>\n<h2>Archives<\/h2>\n<p> \t\t<!--  Header: [end] --> \t\t\t \t\t<!--  Image block: [begin] --> \t\t\t<\/p>\n<div>\n<div>\n<dl>\n<dt><img decoding=\"async\" src=\"http:\/\/avicom.mini.icom.museum\/wp-content\/uploads\/sites\/3\/2019\/01\/marie-francoise_delval_13.jpg\" alt=\"\"><\/dt>\n<dd>Marie-Fran\u00e7oise DELVAL<\/dd>\n<\/dl>\n<\/div>\n<div> \t\t<!--  Text: [begin] --> \t\t\t<\/p>\n<h2><strong>Nouveau Conseil Ex\u00e9cutif de l&#8217;ICOM<\/strong><\/h2>\n<p>Le  13 novembre 2010 \u2014 L&#8217;ancienne Pr\u00e9sidente d&#8217;AVICOM,\u00a0 Marie-Fran\u00e7oise DELVAL, s&#8217;est pr\u00e9sent\u00e9e aux \u00e9lections du nouveau Conseil Ex\u00e9cutif de l&#8217;ICOM en 2010 \u00e0 Shanghai, et a \u00e9t\u00e9 \u00e9lue. <\/p>\n<p>Les \u00e9lections du Conseil ex\u00e9cutif 2010-2013 ont eu lieu lors de la 25e Assembl\u00e9e g\u00e9n\u00e9rale de l\u2019ICOM, qui s&#8217;est tenue \u00e0 Shanghai (Chine) pendant la 22e Conf\u00e9rence g\u00e9n\u00e9rale (du 7 au 12 novembre 2010).<\/p>\n<p>   Le <a href=\"http:\/\/avicom.mini.icom.museum\/wp-content\/uploads\/sites\/3\/2019\/01\/2.html\" target=\"_blank\">Conseil ex\u00e9cutif 2010-2013<\/a> est compos\u00e9 de 15 membres \u00e9lus. Les membres votants ont \u00e9lu, parmi les candidats de la liste propos\u00e9e, 1 pr\u00e9sident, 2 vice-pr\u00e9sidents, 1 tr\u00e9sorier et 11 membres.  <\/p>\n<p>\u00a0<\/p>\n<h3>Conseil ex\u00e9cutif de l&#8217;ICOM<\/h3>\n<p>Le Conseil ex\u00e9cutif est l&#8217;organe directeur de l&#8217;ICOM. Il se r\u00e9unit deux fois par an et veille \u00e0 l&#8217;application des d\u00e9cisions et r\u00e9solutions de l&#8217;Assembl\u00e9e g\u00e9n\u00e9rale, \u00e0 l&#8217;ex\u00e9cution du plan strat\u00e9gique de l&#8217;ICOM, prend des mesures pour r\u00e9aliser les propositions et recommandations du Comit\u00e9 consultatif et, si n\u00e9cessaire, coordonne les activit\u00e9s des Comit\u00e9s nationaux, internationaux et Organisations r\u00e9gionales. Les membres de l&#8217;ICOM peuvent assister aux r\u00e9unions du Conseil ex\u00e9cutif en tant qu&#8217;observateur. <\/p>\n<h4>\u00a0<\/h4>\n<p><\/p>\n<p> \t\t<!--  Text: [end] --> \t\t\t<\/div>\n<\/p><\/div>\n<div><!-- --><\/div>\n<p> \t\t<!--  Image block: [end] --> \t\t\t   \t<!--  \t\tBEGIN: Content of extension \"hpo_relatedlink\", plugin \"tx_hporelatedlink_pi1\"  \t--> \t<\/p>\n<div> \t\t \t<\/div>\n<p> \t \t<!-- END: Content of extension \"hpo_relatedlink\", plugin \"tx_hporelatedlink_pi1\" -->  \t<\/div>\n<p> \t<!--  CONTENT ELEMENT, uid:6016\/textpic [end] --> \t\t<!--TYPO3SEARCH_end--> <\/div>\n","protected":false},"excerpt":{"rendered":"<p>Archives Marie-Fran\u00e7oise DELVAL Nouveau Conseil Ex\u00e9cutif de l&#8217;ICOM Le 13 novembre 2010 \u2014 L&#8217;ancienne Pr\u00e9sidente d&#8217;AVICOM,\u00a0 Marie-Fran\u00e7oise DELVAL, s&#8217;est pr\u00e9sent\u00e9e aux \u00e9lections du nouveau Conseil Ex\u00e9cutif de l&#8217;ICOM en 2010 \u00e0 Shanghai, et a \u00e9t\u00e9 \u00e9lue. Les \u00e9lections du Conseil ex\u00e9cutif 2010-2013 ont eu lieu lors de la 25e Assembl\u00e9e g\u00e9n\u00e9rale de l\u2019ICOM, qui s&#8217;est [&hellip;]<\/p>\n","protected":false},"author":1,"featured_media":0,"parent":622,"menu_order":2,"comment_status":"closed","ping_status":"closed","template":"","meta":{"footnotes":""},"yst_prominent_words":[],"acf":[],"_links":{"self":[{"href":"https:\/\/avicom.mini.icom.museum\/fr\/wp-json\/wp\/v2\/pages\/1028"}],"collection":[{"href":"https:\/\/avicom.mini.icom.museum\/fr\/wp-json\/wp\/v2\/pages"}],"about":[{"href":"https:\/\/avicom.mini.icom.museum\/fr\/wp-json\/wp\/v2\/types\/page"}],"author":[{"embeddable":true,"href":"https:\/\/avicom.mini.icom.museum\/fr\/wp-json\/wp\/v2\/users\/1"}],"replies":[{"embeddable":true,"href":"https:\/\/avicom.mini.icom.museum\/fr\/wp-json\/wp\/v2\/comments?post=1028"}],"version-history":[{"count":1,"href":"https:\/\/avicom.mini.icom.museum\/fr\/wp-json\/wp\/v2\/pages\/1028\/revisions"}],"predecessor-version":[{"id":2009,"href":"https:\/\/avicom.mini.icom.museum\/fr\/wp-json\/wp\/v2\/pages\/1028\/revisions\/2009"}],"up":[{"embeddable":true,"href":"https:\/\/avicom.mini.icom.museum\/fr\/wp-json\/wp\/v2\/pages\/622"}],"wp:attachment":[{"href":"https:\/\/avicom.mini.icom.museum\/fr\/wp-json\/wp\/v2\/media?parent=1028"}],"wp:term":[{"taxonomy":"yst_prominent_words","embeddable":true,"href":"https:\/\/avicom.mini.icom.museum\/fr\/wp-json\/wp\/v2\/yst_prominent_words?post=1028"}],"curies":[{"name":"wp","href":"https:\/\/api.w.org\/{rel}","templated":true}]}}