{"id":1078,"date":"2019-01-03T20:40:05","date_gmt":"2019-01-03T20:40:05","guid":{"rendered":"http:\/\/avicom.icom.cust.oxymium.net\/archives\/2010-2\/membres-du-conseil-dadministration-2010-2013\/"},"modified":"2019-01-03T20:46:13","modified_gmt":"2019-01-03T20:46:13","slug":"membres-du-conseil-dadministration-2010-2013","status":"publish","type":"page","link":"https:\/\/avicom.mini.icom.museum\/fr\/archives\/2010-2\/membres-du-conseil-dadministration-2010-2013\/","title":{"rendered":"Membres du Conseil d&#8217;Administration 2010 &#8211; 2013"},"content":{"rendered":"<div id=\"RTE_CONTENT\"> <!--TYPO3SEARCH_begin--> \t<!--  CONTENT ELEMENT, uid:6018\/textpic [begin] --> \t\t<\/p>\n<div id=\"c6018\"> \t\t<!--  Header: [begin] --> \t\t\t<\/p>\n<h2>Archives<\/h2>\n<p> \t\t<!--  Header: [end] --> \t\t\t \t\t<!--  Image block: [begin] --> \t\t\t<\/p>\n<div>\n<div>\n<dl>\n<dt><img decoding=\"async\" src=\"http:\/\/avicom.mini.icom.museum\/wp-content\/uploads\/sites\/3\/2019\/01\/blanchette_manon_312px_bord_08.jpg\" alt=\"\"><\/dt>\n<dd>Manon BLANCHETTE<\/dd>\n<\/dl>\n<\/div>\n<div> \t\t<!--  Text: [begin] --> \t\t\t<\/p>\n<h2>\u00a0<\/h2>\n<p>L&#8217;appel \u00e0 candidature qui fut diffus\u00e9 aux membres AVICOM par mailing liste, et t\u00e9l\u00e9chargeable sur le site web d&#8217;AVICOM, \u00e9tait cl\u00f4t le 25 ao\u00fbt 2010, avec une exception pour les candidats chinois en raison de probl\u00e8mes administratifs lev\u00e9s courant octobre.  <\/p>\n<p>Les bulletins de vote et la pr\u00e9sentation des candidats ont \u00e9t\u00e9 diffus\u00e9s par mailing liste aux membres AVICOM fin octobre, et \u00e9taient t\u00e9l\u00e9chargeables sur le site web. La date limite de retour des bulletins \u00e9tait le 30 novembre, soit par e-mail, soit par fax, soit par courrier postal.  <\/p>\n<p>Un comit\u00e9 des \u00e9lection, constitu\u00e9 de Jean-Marcel HUMBERT (tr\u00e9sorier et ex pr\u00e9sident d&#8217;AVICOM), de Pascale MARCHAND (adjointe de direction au mus\u00e9e national de la Marine) et de Marie-Fran\u00e7oise DELVAL (Pr\u00e9sidente sortante d&#8217;AVICOM), s&#8217;est r\u00e9uni \u00e0 Paris le 15 d\u00e9cembre 2010 pour d\u00e9pouiller et v\u00e9rifier la validit\u00e9 des bulletins de vote de l&#8217;\u00e9lection du nouveau bureau AVICOM, et pour officialiser la liste des candidats \u00e9lus.<\/p>\n<p>   Tous les candidats ayant pr\u00e9sent\u00e9s leur candidature ont \u00e9t\u00e9 \u00e9lus \u00e0 la majorit\u00e9 des votes exprim\u00e9s. Ces candidats sont, par liste alphab\u00e9tique, BLANCHETTE Manon (Canada), CARACENI Simona (Italie), DELVAL Marie-Fran\u00e7oise (France), HU Jiang (Chine), QI Qingguo (Chine), SANTERNE Anne-Laure (France), SOUVIGNET-CHEHU B\u00e9atrice (France), TARI Janos (Hongrie), ZHANG Xiaopeng (Chine).<\/p>\n<p><b>Manon BLANCHETTE<\/b>, qui a postul\u00e9 \u00e0 la pr\u00e9sidence d&#8217;AVICOM est donc \u00e9lue Pr\u00e9sidente du comit\u00e9.<br \/><b>B\u00e9atrice SOUVIGNET-CHEHU<\/b>, qui a postul\u00e9 au poste de tr\u00e9sori\u00e8re, est donc \u00e9lue tr\u00e9sori\u00e8re du comit\u00e9.<br \/><b>Marie-Fran\u00e7oise DELVAL<\/b>, fondatrice et Directrice du FIAMP, assume cette fonction particuli\u00e8re dans le bureau.<\/p>\n<p>   Les autres fonctions des membres du bureau (vice-pr\u00e9sidence, secr\u00e9tariat g\u00e9n\u00e9ral, membre du conseil d&#8217;administration) seront d\u00e9battues et d\u00e9cid\u00e9es lors de la premi\u00e8re r\u00e9union organis\u00e9e par la nouvelle pr\u00e9sidente du comit\u00e9 AVICOM.  <\/p>\n<p>\u00a0<\/p>\n<blockquote>\n<p><b>BLANCHETTE Manon, Ph.D<br \/><\/b>AVICOM President<br \/>     Executive director Board of Montreal Museum Directors<br \/>     Canada<br \/><a href=\"http:\/\/avicom.mini.icom.museum\/wp-content\/uploads\/sites\/3\/2019\/01\/bio cv_blanchette_2010.pdf\" title=\"bio+cv_blanchette_2010.pdf (258 KB)\" target=\"_blank\">pr\u00e9sentation PDF<\/a> <\/p>\n<p><b>TARI J\u00e1nos<\/b><br \/>     Vice-President<br \/>     Hungarian Ethnographical Museum<br \/>     Director ethnographic film<br \/>     Hongrie<br \/><a href=\"http:\/\/avicom.mini.icom.museum\/wp-content\/uploads\/sites\/3\/2019\/01\/bio cv_tari_2010.pdf\" title=\"bio+cv_tari_2010.pdf (279 KB)\" target=\"_blank\">pr\u00e9sentation PDF<\/a> <\/p>\n<p><b>SOUVIGNET-CHEHU B\u00e9atrice<br \/><\/b>Tresurer<b><br \/><\/b>Documentaliste, charg\u00e9e des tournages, Agence photographique<br \/>     Mus\u00e9e national de la Marine<br \/>     France<br \/><a href=\"http:\/\/avicom.mini.icom.museum\/wp-content\/uploads\/sites\/3\/2019\/01\/bio cv_souvignet_2010.pdf\" title=\"bio+cv_souvignet_2010.pdf (298 KB)\" target=\"_blank\">pr\u00e9sentation PDF<\/a> <\/p>\n<p><b>CARACENI Simona<\/b><br \/>     Professor of museum informatics &#8211; Project manager<br \/>     Universita di Bologna &#8211; Dept. Computer Science<br \/>     Italie<br \/><a href=\"http:\/\/avicom.mini.icom.museum\/wp-content\/uploads\/sites\/3\/2019\/01\/bio cv_caraceni_2010.pdf\" title=\"bio+cv_caraceni_2010.pdf (317 KB)\" target=\"_blank\">pr\u00e9sentation PDF<\/a><\/p>\n<p><b>DELVAL Marie-Fran\u00e7oise<\/b><br \/>     Membre coopt\u00e9<br \/>     Sous-Direction des Syst\u00e8mes d&#8217;Information<br \/>     Minist\u00e8re de la Culture et de la Communication<br \/>     France<br \/><a href=\"http:\/\/avicom.mini.icom.museum\/wp-content\/uploads\/sites\/3\/2019\/01\/bio cv_delval_2010.pdf\" title=\"bio+cv_delval_2010.pdf (343 KB)\" target=\"_blank\">pr\u00e9sentation PDF<\/a> <\/p>\n<p><b>HU Jiang<\/b><br \/>     Curator and director of Information &amp; Data Center, Shanghai Museum<br \/>     Director of the Digitization Committee of Chinese Museum Association<br \/>     Chine<br \/><a href=\"http:\/\/avicom.mini.icom.museum\/wp-content\/uploads\/sites\/3\/2019\/01\/bio cv_HU_Jiang.pdf\" title=\"bio+cv_HU_Jiang.pdf (424 KB)\" target=\"_blank\">pr\u00e9sentation PDF<\/a> <\/p>\n<p><b>QI Qingguo<\/b><br \/>     Director of the Exhibition Department, Capital Museum, Beijing<br \/>     Secretary-general of the Digitization Committee, Chinese Museum Association<br \/>     Chine<br \/><a href=\"http:\/\/avicom.mini.icom.museum\/wp-content\/uploads\/sites\/3\/2019\/01\/bio cv_QI Qingguo_2010.pdf\" title=\"bio+cv_QI Qingguo_2010.pdf (253 KB)\" target=\"_blank\">pr\u00e9sentation PDF<\/a><\/p>\n<p><b>SANTERNE Anne-Laure<\/b><br \/>     Directrice MaDeSa Ingenierie Culturelle <br \/>     France<br \/><a href=\"http:\/\/avicom.mini.icom.museum\/wp-content\/uploads\/sites\/3\/2019\/01\/bio_santerne_2010.pdf\" title=\"bio_santerne_2010.pdf (179 KB)\" target=\"_blank\">pr\u00e9sentation PDF<\/a> <\/p>\n<p><b>ZHANG Xiaopeng<\/b><br \/>     Computer scientist<br \/>     Information Department, Nanjing Museum<br \/>     Chine<br \/><a href=\"http:\/\/avicom.mini.icom.museum\/wp-content\/uploads\/sites\/3\/2019\/01\/bio cv_ZHANG Xiaopeng_2010.pdf\" title=\"bio+cv_ZHANG Xiaopeng_2010.pdf (217 KB)\" target=\"_blank\">pr\u00e9sentation PDF<\/a><\/p>\n<\/blockquote>\n<p>\u00a0<\/p>\n<p><b>Paris le 15 d\u00e9cembre 2010 <\/b> <\/p>\n<p>D\u00e9pouillement et v\u00e9rification de la validit\u00e9 des bulletins de vote de l&#8217;\u00e9lection du nouveau bureau AVICOM. <\/p>\n<p><img decoding=\"async\" src=\"http:\/\/avicom.mini.icom.museum\/wp-content\/uploads\/sites\/3\/2019\/01\/RTEmagicC_depouillement_voteAVICOM_board2011-2013_013b.jpg.jpg\" alt=\"Jean-Marcel HUMBERT et Pascale MARCHAND\"><\/p>\n<p><i>Jean-Marcel HUMBERT et Pascale MARCHAND<\/i> <\/p>\n<p><img decoding=\"async\" src=\"http:\/\/avicom.mini.icom.museum\/wp-content\/uploads\/sites\/3\/2019\/01\/RTEmagicC_depouillement_voteAVICOM_board2011-2013_014b.jpg.jpg\" alt=\"Jean-Marcel HUMBERT et Pascale MARCHAND\"><\/p>\n<p><i>Jean-Marcel HUMBERT et Pascale MARCHAND<\/i><\/p>\n<p> \t\t<!--  Text: [end] --> \t\t\t<\/div>\n<\/p><\/div>\n<div><!-- --><\/div>\n<p> \t\t<!--  Image block: [end] --> \t\t\t   \t<!--  \t\tBEGIN: Content of extension \"hpo_relatedlink\", plugin \"tx_hporelatedlink_pi1\"  \t--> \t<\/p>\n<div> \t\t \t<\/div>\n<p> \t \t<!-- END: Content of extension \"hpo_relatedlink\", plugin \"tx_hporelatedlink_pi1\" -->  \t<\/div>\n<p> \t<!--  CONTENT ELEMENT, uid:6018\/textpic [end] --> \t\t<!--TYPO3SEARCH_end--> <\/div>\n","protected":false},"excerpt":{"rendered":"<p>Archives Manon BLANCHETTE \u00a0 L&#8217;appel \u00e0 candidature qui fut diffus\u00e9 aux membres AVICOM par mailing liste, et t\u00e9l\u00e9chargeable sur le site web d&#8217;AVICOM, \u00e9tait cl\u00f4t le 25 ao\u00fbt 2010, avec une exception pour les candidats chinois en raison de probl\u00e8mes administratifs lev\u00e9s courant octobre. Les bulletins de vote et la pr\u00e9sentation des candidats ont \u00e9t\u00e9 [&hellip;]<\/p>\n","protected":false},"author":1,"featured_media":0,"parent":622,"menu_order":3,"comment_status":"closed","ping_status":"closed","template":"","meta":{"footnotes":""},"yst_prominent_words":[],"acf":[],"_links":{"self":[{"href":"https:\/\/avicom.mini.icom.museum\/fr\/wp-json\/wp\/v2\/pages\/1078"}],"collection":[{"href":"https:\/\/avicom.mini.icom.museum\/fr\/wp-json\/wp\/v2\/pages"}],"about":[{"href":"https:\/\/avicom.mini.icom.museum\/fr\/wp-json\/wp\/v2\/types\/page"}],"author":[{"embeddable":true,"href":"https:\/\/avicom.mini.icom.museum\/fr\/wp-json\/wp\/v2\/users\/1"}],"replies":[{"embeddable":true,"href":"https:\/\/avicom.mini.icom.museum\/fr\/wp-json\/wp\/v2\/comments?post=1078"}],"version-history":[{"count":1,"href":"https:\/\/avicom.mini.icom.museum\/fr\/wp-json\/wp\/v2\/pages\/1078\/revisions"}],"predecessor-version":[{"id":2008,"href":"https:\/\/avicom.mini.icom.museum\/fr\/wp-json\/wp\/v2\/pages\/1078\/revisions\/2008"}],"up":[{"embeddable":true,"href":"https:\/\/avicom.mini.icom.museum\/fr\/wp-json\/wp\/v2\/pages\/622"}],"wp:attachment":[{"href":"https:\/\/avicom.mini.icom.museum\/fr\/wp-json\/wp\/v2\/media?parent=1078"}],"wp:term":[{"taxonomy":"yst_prominent_words","embeddable":true,"href":"https:\/\/avicom.mini.icom.museum\/fr\/wp-json\/wp\/v2\/yst_prominent_words?post=1078"}],"curies":[{"name":"wp","href":"https:\/\/api.w.org\/{rel}","templated":true}]}}