{"id":1084,"date":"2019-01-03T20:40:09","date_gmt":"2019-01-03T20:40:09","guid":{"rendered":"http:\/\/avicom.icom.cust.oxymium.net\/archives\/2010-2\/elections-2010-2013\/"},"modified":"2019-01-03T20:46:13","modified_gmt":"2019-01-03T20:46:13","slug":"elections-2010-2013","status":"publish","type":"page","link":"https:\/\/avicom.mini.icom.museum\/fr\/archives\/2010-2\/elections-2010-2013\/","title":{"rendered":"\u00c9lections 2010 &#8211; 2013"},"content":{"rendered":"<div id=\"RTE_CONTENT\"> <!--TYPO3SEARCH_begin--> \t<!--  CONTENT ELEMENT, uid:6020\/textpic [begin] --> \t\t<\/p>\n<div id=\"c6020\"> \t\t<!--  Header: [begin] --> \t\t\t<\/p>\n<h2>Archives<\/h2>\n<p> \t\t<!--  Header: [end] --> \t\t\t \t\t<!--  Image block: [begin] --> \t\t\t<\/p>\n<div>\n<div>\n<dl>\n<dt><img decoding=\"async\" src=\"http:\/\/avicom.mini.icom.museum\/wp-content\/uploads\/sites\/3\/2019\/01\/marie-francoise_delval_14.jpg\" alt=\"\"><\/dt>\n<dd>Marie-Fran\u00e7oise DELVAL<\/dd>\n<\/dl>\n<\/div>\n<div> \t\t<!--  Text: [begin] --> \t\t\t<\/p>\n<h2>\u00c9lection du nouveau Bureau et du Conseil d&#8217;administration d&#8217;AVICOM pour 2010-2013<\/h2>\n<p> Les comit\u00e9s de l&#8217;ICOM doivent r\u00e9\u00e9lirent tous les 3 ans leur Bureau et leur Conseil d&#8217;administration. La prochaine \u00e9lection pour le comit\u00e9 AVICOM aura lieu \u00e0 l&#8217;occasion de son Assembl\u00e9e G\u00e9n\u00e9rale \u00e0 Shanghai en novembre, durant la Conf\u00e9rence G\u00e9n\u00e9rale de l&#8217;ICOM. Les membres d&#8217;AVICOM doivent donc voter pour reconduire et\/ou renouveler le Bureau et le Conseil d&#8217;administration. <\/p>\n<p> Le vote s&#8217;effectue en renvoyant, par la poste ou par e-mail, le bulletin de vote avec les noms coch\u00e9s des candidats choisis. <\/p>\n<p> Le d\u00e9pouillement se fera \u00e0 Shanghai pendant l&#8217;Assembl\u00e9e g\u00e9n\u00e9rale. <\/p>\n<p> Le nouveau Conseil d\u2019administration \u00e9lira lui m\u00eame le nouveau Bureau. <\/p>\n<p><b>Membres du Bureau actuel postulant pour un renouvellement de mandat :<\/b> <\/p>\n<ul>\n<li>Jean-Marcel HUMBERT (France) <\/li>\n<li>Eric LANGLOIS (Canada) <\/li>\n<\/ul>\n<p> Les autres membres du Bureau ayant fait un double mandat (6 ans) ne peuvent plus postuler pour un nouveau mandat. <\/p>\n<p> Les candidatures sont ouvertes pour les prochaines \u00e9lections. <\/p>\n<p> Le formulaire de candidature sera bient\u00f4t t\u00e9l\u00e9chargeable sur cette page.  <\/p>\n<p> \t\t<!--  Text: [end] --> \t\t\t<\/div>\n<\/p><\/div>\n<div><!-- --><\/div>\n<p> \t\t<!--  Image block: [end] --> \t\t\t   \t<!--  \t\tBEGIN: Content of extension \"hpo_relatedlink\", plugin \"tx_hporelatedlink_pi1\"  \t--> \t<\/p>\n<div> \t\t \t<\/div>\n<p> \t \t<!-- END: Content of extension \"hpo_relatedlink\", plugin \"tx_hporelatedlink_pi1\" -->  \t<\/div>\n<p> \t<!--  CONTENT ELEMENT, uid:6020\/textpic [end] --> \t\t<!--TYPO3SEARCH_end--> <\/div>\n","protected":false},"excerpt":{"rendered":"<p>Archives Marie-Fran\u00e7oise DELVAL \u00c9lection du nouveau Bureau et du Conseil d&#8217;administration d&#8217;AVICOM pour 2010-2013 Les comit\u00e9s de l&#8217;ICOM doivent r\u00e9\u00e9lirent tous les 3 ans leur Bureau et leur Conseil d&#8217;administration. La prochaine \u00e9lection pour le comit\u00e9 AVICOM aura lieu \u00e0 l&#8217;occasion de son Assembl\u00e9e G\u00e9n\u00e9rale \u00e0 Shanghai en novembre, durant la Conf\u00e9rence G\u00e9n\u00e9rale de l&#8217;ICOM. [&hellip;]<\/p>\n","protected":false},"author":1,"featured_media":0,"parent":622,"menu_order":4,"comment_status":"closed","ping_status":"closed","template":"","meta":{"footnotes":""},"yst_prominent_words":[],"acf":[],"_links":{"self":[{"href":"https:\/\/avicom.mini.icom.museum\/fr\/wp-json\/wp\/v2\/pages\/1084"}],"collection":[{"href":"https:\/\/avicom.mini.icom.museum\/fr\/wp-json\/wp\/v2\/pages"}],"about":[{"href":"https:\/\/avicom.mini.icom.museum\/fr\/wp-json\/wp\/v2\/types\/page"}],"author":[{"embeddable":true,"href":"https:\/\/avicom.mini.icom.museum\/fr\/wp-json\/wp\/v2\/users\/1"}],"replies":[{"embeddable":true,"href":"https:\/\/avicom.mini.icom.museum\/fr\/wp-json\/wp\/v2\/comments?post=1084"}],"version-history":[{"count":1,"href":"https:\/\/avicom.mini.icom.museum\/fr\/wp-json\/wp\/v2\/pages\/1084\/revisions"}],"predecessor-version":[{"id":2007,"href":"https:\/\/avicom.mini.icom.museum\/fr\/wp-json\/wp\/v2\/pages\/1084\/revisions\/2007"}],"up":[{"embeddable":true,"href":"https:\/\/avicom.mini.icom.museum\/fr\/wp-json\/wp\/v2\/pages\/622"}],"wp:attachment":[{"href":"https:\/\/avicom.mini.icom.museum\/fr\/wp-json\/wp\/v2\/media?parent=1084"}],"wp:term":[{"taxonomy":"yst_prominent_words","embeddable":true,"href":"https:\/\/avicom.mini.icom.museum\/fr\/wp-json\/wp\/v2\/yst_prominent_words?post=1084"}],"curies":[{"name":"wp","href":"https:\/\/api.w.org\/{rel}","templated":true}]}}