{"id":1094,"date":"2019-01-03T20:40:13","date_gmt":"2019-01-03T20:40:13","guid":{"rendered":"http:\/\/avicom.icom.cust.oxymium.net\/archives\/2010-2\/selection-officielle\/"},"modified":"2019-01-03T20:46:13","modified_gmt":"2019-01-03T20:46:13","slug":"selection-officielle","status":"publish","type":"page","link":"https:\/\/avicom.mini.icom.museum\/fr\/archives\/2010-2\/selection-officielle\/","title":{"rendered":"S\u00e9lection officielle"},"content":{"rendered":"<div id=\"RTE_CONTENT\"> <!--TYPO3SEARCH_begin--> \t<!--  CONTENT ELEMENT, uid:6022\/textpic [begin] --> \t\t<\/p>\n<div id=\"c6022\"> \t\t<!--  Header: [begin] --> \t\t\t<\/p>\n<h2>Archives<\/h2>\n<p> \t\t<!--  Header: [end] --> \t\t\t \t\t<!--  Image block: [begin] --> \t\t\t<\/p>\n<div>\n<div><img decoding=\"async\" src=\"http:\/\/avicom.mini.icom.museum\/wp-content\/uploads\/sites\/3\/2019\/01\/logo_fiamp_53.jpg\" alt=\"\"><\/div>\n<div> \t\t<!--  Text: [begin] --> \t\t\t<\/p>\n<h2>FIAMP.2010<\/h2>\n<h3>Shanghai, Chine, 8 &#8211; 10 novembre 2010  <\/h3>\n<p>La  commission de pr\u00e9s\u00e9lection du festival a \u00e9tabli la S\u00e9lection Officielle suivante  qui fut pr\u00e9sent\u00e9e au jury international. <\/p>\n<h2>Cat\u00e9gorie Web<\/h2>\n<h3>Cat\u00e9gorie              sites g\u00e9n\u00e9ralistes<\/h3>\n<ul>\n<li>\n<p>Hyptique              &#8211; France<br \/><a href=\"http:\/\/theatre-chaillot.fr\" target=\"_blank\">Th\u00e9\u00e2tre national de Chaillot<\/a><\/p>\n<\/li>\n<li>\n<p><a href=\"http:\/\/www.museeduvin.ch\/index.php\" target=\"_blank\">Mus\u00e9e du vin et de la vigne<\/a> &#8211; Suisse<\/p>\n<\/li>\n<li>\n<p>Shanxi              Museum &#8211; Chine <br \/><a href=\"http:\/\/www.shanximuseum.com\" target=\"_blank\">Significant archeol<\/a><a href=\"http:\/\/www.shanximuseum.com\" target=\"_blank\">ogical discoveries in Shanxi<\/a><\/p>\n<\/li>\n<li>\n<p>Palace              Museum &#8211; Chine <br \/><a href=\"http:\/\/www.dpm.org.cn\" target=\"_blank\">Website ot the Palace Museum<\/a><\/p>\n<\/li>\n<li>\n<p>Beijing              Museum of Natural History &#8211; Chine <br \/><a href=\"http:\/\/www.bmnh.org.cn\" target=\"_blank\">Connection between living creatures<\/a><\/p>\n<\/li>\n<li>\n<p>Minist\u00e8re              de la Culture et de la communication &#8211; France <br \/><a href=\"http:\/\/www.henri-iv.culture.fr\" target=\"_blank\">Henri IV, Le r\u00e8gne interrompu<\/a><\/p>\n<\/li>\n<li>\n<p><a href=\"http:\/\/www.museeairespace.fr\" target=\"_blank\">Mus\u00e9e              de l&#8217;Air et de l&#8217;Espace<\/a> &#8211; France<\/p>\n<\/li>\n<li>\n<p>Museum              of the History of Polish Jews &#8211; Pologne<br \/><a href=\"http:\/\/www.shtetl.org.pl\" target=\"_blank\">Virtual Shtetl<\/a><\/p>\n<\/li>\n<li>    <a href=\"http:\/\/www.allchekhov.ru\" target=\"_blank\">The              State Central Theatrical Museum<\/a> &#8211; Russie<\/li>\n<\/ul>\n<p>\u00a0<\/p>\n<h3>Cat\u00e9gorie              expositions et dossiers<\/h3>\n<ul>\n<li>\n<p>Hyptique              &#8211; France<br \/>       &#8220;<a href=\"http:\/\/www.jardindesplantes.net\" target=\"_blank\">Mus\u00e9e national d&#8217;histoire naturelle &#8211; Jardin des plantes<\/a>&#8220;<\/p>\n<\/li>\n<li>\n<p>Mus\u00e9e              de la Civilisation &#8211; Canada<br \/><a href=\"http:\/\/www.mcq.org\/place-royale\/fr\/accueil.php\" target=\"_blank\">Place-Royale d&#8217;aujourd&#8217;hui \u00e0 hier<\/a><\/p>\n<\/li>\n<li>\n<p>Palace              museum &#8211; Chine <br \/><a href=\"http:\/\/www.dpm.org.cn\/subjects\/996000000\/main.swf\" target=\"_blank\">Interactive Applications in the Ceramics Gallery of the Palace Museum<\/a><\/p>\n<\/li>\n<li>\n<p>Henan              Museum &#8211; Chine <br \/><a href=\"http:\/\/www.chnmus.net\" target=\"_blank\">Square Hu Vessel Decorated with Lotus and Crane<\/a><\/p>\n<\/li>\n<li>\n<p>China              Science and Technological Museum &#8211; Chine <br \/><a href=\"http:\/\/b2museum.cdstm.cn\/canal\" target=\"_blank\">A              Roam Through the JingHang Canal<\/a><\/p>\n<\/li>\n<li>\n<p>R\u00e9seau              Canadien d&#8217;Information sur le Patrimoine &#8211; Canada<br \/><a href=\"http:\/\/synthescape.com\/fafard_working\/\" target=\"_blank\">Joe Fafard au Mus\u00e9e des beaux-arts du Canada<\/a><\/p>\n<\/li>\n<li>\n<p>China              Science and Technological Museum &#8211; Chine <br \/><a href=\"http:\/\/amuseum.cdstm.cn\/AMuseum\/bridge\/swf\/index.html\" target=\"_blank\">Museum of Ancient Chinese Bridges<\/a><\/p>\n<\/li>\n<li>    Jewish              Historical Museum &#8211; Netherlands<br \/><a href=\"http:\/\/www.jhmkindermuseum.nl\/#\/home\" target=\"_blank\">Virtual JHM Children&#8217;s Museum<\/a> <\/li>\n<\/ul>\n<p>\u00a0<\/p>\n<h2>Cat\u00e9gorie Audiovisuel<\/h2>\n<h3>Cat\u00e9gorie              Audiovisuel Court M\u00e9trage (jusqu&#8217;\u00e0              10mn)<\/h3>\n<ul>\n<li>Salzburg              Museum &#8211; Autriche<br \/>     &#8220;Shortcuts&#8221;              &#8211; 6mn \u2013 2008<\/li>\n<li>Anamnesia              &#8211; France<br \/>     &#8220;Unic, Le Mapis Lazuli&#8221; &#8211; 5mn<\/li>\n<li>Service              culturel de la r\u00e9gion de Zaragoza &#8211; France <br \/>     &#8220;Caesaraugusta&#8221;              &#8211; 5mn20<\/li>\n<li>Europalia              International &#8211; Belgique<br \/>     &#8220;Film              27x27x27 (Roadmovie Europalia.Europa)&#8221; &#8211; 6mn51<\/li>\n<li>Europalia              International &#8211; Belgique<br \/>     &#8220;Spot              TV Europalia China&#8221; &#8211; 0mn20<\/li>\n<li>Henan              Museum &#8211; Chine <br \/>     &#8220;Bronze Ding Tripod with Animal Mask Pattern&#8221; &#8211; 3mn11<\/li>\n<\/ul>\n<p>\u00a0<\/p>\n<h3>Cat\u00e9gorie              Audiovisuel Moyen M\u00e9trage (10-26mn)<\/h3>\n<ul>\n<li>\n<p>Salzburg              Museum &#8211; Autriche<br \/>   &#8220;The Quest for the Salzburg Myth&#8221; &#8211; 25mn<\/p>\n<\/li>\n<li>\n<p>Center              for Documentation of Cultural and Natural Heritage &#8211; \u00c9gypte<br \/>   &#8220;The Temple of Dendara&#8221; \u2013 14mn<\/p>\n<\/li>\n<li>\n<p>Anamnesia              &#8211; France<br \/>   &#8220;Teotihuacan Cit\u00e9 des Dieux&#8221; \u2013 11mn<\/p>\n<\/li>\n<li>\n<p>Musej              Krapinskih Neandertalaca &#8211; Croatie<br \/>   &#8220;Picture from the Krapina Neandertal Life&#8221; &#8211; 16mn45<\/p>\n<\/li>\n<li>\n<p>Europalia              International &#8211; Belgique<br \/>   &#8220;Europalia China Festival&#8221; &#8211; 15mn54<\/p>\n<\/li>\n<li>\n<p>NANJING              Museum &#8211; Chine <br \/>   &#8220;Zhenzhou Flood Gate&#8221; &#8211; 11mn30<\/p>\n<\/li>\n<li>\n<p>Anhui              Museum &#8211; Chine <br \/>   &#8220;Display of Historical Architectures of the Anhui Province&#8221; &#8211; 14mn<\/p>\n<\/li>\n<li>\n<p>Shanxi              Museum &#8211; Chine <br \/>   &#8220;The              Soul of Shanxi&#8221; &#8211; 12 mn<\/p>\n<\/li>\n<li>\n<p>University              Natural History Museum &#8211; Chine<br \/>   &#8220;The Extinction of the Dinausaurs&#8221; &#8211; 11mn<\/p>\n<\/li>\n<li>\n<p>The              Palace Museum &#8211; Chine <br \/>   &#8220;Zhu Di Constructed The Forbidden City&#8221; &#8211; 13mn42<\/p>\n<\/li>\n<li>\n<p>Suzhou              Museum &#8211; Chine <br \/>   &#8220;New Building of the Suzhou Museum Designed by Leoh Ming Pei&#8221; \u2013 14mn<\/p>\n<\/li>\n<\/ul>\n<p>\u00a0<\/p>\n<h3>Cat\u00e9gorie              audiovisuel Long M\u00e9trage (plus              de 26mn)<\/h3>\n<ul>\n<li>\n<p>Mus\u00e9e              aquarium de Nancy &#8211; France<br \/>       Homme-Femme, sortir des st\u00e9r\u00e9otypes &#8211; 37mn<\/p>\n<\/li>\n<li>    Les              poissons volants &#8211; France<br \/>   J.M.W              Turner \u2013 54mn<\/li>\n<\/ul>\n<p>\u00a0<\/p>\n<h2>Cat\u00e9gorie multim\u00e9dia<\/h2>\n<ul>\n<li>\n<p>Beijing              Museum of Natural History &#8211; Chine<br \/>   &#8220;Connection Between Living Creatures&#8221;<\/p>\n<\/li>\n<li>\n<p>Henan              Culture Website &#8211; Chine <br \/>   &#8220;Secret of Upturned Roof-Corner&#8221;              \u00a0 <\/p>\n<\/li>\n<li>\n<p>Shanxi              Museum &#8211; Chine <br \/>   &#8220;Significant Archaeological Discoveries in Shanxi&#8221;       \u00a0 <\/p>\n<\/li>\n<li>\n<p>Capital              Museum &#8211; Chine <br \/>   &#8220;Art Treasures, Collection Porcelain&#8221;       \u00a0 <\/p>\n<\/li>\n<li>\n<p> Museum              Victoria &#8211; Australie <br \/>   &#8220;House of the Wine&#8221;       \u00a0<\/p>\n<\/li>\n<li>\n<p>Muzej              Krapinskih &#8211; Croatie <br \/>   &#8220;Info              Kiosk&#8221;       \u00a0 <\/p>\n<\/li>\n<li>\n<p>Museum              fur Volkskultur &#8211; Autriche<br \/>   &#8220;Kaernten, Panorama and Virtual Flight&#8221;       \u00a0    <\/p>\n<\/li>\n<li> Hybrid              pour mus\u00e9e Hunterlinden &#8211; France <br \/> &#8220;Le retable d&#8217;Issenheim&#8221;<\/li>\n<\/ul>\n<p>\u00a0<\/p>\n<p><img decoding=\"async\" src=\"http:\/\/avicom.mini.icom.museum\/wp-content\/uploads\/sites\/3\/2019\/01\/RTEmagicC_FIAMP2010_bandeau_4_450px.jpg.jpg\" alt=\"FIAMP 2010\"><\/p>\n<p> \t\t<!--  Text: [end] --> \t\t\t<\/div>\n<\/p><\/div>\n<div><!-- --><\/div>\n<p> \t\t<!--  Image block: [end] --> \t\t\t   \t<!--  \t\tBEGIN: Content of extension \"hpo_relatedlink\", plugin \"tx_hporelatedlink_pi1\"  \t--> \t<\/p>\n<div> \t\t \t<\/div>\n<p> \t \t<!-- END: Content of extension \"hpo_relatedlink\", plugin \"tx_hporelatedlink_pi1\" -->  \t<\/div>\n<p> \t<!--  CONTENT ELEMENT, uid:6022\/textpic [end] --> \t\t<!--TYPO3SEARCH_end--> <\/div>\n","protected":false},"excerpt":{"rendered":"<p>Archives FIAMP.2010 Shanghai, Chine, 8 &#8211; 10 novembre 2010 La commission de pr\u00e9s\u00e9lection du festival a \u00e9tabli la S\u00e9lection Officielle suivante qui fut pr\u00e9sent\u00e9e au jury international. Cat\u00e9gorie Web Cat\u00e9gorie sites g\u00e9n\u00e9ralistes Hyptique &#8211; FranceTh\u00e9\u00e2tre national de Chaillot Mus\u00e9e du vin et de la vigne &#8211; Suisse Shanxi Museum &#8211; Chine Significant archeological discoveries in [&hellip;]<\/p>\n","protected":false},"author":1,"featured_media":0,"parent":622,"menu_order":5,"comment_status":"closed","ping_status":"closed","template":"","meta":{"footnotes":""},"yst_prominent_words":[],"acf":[],"_links":{"self":[{"href":"https:\/\/avicom.mini.icom.museum\/fr\/wp-json\/wp\/v2\/pages\/1094"}],"collection":[{"href":"https:\/\/avicom.mini.icom.museum\/fr\/wp-json\/wp\/v2\/pages"}],"about":[{"href":"https:\/\/avicom.mini.icom.museum\/fr\/wp-json\/wp\/v2\/types\/page"}],"author":[{"embeddable":true,"href":"https:\/\/avicom.mini.icom.museum\/fr\/wp-json\/wp\/v2\/users\/1"}],"replies":[{"embeddable":true,"href":"https:\/\/avicom.mini.icom.museum\/fr\/wp-json\/wp\/v2\/comments?post=1094"}],"version-history":[{"count":1,"href":"https:\/\/avicom.mini.icom.museum\/fr\/wp-json\/wp\/v2\/pages\/1094\/revisions"}],"predecessor-version":[{"id":2006,"href":"https:\/\/avicom.mini.icom.museum\/fr\/wp-json\/wp\/v2\/pages\/1094\/revisions\/2006"}],"up":[{"embeddable":true,"href":"https:\/\/avicom.mini.icom.museum\/fr\/wp-json\/wp\/v2\/pages\/622"}],"wp:attachment":[{"href":"https:\/\/avicom.mini.icom.museum\/fr\/wp-json\/wp\/v2\/media?parent=1094"}],"wp:term":[{"taxonomy":"yst_prominent_words","embeddable":true,"href":"https:\/\/avicom.mini.icom.museum\/fr\/wp-json\/wp\/v2\/yst_prominent_words?post=1094"}],"curies":[{"name":"wp","href":"https:\/\/api.w.org\/{rel}","templated":true}]}}