{"id":1190,"date":"2019-01-03T20:40:28","date_gmt":"2019-01-03T20:40:28","guid":{"rendered":"http:\/\/avicom.icom.cust.oxymium.net\/archives\/2010-2\/photos\/"},"modified":"2019-01-03T20:46:12","modified_gmt":"2019-01-03T20:46:12","slug":"photos","status":"publish","type":"page","link":"https:\/\/avicom.mini.icom.museum\/fr\/archives\/2010-2\/photos\/","title":{"rendered":"Photos"},"content":{"rendered":"<div id=\"RTE_CONTENT\"> <!--TYPO3SEARCH_begin--> \t<!--  CONTENT ELEMENT, uid:6030\/textpic [begin] --> \t\t<\/p>\n<div id=\"c6030\"> \t\t<!--  Header: [begin] --> \t\t\t<\/p>\n<h2>Archives<\/h2>\n<p> \t\t<!--  Header: [end] --> \t\t\t \t\t<!--  Image block: [begin] --> \t\t\t<\/p>\n<div>\n<div><img decoding=\"async\" src=\"http:\/\/avicom.mini.icom.museum\/wp-content\/uploads\/sites\/3\/2019\/01\/logo_fiamp_60.jpg\" alt=\"\"><\/div>\n<div> \t\t<!--  Text: [begin] --> \t\t\t<\/p>\n<h2>FIAMP.2010<\/h2>\n<h3>Shanghai, Chine, 8 &#8211; 10 novembre 2010<\/h3>\n<h2> Promenade culturelle \u00e0  Beijing<\/h2>\n<ul>\n<li><a href=\"http:\/\/picasaweb.google.fr\/marie.francoise.delval\/Beijing2010#\" target=\"_blank\">Picasa<\/a><\/li>\n<li><a href=\"http:\/\/www.flickr.com\/photos\/49710183@N03\/sets\/\" target=\"_blank\">Flikr<\/a><\/li>\n<\/ul>\n<p>\u00a0<\/p>\n<h3>Quelques photographies <\/h3>\n<ul>\n<li>des r\u00e9unions de travail,<\/li>\n<li> du diner officiel,<\/li>\n<li> de la visite au Mus\u00e9e de la Capitale,<\/li>\n<li> des installations multim\u00e9dias du Mus\u00e9e du Palais (Cit\u00e9 Interdite).<\/li>\n<\/ul>\n<p>\u00a0<\/p>\n<p><img decoding=\"async\" src=\"http:\/\/avicom.mini.icom.museum\/wp-content\/uploads\/sites\/3\/2019\/01\/RTEmagicC_barre_fiamp2010_3_450.jpg.jpg\" alt=\"FIAMP.2010\"><\/p>\n<p><img decoding=\"async\" src=\"http:\/\/avicom.mini.icom.museum\/wp-content\/uploads\/sites\/3\/2019\/01\/RTEmagicC_fiamp_beijing2010_450_010_01.jpg.jpg\" alt=\"\"><\/p>\n<p><img decoding=\"async\" src=\"http:\/\/avicom.mini.icom.museum\/wp-content\/uploads\/sites\/3\/2019\/01\/RTEmagicC_fiamp_beijing2010_450_011_01.jpg.jpg\" alt=\"\"><\/p>\n<p><img decoding=\"async\" src=\"http:\/\/avicom.mini.icom.museum\/wp-content\/uploads\/sites\/3\/2019\/01\/RTEmagicC_fiamp_beijing2010_450_012.jpg.jpg\" alt=\"\"><\/p>\n<p><img decoding=\"async\" src=\"http:\/\/avicom.mini.icom.museum\/wp-content\/uploads\/sites\/3\/2019\/01\/RTEmagicC_fiamp_beijing2010_450_013_02.jpg.jpg\" alt=\"\"><\/p>\n<p> <img decoding=\"async\" src=\"http:\/\/avicom.mini.icom.museum\/wp-content\/uploads\/sites\/3\/2019\/01\/RTEmagicC_fiamp_beijing2010_450_014.jpg.jpg\" alt=\"\"><\/p>\n<p><img decoding=\"async\" src=\"http:\/\/avicom.mini.icom.museum\/wp-content\/uploads\/sites\/3\/2019\/01\/RTEmagicC_fiamp_beijing2010_450_015.jpg.jpg\" alt=\"\"><\/p>\n<p><img decoding=\"async\" src=\"http:\/\/avicom.mini.icom.museum\/wp-content\/uploads\/sites\/3\/2019\/01\/RTEmagicC_fiamp_beijing2010_450_016.jpg.jpg\" alt=\"\"><\/p>\n<p><img decoding=\"async\" src=\"http:\/\/avicom.mini.icom.museum\/wp-content\/uploads\/sites\/3\/2019\/01\/RTEmagicC_fiamp_beijing2010_450_017.jpg.jpg\" alt=\"\"><\/p>\n<p><img decoding=\"async\" src=\"http:\/\/avicom.mini.icom.museum\/wp-content\/uploads\/sites\/3\/2019\/01\/RTEmagicC_fiamp_beijing2010_450_018.jpg.jpg\" alt=\"\"><\/p>\n<p><img decoding=\"async\" src=\"http:\/\/avicom.mini.icom.museum\/wp-content\/uploads\/sites\/3\/2019\/01\/RTEmagicC_fiamp_beijing2010_450_019.jpg.jpg\" alt=\"\"><\/p>\n<p><img decoding=\"async\" src=\"http:\/\/avicom.mini.icom.museum\/wp-content\/uploads\/sites\/3\/2019\/01\/RTEmagicC_fiamp_beijing2010_450_020.jpg.jpg\" alt=\"\"><\/p>\n<p><img decoding=\"async\" src=\"http:\/\/avicom.mini.icom.museum\/wp-content\/uploads\/sites\/3\/2019\/01\/RTEmagicC_fiamp_beijing2010_450_021.jpg.jpg\" alt=\"\"><\/p>\n<p><img decoding=\"async\" src=\"http:\/\/avicom.mini.icom.museum\/wp-content\/uploads\/sites\/3\/2019\/01\/RTEmagicC_fiamp_beijing2010_450_022.jpg.jpg\" alt=\"\"><\/p>\n<p><img decoding=\"async\" src=\"http:\/\/avicom.mini.icom.museum\/wp-content\/uploads\/sites\/3\/2019\/01\/RTEmagicC_fiamp_beijing2010_450_023.jpg.jpg\" alt=\"\"><\/p>\n<p><img decoding=\"async\" src=\"http:\/\/avicom.mini.icom.museum\/wp-content\/uploads\/sites\/3\/2019\/01\/RTEmagicC_fiamp_beijing2010_450_024.jpg.jpg\" alt=\"\"><\/p>\n<p><img decoding=\"async\" src=\"http:\/\/avicom.mini.icom.museum\/wp-content\/uploads\/sites\/3\/2019\/01\/RTEmagicC_fiamp_beijing2010_450_025.jpg.jpg\" alt=\"\"><\/p>\n<p><img decoding=\"async\" src=\"http:\/\/avicom.mini.icom.museum\/wp-content\/uploads\/sites\/3\/2019\/01\/RTEmagicC_fiamp_beijing2010_450_026.jpg.jpg\" alt=\"\"><\/p>\n<p><img decoding=\"async\" src=\"http:\/\/avicom.mini.icom.museum\/wp-content\/uploads\/sites\/3\/2019\/01\/RTEmagicC_fiamp_beijing2010_450_027.JPG.JPG\" alt=\"\"><\/p>\n<p><img decoding=\"async\" src=\"http:\/\/avicom.mini.icom.museum\/wp-content\/uploads\/sites\/3\/2019\/01\/RTEmagicC_fiamp_beijing2010_450_028.JPG.JPG\" alt=\"\"><\/p>\n<p><img decoding=\"async\" src=\"http:\/\/avicom.mini.icom.museum\/wp-content\/uploads\/sites\/3\/2019\/01\/RTEmagicC_fiamp_beijing2010_450_029.JPG.JPG\" alt=\"\"><\/p>\n<ul>\n<li> <\/ul>\n<p> <!--  Text: [end] --> <\/div>\n<\/p><\/div>\n<div><!-- --><\/div>\n<p> \t\t<!--  Image block: [end] --> \t\t\t   \t<!--  \t\tBEGIN: Content of extension \"hpo_relatedlink\", plugin \"tx_hporelatedlink_pi1\"  \t--> \t<\/p>\n<div> \t\t \t<\/div>\n<p> \t \t<!-- END: Content of extension \"hpo_relatedlink\", plugin \"tx_hporelatedlink_pi1\" -->  \t<\/div>\n<p> \t<!--  CONTENT ELEMENT, uid:6030\/textpic [end] --> \t\t<!--TYPO3SEARCH_end--> <\/div>\n","protected":false},"excerpt":{"rendered":"<p>Archives FIAMP.2010 Shanghai, Chine, 8 &#8211; 10 novembre 2010 Promenade culturelle \u00e0 Beijing Picasa Flikr \u00a0 Quelques photographies des r\u00e9unions de travail, du diner officiel, de la visite au Mus\u00e9e de la Capitale, des installations multim\u00e9dias du Mus\u00e9e du Palais (Cit\u00e9 Interdite). \u00a0<\/p>\n","protected":false},"author":1,"featured_media":0,"parent":622,"menu_order":7,"comment_status":"closed","ping_status":"closed","template":"","meta":{"footnotes":""},"yst_prominent_words":[],"acf":[],"_links":{"self":[{"href":"https:\/\/avicom.mini.icom.museum\/fr\/wp-json\/wp\/v2\/pages\/1190"}],"collection":[{"href":"https:\/\/avicom.mini.icom.museum\/fr\/wp-json\/wp\/v2\/pages"}],"about":[{"href":"https:\/\/avicom.mini.icom.museum\/fr\/wp-json\/wp\/v2\/types\/page"}],"author":[{"embeddable":true,"href":"https:\/\/avicom.mini.icom.museum\/fr\/wp-json\/wp\/v2\/users\/1"}],"replies":[{"embeddable":true,"href":"https:\/\/avicom.mini.icom.museum\/fr\/wp-json\/wp\/v2\/comments?post=1190"}],"version-history":[{"count":1,"href":"https:\/\/avicom.mini.icom.museum\/fr\/wp-json\/wp\/v2\/pages\/1190\/revisions"}],"predecessor-version":[{"id":2004,"href":"https:\/\/avicom.mini.icom.museum\/fr\/wp-json\/wp\/v2\/pages\/1190\/revisions\/2004"}],"up":[{"embeddable":true,"href":"https:\/\/avicom.mini.icom.museum\/fr\/wp-json\/wp\/v2\/pages\/622"}],"wp:attachment":[{"href":"https:\/\/avicom.mini.icom.museum\/fr\/wp-json\/wp\/v2\/media?parent=1190"}],"wp:term":[{"taxonomy":"yst_prominent_words","embeddable":true,"href":"https:\/\/avicom.mini.icom.museum\/fr\/wp-json\/wp\/v2\/yst_prominent_words?post=1190"}],"curies":[{"name":"wp","href":"https:\/\/api.w.org\/{rel}","templated":true}]}}