{"id":1212,"date":"2019-01-03T20:40:33","date_gmt":"2019-01-03T20:40:33","guid":{"rendered":"http:\/\/avicom.icom.cust.oxymium.net\/archives\/2010-2\/partenaires\/"},"modified":"2019-01-03T20:46:12","modified_gmt":"2019-01-03T20:46:12","slug":"partenaires","status":"publish","type":"page","link":"https:\/\/avicom.mini.icom.museum\/fr\/archives\/2010-2\/partenaires\/","title":{"rendered":"Partenaires"},"content":{"rendered":"<div id=\"RTE_CONTENT\"> <!--TYPO3SEARCH_begin--> \t<!--  CONTENT ELEMENT, uid:6032\/text [begin] --> \t\t<\/p>\n<div id=\"c6032\"> \t\t<!--  Header: [begin] --> \t\t\t<\/p>\n<h2>Archives<\/h2>\n<p> \t\t<!--  Header: [end] --> \t\t\t \t\t<!--  Text: [begin] --> \t\t\t<\/p>\n<h2>FIAMP.2010<\/h2>\n<h3>Shanghai, Chine, 8 &#8211; 10 novembre 2010 <\/h3>\n<h2 align=\"center\">China Society Museums<b><\/p>\n<p><img decoding=\"async\" src=\"http:\/\/avicom.mini.icom.museum\/wp-content\/uploads\/sites\/3\/2019\/01\/RTEmagicC_forbidden_city_450px.jpg.jpg\" alt=\"\"><\/b> <\/h2>\n<\/p>\n<hr>\n<h3 align=\"center\"> <img decoding=\"async\" src=\"http:\/\/avicom.mini.icom.museum\/wp-content\/uploads\/sites\/3\/2019\/01\/RTEmagicC_CapitalMuseum_174.jpg.jpg\" alt=\"\"><br \/> <\/h3>\n<h3 align=\"center\"><b><a href=\"http:\/\/www.capitalmuseum.org.cn\/en\/index.htm\" target=\"_blank\">Capital Museum<\/a><\/b><\/h3>\n<hr>\n<h3 align=\"center\"> <img decoding=\"async\" src=\"http:\/\/avicom.mini.icom.museum\/wp-content\/uploads\/sites\/3\/2019\/01\/RTEmagicC_palace_museum_250.jpg.jpg\" alt=\"\"><br \/> <\/h3>\n<h3 align=\"center\"><b><a href=\"http:\/\/www.dpm.org.cn\/index12801024.html\" target=\"_blank\">Palace Museum<\/a> &#8211; <a href=\"http:\/\/www.dpm.org.cn\/www_oldweb\/\" target=\"_blank\">Cit\u00e9 Interdite<\/a><\/b><\/h3>\n<hr>\n<h3 align=\"center\"> <img decoding=\"async\" src=\"http:\/\/avicom.mini.icom.museum\/wp-content\/uploads\/sites\/3\/2019\/01\/RTEmagicC_ShanghaiMuseum_250px.jpg.jpg\" alt=\"\"><br \/> <\/h3>\n<h3 align=\"center\"><b><a href=\"http:\/\/www.shanghaimuseum.net\/\" target=\"_blank\">Shanghai Museum<\/a><\/b><\/h3>\n<hr>\n<h3 align=\"center\"> <img decoding=\"async\" src=\"http:\/\/avicom.mini.icom.museum\/wp-content\/uploads\/sites\/3\/2019\/01\/RTEmagicC_logo_icom2010_266px.jpg.jpg\" alt=\"\"><br \/> <\/h3>\n<h3 align=\"center\"><b><a href=\"http:\/\/icom2010.org.cn\/icomwbs\/index.jsp\" target=\"_blank\">Comit\u00e9 d&#8217;organisation pour la 22\u00e8me Conf\u00e9rence G\u00e9n\u00e9rale<\/a><\/b><\/h3>\n<p>  \t\t<!--  Text: [end] --> \t\t\t   \t<!--  \t\tBEGIN: Content of extension \"hpo_relatedlink\", plugin \"tx_hporelatedlink_pi1\"  \t--> \t<\/p>\n<div> \t\t \t<\/div>\n<p> \t \t<!-- END: Content of extension \"hpo_relatedlink\", plugin \"tx_hporelatedlink_pi1\" -->  \t<\/div>\n<p> \t<!--  CONTENT ELEMENT, uid:6032\/text [end] --> \t\t<!--TYPO3SEARCH_end--> <\/div>\n","protected":false},"excerpt":{"rendered":"<p>Archives FIAMP.2010 Shanghai, Chine, 8 &#8211; 10 novembre 2010 China Society Museums Capital Museum Palace Museum &#8211; Cit\u00e9 Interdite Shanghai Museum Comit\u00e9 d&#8217;organisation pour la 22\u00e8me Conf\u00e9rence G\u00e9n\u00e9rale<\/p>\n","protected":false},"author":1,"featured_media":0,"parent":622,"menu_order":8,"comment_status":"closed","ping_status":"closed","template":"","meta":{"footnotes":""},"yst_prominent_words":[],"acf":[],"_links":{"self":[{"href":"https:\/\/avicom.mini.icom.museum\/fr\/wp-json\/wp\/v2\/pages\/1212"}],"collection":[{"href":"https:\/\/avicom.mini.icom.museum\/fr\/wp-json\/wp\/v2\/pages"}],"about":[{"href":"https:\/\/avicom.mini.icom.museum\/fr\/wp-json\/wp\/v2\/types\/page"}],"author":[{"embeddable":true,"href":"https:\/\/avicom.mini.icom.museum\/fr\/wp-json\/wp\/v2\/users\/1"}],"replies":[{"embeddable":true,"href":"https:\/\/avicom.mini.icom.museum\/fr\/wp-json\/wp\/v2\/comments?post=1212"}],"version-history":[{"count":1,"href":"https:\/\/avicom.mini.icom.museum\/fr\/wp-json\/wp\/v2\/pages\/1212\/revisions"}],"predecessor-version":[{"id":2003,"href":"https:\/\/avicom.mini.icom.museum\/fr\/wp-json\/wp\/v2\/pages\/1212\/revisions\/2003"}],"up":[{"embeddable":true,"href":"https:\/\/avicom.mini.icom.museum\/fr\/wp-json\/wp\/v2\/pages\/622"}],"wp:attachment":[{"href":"https:\/\/avicom.mini.icom.museum\/fr\/wp-json\/wp\/v2\/media?parent=1212"}],"wp:term":[{"taxonomy":"yst_prominent_words","embeddable":true,"href":"https:\/\/avicom.mini.icom.museum\/fr\/wp-json\/wp\/v2\/yst_prominent_words?post=1212"}],"curies":[{"name":"wp","href":"https:\/\/api.w.org\/{rel}","templated":true}]}}