{"id":1218,"date":"2019-01-03T20:40:37","date_gmt":"2019-01-03T20:40:37","guid":{"rendered":"http:\/\/avicom.icom.cust.oxymium.net\/archives\/2010-2\/themes-et-appel-a-communication\/"},"modified":"2019-01-03T20:46:12","modified_gmt":"2019-01-03T20:46:12","slug":"themes-et-appel-a-communication","status":"publish","type":"page","link":"https:\/\/avicom.mini.icom.museum\/fr\/archives\/2010-2\/themes-et-appel-a-communication\/","title":{"rendered":"Th\u00e8mes et appel \u00e0 communication"},"content":{"rendered":"<div id=\"RTE_CONTENT\"> <!--TYPO3SEARCH_begin--> \t<!--  CONTENT ELEMENT, uid:6034\/textpic [begin] --> \t\t<\/p>\n<div id=\"c6034\"> \t\t<!--  Header: [begin] --> \t\t\t<\/p>\n<h2>Archives<\/h2>\n<p> \t\t<!--  Header: [end] --> \t\t\t \t\t<!--  Image block: [begin] --> \t\t\t<\/p>\n<div>\n<div><img decoding=\"async\" src=\"http:\/\/avicom.mini.icom.museum\/wp-content\/uploads\/sites\/3\/2019\/01\/logo_fiamp_64.jpg\" alt=\"\"><\/div>\n<div> \t\t<!--  Text: [begin] --> \t\t\t<\/p>\n<h2>FIAMP.2010<\/h2>\n<h3>Shanghai, Chine, 8 &#8211; 10 novembre 2010 <\/h3>\n<p>\u00a0<\/p>\n<p>Conf\u00e9rences et tables rondes aborderont les th\u00e8mes suivants :<\/p>\n<ul>\n<li> <strong>Cin\u00e9ma et mus\u00e9es<\/strong><br \/>     Conservation des archives &#8211; Syst\u00e8mes de consultation pour le public \u2013 Le mus\u00e9e fait du cin\u00e9ma \u2013 Le mus\u00e9e par l&#8217;audiovisuel\u2026\n<\/li>\n<li> <strong>Audiovisuel produits par le mus\u00e9e sur Internet<\/strong><br \/>     Audiovisuel mus\u00e9ographique sur le site web du mus\u00e9e &#8211; Audiovisuel didactique sur le site web du mus\u00e9e &#8211; Audiovisuel publicitaire sur le Net &#8211; Audiovisuel didactique sur le Net \u2013 T\u00e9l\u00e9chargements \u2013 Droits \u2013 Majors-diffuseurs\u2026\n<\/li>\n<li> <strong>Technologies innovantes et mus\u00e9ographie<\/strong><br \/>     Technologies et programmes tactiles \u2013 Technologies et programmes audio-guides par g\u00e9olocalisation &#8211; Technologies et programmes pour t\u00e9l\u00e9phone mobile \u2013 Les nouveaux multim\u00e9dias interactifs &#8211; Nouvelles bornes interactives : Technologies et programmes de \u2013 Les partages de donn\u00e9es (images, vid\u00e9os, sons) \u2013 Internet.2\u2026\n<\/li>\n<li> <strong>Les mus\u00e9es virtuels<\/strong><br \/>     Les mus\u00e9es exclusivement virtuels &#8211; Mondes virtuels et Internet 3D : apport de Second Life et les autres univers virtuels pour un mus\u00e9e en mutation.\n<\/li>\n<li> <strong>Point sur les technologies 3D<\/strong>\n<\/li>\n<li> <strong>Point sur la p\u00e9rennit\u00e9 des technologies num\u00e9riques et de la num\u00e9risation<\/strong>\n<\/li>\n<li><strong>Point sur le CD-Rom culturel<\/strong><\/li>\n<\/ul>\n<p>Venez pr\u00e9senter les exp\u00e9riences et bilan de votre institution sur ces th\u00e8mes. Envoyez nous votre biographie et un r\u00e9sum\u00e9 de votre intervention.<br \/> Un formulaire sera prochainement t\u00e9l\u00e9chargeable sur cette page.<\/p>\n<p> \t\t<!--  Text: [end] --> \t\t\t<\/div>\n<\/p><\/div>\n<div><!-- --><\/div>\n<p> \t\t<!--  Image block: [end] --> \t\t\t   \t<!--  \t\tBEGIN: Content of extension \"hpo_relatedlink\", plugin \"tx_hporelatedlink_pi1\"  \t--> \t<\/p>\n<div> \t\t \t<\/div>\n<p> \t \t<!-- END: Content of extension \"hpo_relatedlink\", plugin \"tx_hporelatedlink_pi1\" -->  \t<\/div>\n<p> \t<!--  CONTENT ELEMENT, uid:6034\/textpic [end] --> \t\t<!--TYPO3SEARCH_end--> <\/div>\n","protected":false},"excerpt":{"rendered":"<p>Archives FIAMP.2010 Shanghai, Chine, 8 &#8211; 10 novembre 2010 \u00a0 Conf\u00e9rences et tables rondes aborderont les th\u00e8mes suivants : Cin\u00e9ma et mus\u00e9es Conservation des archives &#8211; Syst\u00e8mes de consultation pour le public \u2013 Le mus\u00e9e fait du cin\u00e9ma \u2013 Le mus\u00e9e par l&#8217;audiovisuel\u2026 Audiovisuel produits par le mus\u00e9e sur Internet Audiovisuel mus\u00e9ographique sur le site [&hellip;]<\/p>\n","protected":false},"author":1,"featured_media":0,"parent":622,"menu_order":9,"comment_status":"closed","ping_status":"closed","template":"","meta":{"footnotes":""},"yst_prominent_words":[],"acf":[],"_links":{"self":[{"href":"https:\/\/avicom.mini.icom.museum\/fr\/wp-json\/wp\/v2\/pages\/1218"}],"collection":[{"href":"https:\/\/avicom.mini.icom.museum\/fr\/wp-json\/wp\/v2\/pages"}],"about":[{"href":"https:\/\/avicom.mini.icom.museum\/fr\/wp-json\/wp\/v2\/types\/page"}],"author":[{"embeddable":true,"href":"https:\/\/avicom.mini.icom.museum\/fr\/wp-json\/wp\/v2\/users\/1"}],"replies":[{"embeddable":true,"href":"https:\/\/avicom.mini.icom.museum\/fr\/wp-json\/wp\/v2\/comments?post=1218"}],"version-history":[{"count":1,"href":"https:\/\/avicom.mini.icom.museum\/fr\/wp-json\/wp\/v2\/pages\/1218\/revisions"}],"predecessor-version":[{"id":2002,"href":"https:\/\/avicom.mini.icom.museum\/fr\/wp-json\/wp\/v2\/pages\/1218\/revisions\/2002"}],"up":[{"embeddable":true,"href":"https:\/\/avicom.mini.icom.museum\/fr\/wp-json\/wp\/v2\/pages\/622"}],"wp:attachment":[{"href":"https:\/\/avicom.mini.icom.museum\/fr\/wp-json\/wp\/v2\/media?parent=1218"}],"wp:term":[{"taxonomy":"yst_prominent_words","embeddable":true,"href":"https:\/\/avicom.mini.icom.museum\/fr\/wp-json\/wp\/v2\/yst_prominent_words?post=1218"}],"curies":[{"name":"wp","href":"https:\/\/api.w.org\/{rel}","templated":true}]}}