{"id":1238,"date":"2019-01-03T20:40:44","date_gmt":"2019-01-03T20:40:44","guid":{"rendered":"http:\/\/avicom.icom.cust.oxymium.net\/archives\/2009-2\/remise-des-trophees\/"},"modified":"2019-01-03T20:46:12","modified_gmt":"2019-01-03T20:46:12","slug":"remise-des-trophees","status":"publish","type":"page","link":"https:\/\/avicom.mini.icom.museum\/fr\/archives\/2009-2\/remise-des-trophees\/","title":{"rendered":"Remise des troph\u00e9es"},"content":{"rendered":"<div id=\"RTE_CONTENT\"> <!--TYPO3SEARCH_begin--> \t<!--  CONTENT ELEMENT, uid:5974\/textpic [begin] --> \t\t<\/p>\n<div id=\"c5974\"> \t\t<!--  Header: [begin] --> \t\t\t<\/p>\n<h2>Archives<\/h2>\n<p> \t\t<!--  Header: [end] --> \t\t\t \t\t<!--  Image block: [begin] --> \t\t\t<\/p>\n<div>\n<div><img decoding=\"async\" src=\"http:\/\/avicom.mini.icom.museum\/wp-content\/uploads\/sites\/3\/2019\/01\/logo_fiamp_25.jpg\" alt=\"\"><\/div>\n<div> \t\t<!--  Text: [begin] --> \t\t\t<\/p>\n<h2>FIAMP.2009<\/h2>\n<h3>Turin, Italie<\/h3>\n<p>Le dimanche 14 f\u00e9vrier 2010 s&#8217;est tenu \u00e0 Turin, au Mus\u00e9e National du Cin\u00e9ma, la c\u00e9r\u00e9monie de remise des troph\u00e9es du Fiamp.2009. <\/p>\n<table cellspacing=\"0\">\n<tbody>\n<tr>\n<td valign=\"top\">\n<p><b>Programme<\/b><\/p>\n<\/td>\n<td valign=\"top\">\n<p>\u00a0<\/p>\n<\/td>\n<\/tr>\n<tr>\n<td valign=\"top\">\n<p>16h30<\/p>\n<\/td>\n<td valign=\"top\">\n<p><b>Rendez vous \u00e0 la Mole Antonelliana<\/b><br \/>         Visite accompagn\u00e9e (deux groupes) d&#8217;une heure environ<\/p>\n<\/td>\n<\/tr>\n<tr>\n<td valign=\"top\">\n<p>17h30<\/p>\n<\/td>\n<td valign=\"top\">\n<p><b>Rendez vous dans la Salle des Conf\u00e9rence<\/b><br \/>         Projection des images des troph\u00e9es et des travaux du Jury<\/p>\n<\/td>\n<\/tr>\n<tr>\n<td valign=\"top\">\n<p>18h00<\/p>\n<\/td>\n<td valign=\"top\">\n<p><b>C\u00e9r\u00e9monie de remise des troph\u00e9es<\/b><br \/>         AVICOM Awards Fiamp.2009<\/p>\n<\/td>\n<\/tr>\n<tr>\n<td valign=\"top\">\n<p>\u00a0<\/p>\n<\/td>\n<td valign=\"top\">\n<p>Vin d&#8217;honneur \u00e0 la Caf\u00e9t\u00e9ria.<\/p>\n<\/td>\n<\/tr>\n<tr>\n<td valign=\"top\">\n<p>\u00a0<\/p>\n<\/td>\n<td valign=\"top\">\n<p>D\u00e9placement, \u00e0 pied, vers la Taberna Libraria, via Bogino 5<\/p>\n<\/td>\n<\/tr>\n<tr>\n<td valign=\"top\">\n<p>20h00 <\/p>\n<\/td>\n<td valign=\"top\">\n<p><b>D\u00eener de gala<\/b><\/p>\n<\/td>\n<\/tr>\n<\/tbody>\n<\/table>\n<h2>Photos<\/h2>\n<p>Ici, des photos de la r\u00e9union du jury, et du Mus\u00e9e National du Cin\u00e9ma o\u00f9 s&#8217;est d\u00e9roul\u00e9 la c\u00e9r\u00e9monie de remise des troph\u00e9es le 14 f\u00e9vrier 2010.<\/p>\n<ul>\n<li><b><a href=\"http:\/\/picasaweb.google.com\/AVICOM.ICOM\/Fiamp2009ReunionDuJuryTurinItalieAVICOMICOM#\" target=\"_blank\">Le jury<\/a><\/b><\/li>\n<li><b><a href=\"http:\/\/picasaweb.google.com\/AVICOM.ICOM\/MuseeNationalDuCinemaTurin#\" target=\"_blank\">Le Mus\u00e9e du Cin\u00e9ma<\/a><\/b><\/li>\n<li><b><a href=\"http:\/\/picasaweb.google.com\/AVICOM.ICOM\/Fiamp2009AwardsCeremony#\" target=\"_blank\">La remise des troph\u00e9es<\/a><\/b><\/li>\n<\/ul>\n<p><b><br \/><\/b> <\/p>\n<p>\u00a0<img decoding=\"async\" src=\"http:\/\/avicom.mini.icom.museum\/wp-content\/uploads\/sites\/3\/2019\/01\/RTEmagicC_fiamp2009_grand_prix.jpg.jpg\" alt=\"Marco TONON et Thomas SAGORY\"><\/p>\n<p><i>Marco TONON, Pr\u00e9sident honoraire d&#8217;AVICOM, remettant Troph\u00e9e et certificat \u00e0 Thomas SAGORY, charg\u00e9 de projet multim\u00e9dia au MCC<\/p>\n<p><img decoding=\"async\" src=\"http:\/\/avicom.mini.icom.museum\/wp-content\/uploads\/sites\/3\/2019\/01\/RTEmagicC_fiamp2009_awards_turin.jpg.jpg\" alt=\"Marie-Fran&amp;amp;ccedil;oise Delval et Daniele Jalla\"><\/p>\n<p>   Marie-Fran\u00e7oise Delval, Pr\u00e9sidente du comit\u00e9 international AVICOM de l&#8217;ICOM et Directrice du festival, et Daniele Jalla, Pr\u00e9sident du comit\u00e9 national italien de l&#8217;ICOM.<\/p>\n<p><\/i><\/p>\n<p> \t\t<!--  Text: [end] --> \t\t\t<\/div>\n<\/p><\/div>\n<div><!-- --><\/div>\n<p> \t\t<!--  Image block: [end] --> \t\t\t   \t<!--  \t\tBEGIN: Content of extension \"hpo_relatedlink\", plugin \"tx_hporelatedlink_pi1\"  \t--> \t<\/p>\n<div> \t\t \t<\/div>\n<p> \t \t<!-- END: Content of extension \"hpo_relatedlink\", plugin \"tx_hporelatedlink_pi1\" -->  \t<\/div>\n<p> \t<!--  CONTENT ELEMENT, uid:5974\/textpic [end] --> \t\t<!--TYPO3SEARCH_end--> <\/div>\n","protected":false},"excerpt":{"rendered":"<p>Archives FIAMP.2009 Turin, Italie Le dimanche 14 f\u00e9vrier 2010 s&#8217;est tenu \u00e0 Turin, au Mus\u00e9e National du Cin\u00e9ma, la c\u00e9r\u00e9monie de remise des troph\u00e9es du Fiamp.2009. Programme \u00a0 16h30 Rendez vous \u00e0 la Mole Antonelliana Visite accompagn\u00e9e (deux groupes) d&#8217;une heure environ 17h30 Rendez vous dans la Salle des Conf\u00e9rence Projection des images des troph\u00e9es [&hellip;]<\/p>\n","protected":false},"author":1,"featured_media":0,"parent":624,"menu_order":0,"comment_status":"closed","ping_status":"closed","template":"","meta":{"footnotes":""},"yst_prominent_words":[],"acf":[],"_links":{"self":[{"href":"https:\/\/avicom.mini.icom.museum\/fr\/wp-json\/wp\/v2\/pages\/1238"}],"collection":[{"href":"https:\/\/avicom.mini.icom.museum\/fr\/wp-json\/wp\/v2\/pages"}],"about":[{"href":"https:\/\/avicom.mini.icom.museum\/fr\/wp-json\/wp\/v2\/types\/page"}],"author":[{"embeddable":true,"href":"https:\/\/avicom.mini.icom.museum\/fr\/wp-json\/wp\/v2\/users\/1"}],"replies":[{"embeddable":true,"href":"https:\/\/avicom.mini.icom.museum\/fr\/wp-json\/wp\/v2\/comments?post=1238"}],"version-history":[{"count":1,"href":"https:\/\/avicom.mini.icom.museum\/fr\/wp-json\/wp\/v2\/pages\/1238\/revisions"}],"predecessor-version":[{"id":2000,"href":"https:\/\/avicom.mini.icom.museum\/fr\/wp-json\/wp\/v2\/pages\/1238\/revisions\/2000"}],"up":[{"embeddable":true,"href":"https:\/\/avicom.mini.icom.museum\/fr\/wp-json\/wp\/v2\/pages\/624"}],"wp:attachment":[{"href":"https:\/\/avicom.mini.icom.museum\/fr\/wp-json\/wp\/v2\/media?parent=1238"}],"wp:term":[{"taxonomy":"yst_prominent_words","embeddable":true,"href":"https:\/\/avicom.mini.icom.museum\/fr\/wp-json\/wp\/v2\/yst_prominent_words?post=1238"}],"curies":[{"name":"wp","href":"https:\/\/api.w.org\/{rel}","templated":true}]}}