{"id":124,"date":"2019-01-03T08:47:26","date_gmt":"2019-01-03T08:47:26","guid":{"rendered":"http:\/\/avicom.mini.icom.museum\/?page_id=124"},"modified":"2019-01-03T20:46:30","modified_gmt":"2019-01-03T20:46:30","slug":"mentions-legales","status":"publish","type":"page","link":"https:\/\/avicom.mini.icom.museum\/fr\/mentions-legales\/","title":{"rendered":"Mentions l\u00e9gales"},"content":{"rendered":"<p class=\"bodytext\">En se connectant \u00e0 ce site, icom.museum et \u00e0 toutes les pages de ce domaine (ci-apr\u00e8s d\u00e9nomm\u00e9s collectivement le \u00ab site Internet<br \/>\nde l&#8217;ICOM \u00bb), l&#8217;utilisateur accepte les termes et conditions qui suivent.<br \/>\nLe Conseil international des mus\u00e9es (ci-apr\u00e8s, \u00ab ICOM \u00bb) se r\u00e9serve le droit d&#8217;invoquer toute voie de recours pr\u00e9vue par la loi en cas de violation de ces conditions, y compris toute violation du droit de l&#8217;ICOM \u00e0 son nom ou des droits ayant trait aux informations, documents, texte, mat\u00e9riel vid\u00e9o ou audio ou photographies (ci-apr\u00e8s d\u00e9nomm\u00e9s collectivement \u00ab le Contenu \u00bb) se trouvant sur le site Internet de l&#8217;ICOM.<\/p>\n<p class=\"bodytext\">Site con\u00e7u et d\u00e9velopp\u00e9 par <a href=\"https:\/\/hands.agency\"><strong>Hands<\/strong> <\/a><strong><a href=\"https:\/\/hands.agency\">Agency<\/a><br \/>\n<\/strong>H\u00e9berg\u00e9 par <a href=\"https:\/\/www.oxymium.net\/\"><strong>Oxymium<\/strong><\/a><\/p>\n<h3>1. Le Site Internet de l\u2019ICOM<\/h3>\n<p class=\"bodytext\"><strong>a) Utilisation du site Internet de l\u2019ICOM<\/strong><\/p>\n<p class=\"bodytext\">L&#8217;ICOM autorise l&#8217;acc\u00e8s \u00e0 son site Internet \u00e0 des fins personnelles ou p\u00e9dagogiques uniquement. Tout autre usage, y compris la reproduction ou la traduction du Contenu du site Internet de l&#8217;ICOM ou l&#8217;utilisation \u00e0 des fins autres que personnelles ou p\u00e9dagogiques, est interdit sans l&#8217;autorisation \u00e9crite expresse et pr\u00e9alable de l&#8217;ICOM. Les demandes d&#8217;autorisation doivent \u00eatre envoy\u00e9es en utilisant le formulaire pr\u00e9vu avec une description d\u00e9taill\u00e9e de l&#8217;usage envisag\u00e9. Tout le Contenu du site Internet de l&#8217;ICOM est prot\u00e9g\u00e9 par la l\u00e9gislation fran\u00e7aise sur les droits d&#8217;auteur. L&#8217;ICOM d\u00e9termine le Contenu de son site Internet selon ses propres crit\u00e8res et \u00e0 sa seule discr\u00e9tion. L&#8217;ICOM se r\u00e9serve le droit de changer ou supprimer \u00e0 tout moment tout aspect ou \u00e9l\u00e9ment de son site Internet. L&#8217;ICOM n&#8217;offre aucune garantie et n&#8217;affirme rien quant \u00e0 l&#8217;exactitude et l&#8217;exhaustivit\u00e9 des \u00e9l\u00e9ments du Contenu.<br \/>\nL\u2019ICOM d\u00e9cline toute responsabilit\u00e9 r\u00e9sultant de l&#8217;utilisation du site Internet de l&#8217;ICOM ou du Contenu du site Internet de l&#8217;ICOM. L\u2019ICOM, les membres de leur personnel et leurs parties contractantes ne seront en aucun cas tenus responsables des cons\u00e9quences financi\u00e8res ou autres r\u00e9sultant de l&#8217;utilisation du Contenu du site Internet de l&#8217;ICOM, y compris l&#8217;usage abusif, incorrect ou frauduleux dudit Contenu.<br \/>\nL\u2019ICOM n&#8217;assume aucune responsabilit\u00e9 en cas d&#8217;infection par un virus informatique ou par quelque contamination ou proc\u00e9d\u00e9 que ce soit ayant des propri\u00e9t\u00e9s destructrices.<\/p>\n<p class=\"bodytext\"><strong>b) Les parties interactives du site Internet de l&#8217;ICOM<\/strong><\/p>\n<p class=\"bodytext\">Le site Internet de l&#8217;ICOM peut pr\u00e9senter des tableaux d&#8217;affichage \u00e9lectronique, des forums, l&#8217;acc\u00e8s \u00e0 des listes de diffusion ou d\u2019autres outils servant \u00e0 envoyer des messages ou \u00e0 communiquer. Les avis, opinions et affirmations provenant de ces diverses sources d&#8217;information ne correspondent pas n\u00e9cessairement aux vues de l&#8217;ICOM. Lorsqu&#8217;il se sert de ces outils, l&#8217;utilisateur s&#8217;engage :(a) \u00e0 ne perp\u00e9trer aucune action diffamatoire, abusive, constitutive de harc\u00e8lement, mena\u00e7ante pour la vie priv\u00e9e ou violant de quelque mani\u00e8re que ce soit les droits de toute autre personne ; (b) \u00e0 ne pas publier, afficher, distribuer ni diss\u00e9miner des informations ou mat\u00e9riaux diffamatoires, obsc\u00e8nes, ind\u00e9cents, constituant une contrefa\u00e7on ou autrement illicites ; (c) \u00e0 ne pas t\u00e9l\u00e9charger ni transmettre des dossiers contenant des logiciels ou autres mat\u00e9riaux prot\u00e9g\u00e9s par la l\u00e9gislation sur la propri\u00e9t\u00e9 intellectuelle (ou le droit \u00e0 la vie priv\u00e9e) \u00e0 moins que l&#8217;utilisateur n&#8217;en poss\u00e8de ou n&#8217;en contr\u00f4le les droits ou qu&#8217;il n&#8217;ait re\u00e7u toutes les autorisations n\u00e9cessaires ;(d) \u00e0 ne pas t\u00e9l\u00e9charger ni transmettre des dossiers contenant des virus informatiques, des fichiers corrompus ou tout autre logiciel ou programme susceptibles d&#8217;endommager la fonctionnalit\u00e9 de l&#8217;ordinateur d&#8217;une autre personne ; (e) \u00e0 ne pas supprimer les r\u00e9f\u00e9rences \u00e0 l&#8217;auteur, avertissements l\u00e9gaux, noms de sp\u00e9cialit\u00e9 ou \u00e9tiquettes dans un dossier qui est t\u00e9l\u00e9charg\u00e9 ; (f) \u00e0 ne pas falsifier la source ou l&#8217;origine du logiciel ou de tout autre mat\u00e9riel contenu dans un dossier qui est t\u00e9l\u00e9charg\u00e9 ; (g) \u00e0 ne pas promouvoir ni offrir de vendre des biens et services, conduire ni faire suivre des enqu\u00eates, concours ou lettres en cha\u00eene ; et (h) \u00e0 ne t\u00e9l\u00e9charger aucune dossier fourni par un autre utilisateur et dont l&#8217;utilisateur sait, ou devrait raisonnablement savoir, qu&#8217;il ne peut \u00eatre distribu\u00e9 l\u00e9galement de cette mani\u00e8re. L&#8217;ICOM se r\u00e9serve le droit absolu de supprimer tout mat\u00e9riel affich\u00e9 sur son site Internet sans en informer pr\u00e9alablement l&#8217;utilisateur. L&#8217;ICOM d\u00e9cline toute responsabilit\u00e9 pour la conduite des utilisateurs en relation avec de tels outils ou pour tout mat\u00e9riau fourni par les utilisateurs et affich\u00e9 sur le site Internet de l&#8217;ICOM, y compris, par exemple, toute responsabilit\u00e9 concernant la fiabilit\u00e9 ou la v\u00e9racit\u00e9 des informations, donn\u00e9es, opinions, conseils ou d\u00e9clarations apparaissant dans les dits mat\u00e9riaux.<\/p>\n<p class=\"bodytext\"><strong>c) Les cookies<\/strong><\/p>\n<p class=\"bodytext\">Un cookie est une information qu\u2019un site internet conserve sur l\u2019ordinateur de l\u2019utilisateur et que le navigateur de l\u2019utilisateur fournit au site Internet chaque fois que le visiteur s\u2019y connecte. Le site Internet de l\u2019ICOM utilise des cookies afin d\u2019aider \u00e0 identifier les utilisateurs, leurs activit\u00e9s sur le site Internet de l\u2019ICOM et leurs pr\u00e9f\u00e9rences d\u2019acc\u00e8s. Les utilisateurs qui ne souhaitent pas conserver de cookies sur leurs ordinateurs peuvent modifier les pr\u00e9f\u00e9rences de leur navigateur pour que ce dernier ne les conserve pas. N\u00e9anmoins, certaines fonctions du site Internet de l\u2019ICOM, notamment dans la partie interactive du site, ne fonctionneront pas correctement sans l\u2019activation des cookies.<\/p>\n<h3 class=\"bodytext\">2. Les autres sites Internet<\/h3>\n<p class=\"bodytext\"><strong>a) Les liens sur le Site Internet de l\u2019ICOM<\/strong><\/p>\n<p class=\"bodytext\">Le site Internet de l&#8217;ICOM peut inclure des liens vers d&#8217;autres sites Internet sur lesquels l&#8217;ICOM n&#8217;exerce aucun contr\u00f4le. L&#8217;ICOM n&#8217;assume aucune responsabilit\u00e9 concernant ces sites Internet, y compris par exemple une quelconque responsabilit\u00e9 concernant la v\u00e9racit\u00e9 ou la fiabilit\u00e9 des informations, donn\u00e9es, opinions, conseils ou d\u00e9clarations publi\u00e9s sur ceux-ci.<\/p>\n<p class=\"bodytext\"><strong>b)\u00a0\u00a0 \u00a0Liens vers le site Internet de l\u2019ICOM<\/strong><\/p>\n<p class=\"bodytext\">L&#8217;ICOM remercie les utilisateurs de l\u2019int\u00e9r\u00eat qu\u2019ils portent \u00e0 son organisation en cr\u00e9ant un lien sur leurs sites Internet vers le site Internet de l\u2019ICOM. En ajoutant ce lien, ils expriment leur soutien aux missions de l\u2019ICOM. Si l\u2019utilisateur souhaite cr\u00e9er un lien avec le site Internet de l&#8217;ICOM, il est pri\u00e9 de contacter l\u2019ICOM pr\u00e9alablement afin de permettre un suivi administratif. Il peut alors cr\u00e9er un lien avec la page d&#8217;accueil ou avec une page au sein du Contenu. L&#8217;ICOM se r\u00e9serve le droit de refuser des liens \u00e0 tout instant. Dans ce cas, les gestionnaires des sites conviennent de supprimer le lien imm\u00e9diatement. De plus, l\u2019ICOM \u00e9tant une organisation \u00e0 but non lucratif, il ne permet pas la publication d\u2019un lien sur les pages commerciales des sites Internet. Enfin, l\u2019ICOM ne partage, n\u2019\u00e9change et ne publie pas de liens vers d\u2019autres sites Internet qui ne soient pas ses partenaires officiels.<\/p>\n<p class=\"bodytext\"><strong>3.\u00a0\u00a0 \u00a0Cartes et utilisation des noms<\/strong><\/p>\n<p class=\"bodytext\">L&#8217;utilisation d&#8217;un nom pr\u00e9cis pour d\u00e9signer un pays ou un territoire ainsi que les cartes sur ce site n&#8217;impliquent aucun jugement de la part de l&#8217;ICOM sur le statut l\u00e9gal de ce pays ou territoire, ni sur ses institutions ou les autorit\u00e9s qui le dirigent, ni sur la d\u00e9limitation de ses fronti\u00e8res. L\u2019ICOM s\u2019en r\u00e9f\u00e8re aux Etats membres des Nations Unies et \u00e0 la d\u00e9nomination qui leur y est reconnue. La mention du nom d\u2019une compagnie ou d\u2019un produit (qu&#8217;il soit ou non pr\u00e9cis\u00e9 qu&#8217;il s&#8217;agit d&#8217;une marque d\u00e9pos\u00e9e) n&#8217;implique en rien une intention de porter atteinte \u00e0 des droits de propri\u00e9t\u00e9 pas plus qu&#8217;elle ne peut \u00eatre interpr\u00e9t\u00e9e comme une promotion ou une recommandation de la part de l&#8217;ICOM.<\/p>\n<h3 class=\"bodytext\">4. POLITIQUE DE CONFIDENTIALITE DE L\u2019ICOM (Version \u00ab light \u00bb)<\/h3>\n<p class=\"bodytext\">L\u2019organisation ICOM est tr\u00e8s attach\u00e9e \u00e0 la protection des donn\u00e9es personnelles et de la vie priv\u00e9e.<\/p>\n<p class=\"bodytext\">Cette politique vous explique comment l\u2019ICOM traite et assure la protection les donn\u00e9es personnelles des visiteurs et utilisateurs du site\u00a0<a class=\"internal-link\" title=\"Opens internal link in current window\" href=\"http:\/\/icom.museum\/\">http:\/\/icom.museum<\/a>\u00a0.<\/p>\n<p>Afin de veiller au respect des dispositions de la loi n\u00b078-17 du 6 janvier 1978, l\u2019ICOM a d\u00e9sign\u00e9 un Correspondant Informatique et Libert\u00e9s (CIL).<\/p>\n<p>L\u2019ICOM veille \u00e0 traiter\u00a0 vos donn\u00e9es \u00e0 caract\u00e8re personnel dans le respect des principes suivants :<\/p>\n<p>Finalit\u00e9 sp\u00e9cifique du traitement : les donn\u00e9es \u00e0 caract\u00e8re personnel sont uniquement collect\u00e9es pour assurer et am\u00e9liorer le fonctionnement et l&#8217;utilisation du site internet et pour permettre \u00e0 l\u2019association de fonctionner conform\u00e9ment \u00e0 l\u2019objet d\u00e9fini dans ses statuts.<\/p>\n<p>Finalit\u00e9 ult\u00e9rieure du traitement : l\u2019ICOM n\u2019utilise pas les donn\u00e9es vous concernant \u00e0 d\u2019autres fins que celles d\u00e9finies dans ses statuts ou pour le fonctionnement du site internet. L\u2019ICOM ne commercialise en aucune mani\u00e8re ni ne divulgue \u00e0 des tiers les informations relatives aux membres et aux utilisateurs du site.<\/p>\n<p>Minimisation et proportionnalit\u00e9 : l\u2019ICOM ne collecte que les informations ad\u00e9quates, pertinentes et strictement n\u00e9cessaires au bon fonctionnement de l\u2019association et du site internet.<\/p>\n<p>Donn\u00e9es sensibles : l\u2019ICOM ne collecte jamais \u00e0 votre insu et sans votre consentement expr\u00e8s de donn\u00e9es qui font appara\u00eetre, directement ou indirectement, les origines raciales ou ethniques, les opinions politiques, philosophiques ou religieuses, l\u2019appartenance syndicale, l\u2019\u00e9tat de sant\u00e9 ou la vie sexuelle des personnes.<\/p>\n<p>Dur\u00e9e de conservation : l\u2019ICOM ne conserve pas les informations vous concernant au-del\u00e0 de la dur\u00e9e n\u00e9cessaire \u00e0 la r\u00e9alisation des finalit\u00e9s pour lesquelles elles ont \u00e9t\u00e9 collect\u00e9es.<\/p>\n<p>Information et transparence : vous disposez d\u2019un droit d\u2019acc\u00e8s aux donn\u00e9es vous concernant et trait\u00e9es par l\u2019ICOM. Vous avez le droit de faire rectifier ou supprimer les informations erron\u00e9es et de vous opposer \u00e0 ce qu\u2019elles soient enregistr\u00e9es dans un fichier.<br \/>\nE-mail : <span style=\"font-size: 10.0pt; font-family: 'Arial',sans-serif; color: black;\"><a href=\"mailto:rgpd@icom.museum\">rgpd@icom.museum<\/a><\/span><\/p>\n<p>Transferts hors Union Europ\u00e9enne (UE) : dans le cadre de son fonctionnement et en tant qu\u2019association \u00e0 vocation internationale,\u00a0 l\u2019ICOM\u00a0 peut \u00eatre amen\u00e9e \u00e0 transf\u00e9rer des donn\u00e9es personnelles vous concernant vers des organisations et des prestataires situ\u00e9s dans des Etats hors UE.<\/p>\n<p>S\u00e9curit\u00e9 des donn\u00e9es : l\u2019ICOM prend toutes pr\u00e9cautions utiles pour pr\u00e9server la s\u00e9curit\u00e9 des donn\u00e9es et notamment, emp\u00eacher qu\u2019elles ne soient d\u00e9form\u00e9es, endommag\u00e9es ou que des tiers non autoris\u00e9s y aient acc\u00e8s.<\/p>\n<p>Confidentialit\u00e9 des donn\u00e9es : l\u2019ICOM ne divulgue jamais vos informations en dehors de ses partenaires ou des tiers autoris\u00e9s par la loi.<\/p>\n<p class=\"bodytext\">Pour plus de d\u00e9tails nous vous invitons \u00e0 consulter le d\u00e9tail de notre\u00a0<b>politique de confidentialit\u00e9 &amp; cookies.<\/b><\/p>\n<h3 class=\"bodytext\">5. Copyright \u00a9 ICOM<\/h3>\n<p class=\"bodytext\"><strong>a) Le nom ICOM &#8211; Conseil international des mus\u00e9es<\/strong><\/p>\n<p class=\"bodytext\">L&#8217;ICOM a la propri\u00e9t\u00e9 exclusive de son nom et de son logo. La marque complexe ICOM &#8211; Conseil international des mus\u00e9es \u2013 International Council of Museums \u2013 Consejo internacional de los museos b\u00e9n\u00e9ficie des droits octroy\u00e9s par son enregistrement aupr\u00e8s de l\u2019Office de l\u2019harmonisation dans le march\u00e9 int\u00e9rieur (OHMI). Le nom et le logo de l\u2019ICOM ne peuvent en aucun cas \u00eatre copi\u00e9s ou reproduits sans permission \u00e9crite pr\u00e9alable de l&#8217;ICOM. Toute demande d&#8217;autorisation doit \u00eatre envoy\u00e9e \u00e0 l\u2019ICOM en utilisant le formulaire pr\u00e9vu \u00e0 cet effet.<\/p>\n<p class=\"bodytext\"><strong>b) Les cr\u00e9dits photo et les publications<\/strong><br \/>\nL&#8217;ICOM propose des informations sur Internet essentiellement \u00e0 l&#8217;intention des personnes int\u00e9ress\u00e9es par ses efforts pour garantir la pr\u00e9servation, la conservation et la transmission des biens culturels. Si l\u2019utilisateur souhaite s\u2019inspirer de ces informations, les reproduire, les publier ou les traduire pour les diffuser plus largement, il doit envoyer un courrier \u00e9lectronique en utilisant le formulaire en ligne avec les d\u00e9tails de l&#8217;utilisation qu\u2019il projette, notamment la nature et la taille du public vis\u00e9. L&#8217;emploi du mat\u00e9riel que l\u2019ICOM pr\u00e9sent sur Internet dans quelque but que ce soit est interdit sans approbation pr\u00e9alable. L\u2019ICOM r\u00e9serve tous ses droits sur ses publications, leur charte graphique et leur contenu ainsi que sur son site Internet, son Contenu et sa charte graphique.<\/p>\n<h3 class=\"bodytext\">6.\u00a0\u00a0 \u00a0Cr\u00e9dits photos<\/h3>\n<p class=\"bodytext\">\u00a0L\u2019ICOM remercie l\u2019ensemble des personnes et des organismes qui ont contribu\u00e9 au site Internet. En l\u2019absence de mention contraire, les photographies pr\u00e9sent\u00e9es sur le site Internet sont la propri\u00e9t\u00e9 de l\u2019ICOM. Tous droits r\u00e9serv\u00e9s. Toute reproduction d\u2019une ou de plusieurs photographies non autoris\u00e9e par le d\u00e9tenteur des droits est interdite par la loi.<\/p>\n","protected":false},"excerpt":{"rendered":"<p>En se connectant \u00e0 ce site, icom.museum et \u00e0 toutes les pages de ce domaine (ci-apr\u00e8s d\u00e9nomm\u00e9s collectivement le \u00ab site Internet de l&#8217;ICOM \u00bb), l&#8217;utilisateur accepte les termes et conditions qui suivent. Le Conseil international des mus\u00e9es (ci-apr\u00e8s, \u00ab ICOM \u00bb) se r\u00e9serve le droit d&#8217;invoquer toute voie de recours pr\u00e9vue par la loi [&hellip;]<\/p>\n","protected":false},"author":1,"featured_media":0,"parent":0,"menu_order":0,"comment_status":"closed","ping_status":"closed","template":"","meta":{"footnotes":""},"yst_prominent_words":[],"acf":[],"_links":{"self":[{"href":"https:\/\/avicom.mini.icom.museum\/fr\/wp-json\/wp\/v2\/pages\/124"}],"collection":[{"href":"https:\/\/avicom.mini.icom.museum\/fr\/wp-json\/wp\/v2\/pages"}],"about":[{"href":"https:\/\/avicom.mini.icom.museum\/fr\/wp-json\/wp\/v2\/types\/page"}],"author":[{"embeddable":true,"href":"https:\/\/avicom.mini.icom.museum\/fr\/wp-json\/wp\/v2\/users\/1"}],"replies":[{"embeddable":true,"href":"https:\/\/avicom.mini.icom.museum\/fr\/wp-json\/wp\/v2\/comments?post=124"}],"version-history":[{"count":2,"href":"https:\/\/avicom.mini.icom.museum\/fr\/wp-json\/wp\/v2\/pages\/124\/revisions"}],"predecessor-version":[{"id":2097,"href":"https:\/\/avicom.mini.icom.museum\/fr\/wp-json\/wp\/v2\/pages\/124\/revisions\/2097"}],"wp:attachment":[{"href":"https:\/\/avicom.mini.icom.museum\/fr\/wp-json\/wp\/v2\/media?parent=124"}],"wp:term":[{"taxonomy":"yst_prominent_words","embeddable":true,"href":"https:\/\/avicom.mini.icom.museum\/fr\/wp-json\/wp\/v2\/yst_prominent_words?post=124"}],"curies":[{"name":"wp","href":"https:\/\/api.w.org\/{rel}","templated":true}]}}