{"id":1256,"date":"2019-01-03T20:40:54","date_gmt":"2019-01-03T20:40:54","guid":{"rendered":"http:\/\/avicom.icom.cust.oxymium.net\/archives\/2009-2\/constitution-du-jury-international\/"},"modified":"2019-01-03T20:46:12","modified_gmt":"2019-01-03T20:46:12","slug":"constitution-du-jury-international","status":"publish","type":"page","link":"https:\/\/avicom.mini.icom.museum\/fr\/archives\/2009-2\/constitution-du-jury-international\/","title":{"rendered":"Constitution du jury international"},"content":{"rendered":"<div id=\"RTE_CONTENT\"> <!--TYPO3SEARCH_begin--> \t<!--  CONTENT ELEMENT, uid:5976\/textpic [begin] --> \t\t<\/p>\n<div id=\"c5976\"> \t\t<!--  Header: [begin] --> \t\t\t<\/p>\n<h2>Archives<\/h2>\n<p> \t\t<!--  Header: [end] --> \t\t\t \t\t<!--  Image block: [begin] --> \t\t\t<\/p>\n<div>\n<div><img decoding=\"async\" src=\"http:\/\/avicom.mini.icom.museum\/wp-content\/uploads\/sites\/3\/2019\/01\/logo_fiamp_28.jpg\" alt=\"\"><\/div>\n<div> \t\t<!--  Text: [begin] --> \t\t\t<\/p>\n<h2>FIAMP.2009<\/h2>\n<h3>Turin, Italie<\/h3>\n<p>Le Jury s&#8217;\u00e9tait r\u00e9uni d\u00e9but d\u00e9cembre au Laboratoire Multim\u00e9dia &#8220;Guido Quazza&#8221; de la Facult\u00e9 des Sciences de l&#8217;Information de l&#8217;Universit\u00e9 de Turin.  <\/p>\n<p>Il \u00e9tait constitu\u00e9 par :<\/p>\n<ul>\n<li>\n<p><b>Giuseppe CALOPRESTI <\/b>\u2013 R\u00e9gion du Pi\u00e9mont &#8211; Expert<\/p>\n<\/li>\n<li>\n<p><b>Simona CARACENI<\/b> \u2013 Professeur Multimedia &#8211; Milan<\/p>\n<\/li>\n<li>\n<p><b>Marie-Fran\u00e7oise DELVALI<\/b> \u2013 Pr\u00e9sident AVICOM<\/p>\n<\/li>\n<li>\n<p><b>Alex DONADIO<\/b> \u2013 Sc\u00e9nographe &#8211; Ind\u00e9pendant<\/p>\n<\/li>\n<li>\n<p><b>Daniele JALLA<\/b> \u2013 ICOM Italia &#8211; Pr\u00e9sident<\/p>\n<\/li>\n<li>\n<p><b>H\u00e9l\u00e8ne LENG<\/b> \u2013 Professeur FLE &#8211; Libraire Turin<\/p>\n<\/li>\n<li>\n<p><b>Nello RASSU<\/b> \u2013 Universit\u00e9 de Turin &#8211; Expert<\/p>\n<\/li>\n<li>\n<p><b>Caterina THELLUNG<\/b> \u2013 Ville de Turin \u2013 Conservateur<\/p>\n<\/li>\n<li>\n<p><b>Marco TONON<\/b> \u2013 ICOM Italia &#8211; Ancien Pr\u00e9sident d\u2019AVICOM<\/p>\n<\/li>\n<li>\n<p><b>Enrico VERRA<\/b> \u2013 R\u00e9alisateur cin\u00e9matographique Ind\u00e9pendant<\/p>\n<\/li>\n<li>\n<p><b>Alessandro UCCELLI<\/b> &#8211; Etudiant, Universit\u00e9 de Turin.<\/p>\n<\/li>\n<li>    <b>Federica GANDOLFI<\/b> &#8211; Assistante<\/li>\n<\/ul>\n<p>\u00a0<\/p>\n<p><img decoding=\"async\" src=\"http:\/\/avicom.mini.icom.museum\/wp-content\/uploads\/sites\/3\/2019\/01\/RTEmagicC_barre_fiamp2009_400px.jpg.jpg\" alt=\"FIAMP.2009\"><\/p>\n<p>\u00a0<\/p>\n<h3>T\u00e9l\u00e9charger <\/h3>\n<ul>\n<li> <b><a href=\"http:\/\/avicom.mini.icom.museum\/wp-content\/uploads\/sites\/3\/2019\/01\/fiamp2009_palmares_fr.pdf\" title=\"fiamp2009_palmares_fr.pdf (511 KB)\" target=\"_blank\">le palmar\u00e8s PDF<\/a><\/b> (PDF) <\/li>\n<li> <b><a href=\"http:\/\/avicom.mini.icom.museum\/wp-content\/uploads\/sites\/3\/2019\/01\/avicom_slide_loop.pdf\" title=\"avicom_slide_loop.pdf (2.3 MB)\" target=\"_blank\">cr\u00e9ation des troph\u00e9es<\/a><\/b> (PDF) <\/li>\n<\/ul>\n<p> <!--  Text: [end] --> <\/div>\n<\/p><\/div>\n<div><!-- --><\/div>\n<p> \t\t<!--  Image block: [end] --> \t\t\t   \t<!--  \t\tBEGIN: Content of extension \"hpo_relatedlink\", plugin \"tx_hporelatedlink_pi1\"  \t--> \t<\/p>\n<div> \t\t \t<\/div>\n<p> \t \t<!-- END: Content of extension \"hpo_relatedlink\", plugin \"tx_hporelatedlink_pi1\" -->  \t<\/div>\n<p> \t<!--  CONTENT ELEMENT, uid:5976\/textpic [end] --> \t\t<!--TYPO3SEARCH_end--> <\/div>\n","protected":false},"excerpt":{"rendered":"<p>Archives FIAMP.2009 Turin, Italie Le Jury s&#8217;\u00e9tait r\u00e9uni d\u00e9but d\u00e9cembre au Laboratoire Multim\u00e9dia &#8220;Guido Quazza&#8221; de la Facult\u00e9 des Sciences de l&#8217;Information de l&#8217;Universit\u00e9 de Turin. Il \u00e9tait constitu\u00e9 par : Giuseppe CALOPRESTI \u2013 R\u00e9gion du Pi\u00e9mont &#8211; Expert Simona CARACENI \u2013 Professeur Multimedia &#8211; Milan Marie-Fran\u00e7oise DELVALI \u2013 Pr\u00e9sident AVICOM Alex DONADIO \u2013 Sc\u00e9nographe [&hellip;]<\/p>\n","protected":false},"author":1,"featured_media":0,"parent":624,"menu_order":1,"comment_status":"closed","ping_status":"closed","template":"","meta":{"footnotes":""},"yst_prominent_words":[],"acf":[],"_links":{"self":[{"href":"https:\/\/avicom.mini.icom.museum\/fr\/wp-json\/wp\/v2\/pages\/1256"}],"collection":[{"href":"https:\/\/avicom.mini.icom.museum\/fr\/wp-json\/wp\/v2\/pages"}],"about":[{"href":"https:\/\/avicom.mini.icom.museum\/fr\/wp-json\/wp\/v2\/types\/page"}],"author":[{"embeddable":true,"href":"https:\/\/avicom.mini.icom.museum\/fr\/wp-json\/wp\/v2\/users\/1"}],"replies":[{"embeddable":true,"href":"https:\/\/avicom.mini.icom.museum\/fr\/wp-json\/wp\/v2\/comments?post=1256"}],"version-history":[{"count":1,"href":"https:\/\/avicom.mini.icom.museum\/fr\/wp-json\/wp\/v2\/pages\/1256\/revisions"}],"predecessor-version":[{"id":1999,"href":"https:\/\/avicom.mini.icom.museum\/fr\/wp-json\/wp\/v2\/pages\/1256\/revisions\/1999"}],"up":[{"embeddable":true,"href":"https:\/\/avicom.mini.icom.museum\/fr\/wp-json\/wp\/v2\/pages\/624"}],"wp:attachment":[{"href":"https:\/\/avicom.mini.icom.museum\/fr\/wp-json\/wp\/v2\/media?parent=1256"}],"wp:term":[{"taxonomy":"yst_prominent_words","embeddable":true,"href":"https:\/\/avicom.mini.icom.museum\/fr\/wp-json\/wp\/v2\/yst_prominent_words?post=1256"}],"curies":[{"name":"wp","href":"https:\/\/api.w.org\/{rel}","templated":true}]}}