{"id":1266,"date":"2019-01-03T20:40:57","date_gmt":"2019-01-03T20:40:57","guid":{"rendered":"http:\/\/avicom.icom.cust.oxymium.net\/archives\/2009-2\/liste-des-productions-et-institutions-inscrites-a-la-competition\/"},"modified":"2019-01-03T20:46:11","modified_gmt":"2019-01-03T20:46:11","slug":"liste-des-productions-et-institutions-inscrites-a-la-competition","status":"publish","type":"page","link":"https:\/\/avicom.mini.icom.museum\/fr\/archives\/2009-2\/liste-des-productions-et-institutions-inscrites-a-la-competition\/","title":{"rendered":"Liste des productions et institutions inscrites \u00e0 la comp\u00e9tition"},"content":{"rendered":"<div id=\"RTE_CONTENT\"> <!--TYPO3SEARCH_begin--> \t<!--  CONTENT ELEMENT, uid:5978\/textpic [begin] --> \t\t<\/p>\n<div id=\"c5978\"> \t\t<!--  Header: [begin] --> \t\t\t<\/p>\n<h2>Archives<\/h2>\n<p> \t\t<!--  Header: [end] --> \t\t\t \t\t<!--  Image block: [begin] --> \t\t\t<\/p>\n<div>\n<div><img decoding=\"async\" src=\"http:\/\/avicom.mini.icom.museum\/wp-content\/uploads\/sites\/3\/2019\/01\/logo_fiamp_30.jpg\" alt=\"\"><\/div>\n<div> \t\t<!--  Text: [begin] --> \t\t\t<\/p>\n<h2>FIAMP.2009<\/h2>\n<h3>Turin, Italie   <\/h3>\n<h2>Audiovisuels<\/h2>\n<h3>Long M\u00e9trage (30mn \u00e0 +)<\/h3>\n<ul>\n<li>\n<p>Egdal Arkiver og Museum, Danemark<br \/>       &#8220;The moving earth&#8221; (52mn) <\/p>\n<\/li>\n<li>\n<p>Studio Vrtinec d.o.o, Slovenie<br \/>       &#8220;The sound of Divje Babe&#8221; (39mn) <\/p>\n<\/li>\n<li>\n<p>MP Mirabilia SRL, Italie<br \/>       &#8220;Viaggio in Molise &#8211; Stagioni della Festa&#8221; (38mn)<\/p>\n<\/li>\n<li>\n<p>Museo Nazional della Scienza Leonardo da Vinci, Italie<br \/>       &#8220;A place for Citizenship&#8221; (40mn) <\/p>\n<\/li>\n<li>\n<p>SVO mus\u00e9e du Luxembourg, France <br \/>       &#8220;Arcimboldo&#8221; (1h30)<\/p>\n<\/li>\n<li>\n<p>SVO mus\u00e9e du Luxembourg, France <br \/>       &#8220;Vlaminck&#8221; (1h30)<\/p>\n<\/li>\n<li>\n<p>SVO mus\u00e9e du Luxembourg, France <br \/>       &#8220;De Miro \u00e0 Warhol&#8221; (1h30)<\/p>\n<\/li>\n<li>\n<p>SVO mus\u00e9e du Luxembourg, France <br \/>       &#8220;Lippi, la renaissance \u00e0 Prato&#8221; (1h30)<\/p>\n<\/li>\n<li>\n<p>TRG Mazwania 14, Croatie <br \/>       &#8220;Traditional croatian children&#8217;s toys&#8221; (32mn) <\/p>\n<\/li>\n<li>\n<p>Mus\u00e9e de l&#8217;histoire, Russie<br \/>       &#8220;Contrairement     \u00e0 tout&#8221; (34mn) <\/p>\n<\/li>\n<li>\n<p>Videodocu Documentazioni SNC, Italie <br \/>       &#8220;La vita chiusa&#8221; (38mn) <\/p>\n<\/li>\n<li>\n<p>Museo dei Precinema, Italie<br \/>       &#8220;La vita de Giacomo Casanova&#8221; (60mn) <\/p>\n<\/li>\n<li>\n<p>National Palace Museum, Taiwan ROC<br \/>       &#8220;Inside : the Emperor&#8217;s Treasure&#8221; (46mn) <\/p>\n<\/li>\n<li>\n<p>Museo Nazional della Scienza Leonardo da Vinci, Italie<br \/>       &#8220;Aldila del mare&#8221; (54mn) <\/p>\n<\/li>\n<li> Mus\u00e9e de la Blackitude, Cameroun<br \/>     &#8220;Cameroun au c\u0153ur des JIM 2009&#8221; (52mn)<\/li>\n<\/ul>\n<p>\u00a0<\/p>\n<h3>Moyen M\u00e9trage (10 \u00e0 30mn)<\/h3>\n<ul>\n<li>\n<p>Opera del Duomo di Orvieto, Italie<br \/>       &#8220;MODO \u2013 il duomo e le sue porte&#8221; (24mn)<\/p>\n<\/li>\n<li>\n<p>Museo degli Usi e Costumi Gente Trentina, Italie <br \/>       &#8220;Carnival King of Europe&#8221; (22mn) <\/p>\n<\/li>\n<li>\n<p>Studio Vrtinec d.o.o, Slovenia<br \/>       &#8220;Iron Route&#8221; (27mn) <\/p>\n<\/li>\n<li>\n<p>Mus\u00e9e de Pr\u00e9histoire, France<br \/>       &#8220;Trajet d&#8217;un amateur&#8221; (18mn) <\/p>\n<\/li>\n<li>\n<p>Hrvatski Muzej Naivne Umjetnosti, Croatia<br \/>       &#8220;Kljuc Srece \u2013 the key of happiness&#8221; (23mn)<\/p>\n<\/li>\n<li>\n<p>Museo Villa dei Cedri, Suisse<br \/>       &#8220;Villa dei Cedri : architettura sentimentale&#8221; (18mn) <\/p>\n<\/li>\n<li>\n<p>Basque Museum of Bilbao, Espagne<br \/>       &#8220;The Basque game of Pelota&#8221; (11mn) <\/p>\n<\/li>\n<li>\n<p>Centro di dialettologia e di etnografia, Italie<br \/>       &#8220;Il cappello di feltro&#8221; (15mn) <\/p>\n<\/li>\n<li>\n<p>Histotu Trust of South Australia, Australie<br \/>       &#8220;Defining Times&#8221; (15mn) <\/p>\n<\/li>\n<li>\n<p>Typhlolohical Museum, Croatie<br \/>       &#8220;A day at the National Institut for Education of blind children&#8221; (12mn38) <\/p>\n<\/li>\n<li>\n<p>Videodocu Documentazioni, Italie<br \/>       &#8220;Il bello e la divulgazione della Scienza&#8221; (18mn) <\/p>\n<\/li>\n<li>\n<p>Museo of Cultural History, Norv\u00e8ge<br \/>       &#8220;Four pilgrim stories&#8221; (15mn) <\/p>\n<\/li>\n<li>\n<p>Preto e Branco, Br\u00e9sil<br \/>       &#8220;A obra de Antonio Francisco Lisboa, o Aleijadinho&#8221; (14mn30) <\/p>\n<\/li>\n<li>\n<p>Mus\u00e9e de la Blackitude, Cameroun<br \/>       &#8220;La Blackitude en claire&#8221; (26mn) <\/p>\n<\/li>\n<li> Museo of Cultural History, Norv\u00e8ge<br \/>     &#8220;Filo&#8221; (15mn) <\/li>\n<\/ul>\n<p>\u00a0<\/p>\n<h3>Court M\u00e9trage (\u00e0 10mn)<\/h3>\n<ul>\n<li>\n<p>Museo Nazional della Scienza Leonardo da Vinci, Italie<br \/>       &#8220;Chi lo fa e chi lo sa ?&#8221; (5mn30) <\/p>\n<\/li>\n<li>\n<p>Centro di dialettologia e di Etnografia, Italie <br \/>       &#8220;Vite raccontate&#8221; (9mn54) <\/p>\n<\/li>\n<li>\n<p>Preto e Branco, Br\u00e9sil <br \/>       &#8220;Memorial da resistencia&#8221; (3mn35)<\/p>\n<\/li>\n<li>\n<p>Preto e Branco, Br\u00e9sil<br \/>       &#8220;O universo do cordel&#8221; (4mn50) <\/p>\n<\/li>\n<li>\n<p>Lorenzo Ferrari Arpicini, Italie<br \/>       &#8220;Galleria d&#8217;Arte Moderna &#8211; Milano&#8221; (2mn17)<\/p>\n<\/li>\n<li>\n<p>Typhlolohical Museum, Croatie<br \/>       &#8220;Sanja Falisevac deaf-blind sculptress&#8221; (7mn21) <\/p>\n<\/li>\n<li>\n<p>Museo Civico, commune di Bracciano, Italie<br \/>       &#8220;Paolo e Isabella&#8221; (7mn59)<\/p>\n<\/li>\n<li>\n<p>Legambiente Abruzzo (association), Italie<br \/>       &#8220;Terra Madre Abruzzo&#8221; (6mn) <\/p>\n<\/li>\n<li>\n<p>Legambiente Abruzzo (association), Italie<br \/>       &#8220;Legambiente per l&#8217;Aquila&#8221; (6mn)<\/p>\n<\/li>\n<\/ul>\n<p>\u00a0<\/p>\n<p><b><b><b>R\u00e9partition :<\/b><\/b><\/b><\/p>\n<ul>\n<li> Long : 15 \/ 5 Italie, Danemark, Slov\u00e9nie, 4 France Croatie, Russie, Taiwan, Cameroun<\/li>\n<li> Moyen : 15 \/ 4 Italie, Slov\u00e9nie, France, 2 Croatie, Suisse, Espagne, Australie, 2 Norv\u00e8ge, Br\u00e9sil, Cameroun<\/li>\n<li> Court : 9 \/ 6 Italie, 2 Br\u00e9sil, Croatie<\/li>\n<li> Total : 39 audiovisuels \u2013 13 pays<\/li>\n<\/ul>\n<h2>Multim\u00e9dias <\/h2>\n<h3>CD-ROM<\/h3>\n<ul>\n<li>\n<p>Sistemas do Futuro, Portugal<br \/>       &#8220;Vila dos oleiros&#8221; <\/p>\n<\/li>\n<li>\n<p>Sistemas do Futuro, Portugal<br \/>       &#8220;Let&#8217;s get to know the Orient with Saint Francis Xavier&#8221;<\/p>\n<\/li>\n<li>\n<p>Novena, Croatie<br \/>       &#8220;Milivoj Uzelac 1897-1977&#8221;<\/p>\n<\/li>\n<li>\n<p>Novena, Croatie<br \/>       &#8220;Solin&#8221;<\/p>\n<\/li>\n<li>\n<p>Novena, Croatie<br \/>       &#8220;Rembrandt, graphics&#8221;<\/p>\n<\/li>\n<li>\n<p>City of Prague Museum, R\u00e9p. Tcheque<br \/>       &#8220;The Langweil&#8217;s Model Adventure&#8221;<\/p>\n<\/li>\n<li>\n<p>City of Prague Museum, R\u00e9p. Tcheque<br \/>       &#8220;Virtual flight over the Langweil&#8217;s model of Prague&#8221;<\/p>\n<\/li>\n<li>\n<p>DD Studio, Latvia <br \/>       &#8220;The popular front of Latvia : living history&#8221;<\/p>\n<\/li>\n<li>\n<p>Institut des R\u00e9gions Arides, Tun\u00e9sie<br \/>       &#8220;Panorama des Gsour dans le sud-est tunisien&#8221;<\/p>\n<\/li>\n<li>\n<p>Provencia di Mantova, Italie <br \/>       &#8220;Mantova Nell&#8217;eta dei Canossa&#8221;<\/p>\n<\/li>\n<li> Systemas di Futuro, gestao e arte, Portugal <br \/>     &#8220;National railway Museum&#8221; (<i>Audioguide multim\u00e9dia<\/i> <i>pour iPod<\/i>)<\/li>\n<\/ul>\n<p>\u00a0<\/p>\n<p><b><b><b>R\u00e9partition : <\/b><\/b><\/b>11 CD-Rom \/ 3 Croatie, 3 Portugal, 2 R\u00e9public tch\u00e8que, Latvia, Tun\u00e9sie, Italie <\/p>\n<h2>Bornes interactives <\/h2>\n<ul>\n<li>\n<p>DD Studio &#8211; Latvia<br \/>       &#8220;Interactive map of gulag&#8221;<\/p>\n<\/li>\n<li>\n<p>National Museum of Australie &#8211; Australie<br \/>       &#8220;European voyages to the australian continent&#8221;<\/p>\n<\/li>\n<li>\n<p>National Museum of Australie &#8211; Australie<br \/>       &#8220;Little Red Riding Hood&#8221;<\/p>\n<\/li>\n<li>\n<p>National Museum of Australie &#8211; Australie<br \/>       &#8220;Cricketing journeys to and from Australia&#8221;<\/p>\n<\/li>\n<li> Vilau Media SL (priv\u00e9) &#8211; Espagne<br \/>     &#8220;Igartubeiti &#8211; Centre of interpretation of the ancient basque forhouse&#8221; (projet)<\/li>\n<\/ul>\n<p>\u00a0<\/p>\n<p><b><b><b>R\u00e9partition : <\/b><\/b><\/b>5 bornes \/ 3 Australie, Latvia, Espagne \/ une borne ne correspond pas aux crit\u00e8res. <\/p>\n<h2>Sites Web <\/h2>\n<ul>\n<li>\n<p>Museo degli usi e costumi Gente Trentina &#8211; Italie<br \/><a href=\"http:\/\/www.carnivalkingofeurope.it\" target=\"_blank\">Carnival King of Europe<\/a><\/p>\n<\/li>\n<li>\n<p>Mission Recherche et Technologie du minist\u00e8re de la Culture &#8211; France <br \/><a href=\"http:\/\/www.lascaux.culture.fr\" target=\"_blank\">Lascaux<\/a><\/p>\n<\/li>\n<li>\n<p>Museum Volkenkunde &#8211; Pays Bas<br \/><a href=\"http:\/\/masterpieces.asemus.museum\/\" target=\"_blank\">Virtual collection of masterpices CVCM<\/a><\/p>\n<\/li>\n<li>\n<p>Mus\u00e9e des Beaux-Arts du Canada &#8211; Canada<br \/><a href=\"http:\/\/cybermuse.ca\/veronese\" target=\"_blank\">Paolo Veronese et le retable petrobelli<\/a><\/p>\n<\/li>\n<li>\n<p>Mus\u00e9e de la Civilisation &#8211; Canada<br \/><a href=\"http:\/\/www.warmuseum.ca\/firstworldwar\" target=\"_blank\">Canada and the first World War<\/a><\/p>\n<\/li>\n<li>\n<p>National Palace Museum &#8211; Taiwan ROC<br \/><a href=\"http:\/\/elearning.npm.gov.tw\/jade\/en\/\" target=\"_blank\">NPM E-Learning Course : Chinese Jade<\/a><\/p>\n<\/li>\n<li>\n<p>Hyptique Interactif Design Bureau &#8211; France<br \/><a href=\"http:\/\/www.charpentiers.culture.fr\/\" target=\"_blank\">Charpentiers<\/a><\/p>\n<\/li>\n<li>\n<p>Centro on line Storia e Cultura dell&#8217;Industria &#8211; Italie<br \/><a href=\"http:\/\/www.storiaindustria.it\" target=\"_blank\">Centro on line Storia e Cultura dell&#8217;Industria<\/a><\/p>\n<\/li>\n<li> Catalogazione informatica del beni culturali &#8211; Italie<br \/><a href=\"http:\/\/www.cibec.unimore.it\" target=\"_blank\">Master in catalogazione informatica del beni culturali<\/a> <\/li>\n<\/ul>\n<p>\u00a0<\/p>\n<p><b>R<b><b>\u00e9partition : <\/b><\/b><\/b>7 sites web \/ 1 Italie, 2 Canada, 1 France,1 Netherlands, 1 Taiwan, 2 sites hors comp\u00e9tition (ne correspondent pas aux crit\u00e8res de s\u00e9lection) <\/p>\n<p>\u00a0<\/p>\n<p><img decoding=\"async\" src=\"http:\/\/avicom.mini.icom.museum\/wp-content\/uploads\/sites\/3\/2019\/01\/RTEmagicC_jury_2009.jpg.jpg\" alt=\"Jury 2009\"><\/p>\n<p> \t\t<!--  Text: [end] --> \t\t\t<\/div>\n<\/p><\/div>\n<div><!-- --><\/div>\n<p> \t\t<!--  Image block: [end] --> \t\t\t   \t<!--  \t\tBEGIN: Content of extension \"hpo_relatedlink\", plugin \"tx_hporelatedlink_pi1\"  \t--> \t<\/p>\n<div> \t\t \t<\/div>\n<p> \t \t<!-- END: Content of extension \"hpo_relatedlink\", plugin \"tx_hporelatedlink_pi1\" -->  \t<\/div>\n<p> \t<!--  CONTENT ELEMENT, uid:5978\/textpic [end] --> \t\t<!--TYPO3SEARCH_end--> <\/div>\n","protected":false},"excerpt":{"rendered":"<p>Archives FIAMP.2009 Turin, Italie Audiovisuels Long M\u00e9trage (30mn \u00e0 +) Egdal Arkiver og Museum, Danemark &#8220;The moving earth&#8221; (52mn) Studio Vrtinec d.o.o, Slovenie &#8220;The sound of Divje Babe&#8221; (39mn) MP Mirabilia SRL, Italie &#8220;Viaggio in Molise &#8211; Stagioni della Festa&#8221; (38mn) Museo Nazional della Scienza Leonardo da Vinci, Italie &#8220;A place for Citizenship&#8221; (40mn) SVO [&hellip;]<\/p>\n","protected":false},"author":1,"featured_media":0,"parent":624,"menu_order":2,"comment_status":"closed","ping_status":"closed","template":"","meta":{"footnotes":""},"yst_prominent_words":[],"acf":[],"_links":{"self":[{"href":"https:\/\/avicom.mini.icom.museum\/fr\/wp-json\/wp\/v2\/pages\/1266"}],"collection":[{"href":"https:\/\/avicom.mini.icom.museum\/fr\/wp-json\/wp\/v2\/pages"}],"about":[{"href":"https:\/\/avicom.mini.icom.museum\/fr\/wp-json\/wp\/v2\/types\/page"}],"author":[{"embeddable":true,"href":"https:\/\/avicom.mini.icom.museum\/fr\/wp-json\/wp\/v2\/users\/1"}],"replies":[{"embeddable":true,"href":"https:\/\/avicom.mini.icom.museum\/fr\/wp-json\/wp\/v2\/comments?post=1266"}],"version-history":[{"count":1,"href":"https:\/\/avicom.mini.icom.museum\/fr\/wp-json\/wp\/v2\/pages\/1266\/revisions"}],"predecessor-version":[{"id":1998,"href":"https:\/\/avicom.mini.icom.museum\/fr\/wp-json\/wp\/v2\/pages\/1266\/revisions\/1998"}],"up":[{"embeddable":true,"href":"https:\/\/avicom.mini.icom.museum\/fr\/wp-json\/wp\/v2\/pages\/624"}],"wp:attachment":[{"href":"https:\/\/avicom.mini.icom.museum\/fr\/wp-json\/wp\/v2\/media?parent=1266"}],"wp:term":[{"taxonomy":"yst_prominent_words","embeddable":true,"href":"https:\/\/avicom.mini.icom.museum\/fr\/wp-json\/wp\/v2\/yst_prominent_words?post=1266"}],"curies":[{"name":"wp","href":"https:\/\/api.w.org\/{rel}","templated":true}]}}