{"id":1336,"date":"2019-01-03T20:41:32","date_gmt":"2019-01-03T20:41:32","guid":{"rendered":"http:\/\/avicom.icom.cust.oxymium.net\/archives\/2008-2\/le-mot-de-la-presidente-2\/"},"modified":"2019-01-03T20:46:09","modified_gmt":"2019-01-03T20:46:09","slug":"le-mot-de-la-presidente-2","status":"publish","type":"page","link":"https:\/\/avicom.mini.icom.museum\/fr\/archives\/2008-2\/le-mot-de-la-presidente-2\/","title":{"rendered":"Le mot de la Pr\u00e9sidente"},"content":{"rendered":"<div id=\"RTE_CONTENT\"> <!--TYPO3SEARCH_begin--> \t<!--  CONTENT ELEMENT, uid:6000\/textpic [begin] --> \t\t<\/p>\n<div id=\"c6000\"> \t\t<!--  Header: [begin] --> \t\t\t<\/p>\n<h2>Archives<\/h2>\n<p> \t\t<!--  Header: [end] --> \t\t\t \t\t<!--  Image block: [begin] --> \t\t\t<\/p>\n<div>\n<div><img decoding=\"async\" src=\"http:\/\/avicom.mini.icom.museum\/wp-content\/uploads\/sites\/3\/2019\/01\/marie-francoise_delval_08.jpg\" alt=\"\"><\/div>\n<div> \t\t<!--  Text: [begin] --> \t\t\t<\/p>\n<h2>FIAMP.2008<\/h2>\n<h3>Gatineau-Ottawa, Canada, 16 au 17 octobre 2008 <\/h3>\n<p>J&#8217;ai le plaisir de vous informer que l&#8217;\u00e9dition <a href=\"http:\/\/www.learningtimes.net\/fiamp\/index_fr.html\" target=\"_blank\">2008 du Fiamp<\/a> s&#8217;est d\u00e9roul\u00e9e du 16 au 17 octobre \u00e0 Gatineau-Ottawa, au Canada. Les membres canadiens du Bureau d&#8217;AVICOM, Louise, Alain et Eric, se sont investis pour son organisation, et pour vous proposer des activit\u00e9s susceptibles de vous int\u00e9resser au plus haut point,\u00a0 avec l&#8217;aide de nos partenaires, le R\u00e9seau canadien d&#8217;information sur le patrimoine (RCIP),\u00a0 l&#8217;\u00c9cole multidisciplinaire de l&#8217;image de l&#8217;UQO, et Id\u00e9eclic. <\/p>\n<p>   Les festivaliers nombreux ont pu visionner les productions inscrites \u00e0 la comp\u00e9tition de Festival et retenues dans la &#8220;S\u00e9lection Officielle&#8221; soumise au jury international et assister \u00e0 la c\u00e9r\u00e9monie de remise des troph\u00e9es aux laur\u00e9ats, l&#8217;AVICOM Awards.<\/p>\n<p>   Ils ont aussi particip\u00e9 aux conf\u00e9rences et tables rondes sur le th\u00e8me &#8220;La cybermus\u00e9ologie : une approche mus\u00e9ale contemporaine&#8221; qui ont donn\u00e9 tribune aux orateurs venant t\u00e9moigner de l&#8217;\u00e9volution des technologies utilis\u00e9es et d\u00e9velopp\u00e9es par et pour le Web et les nouveaux m\u00e9dias, et qui nous forcent irr\u00e9versiblement \u00e0 revoir la fa\u00e7on dont nous abordons la communication, la diffusion, l\u2019\u00e9ducation, le rapport aux collections et \u00e0 la culture, la recherche&#8230;<\/p>\n<p>   Un Salon des Exposants a \u00e9galement fait d\u00e9couvrir les produits et services des institutions mus\u00e9ales et patrimoniales en mati\u00e8re de technologies.<\/p>\n<p>   Nous avons \u00e9t\u00e9 heureux de pouvoir \u00e0 cette occasion \u00e9changer avec les festivaliers et nous enrichir mutuellement de nos exp\u00e9riences respectives.<br \/>   Nous vous attendons nombreux au Fiamp.2009 qui se d\u00e9roulera en Italie avec l&#8217;aide du comit\u00e9 italien de l&#8217;ICOM.<\/p>\n<p>   A bient\u00f4t,<\/p>\n<p> Marie-Fran\u00e7oise Delval<\/p>\n<p> \t\t<!--  Text: [end] --> \t\t\t<\/div>\n<\/p><\/div>\n<div><!-- --><\/div>\n<p> \t\t<!--  Image block: [end] --> \t\t\t   \t<!--  \t\tBEGIN: Content of extension \"hpo_relatedlink\", plugin \"tx_hporelatedlink_pi1\"  \t--> \t<\/p>\n<div> \t\t \t<\/div>\n<p> \t \t<!-- END: Content of extension \"hpo_relatedlink\", plugin \"tx_hporelatedlink_pi1\" -->  \t<\/div>\n<p> \t<!--  CONTENT ELEMENT, uid:6000\/textpic [end] --> \t\t<!--TYPO3SEARCH_end--> <\/div>\n","protected":false},"excerpt":{"rendered":"<p>Archives FIAMP.2008 Gatineau-Ottawa, Canada, 16 au 17 octobre 2008 J&#8217;ai le plaisir de vous informer que l&#8217;\u00e9dition 2008 du Fiamp s&#8217;est d\u00e9roul\u00e9e du 16 au 17 octobre \u00e0 Gatineau-Ottawa, au Canada. Les membres canadiens du Bureau d&#8217;AVICOM, Louise, Alain et Eric, se sont investis pour son organisation, et pour vous proposer des activit\u00e9s susceptibles de [&hellip;]<\/p>\n","protected":false},"author":1,"featured_media":0,"parent":626,"menu_order":8,"comment_status":"closed","ping_status":"closed","template":"","meta":{"footnotes":""},"yst_prominent_words":[],"acf":[],"_links":{"self":[{"href":"https:\/\/avicom.mini.icom.museum\/fr\/wp-json\/wp\/v2\/pages\/1336"}],"collection":[{"href":"https:\/\/avicom.mini.icom.museum\/fr\/wp-json\/wp\/v2\/pages"}],"about":[{"href":"https:\/\/avicom.mini.icom.museum\/fr\/wp-json\/wp\/v2\/types\/page"}],"author":[{"embeddable":true,"href":"https:\/\/avicom.mini.icom.museum\/fr\/wp-json\/wp\/v2\/users\/1"}],"replies":[{"embeddable":true,"href":"https:\/\/avicom.mini.icom.museum\/fr\/wp-json\/wp\/v2\/comments?post=1336"}],"version-history":[{"count":1,"href":"https:\/\/avicom.mini.icom.museum\/fr\/wp-json\/wp\/v2\/pages\/1336\/revisions"}],"predecessor-version":[{"id":1987,"href":"https:\/\/avicom.mini.icom.museum\/fr\/wp-json\/wp\/v2\/pages\/1336\/revisions\/1987"}],"up":[{"embeddable":true,"href":"https:\/\/avicom.mini.icom.museum\/fr\/wp-json\/wp\/v2\/pages\/626"}],"wp:attachment":[{"href":"https:\/\/avicom.mini.icom.museum\/fr\/wp-json\/wp\/v2\/media?parent=1336"}],"wp:term":[{"taxonomy":"yst_prominent_words","embeddable":true,"href":"https:\/\/avicom.mini.icom.museum\/fr\/wp-json\/wp\/v2\/yst_prominent_words?post=1336"}],"curies":[{"name":"wp","href":"https:\/\/api.w.org\/{rel}","templated":true}]}}