{"id":1354,"date":"2019-01-03T20:41:41","date_gmt":"2019-01-03T20:41:41","guid":{"rendered":"http:\/\/avicom.icom.cust.oxymium.net\/archives\/2008-2\/presentation-generale-du-fiamp-au-canada-2\/"},"modified":"2019-01-03T20:46:09","modified_gmt":"2019-01-03T20:46:09","slug":"presentation-generale-du-fiamp-au-canada-2","status":"publish","type":"page","link":"https:\/\/avicom.mini.icom.museum\/fr\/archives\/2008-2\/presentation-generale-du-fiamp-au-canada-2\/","title":{"rendered":"Pr\u00e9sentation g\u00e9n\u00e9rale du FIAMP au Canada"},"content":{"rendered":"<div id=\"RTE_CONTENT\"> <!--TYPO3SEARCH_begin--> \t<!--  CONTENT ELEMENT, uid:6006\/textpic [begin] --> \t\t<\/p>\n<div id=\"c6006\"> \t\t<!--  Header: [begin] --> \t\t\t<\/p>\n<h2>Archives<\/h2>\n<p> \t\t<!--  Header: [end] --> \t\t\t \t\t<!--  Image block: [begin] --> \t\t\t<\/p>\n<div>\n<div><img decoding=\"async\" src=\"http:\/\/avicom.mini.icom.museum\/wp-content\/uploads\/sites\/3\/2019\/01\/logo_fiamp_46.jpg\" alt=\"\"><\/div>\n<div> \t\t<!--  Text: [begin] --> \t\t\t<\/p>\n<h2>FIAMP.2008<\/h2>\n<h3>Gatineau-Ottawa, Canada, 16 au 17 octobre 2008 <\/h3>\n<h2>Le Fiamp 2008 au Canada!<\/h2>\n<p>Universit\u00e9 du Qu\u00e9bec en Outaouais<\/p>\n<p><b>La cybermus\u00e9ologie : Une approche mus\u00e9ale contemporaine<\/b><br \/>   Venez c\u00e9l\u00e9brer les nouvelles technologies et l&#8217;innovation de l&#8217;industrie mus\u00e9ale mondiale! La r\u00e9gion de la capitale nationale du Canada accueillera l\u2019\u00e9dition 2008 du Festival International de l\u2019Audiovisuel &amp; du Multim\u00e9dia sur le Patrimoine (Fiamp).<br \/> \u00a0<br \/><b>La reconnaissance de l\u2019excellence dans les domaines d\u2019Internet, du multim\u00e9dia et de l\u2019audiovisuel.<\/b><br \/> Venez assister \u00e0 la remise de troph\u00e9es pour les meilleurs projets cybermus\u00e9aux r\u00e9alis\u00e9s et produits par des mus\u00e9es et \u00e9tablissements patrimoniaux et culturels des quatre coins du monde.<\/p>\n<p><b>Une rencontre internationale<\/b><br \/>   Le Fiamp est organis\u00e9 par AVICOM, le Comit\u00e9 international de l\u2019ICOM pour l\u2019audiovisuel et des nouvelles technologies de l\u2019image et du son.<\/p>\n<p><b>Le colloque sur les nouvelles technologies et l\u2019innovation<\/b><br \/>   Sous le th\u00e8me <i>La cybermus\u00e9ologie : Une approche mus\u00e9ale contemporaine<\/i>, venez \u00e9changer sur les nouvelles technologies qui mettent en valeur le patrimoine d\u2019aujourd\u2019hui et de demain. Rencontrez les professionnels du monde venus discuter et d\u00e9battre des projets les plus innovateurs dans le cadre de cet \u00e9v\u00e9nement unique. <\/p>\n<p><b>Comp\u00e9tition<\/b><br \/>   L&#8217;inscription \u00e0 la comp\u00e9tition est ferm\u00e9e. Les projets pr\u00e9sent\u00e9s sont pr\u00e9sentement \u00e9valu\u00e9s par le jury.<\/p>\n<p><b>Inscription au Festival (colloque et activit\u00e9s)<\/b><br \/>   D\u00e9couvrez le <a href=\"http:\/\/www.learningtimes.net\/fiamp\/programme_et_conferenciers_180908_fr.pdf\" target=\"_blank\">programme du Fiamp.2008<\/a> et inscrivez-vous d\u00e8s maintenant.<br \/>   T\u00e9l\u00e9chargez le formulaire d\u2019inscription.<br \/> \u00a0<br \/><b>Appel \u00e0 communications<\/b><br \/> L&#8217;appel \u00e0 communication est termin\u00e9.<br \/> \u00a0<br \/><b>Les partenaires du FIAMP.2008<\/b><\/p>\n<ul>\n<li>Minist\u00e8re du Patrimoine canadien \u2013 R\u00e9seau canadien d\u2019information sur le patrimoine (RCIP)<\/li>\n<li>Universit\u00e9 du Qu\u00e9bec en Outaouais \u2013 UQO \u2013 \u00c9cole multidisciplinaire de l\u2019image (\u00c9MI)<\/li>\n<li>Id\u00e9eclic <\/li>\n<\/ul>\n<p> <!--  Text: [end] --> <\/div>\n<\/p><\/div>\n<div><!-- --><\/div>\n<p> \t\t<!--  Image block: [end] --> \t\t\t   \t<!--  \t\tBEGIN: Content of extension \"hpo_relatedlink\", plugin \"tx_hporelatedlink_pi1\"  \t--> \t<\/p>\n<div> \t\t \t<\/div>\n<p> \t \t<!-- END: Content of extension \"hpo_relatedlink\", plugin \"tx_hporelatedlink_pi1\" -->  \t<\/div>\n<p> \t<!--  CONTENT ELEMENT, uid:6006\/textpic [end] --> \t\t<!--TYPO3SEARCH_end--> <\/div>\n","protected":false},"excerpt":{"rendered":"<p>Archives FIAMP.2008 Gatineau-Ottawa, Canada, 16 au 17 octobre 2008 Le Fiamp 2008 au Canada! Universit\u00e9 du Qu\u00e9bec en Outaouais La cybermus\u00e9ologie : Une approche mus\u00e9ale contemporaine Venez c\u00e9l\u00e9brer les nouvelles technologies et l&#8217;innovation de l&#8217;industrie mus\u00e9ale mondiale! La r\u00e9gion de la capitale nationale du Canada accueillera l\u2019\u00e9dition 2008 du Festival International de l\u2019Audiovisuel &amp; du [&hellip;]<\/p>\n","protected":false},"author":1,"featured_media":0,"parent":626,"menu_order":11,"comment_status":"closed","ping_status":"closed","template":"","meta":{"footnotes":""},"yst_prominent_words":[],"acf":[],"_links":{"self":[{"href":"https:\/\/avicom.mini.icom.museum\/fr\/wp-json\/wp\/v2\/pages\/1354"}],"collection":[{"href":"https:\/\/avicom.mini.icom.museum\/fr\/wp-json\/wp\/v2\/pages"}],"about":[{"href":"https:\/\/avicom.mini.icom.museum\/fr\/wp-json\/wp\/v2\/types\/page"}],"author":[{"embeddable":true,"href":"https:\/\/avicom.mini.icom.museum\/fr\/wp-json\/wp\/v2\/users\/1"}],"replies":[{"embeddable":true,"href":"https:\/\/avicom.mini.icom.museum\/fr\/wp-json\/wp\/v2\/comments?post=1354"}],"version-history":[{"count":1,"href":"https:\/\/avicom.mini.icom.museum\/fr\/wp-json\/wp\/v2\/pages\/1354\/revisions"}],"predecessor-version":[{"id":1984,"href":"https:\/\/avicom.mini.icom.museum\/fr\/wp-json\/wp\/v2\/pages\/1354\/revisions\/1984"}],"up":[{"embeddable":true,"href":"https:\/\/avicom.mini.icom.museum\/fr\/wp-json\/wp\/v2\/pages\/626"}],"wp:attachment":[{"href":"https:\/\/avicom.mini.icom.museum\/fr\/wp-json\/wp\/v2\/media?parent=1354"}],"wp:term":[{"taxonomy":"yst_prominent_words","embeddable":true,"href":"https:\/\/avicom.mini.icom.museum\/fr\/wp-json\/wp\/v2\/yst_prominent_words?post=1354"}],"curies":[{"name":"wp","href":"https:\/\/api.w.org\/{rel}","templated":true}]}}