{"id":1360,"date":"2019-01-03T20:41:44","date_gmt":"2019-01-03T20:41:44","guid":{"rendered":"http:\/\/avicom.icom.cust.oxymium.net\/archives\/2008-2\/comite-organisateur-fiamp-2008-2\/"},"modified":"2019-01-03T20:46:09","modified_gmt":"2019-01-03T20:46:09","slug":"comite-organisateur-fiamp-2008-2","status":"publish","type":"page","link":"https:\/\/avicom.mini.icom.museum\/fr\/archives\/2008-2\/comite-organisateur-fiamp-2008-2\/","title":{"rendered":"Comit\u00e9 organisateur FIAMP.2008"},"content":{"rendered":"<div id=\"RTE_CONTENT\"> <!--TYPO3SEARCH_begin--> \t<!--  CONTENT ELEMENT, uid:6008\/textpic [begin] --> \t\t<\/p>\n<div id=\"c6008\"> \t\t<!--  Header: [begin] --> \t\t\t<\/p>\n<h2>Archives<\/h2>\n<p> \t\t<!--  Header: [end] --> \t\t\t \t\t<!--  Image block: [begin] --> \t\t\t<\/p>\n<div>\n<div><img decoding=\"async\" src=\"http:\/\/avicom.mini.icom.museum\/wp-content\/uploads\/sites\/3\/2019\/01\/logo_fiamp_48.jpg\" alt=\"\"><\/div>\n<div> \t\t<!--  Text: [begin] --> \t\t\t<\/p>\n<h2>FIAMP.2008<\/h2>\n<h3>Gatineau-Ottawa, Canada, 16 au 17 octobre 2008 <\/h3>\n<p>\u00a0<\/p>\n<ul>\n<li> <strong>Marie-Fran\u00e7oise DELVAL<\/strong><br \/>     Pr\u00e9sidente du comit\u00e9 AVICOM<br \/>     Charg\u00e9e de la communication du D\u00e9partement des syst\u00e8mes d&#8217;information<br \/>     Minist\u00e8re fran\u00e7ais de la Culture et de la Communication<br \/>     Mus\u00e9e national de la Marine Palais de Chaillot<br \/>     17, Place du Trocad\u00e9ro<br \/>     75116 Paris &#8211; France<br \/>     T\u00e9l\u00e9phone : + 33 6 60 96 61 09<br \/>     T\u00e9l\u00e9copieur : +33 1 53 65 69 65<br \/>   Courriel : <a href=\"mailto:marie-francoise.delval@culture.gouv.fr\">marie-francoise.delval@culture.gouv.fr<\/a>\n<\/li>\n<li> <strong>Louise FILIATRAULT<\/strong><br \/>     Directrice g\u00e9n\u00e9rale associ\u00e9e<br \/>     Directrice du d\u00e9veloppement de programmes<br \/>     Minist\u00e8re du Patrimoine canadien<br \/>     R\u00e9seau canadien d&#8217;information sur le patrimoine (RCIP)<br \/>     15, rue Eddy<br \/>     Gatineau, (Qu\u00e9bec), Canada K1A 0M5<br \/>     T\u00e9l\u00e9phone : 819-934-5016<br \/>     T\u00e9l\u00e9copieur : 819-994-9555<br \/>   Courriel : <a href=\"mailto:louise_filiatrault@pch.qc.ca\">louise_filiatrault@pch.qc.ca<\/a>\n<\/li>\n<li> <strong>Eric LANGLOIS<\/strong><br \/>     Vice-pr\u00e9sident AVICOM pour les relations interuniversitaires<br \/>     Directeur des \u00e9tudes de premier cycle en arts<br \/> \u00c9MI \u2013 \u00c9cole multidisciplinaire de l&#8217;image<br \/> Universit\u00e9 du Qu\u00e9bec en Outaouais<br \/> 101, rue Saint-Jean-Bosco, pi\u00e8ce C-0113<br \/>     Case postale 1250, succursale B<br \/>     Gatineau, secteur Hull (Qu\u00e9bec), Canada\u00a0 J8X 3X7<br \/>     T\u00e9l\u00e9phone : 819-595-3900, poste 1871<br \/>     T\u00e9l\u00e9copieur : 819-773-1875<br \/>   Courriel : <a href=\"mailto:eric.langlois@uqo.ca\">eric.langlois@uqo.ca<\/a>\n<\/li>\n<li> <strong>Alain MASS\u00c9<\/strong><br \/>     Secr\u00e9taire AVICOM<br \/>     Pr\u00e9sident-directeur g\u00e9n\u00e9ral d&#8217;Id\u00e9eClic<br \/>     Id\u00e9eClic<br \/>     490, boulevard Saint-Joseph, bureau 201<br \/>     Gatineau, (Qu\u00e9bec), Canada\u00a0 J8Y 3Y7<br \/>     T\u00e9l\u00e9phone : 819-777-3900, poste 12<br \/>     T\u00e9l\u00e9copieur : 819-777-8273<br \/>     Courriel : <a href=\"mailto:am@ideeclic.com\">am@ideeclic.com<\/a> <\/li>\n<\/ul>\n<p> <!--  Text: [end] --> <\/div>\n<\/p><\/div>\n<div><!-- --><\/div>\n<p> \t\t<!--  Image block: [end] --> \t\t\t   \t<!--  \t\tBEGIN: Content of extension \"hpo_relatedlink\", plugin \"tx_hporelatedlink_pi1\"  \t--> \t<\/p>\n<div> \t\t \t<\/div>\n<p> \t \t<!-- END: Content of extension \"hpo_relatedlink\", plugin \"tx_hporelatedlink_pi1\" -->  \t<\/div>\n<p> \t<!--  CONTENT ELEMENT, uid:6008\/textpic [end] --> \t\t<!--TYPO3SEARCH_end--> <\/div>\n","protected":false},"excerpt":{"rendered":"<p>Archives FIAMP.2008 Gatineau-Ottawa, Canada, 16 au 17 octobre 2008 \u00a0 Marie-Fran\u00e7oise DELVAL Pr\u00e9sidente du comit\u00e9 AVICOM Charg\u00e9e de la communication du D\u00e9partement des syst\u00e8mes d&#8217;information Minist\u00e8re fran\u00e7ais de la Culture et de la Communication Mus\u00e9e national de la Marine Palais de Chaillot 17, Place du Trocad\u00e9ro 75116 Paris &#8211; France T\u00e9l\u00e9phone : + 33 6 [&hellip;]<\/p>\n","protected":false},"author":1,"featured_media":0,"parent":626,"menu_order":12,"comment_status":"closed","ping_status":"closed","template":"","meta":{"footnotes":""},"yst_prominent_words":[],"acf":[],"_links":{"self":[{"href":"https:\/\/avicom.mini.icom.museum\/fr\/wp-json\/wp\/v2\/pages\/1360"}],"collection":[{"href":"https:\/\/avicom.mini.icom.museum\/fr\/wp-json\/wp\/v2\/pages"}],"about":[{"href":"https:\/\/avicom.mini.icom.museum\/fr\/wp-json\/wp\/v2\/types\/page"}],"author":[{"embeddable":true,"href":"https:\/\/avicom.mini.icom.museum\/fr\/wp-json\/wp\/v2\/users\/1"}],"replies":[{"embeddable":true,"href":"https:\/\/avicom.mini.icom.museum\/fr\/wp-json\/wp\/v2\/comments?post=1360"}],"version-history":[{"count":1,"href":"https:\/\/avicom.mini.icom.museum\/fr\/wp-json\/wp\/v2\/pages\/1360\/revisions"}],"predecessor-version":[{"id":1983,"href":"https:\/\/avicom.mini.icom.museum\/fr\/wp-json\/wp\/v2\/pages\/1360\/revisions\/1983"}],"up":[{"embeddable":true,"href":"https:\/\/avicom.mini.icom.museum\/fr\/wp-json\/wp\/v2\/pages\/626"}],"wp:attachment":[{"href":"https:\/\/avicom.mini.icom.museum\/fr\/wp-json\/wp\/v2\/media?parent=1360"}],"wp:term":[{"taxonomy":"yst_prominent_words","embeddable":true,"href":"https:\/\/avicom.mini.icom.museum\/fr\/wp-json\/wp\/v2\/yst_prominent_words?post=1360"}],"curies":[{"name":"wp","href":"https:\/\/api.w.org\/{rel}","templated":true}]}}