{"id":1366,"date":"2019-01-03T20:41:47","date_gmt":"2019-01-03T20:41:47","guid":{"rendered":"http:\/\/avicom.icom.cust.oxymium.net\/archives\/2008-2\/themes-et-appel-a-communication-2\/"},"modified":"2019-01-03T20:46:08","modified_gmt":"2019-01-03T20:46:08","slug":"themes-et-appel-a-communication-2","status":"publish","type":"page","link":"https:\/\/avicom.mini.icom.museum\/fr\/archives\/2008-2\/themes-et-appel-a-communication-2\/","title":{"rendered":"Th\u00e8mes et appel \u00e0 communication"},"content":{"rendered":"<div id=\"RTE_CONTENT\"> <!--TYPO3SEARCH_begin--> \t<!--  CONTENT ELEMENT, uid:6010\/textpic [begin] --> \t\t<\/p>\n<div id=\"c6010\"> \t\t<!--  Header: [begin] --> \t\t\t<\/p>\n<h2>Archives<\/h2>\n<p> \t\t<!--  Header: [end] --> \t\t\t \t\t<!--  Image block: [begin] --> \t\t\t<\/p>\n<div>\n<div><img decoding=\"async\" src=\"http:\/\/avicom.mini.icom.museum\/wp-content\/uploads\/sites\/3\/2019\/01\/logo_fiamp_50.jpg\" alt=\"\"><\/div>\n<div> \t\t<!--  Text: [begin] --> \t\t\t<\/p>\n<h2>FIAMP.2008<\/h2>\n<h3>Gatineau-Ottawa, Canada, 16 au 17 octobre 2008 <\/h3>\n<p>\u00a0<\/p>\n<h3>Activit\u00e9s<\/h3>\n<p>Important rendez-vous portant sur l\u2019actualit\u00e9 cybermus\u00e9ale, audiovisuelle et multim\u00e9dia du monde culturel, le Festival propose \u00e0 ses participants deux types d\u2019activit\u00e9s :<\/p>\n<ul>\n<li>La comp\u00e9tition<\/li>\n<li>La conf\u00e9rence<\/li>\n<\/ul>\n<p>\u00a0<\/p>\n<h3>La comp\u00e9tition<\/h3>\n<p>Arbitr\u00e9e par un jury international, elle concerne les productions cybermus\u00e9ales, audiovisuelles et multim\u00e9dias qui rel\u00e8vent d\u2019une institution mus\u00e9ale ou patrimoniale. Elle est ouverte aux mus\u00e9es ou institutions culturelles (en tant que producteurs, r\u00e9alisateurs, initiateurs ou conseillers de productions), ainsi qu&#8217;aux professionnels ayant produit ou r\u00e9alis\u00e9 des productions culturelles.<\/p>\n<p>   Les r\u00e9alisations doivent mettre en valeur une institution culturelle, des collections, une mus\u00e9ographie, un patrimoine, un artiste ou l&#8217;histoire de l&#8217;art, et peuvent \u00eatre de nature p\u00e9dagogique, informative, promotionnelle, ludo-culturelle ou artistique.<\/p>\n<p>   Dans le cadre de l\u2019\u00e9dition 2008, les prix d\u00e9cern\u00e9s lors de la c\u00e9r\u00e9monie de cl\u00f4ture du Festival seront les suivants :<\/p>\n<ul>\n<li>Le \u00ab Prix Cybermus\u00e9e \u00bb<\/li>\n<li>Le \u00ab Prix Cyberexposition \u00bb<\/li>\n<li>Le \u00ab Prix Cyberapprentisage \u00bb<\/li>\n<li>Le \u00ab Prix Cyberrecherche \u00bb<\/li>\n<li>Le \u00ab Prix Cybermarketing \u00bb<\/li>\n<li>Le \u00ab Prix Hors ligne \u2013 C\u00e9d\u00e9rom et DVD-ROM \u00bb<\/li>\n<li>Le \u00ab Prix Hors ligne \u2013 Borne \u00bb<\/li>\n<\/ul>\n<p> Et les deux prix prestigieux <\/p>\n<ul>\n<li>Le \u00ab Grand Prix AVICOM \u00bb toutes cat\u00e9gories<\/li>\n<li>Le \u00ab Prix du public \u00bb<\/li>\n<\/ul>\n<p>De fa\u00e7on exceptionnelle pour l\u2019\u00e9dition 2008, la cat\u00e9gorie film (court et Long M\u00e9trages) ne sera pas incluse dans la comp\u00e9tition.<\/p>\n<p> Pour obtenir de plus amples renseignements sur les diff\u00e9rentes cat\u00e9gories de la comp\u00e9tition, veuillez consulter le formulaire d&#8217;inscription de projet. <\/p>\n<p>\u00a0<\/p>\n<h3>La conf\u00e9rence<\/h3>\n<ul>\n<li>\n<p>Tribune privil\u00e9gi\u00e9e pour les d\u00e9bats d\u2019id\u00e9es technologiques, mus\u00e9ographiques, d\u00e9ontologiques et juridiques, ces journ\u00e9es sont constitu\u00e9es en des tables rondes, conf\u00e9rences et pr\u00e9sentations, avec le concours de professionnels des secteurs mus\u00e9al, de l\u2019audiovisuel, et des nouvelles technologies.<\/p>\n<\/li>\n<li>\n<p>Des ateliers d\u2019\u00e9tude et des expos\u00e9s ayant un lien avec les nouvelles technologies viendront compl\u00e9ter ces journ\u00e9es.<\/p>\n<\/li>\n<li>\n<p>La conf\u00e9rence permettra \u00e9galement de souligner et de d\u00e9couvrir les meilleurs projets de la comp\u00e9tition.<\/p>\n<\/li>\n<li>\n<p>Finalement, un salon des exposants permet d\u2019\u00e9changer et de se renseigner aupr\u00e8s de fournisseurs qui travaillent dans le domaine des nouvelles technologies.<\/p>\n<\/li>\n<li>\n<p>Une exposition de photographies.<\/p>\n<\/li>\n<\/ul>\n<p>\u00a0<\/p>\n<h3>Th\u00e8mes et appel \u00e0 communication<\/h3>\n<p><b>&#8220;Cybermus\u00e9ologie : Une pratique mus\u00e9ale contemporaine&#8221;<\/b> <\/p>\n<p>Carrefour de l\u2019innovation et de c\u00e9l\u00e9bration des meilleures r\u00e9alisations des professionnels du monde mus\u00e9al et patrimonial, le Fiamp 2008 prend les couleurs de la cybermus\u00e9ologie!<\/p>\n<p>   La cybermus\u00e9ologie s\u2019impose et occupe une plus grande place dans nos pratiques. Elle initie le changement et offre de nouvelles occasions aux notions de collaboration d\u2019interactivit\u00e9 et d\u2019accessibilit\u00e9 qui en d\u00e9coulent. Compl\u00e9ment aux pratiques traditionnelles, l\u2019utilisation des nouvelles technologies de l\u2019information pour rendre accessible et mettre en valeur l\u2019offre mus\u00e9ale est une pratique nouvelle, contemporaine. Cette nouvelle \u00e8re nous force \u00e0 revoir la fa\u00e7on que nous abordons la diffusion, l\u2019\u00e9ducation, les collections, la recherche et notre leadership.<\/p>\n<p>   Joignez-vous aux professionnels de l\u2019industrie mus\u00e9ale pour \u00e9changer sur l\u2019\u00e9volution de la cybermus\u00e9ologie et de ses orientations futures. <\/p>\n<p>\u00a0<\/p>\n<h3>Appels \u00e0 communications<\/h3>\n<p>L&#8217;appel \u00e0 communications est termin\u00e9.<\/p>\n<p> \t\t<!--  Text: [end] --> \t\t\t<\/div>\n<\/p><\/div>\n<div><!-- --><\/div>\n<p> \t\t<!--  Image block: [end] --> \t\t\t   \t<!--  \t\tBEGIN: Content of extension \"hpo_relatedlink\", plugin \"tx_hporelatedlink_pi1\"  \t--> \t<\/p>\n<div> \t\t \t<\/div>\n<p> \t \t<!-- END: Content of extension \"hpo_relatedlink\", plugin \"tx_hporelatedlink_pi1\" -->  \t<\/div>\n<p> \t<!--  CONTENT ELEMENT, uid:6010\/textpic [end] --> \t\t<!--TYPO3SEARCH_end--> <\/div>\n","protected":false},"excerpt":{"rendered":"<p>Archives FIAMP.2008 Gatineau-Ottawa, Canada, 16 au 17 octobre 2008 \u00a0 Activit\u00e9s Important rendez-vous portant sur l\u2019actualit\u00e9 cybermus\u00e9ale, audiovisuelle et multim\u00e9dia du monde culturel, le Festival propose \u00e0 ses participants deux types d\u2019activit\u00e9s : La comp\u00e9tition La conf\u00e9rence \u00a0 La comp\u00e9tition Arbitr\u00e9e par un jury international, elle concerne les productions cybermus\u00e9ales, audiovisuelles et multim\u00e9dias qui rel\u00e8vent [&hellip;]<\/p>\n","protected":false},"author":1,"featured_media":0,"parent":626,"menu_order":13,"comment_status":"closed","ping_status":"closed","template":"","meta":{"footnotes":""},"yst_prominent_words":[],"acf":[],"_links":{"self":[{"href":"https:\/\/avicom.mini.icom.museum\/fr\/wp-json\/wp\/v2\/pages\/1366"}],"collection":[{"href":"https:\/\/avicom.mini.icom.museum\/fr\/wp-json\/wp\/v2\/pages"}],"about":[{"href":"https:\/\/avicom.mini.icom.museum\/fr\/wp-json\/wp\/v2\/types\/page"}],"author":[{"embeddable":true,"href":"https:\/\/avicom.mini.icom.museum\/fr\/wp-json\/wp\/v2\/users\/1"}],"replies":[{"embeddable":true,"href":"https:\/\/avicom.mini.icom.museum\/fr\/wp-json\/wp\/v2\/comments?post=1366"}],"version-history":[{"count":1,"href":"https:\/\/avicom.mini.icom.museum\/fr\/wp-json\/wp\/v2\/pages\/1366\/revisions"}],"predecessor-version":[{"id":1982,"href":"https:\/\/avicom.mini.icom.museum\/fr\/wp-json\/wp\/v2\/pages\/1366\/revisions\/1982"}],"up":[{"embeddable":true,"href":"https:\/\/avicom.mini.icom.museum\/fr\/wp-json\/wp\/v2\/pages\/626"}],"wp:attachment":[{"href":"https:\/\/avicom.mini.icom.museum\/fr\/wp-json\/wp\/v2\/media?parent=1366"}],"wp:term":[{"taxonomy":"yst_prominent_words","embeddable":true,"href":"https:\/\/avicom.mini.icom.museum\/fr\/wp-json\/wp\/v2\/yst_prominent_words?post=1366"}],"curies":[{"name":"wp","href":"https:\/\/api.w.org\/{rel}","templated":true}]}}