{"id":1372,"date":"2019-01-03T20:41:50","date_gmt":"2019-01-03T20:41:50","guid":{"rendered":"http:\/\/avicom.icom.cust.oxymium.net\/archives\/2008-2\/inscription-et-informations-pratiques-2\/"},"modified":"2019-01-03T20:46:08","modified_gmt":"2019-01-03T20:46:08","slug":"inscription-et-informations-pratiques-2","status":"publish","type":"page","link":"https:\/\/avicom.mini.icom.museum\/fr\/archives\/2008-2\/inscription-et-informations-pratiques-2\/","title":{"rendered":"Inscription et informations pratiques"},"content":{"rendered":"<div id=\"RTE_CONTENT\"> <!--TYPO3SEARCH_begin--> \t<!--  CONTENT ELEMENT, uid:6012\/textpic [begin] --> \t\t<\/p>\n<div id=\"c6012\"> \t\t<!--  Header: [begin] --> \t\t\t<\/p>\n<h2>Archives<\/h2>\n<p> \t\t<!--  Header: [end] --> \t\t\t \t\t<!--  Image block: [begin] --> \t\t\t<\/p>\n<div>\n<div><img decoding=\"async\" src=\"http:\/\/avicom.mini.icom.museum\/wp-content\/uploads\/sites\/3\/2019\/01\/logo_fiamp_52.jpg\" alt=\"\"><\/div>\n<div> \t\t<!--  Text: [begin] --> \t\t\t<\/p>\n<h2>FIAMP.2008<\/h2>\n<h3>Gatineau-Ottawa, Canada, 16 au 17 octobre 2008<\/p>\n<\/h3>\n<h3>Comp\u00e9tition<\/h3>\n<p>L&#8217;inscription \u00e0 la comp\u00e9tition est ferm\u00e9. Les projets propos\u00e9s sont pr\u00e9sentement \u00e9valu\u00e9s par le jury. <\/p>\n<p>\u00a0<\/p>\n<h3>Inscription au Festival (colloque et activit\u00e9s)<\/h3>\n<ul>\n<li>Laissez-passer illimit\u00e9\u00a0\u00a0\u00a0 150 $ (169,31 $ avec les taxes).<\/li>\n<li>Laissez-passer \u00e9tudiant illimit\u00e9\u00a0 100 $ (112,88 $ avec les taxes).<\/li>\n<\/ul>\n<p>Comprend : Toutes les s\u00e9ances des 16 et 17 octobre, les pauses-caf\u00e9, deux d\u00e9jeuners de travail et une r\u00e9ception de r\u00e9seautage. <\/p>\n<p>\u00a0<\/p>\n<h3>Laissez-passer d\u2019une journ\u00e9e<\/h3>\n<ul>\n<li>Le 16 octobre 2008\u00a0\u00a0\u00a0 100 $ (112,88 $ avec les taxes).<br \/>     Comprend : Les s\u00e9ances du 16 octobre, les pauses-caf\u00e9, un d\u00e9jeuner de travail et une r\u00e9ception de r\u00e9seautage.<\/li>\n<li>Le 17 octobre 2008\u00a0\u00a0\u00a0 50 $ (56,44 $ avec les taxes)<br \/>     Comprend : Les s\u00e9ances du 17 octobre, une pause-caf\u00e9 et un d\u00e9jeuner de travail.<\/li>\n<\/ul>\n<p> D\u00e9couvrez le <a href=\"http:\/\/www.learningtimes.net\/fiamp\/programme_et_conferenciers_180908_fr.pdf\" target=\"_blank\">programme du Fiamp.2008<\/a> et inscrivez-vous d\u00e8s maintenant.<br \/>   T\u00e9l\u00e9chargez le formulaire d\u2019inscription. <\/p>\n<p>\u00a0<\/p>\n<h3>NOUVEAU \u2013 le Fiamp 2008 disponible en Web conf\u00e9rence!<\/h3>\n<p>Vous ne pourrez pas assister au Fiamp 2008? La conf\u00e9rence sera diffus\u00e9e en ligne en temps r\u00e9el. Pour plus d&#8217;information, <a href=\"http:\/\/www.learningtimes.net\/fiamp\/index_fr.html\" target=\"_blank\">visitez le site Web<\/a>. <\/p>\n<h2>  Portrait de la r\u00e9gion de la capitale nationale d\u2019Ottawa-Gatineau<\/h2>\n<p><b>\u00c0 la crois\u00e9e des cultures francophone et anglophone<\/b><br \/>   La r\u00e9gion de la capitale nationale du Canada se situe au confluent des cultures francophone et anglophone, ce qui lui conf\u00e8re un cachet unique. Elle comprend la ville de Gatineau et la capitale du Canada, la ville d\u2019Ottawa, deux importantes agglom\u00e9rations urbaines de 226 000 et 812 129 habitants respectivement. La rive qu\u00e9b\u00e9coise porte le nom d\u2019Outaouais et se veut une destination touristique de choix \u00e0 l\u2019ann\u00e9e longue!<\/p>\n<p><b>De l\u2019industrie du bois \u00e0 la fonction publique<\/b><br \/>   C&#8217;est \u00e0 la rivi\u00e8re des Outaouais que la r\u00e9gion doit son d\u00e9veloppement \u00e9conomique avec l\u2019industrie du bois au XIXe si\u00e8cle. Portant jadis le nom de Bytown, la ville d\u2019Ottawa comptait d\u00e9j\u00e0 pr\u00e8s de 1 000 habitants en 1828. Dans le but d&#8217;assurer \u00e0 la ville une candidature plus \u00e9loquente lors du choix de la capitale canadienne, elle fut renomm\u00e9e, en 1855, sous son nom actuel. L\u2019Outaouais se distingue aujourd\u2019hui des autres r\u00e9gions du Qu\u00e9bec par sa grande stabilit\u00e9 \u00e9conomique attribuable \u00e0 la pr\u00e9sence d&#8217;un contingent important de fonctionnaires f\u00e9d\u00e9raux.<\/p>\n<p><b>Une multitude d\u2019activit\u00e9s et des mus\u00e9es pour tous les go\u00fbts<\/b><br \/>   La r\u00e9gion offre aux voyageurs des exp\u00e9riences aussi diversifi\u00e9es que le Canada : un calendrier d\u2019activit\u00e9s vari\u00e9es, plusieurs parcs, des lieux de pr\u00e9sentation renomm\u00e9s des arts visuels et de la sc\u00e8ne, sans compter plus d\u2019une douzaine de mus\u00e9es. On peut entre autres visiter, \u00e0 Gatineau, le Mus\u00e9e canadien des civilisations et du c\u00f4t\u00e9 d&#8217;Ottawa, le Mus\u00e9e des beaux-arts du Canada, le Mus\u00e9e canadien de la guerre, le Mus\u00e9e canadien de la nature et le Mus\u00e9e des sciences et de la technologie du Canada, qui sont des incontournables. Pour obtenir une liste compl\u00e8te des mus\u00e9es de la r\u00e9gion, visitez le <a href=\"http:\/\/www.museevirtuel-virtualmuseum.ca\/index-fra.jsp\" target=\"_blank\">Mus\u00e9e virtuel du Canada<\/a>.<\/p>\n<p>   D\u00e9couvrez le charme unique de la r\u00e9gion de la capitale nationale et de l\u2019Outaouais et explorez ses multiples facettes, tant naturelles que culturelles!<\/p>\n<p> Pour obtenir de plus amples renseignements :<\/p>\n<ul>\n<li><a href=\"http:\/\/www.tourismeoutaouais.com\/home\/index_f.asp\" target=\"_blank\">Tourisme Outaouais<\/a><\/li>\n<li><a href=\"http:\/\/www.ottawatourism.ca\/\" target=\"_blank\">Tourisme Ottawa<\/a><\/li>\n<\/ul>\n<p>\u00a0<\/p>\n<p><b>Coordonn\u00e9es de l&#8217;Universit\u00e9 du Qu\u00e9bec en Outaouais (UQO)<\/b><br \/>   283, boulevard Alexandre Tach\u00e9<br \/>   Pavillon Alexandre Tach\u00e9 &#8211; Aile C &#8211; Salle Polyvalente<br \/>   Gatineau (Qu\u00e9bec) Canada J9A 1L8<br \/>   T\u00e9l.: 819-773-1806 <\/p>\n<p>\u00a0<\/p>\n<h3> H\u00e9bergement<\/h3>\n<p>La r\u00e9gion de la capitale nationale du Canada dispose d\u2019une grande vari\u00e9t\u00e9 de possibilit\u00e9s d\u2019h\u00e9bergement. Voici quelques-uns des h\u00f4tels, g\u00eetes et auberges que nous vous proposons :  <\/p>\n<p>\u00a0<\/p>\n<table align=\"center\">\n<tr>\n<td valign=\"top\">\n<p><strong><strong>\u00c9tablissement<\/strong><\/strong><\/p>\n<\/td>\n<td valign=\"top\">\n<p><strong><strong>Classification<\/strong><\/strong><\/p>\n<\/td>\n<td valign=\"top\">\n<p><strong><strong>Tarifs \u00e0 partir \t\t\tde<\/strong><\/strong><strong><br \/><\/strong><strong><strong>(simple \t\t\tou double)<\/strong><\/strong><\/p>\n<\/td>\n<td valign=\"top\">\n<p><strong><strong>Distance de l\u2019UQO<\/strong><\/strong><\/p>\n<\/td>\n<td valign=\"top\">\n<p><strong><strong>Transport disponible <\/strong><\/strong><\/p>\n<\/td>\n<\/tr>\n<tr>\n<td valign=\"top\">\n<p><strong><a href=\"http:\/\/www.ichotelsgroup.com\/h\/d\/hi\/350\/fr\/hd\/yowcp?irs=null\/\" target=\"_blank\">Holiday Inn Plaza La Chaudi\u00e8re<\/a><\/strong><br \/> Gatineau \t\t\t(Qu\u00e9bec)<\/p>\n<\/td>\n<td valign=\"top\">\n<p>H\u00f4tel<br \/>     4 \u00e9toiles<\/p>\n<\/td>\n<td valign=\"top\">\n<p>132 $ CAN\/nuit<br \/> 82,82 \u20ac\/nuit<\/p>\n<\/td>\n<td valign=\"top\">\n<p>1,3 km<\/p>\n<\/td>\n<td valign=\"top\">\n<p>Taxi, Transport en commun<\/p>\n<\/td>\n<\/tr>\n<tr>\n<td valign=\"top\">\n<p><strong><a href=\"http:\/\/www.starwoodhotels.com\/fourpoints\/property\/overview\/index.html\" target=\"_blank\">Four Points by Sheraton<\/a><\/strong><br \/> Gatineau \t\t\t(Qu\u00e9bec) <\/p>\n<\/td>\n<td valign=\"top\">\n<p>H\u00f4tel<br \/> 4 \u00e9toiles<\/p>\n<\/td>\n<td valign=\"top\">\n<p>115 $ CAN\/nuit<br \/> 72,15 \u20ac\/nuit<\/p>\n<\/td>\n<td valign=\"top\">\n<p>2,6 km<\/p>\n<\/td>\n<td valign=\"top\">\n<p>Taxi, Transport en commun<\/p>\n<\/td>\n<\/tr>\n<tr>\n<td valign=\"top\">\n<p><span><strong><a href=\"http:\/\/www.suitesvictoria.com\" target=\"_blank\">Les Suites \t\t\tVictoria<\/a><\/strong><br \/> Gatineau \t\t\t(Qu\u00e9bec)<br \/>     Chambres de style appartement avec mini \t\t\tr\u00e9frig\u00e9rateur et cuisinette disponibles.<\/span><\/p>\n<\/td>\n<td valign=\"top\">\n<p>H\u00f4tel<br \/> 3 \u00e9toiles<\/p>\n<\/td>\n<td valign=\"top\">\n<p>103 $ CAN\/nuit<br \/> 64,62 \u20ac\/nuit<\/p>\n<\/td>\n<td valign=\"top\">\n<p>2,2 km<\/p>\n<\/td>\n<td valign=\"top\">\n<p>Taxi, Transport en commun<\/p>\n<\/td>\n<\/tr>\n<tr>\n<td valign=\"top\">\n<p><strong><a href=\"http:\/\/www.aubergedelagare.ca\" target=\"_blank\">Auberge de la Gare<\/a><\/strong><br \/> Gatineau \t\t\t(Qu\u00e9bec)<\/p>\n<\/td>\n<td valign=\"top\">\n<p>H\u00f4tel<br \/> 3 \u00e9toiles<\/p>\n<\/td>\n<td valign=\"top\">\n<p>90 $ CAN\/nuit<br \/> 56,47 \u20ac\/nuit<\/p>\n<\/td>\n<td valign=\"top\">\n<p>1,7 km<\/p>\n<\/td>\n<td valign=\"top\">\n<p>Taxi, Transport en commun<\/p>\n<\/td>\n<\/tr>\n<tr>\n<td valign=\"top\">\n<p><strong><a href=\"http:\/\/www.55tache.com\/\" target=\"_blank\">Au 55 Tach\u00e9<\/a><\/strong><br \/>       Gatineau \t\t\t(Qu\u00e9bec)<br \/><a href=\"http:\/\/www.55tache.com\/\" target=\"_blank\">http:\/\/www.55tache.com\/<\/a><\/p>\n<\/td>\n<td valign=\"top\">\n<p>G\u00eete touristique (B&amp;B)<br \/>       4 \t\t\t\u00e9toiles<\/p>\n<\/td>\n<td valign=\"top\">\n<p>90 $ CAN\/nuit 56,47 \u20ac\/nuit <\/p>\n<\/td>\n<td valign=\"top\">\n<p>0,6 km<\/p>\n<\/td>\n<td valign=\"top\">\n<p>Taxi, Transport en commun<\/p>\n<\/td>\n<\/tr>\n<tr>\n<td valign=\"top\">\n<p><strong><a href=\"http:\/\/www.novotelottawa.com\" target=\"_blank\">Novotel Ottawa<\/a><\/strong><br \/>       Ottawa \t\t\t(Ontario)<br \/><a href=\"http:\/\/www.novotelottawa.com\/\" target=\"_blank\">http:\/\/www.novotelottawa.com\/<\/a> <\/p>\n<\/td>\n<td valign=\"top\">\n<p> H\u00f4tel 3 \u00e9toiles<\/p>\n<\/td>\n<td valign=\"top\">\n<p> 189 $ CAN\/nuit 118,58 \u20ac\/nuit<\/p>\n<\/td>\n<td valign=\"top\">\n<p> 4,8 km <\/p>\n<\/td>\n<td valign=\"top\">\n<p>Transport en commun<\/p>\n<\/td>\n<\/tr>\n<\/table>\n<p> <!--  Text: [end] --> <\/div>\n<\/p><\/div>\n<div><!-- --><\/div>\n<p> \t\t<!--  Image block: [end] --> \t\t\t   \t<!--  \t\tBEGIN: Content of extension \"hpo_relatedlink\", plugin \"tx_hporelatedlink_pi1\"  \t--> \t<\/p>\n<div> \t\t \t<\/div>\n<p> \t \t<!-- END: Content of extension \"hpo_relatedlink\", plugin \"tx_hporelatedlink_pi1\" -->  \t<\/div>\n<p> \t<!--  CONTENT ELEMENT, uid:6012\/textpic [end] --> \t\t<!--TYPO3SEARCH_end--> <\/div>\n","protected":false},"excerpt":{"rendered":"<p>Archives FIAMP.2008 Gatineau-Ottawa, Canada, 16 au 17 octobre 2008 Comp\u00e9tition L&#8217;inscription \u00e0 la comp\u00e9tition est ferm\u00e9. Les projets propos\u00e9s sont pr\u00e9sentement \u00e9valu\u00e9s par le jury. \u00a0 Inscription au Festival (colloque et activit\u00e9s) Laissez-passer illimit\u00e9\u00a0\u00a0\u00a0 150 $ (169,31 $ avec les taxes). Laissez-passer \u00e9tudiant illimit\u00e9\u00a0 100 $ (112,88 $ avec les taxes). Comprend : Toutes les [&hellip;]<\/p>\n","protected":false},"author":1,"featured_media":0,"parent":626,"menu_order":14,"comment_status":"closed","ping_status":"closed","template":"","meta":{"footnotes":""},"yst_prominent_words":[],"acf":[],"_links":{"self":[{"href":"https:\/\/avicom.mini.icom.museum\/fr\/wp-json\/wp\/v2\/pages\/1372"}],"collection":[{"href":"https:\/\/avicom.mini.icom.museum\/fr\/wp-json\/wp\/v2\/pages"}],"about":[{"href":"https:\/\/avicom.mini.icom.museum\/fr\/wp-json\/wp\/v2\/types\/page"}],"author":[{"embeddable":true,"href":"https:\/\/avicom.mini.icom.museum\/fr\/wp-json\/wp\/v2\/users\/1"}],"replies":[{"embeddable":true,"href":"https:\/\/avicom.mini.icom.museum\/fr\/wp-json\/wp\/v2\/comments?post=1372"}],"version-history":[{"count":1,"href":"https:\/\/avicom.mini.icom.museum\/fr\/wp-json\/wp\/v2\/pages\/1372\/revisions"}],"predecessor-version":[{"id":1981,"href":"https:\/\/avicom.mini.icom.museum\/fr\/wp-json\/wp\/v2\/pages\/1372\/revisions\/1981"}],"up":[{"embeddable":true,"href":"https:\/\/avicom.mini.icom.museum\/fr\/wp-json\/wp\/v2\/pages\/626"}],"wp:attachment":[{"href":"https:\/\/avicom.mini.icom.museum\/fr\/wp-json\/wp\/v2\/media?parent=1372"}],"wp:term":[{"taxonomy":"yst_prominent_words","embeddable":true,"href":"https:\/\/avicom.mini.icom.museum\/fr\/wp-json\/wp\/v2\/yst_prominent_words?post=1372"}],"curies":[{"name":"wp","href":"https:\/\/api.w.org\/{rel}","templated":true}]}}