{"id":1406,"date":"2019-01-03T20:42:08","date_gmt":"2019-01-03T20:42:08","guid":{"rendered":"http:\/\/avicom.icom.cust.oxymium.net\/archives\/2007-2\/message-de-la-presidente-15-janvier-2007-2\/"},"modified":"2019-01-03T20:46:08","modified_gmt":"2019-01-03T20:46:08","slug":"message-de-la-presidente-15-janvier-2007-2","status":"publish","type":"page","link":"https:\/\/avicom.mini.icom.museum\/fr\/archives\/2007-2\/message-de-la-presidente-15-janvier-2007-2\/","title":{"rendered":"Message de la pr\u00e9sidente: 15 janvier 2007"},"content":{"rendered":"<div id=\"RTE_CONTENT\"> <!--TYPO3SEARCH_begin--> \t<!--  CONTENT ELEMENT, uid:5964\/textpic [begin] --> \t\t<\/p>\n<div id=\"c5964\"> \t\t<!--  Header: [begin] --> \t\t\t<\/p>\n<h2>Archives<\/h2>\n<p> \t\t<!--  Header: [end] --> \t\t\t \t\t<!--  Image block: [begin] --> \t\t\t<\/p>\n<div>\n<div><img decoding=\"async\" src=\"http:\/\/avicom.mini.icom.museum\/wp-content\/uploads\/sites\/3\/2019\/01\/marie-francoise_delval_02.jpg\" alt=\"\"><\/div>\n<div> \t\t<!--  Text: [begin] --> \t\t\t<\/p>\n<h2><strong>Il y a deux  activit\u00e9s importantes pour AVICOM en 2007 <\/strong><\/h2>\n<p><b>1 \/ Notre r\u00e9union annuelle<\/b> <b>en ao\u00fbt \u00e0 Vienne, pendant la Conf\u00e9rence G\u00e9n\u00e9rale de l&#8217;ICOM, qui int\u00e8grera : <\/b><\/p>\n<ul>\n<li>les \u00e9lections du Bureau 2007-2010, <\/li>\n<li>l&#8217;Assembl\u00e9e G\u00e9n\u00e9rale triennale, <\/li>\n<li>la C\u00e9r\u00e9monie de remise des Troph\u00e9es du Fiamp.2006, <\/li>\n<li>un colloque sur la Cyber Mus\u00e9ologie, <\/li>\n<\/ul>\n<p>Je vous demande de vous mobiliser pour participer \u00e0 notre Assembl\u00e9e G\u00e9n\u00e9rale \u00e0 Vienne. Nous nous voyons peu, ou pas. Or c&#8217;est une occasion de nous rencontrer, de mieux faire connaissance, d&#8217;\u00e9changer, de partager des souvenirs en commun, et ne nous int\u00e9grer d&#8217;avantage \u00e0 la grande famille de l&#8217;ICOM en vivant ensembles les activit\u00e9s et les r\u00e9unions avec nos coll\u00e8gues du monde entier. Je vous souhaite nombreux \u00e0 cette grande r\u00e9union triennale dans la magnifique ville de Vienne.<\/p>\n<p><b>2 \/ Le Fiamp.2007<\/b> <b>en octobre au Mexique, dans l&#8217;ancienne ville coloniale de Cuernavaca.<\/b><\/p>\n<p>   Je vous demande aussi de diffuser dans vos institutions et dans les mus\u00e9es que vous connaissez, le prochain dossier d&#8217;inscription \u00e0 la comp\u00e9tition du Fiamp.2007. Il sera t\u00e9l\u00e9chargeable sur notre site web. Signalez-nous aussi les sites web, CD-Rom et audiovisuels que vous avez aim\u00e9 et qui pourraient \u00eatre inscrits \u00e0 cette comp\u00e9tition.<\/p>\n<p> Un autre chantier important est d&#8217;accro\u00eetre le nombre des membres d&#8217;AVICOM. Proposez \u00e0 vos coll\u00e8gues qui s&#8217;int\u00e9ressent aux technologies de rejoindre notre comit\u00e9 international. <\/p>\n<p>Je souhaite que cette ann\u00e9e 2007 soit une ann\u00e9e riche en contacts et en d\u00e9couvertes pour AVICOM et pour nous tous.<\/p>\n<p><b>Marie-Fran\u00e7oise Delval<\/b><br \/> Pr\u00e9sidente d&#8217;AVICOM &#8211; Conseil International des Mus\u00e9es <\/p>\n<p>\u00a0<\/p>\n<h3>AVICOM-Flash : Nouvelles et rapport d&#8217;activit\u00e9s <\/h3>\n<p><a href=\"http:\/\/avicom.mini.icom.museum\/wp-content\/uploads\/sites\/3\/2019\/01\/AvicomFlash_2tr_2007_fr.pdf\" title=\"AvicomFlash_2tr_2007_fr.pdf (357 KB)\" target=\"_blank\"><b>2\u00e8me trimestre 2007<\/b><\/a> (PDF) <\/p>\n<p><a href=\"http:\/\/avicom.mini.icom.museum\/wp-content\/uploads\/sites\/3\/2019\/01\/1-AvicomFlash_4tr_2006.pdf\" title=\"1-AvicomFlash_4tr_2006.pdf (317 KB)\" target=\"_blank\"><b>4\u00e8me trimestre 2006<\/b><\/a> (PDF) <\/p>\n<ul>\n<li>Festival International de l&#8217;Audiovisuel et du Multim\u00e9dia sur le Patrimoine, \u00e9dition 2006 <\/li>\n<li>Site web : une nouvelle version <\/li>\n<li>Modifications dans le Bureau <\/li>\n<li>21\u00e8me Conf\u00e9rence G\u00e9n\u00e9ral de l&#8217;ICOM \u00e0 Vienne en 2007 <\/li>\n<\/ul>\n<p> <strong>2\u00e8me trimestre 2006<\/strong><\/p>\n<ul>\n<li>68\u00e8me session du Comit\u00e9 Consultatif et 60 ans de l&#8217;ICOM <\/li>\n<li>Colloque &#8220;Les m\u00e9dias audiovisuels comme patrimoine culturel, et leur utilisation dans les mus\u00e9es&#8221; \u00e0 Mytil\u00e8ne en Gr\u00e8ce <\/li>\n<li>Concours pour la r\u00e9alisation d&#8217;un clip officiel pour l&#8217;ICOM <\/li>\n<li>Inscription \u00e0 la comp\u00e9tition du Fiamp.2006 <\/li>\n<\/ul>\n<p> <!--  Text: [end] --> <\/div>\n<\/p><\/div>\n<div><!-- --><\/div>\n<p> \t\t<!--  Image block: [end] --> \t\t\t   \t<!--  \t\tBEGIN: Content of extension \"hpo_relatedlink\", plugin \"tx_hporelatedlink_pi1\"  \t--> \t<\/p>\n<div> \t\t \t<\/div>\n<p> \t \t<!-- END: Content of extension \"hpo_relatedlink\", plugin \"tx_hporelatedlink_pi1\" -->  \t<\/div>\n<p> \t<!--  CONTENT ELEMENT, uid:5964\/textpic [end] --> \t\t<!--TYPO3SEARCH_end--> <\/div>\n","protected":false},"excerpt":{"rendered":"<p>Archives Il y a deux activit\u00e9s importantes pour AVICOM en 2007 1 \/ Notre r\u00e9union annuelle en ao\u00fbt \u00e0 Vienne, pendant la Conf\u00e9rence G\u00e9n\u00e9rale de l&#8217;ICOM, qui int\u00e8grera : les \u00e9lections du Bureau 2007-2010, l&#8217;Assembl\u00e9e G\u00e9n\u00e9rale triennale, la C\u00e9r\u00e9monie de remise des Troph\u00e9es du Fiamp.2006, un colloque sur la Cyber Mus\u00e9ologie, Je vous demande de [&hellip;]<\/p>\n","protected":false},"author":1,"featured_media":0,"parent":628,"menu_order":2,"comment_status":"closed","ping_status":"closed","template":"","meta":{"footnotes":""},"yst_prominent_words":[],"acf":[],"_links":{"self":[{"href":"https:\/\/avicom.mini.icom.museum\/fr\/wp-json\/wp\/v2\/pages\/1406"}],"collection":[{"href":"https:\/\/avicom.mini.icom.museum\/fr\/wp-json\/wp\/v2\/pages"}],"about":[{"href":"https:\/\/avicom.mini.icom.museum\/fr\/wp-json\/wp\/v2\/types\/page"}],"author":[{"embeddable":true,"href":"https:\/\/avicom.mini.icom.museum\/fr\/wp-json\/wp\/v2\/users\/1"}],"replies":[{"embeddable":true,"href":"https:\/\/avicom.mini.icom.museum\/fr\/wp-json\/wp\/v2\/comments?post=1406"}],"version-history":[{"count":1,"href":"https:\/\/avicom.mini.icom.museum\/fr\/wp-json\/wp\/v2\/pages\/1406\/revisions"}],"predecessor-version":[{"id":1978,"href":"https:\/\/avicom.mini.icom.museum\/fr\/wp-json\/wp\/v2\/pages\/1406\/revisions\/1978"}],"up":[{"embeddable":true,"href":"https:\/\/avicom.mini.icom.museum\/fr\/wp-json\/wp\/v2\/pages\/628"}],"wp:attachment":[{"href":"https:\/\/avicom.mini.icom.museum\/fr\/wp-json\/wp\/v2\/media?parent=1406"}],"wp:term":[{"taxonomy":"yst_prominent_words","embeddable":true,"href":"https:\/\/avicom.mini.icom.museum\/fr\/wp-json\/wp\/v2\/yst_prominent_words?post=1406"}],"curies":[{"name":"wp","href":"https:\/\/api.w.org\/{rel}","templated":true}]}}