{"id":1490,"date":"2019-01-03T20:42:30","date_gmt":"2019-01-03T20:42:30","guid":{"rendered":"http:\/\/avicom.icom.cust.oxymium.net\/archives\/2006-2\/le-conseil-dadministration-avicom-2007-2010\/"},"modified":"2019-01-03T20:46:07","modified_gmt":"2019-01-03T20:46:07","slug":"le-conseil-dadministration-avicom-2007-2010","status":"publish","type":"page","link":"https:\/\/avicom.mini.icom.museum\/fr\/archives\/2006-2\/le-conseil-dadministration-avicom-2007-2010\/","title":{"rendered":"Le Conseil d&#8217;Administration AVICOM 2007-2010"},"content":{"rendered":"<div id=\"RTE_CONTENT\"> <!--TYPO3SEARCH_begin--> \t<!--  CONTENT ELEMENT, uid:5982\/text [begin] --> \t\t<\/p>\n<div id=\"c5982\"> \t\t<!--  Header: [begin] --> \t\t\t<\/p>\n<h2>Archives<\/h2>\n<p> \t\t<!--  Header: [end] --> \t\t\t \t\t<!--  Text: [begin] --> \t\t\t<\/p>\n<h2>Bureau Ex\u00e9cutif<\/h2>\n<p>Le Conseil d&#8217;Administration se compose d&#8217;un Bureau et de tous les membres \u00e9lus : <a href=\"http:\/\/avicom.mini.icom.museum\/wp-content\/uploads\/sites\/3\/2019\/01\/cons_adm_avicom_2010.pdf\" title=\"cons_adm_avicom_2010.pdf (398 KB)\" target=\"_blank\">bio g\u00e9n\u00e9rale<\/a> <\/p>\n<p>\u00a0<\/p>\n<table cellpadding=\"0\" cellspacing=\"5\">\n<tr>\n<td valign=\"top\">\n<p><img decoding=\"async\" src=\"http:\/\/avicom.mini.icom.museum\/wp-content\/uploads\/sites\/3\/2019\/01\/RTEmagicC_mf_delval_w.jpg.jpg\" alt=\"Marie-Fran&amp;amp;ccedil;oise DELVAL \" align=\"left\"><\/p>\n<\/td>\n<td valign=\"top\">\n<p><b>Pr\u00e9sidente : Marie-Fran\u00e7oise DELVAL <br \/><\/b>Charg\u00e9e de la communication du D\u00e9partement des Syst\u00e8mes d&#8217;Information Minist\u00e8re fran\u00e7ais de la Culture. Dipl\u00f4m\u00e9e de l\u2019Ecole Sup\u00e9rieure des R\u00e9alisateurs Audiovisuels, elle est charg\u00e9e de cours \u00e0 l&#8217;Ecole du Louvre. Membre d&#8217;AVICOM depuis sa cr\u00e9ation, elle y dirige le &#8220;Festival International de l&#8217;Audiovisuel &amp; des Mutim\u00e9dias sur le Patrimoine&#8221; Fiamp. France.<a href=\"mailto:marie-francoise.delval@culture.gouv.fr\"><br \/> marie-francoise.delval@culture.gouv.fr<\/a><\/p>\n<\/td>\n<\/tr>\n<tr>\n<td valign=\"top\">\n<p><img decoding=\"async\" src=\"http:\/\/avicom.mini.icom.museum\/wp-content\/uploads\/sites\/3\/2019\/01\/RTEmagicC_karina_durand_w.jpg.jpg\" alt=\"Karina DURAND \" align=\"left\"><\/p>\n<\/td>\n<td valign=\"top\">\n<p><b>Vice-Pr\u00e9sidente : Karina DURAND <br \/><\/b>Dirige le D\u00e9partement of Education and Cultural Diffusion of the National Viceroyalty Museum of the INAH-CNCA (Mexique). Elle participe au programme de formation du Latino American Institute of Museology (Costa-Rica). Elle est membre d\u2019AVICOM depuis sa cr\u00e9ation. Mexique. <a href=\"http:\/\/avicom.mini.icom.museum\/wp-content\/uploads\/sites\/3\/2019\/01\/KDurand_cvbio_July07.pdf\" title=\"KDurand_cvbio_July07.pdf (143 KB)\"> bio<\/a><a href=\"mailto:k.durand@globalnoiseint.com\"><br \/> k.durand@globalnoiseint.com<\/a><\/p>\n<\/td>\n<\/tr>\n<tr>\n<td valign=\"top\">\n<p><img decoding=\"async\" src=\"http:\/\/avicom.mini.icom.museum\/wp-content\/uploads\/sites\/3\/2019\/01\/RTEmagicC_tari_janos_80px.jpg.jpg\" alt=\"Janos TARI \" align=\"left\"><\/p>\n<\/td>\n<td valign=\"top\">\n<p><b>Vice-Pr\u00e9sident<\/b> <b>: Janos TARI <br \/><\/b>Chef du d\u00e9partement Filmstudio et Archives du mus\u00e9e hongrois d&#8217;Ethnographical. R\u00e9alisateur et cameraman des films documentaires, organisation des catalogues ethnographiques d&#8217;histoire du cin\u00e9ma ethnographique, l&#8217;\u00e9dition des m\u00e9dias et des film pour le web du mus\u00e9e ethnographique, collaborer au projet de restauration du film ethnographique archivistique et a la num\u00e9risation. Hongrie. <a href=\"http:\/\/avicom.mini.icom.museum\/wp-content\/uploads\/sites\/3\/2019\/01\/JTari_cv_2007.pdf\" title=\"JTari_cv_2007.pdf (134 KB)\">bio<\/a><a href=\"mailto:tari@neprajz.hu\"><br \/> tari@neprajz.hu<\/a><\/p>\n<\/td>\n<\/tr>\n<tr>\n<td valign=\"top\">\n<p><img decoding=\"async\" src=\"http:\/\/avicom.mini.icom.museum\/wp-content\/uploads\/sites\/3\/2019\/01\/RTEmagicC_alain_masse_w.jpg.jpg\" alt=\"Alain MASSE\" align=\"left\"><\/p>\n<\/td>\n<td valign=\"top\">\n<p><b>Secr\u00e9taire G\u00e9n\u00e9ral : Alain MASSE<br \/><\/b>Pr\u00e9sident-directeur g\u00e9n\u00e9ral, Id\u00e9eclic (Qu\u00e9bec). A enseign\u00e9 \u00e0 l\u2019Universit\u00e9 du Qu\u00e9bec en Outaouais ; a travaill\u00e9 au mus\u00e9e canadien des civilisations et au mus\u00e9e canadien de la photographie contemporaine, aux mus\u00e9es nationaux du Canada et au mus\u00e9e des Beaux-arts du Canada. Sp\u00e9cialiste des nouvelles technologies et de la photographie. Canada.<a href=\"mailto:am@ideeclic.com\"><br \/> am@ideeclic.com<\/a><\/p>\n<\/td>\n<\/tr>\n<tr>\n<td valign=\"top\">\n<p><img decoding=\"async\" src=\"http:\/\/avicom.mini.icom.museum\/wp-content\/uploads\/sites\/3\/2019\/01\/RTEmagicC_jm_humbert_80px.jpg.jpg\" alt=\"Jean-Marcel HUMBERT\" align=\"left\"><\/p>\n<\/td>\n<td valign=\"top\">\n<p><b>Tr\u00e9sorier<\/b> <b>: Jean-Marcel HUMBERT<br \/><\/b>Conservateur g\u00e9n\u00e9ral du patrimoine, il est \u00e0 l\u2019Inspection g\u00e9n\u00e9rale des mus\u00e9es. Il a auparavant \u00e9t\u00e9 Directeur adjoint du mus\u00e9e national de la Marine, Directeur du mus\u00e9e national de la L\u00e9gion d\u2019honneur, et conservateur au mus\u00e9e du Louvre (adjoint au chef du Service culturel). Il a \u00e9t\u00e9 Pr\u00e9sident d&#8217;AVICOM de 1998 \u00e0 2004. France. <a href=\"http:\/\/avicom.mini.icom.museum\/wp-content\/uploads\/sites\/3\/2019\/01\/jmhumbert_cvbio_2007.pdf\" title=\"jmhumbert_cvbio_2007.pdf (135 KB)\"> bio<\/a><a href=\"mailto:jean-marcel.humbert@culture.gouv.fr\"><br \/> jean-marcel.humbert@culture.gouv.fr<\/a><\/p>\n<\/td>\n<\/tr>\n<\/table>\n<p>\u00a0<\/p>\n<h3>Membres du Conseil d&#8217;Administration<\/h3>\n<p>\u00a0<\/p>\n<table cellpadding=\"0\" cellspacing=\"5\">\n<tr>\n<td valign=\"top\">\n<p><img decoding=\"async\" src=\"http:\/\/avicom.mini.icom.museum\/wp-content\/uploads\/sites\/3\/2019\/01\/RTEmagicC_bounia_alexandra_80px.jpg.jpg\" alt=\"Alexandra BOUNIA \" align=\"left\"><\/p>\n<\/td>\n<td valign=\"top\">\n<p><b>Alexandra BOUNIA <br \/><\/b>Alexandra est professeur auxiliaire de mus\u00e9ologie \u00e0 l&#8217;universit\u00e9 de l&#8217;Eg\u00e9en en Gr\u00e8ce, D\u00e9partement de technologie et communication culturelles. Elle conduit actuellement la recherche sur l&#8217;utilisation des technologies audiovisuelles et de nouveaux m\u00e9dias dans les mus\u00e9es dans les r\u00e9gions m\u00e9diterran\u00e9ennes (Gr\u00e8ce, Italie, Chypre, Malte, Espagne, France du sud). Gr\u00e8ce. <a href=\"mailto:abounia@ct.aegean.gr\"><br \/> abounia@ct.aegean.gr<\/a><\/p>\n<\/td>\n<\/tr>\n<tr>\n<td valign=\"top\">\n<p><img decoding=\"async\" src=\"http:\/\/avicom.mini.icom.museum\/wp-content\/uploads\/sites\/3\/2019\/01\/RTEmagicC_marieJR_80px.jpg.jpg\" alt=\"Marie JANET-ROBERT\" align=\"left\"><\/p>\n<\/td>\n<td valign=\"top\">\n<p><b>Marie JANET-ROBERT<br \/><\/b>Doctorante en Th\u00e8se de troisi\u00e8me cycle d&#8217;Etudes cin\u00e9matographiques, Universit\u00e9 Sorbonne nouvelle &#8211; Paris III, elle est depuis juillet 2004 Conservateur du patrimoine au Mus\u00e9e des civilisations de l\u2019Europe et de la M\u00e9diterran\u00e9e (France), responsable du service audiovisuel. France.<a href=\"mailto:marie.janet-robert@culture.gouv.fr\"><br \/> marie.janet-robert@culture.gouv.fr<\/a><\/p>\n<\/td>\n<\/tr>\n<tr>\n<td valign=\"top\">\n<p><img decoding=\"async\" src=\"http:\/\/avicom.mini.icom.museum\/wp-content\/uploads\/sites\/3\/2019\/01\/RTEmagicC_langlois_eric_80px.jpg.jpg\" alt=\"&amp;amp;Eacute;ric LANGLOIS\" align=\"left\"><\/p>\n<\/td>\n<td valign=\"top\">\n<p><b>\u00c9ric LANGLOIS<br \/><\/b>Le professeur Eric Langlois s\u2019int\u00e9resse, depuis 10 ans aux questions relatives \u00e0 la cybermus\u00e9ologie. En 2002, il rejoint l\u2019\u00e9quipe de l\u2019\u00c9cole multidisciplinaire de l\u2019image (\u00c9MI) \u00e0 titre de professeur r\u00e9gulier. Ses \u00e9tudes de deuxi\u00e8me cycle en mus\u00e9ologie (Universit\u00e9 de Montr\u00e9al) lui ont permis de s\u2019initier aux questions relatives \u00e0 la recherche de son domaine de pr\u00e9dilection, la cybermus\u00e9ologie. Canada. <br \/><a href=\"mailto:eric.langlois@uqo.ca\">eric.langlois@uqo.ca<\/a><\/p>\n<\/td>\n<\/tr>\n<tr>\n<td valign=\"top\">\n<p><img decoding=\"async\" src=\"http:\/\/avicom.mini.icom.museum\/wp-content\/uploads\/sites\/3\/2019\/01\/RTEmagicC_als_w.jpg.jpg\" alt=\"Anne-Laure SANTERNE \" align=\"left\"><\/p>\n<\/td>\n<td valign=\"top\">\n<p><b>Anne-Laure SANTERNE <br \/><\/b>Titulaire des Ma\u00eetrises de Science Politique et d&#8217;Histoire Contemporaine et du Dipl\u00f4me d&#8217;Etudes sup\u00e9rieures de l&#8217;Ecole du Louvre (Mus\u00e9ologie), elle est Pr\u00e9sidente-fondatrice de l\u2019association MADESA Ing\u00e9nierie Culturelle Internationale. Depuis 1995 elle est Commissaire g\u00e9n\u00e9ral adjoint du &#8220;Festival International de l&#8217;Audiovisuel &amp; du Multim\u00e9dia sur le Patrimoine&#8221; (FI@MP) d&#8217;AVICOM. France.<a href=\"mailto:avicom@musee-marine.fr\"><br \/> avicom@musee-marine.fr<\/a><\/p>\n<\/td>\n<\/tr>\n<tr>\n<td valign=\"top\">\n<p><img decoding=\"async\" src=\"http:\/\/avicom.mini.icom.museum\/wp-content\/uploads\/sites\/3\/2019\/01\/RTEmagicC_sl_sung_80px.jpg.jpg\" alt=\"Daniel Chao-Ling SUNG\" align=\"left\"><\/p>\n<\/td>\n<td valign=\"top\">\n<p><b>Daniel Chao-Ling SUNG<br \/><\/b><em>Graduate of the Library School of the University of Wisconsin-Madison. In 1998 he was named Museum\u2019s Librarian, in charge of a specialized collection and periodical volumes, and archival materials on the early history of the institution. Presently, he is researcher managing editor of the Museum\u2019s journal, the National Palace Museum Bulletin. Taiwan R.O.C.<\/em> <a href=\"http:\/\/avicom.mini.icom.museum\/wp-content\/uploads\/sites\/3\/2019\/01\/Dan Sung_biocv_2007.pdf\" title=\"Dan Sung_biocv_2007.pdf (339 KB)\"> bio<\/a><a href=\"mailto:dan.sung@npm.gov.tw\"><br \/> dan.sung@npm.gov.tw<\/a><\/p>\n<\/td>\n<\/tr>\n<tr>\n<td valign=\"top\">\n<p><img decoding=\"async\" src=\"http:\/\/avicom.mini.icom.museum\/wp-content\/uploads\/sites\/3\/2019\/01\/RTEmagicC_louise_filiautrault_80px.jpg.jpg\" alt=\"Louise FILIATRAULT\" align=\"left\"><\/p>\n<\/td>\n<td valign=\"top\">\n<p><b>Louise FILIATRAULT<br \/><\/b>Directeur g\u00e9n\u00e9ral associ\u00e9, et Directeur de D\u00e9veloppement de programme au R\u00e9seau Canadien d&#8217;Information sur le Patrimoine (RCIP). Canada. <a href=\"http:\/\/avicom.mini.icom.museum\/wp-content\/uploads\/sites\/3\/2019\/01\/lfiliatrault_cvbio_2007.pdf\" title=\"lfiliatrault_cvbio_2007.pdf (148 KB)\">bio<\/a><br \/><a href=\"mailto:louise_filiatrault@pch.gc.ca\">louise_filiatrault@pch.gc.ca<\/a><\/p>\n<\/td>\n<\/tr>\n<tr>\n<td valign=\"top\">\n<p><img decoding=\"async\" src=\"http:\/\/avicom.mini.icom.museum\/wp-content\/uploads\/sites\/3\/2019\/01\/RTEmagicC_bonomi_carla_80px.jpg.jpg\" alt=\"Carla BONOMI \" align=\"left\"><\/p>\n<\/td>\n<td valign=\"top\">\n<p><b>Carla BONOMI <br \/><\/b>Webmestre du site de l&#8217;ICOM, Conseil International des Mus\u00e9es. Italie. <a href=\"http:\/\/avicom.mini.icom.museum\/wp-content\/uploads\/sites\/3\/2019\/01\/bonomi_carla_cvbio_2007.pdf\" title=\"bonomi_carla_cvbio_2007.pdf (139 KB)\">bio<br \/><\/a><a href=\"mailto:bonomi@icom.museum\">bonomi@icom.museum<\/a><\/p>\n<\/td>\n<\/tr>\n<tr>\n<td valign=\"top\">\n<p><img decoding=\"async\" src=\"http:\/\/avicom.mini.icom.museum\/wp-content\/uploads\/sites\/3\/2019\/01\/RTEmagicC_claude_nicole_hocquard_80px.jpg.jpg\" alt=\"Claude-Nicole HOCQUARD \" align=\"left\"><\/p>\n<\/td>\n<td valign=\"top\">\n<p><b>Claude-Nicole HOCQUARD <br \/><\/b>Fondatrice d&#8217;AVICOM, Claude-Nicole Hocquard est membre d&#8217;honneur du comit\u00e9, et est \u00e0 vie dans le Bureau. France.<\/p>\n<\/td>\n<\/tr>\n<\/table>\n<p>\u00a0<\/p>\n<h3>Hors Bureau <\/h3>\n<p>Commissariat G\u00e9n\u00e9ral du F@imp &#8220;Festival Audiovisuel International Mus\u00e9es &amp; Patrimoine&#8221;<\/p>\n<ul>\n<li> <strong>Marie-Fran\u00e7oise DELVAL<\/strong>, Commissaire g\u00e9n\u00e9ral. France <\/li>\n<li> <strong>Pascale MARCHAND<\/strong>, Commissaire g\u00e9n\u00e9ral adjoint, adjointe de direction au Mus\u00e9e national de la Marine. France <\/li>\n<li> <strong>Anne-Laure SANTERNE<\/strong>,  Commissaire g\u00e9n\u00e9ral adjoint. France <\/li>\n<\/ul>\n<p> <!--  Text: [end] --><!--  \t\tBEGIN: Content of extension \"hpo_relatedlink\", plugin \"tx_hporelatedlink_pi1\"  \t--><\/p>\n<div> \t\t \t<\/div>\n<p> \t \t<!-- END: Content of extension \"hpo_relatedlink\", plugin \"tx_hporelatedlink_pi1\" -->  \t<\/div>\n<p> \t<!--  CONTENT ELEMENT, uid:5982\/text [end] --> \t\t<!--TYPO3SEARCH_end--> <\/div>\n","protected":false},"excerpt":{"rendered":"<p>Archives Bureau Ex\u00e9cutif Le Conseil d&#8217;Administration se compose d&#8217;un Bureau et de tous les membres \u00e9lus : bio g\u00e9n\u00e9rale \u00a0 Pr\u00e9sidente : Marie-Fran\u00e7oise DELVAL Charg\u00e9e de la communication du D\u00e9partement des Syst\u00e8mes d&#8217;Information Minist\u00e8re fran\u00e7ais de la Culture. Dipl\u00f4m\u00e9e de l\u2019Ecole Sup\u00e9rieure des R\u00e9alisateurs Audiovisuels, elle est charg\u00e9e de cours \u00e0 l&#8217;Ecole du Louvre. Membre [&hellip;]<\/p>\n","protected":false},"author":1,"featured_media":0,"parent":630,"menu_order":0,"comment_status":"closed","ping_status":"closed","template":"","meta":{"footnotes":""},"yst_prominent_words":[],"acf":[],"_links":{"self":[{"href":"https:\/\/avicom.mini.icom.museum\/fr\/wp-json\/wp\/v2\/pages\/1490"}],"collection":[{"href":"https:\/\/avicom.mini.icom.museum\/fr\/wp-json\/wp\/v2\/pages"}],"about":[{"href":"https:\/\/avicom.mini.icom.museum\/fr\/wp-json\/wp\/v2\/types\/page"}],"author":[{"embeddable":true,"href":"https:\/\/avicom.mini.icom.museum\/fr\/wp-json\/wp\/v2\/users\/1"}],"replies":[{"embeddable":true,"href":"https:\/\/avicom.mini.icom.museum\/fr\/wp-json\/wp\/v2\/comments?post=1490"}],"version-history":[{"count":1,"href":"https:\/\/avicom.mini.icom.museum\/fr\/wp-json\/wp\/v2\/pages\/1490\/revisions"}],"predecessor-version":[{"id":1977,"href":"https:\/\/avicom.mini.icom.museum\/fr\/wp-json\/wp\/v2\/pages\/1490\/revisions\/1977"}],"up":[{"embeddable":true,"href":"https:\/\/avicom.mini.icom.museum\/fr\/wp-json\/wp\/v2\/pages\/630"}],"wp:attachment":[{"href":"https:\/\/avicom.mini.icom.museum\/fr\/wp-json\/wp\/v2\/media?parent=1490"}],"wp:term":[{"taxonomy":"yst_prominent_words","embeddable":true,"href":"https:\/\/avicom.mini.icom.museum\/fr\/wp-json\/wp\/v2\/yst_prominent_words?post=1490"}],"curies":[{"name":"wp","href":"https:\/\/api.w.org\/{rel}","templated":true}]}}