{"id":150,"date":"2019-01-03T20:33:15","date_gmt":"2019-01-03T20:33:15","guid":{"rendered":"http:\/\/avicom.icom.cust.oxymium.net\/qui-sommes-nous\/notre-mission-et-nos-actions\/"},"modified":"2020-04-14T21:24:42","modified_gmt":"2020-04-14T21:24:42","slug":"notre-mission-et-nos-actions","status":"publish","type":"page","link":"https:\/\/avicom.mini.icom.museum\/fr\/qui-sommes-nous\/notre-mission-et-nos-actions\/","title":{"rendered":"Notre mission et nos actions"},"content":{"rendered":"<div id=\"RTE_CONTENT\">\n<p><!--TYPO3SEARCH_begin--> <!-- CONTENT ELEMENT, uid:5423\/text [begin] --><\/p>\n<div id=\"c5423\">\n<p><!-- Text: [begin] --><\/p>\n<h3>LA MISSION DU COMIT\u00c9 AVICOM :<\/h3>\n<ul>\n<li>\n<h4>conseiller les mus\u00e9es, sensibiliser et informer les professionnels des mus\u00e9es sur l&#8217;utilit\u00e9 et les potentialit\u00e9s de l&#8217;audiovisuel et des nouvelles technologies, dans les domaines p\u00e9dagogiques, informatifs, promotionnels et commerciaux,<\/h4>\n<\/li>\n<li>\n<h4>recommander la prise en compte des technologies de l&#8217;audiovisuel dans les budgets d&#8217;\u00e9quipement, d&#8217;exploitation et de manifestations culturelles,<\/h4>\n<\/li>\n<li>\n<h4>\u00e9tudier le cadre juridique et financier relatif \u00e0 l&#8217;image, au son, \u00e0 l&#8217;audiovisuel, au multim\u00e9dia et \u00e0 la diffusion sur r\u00e9seaux c\u00e2bl\u00e9s et hertziens,<\/h4>\n<\/li>\n<li>\n<h4>recenser les institutions, les collections, les techniques, les r\u00e9alisations et productions, les bases et banques de donn\u00e9es,<\/h4>\n<\/li>\n<li>\n<h4>favoriser la connaissance des m\u00e9thodes de conservation des documents audiovisuels et num\u00e9riques sous toutes leurs formes,<\/h4>\n<\/li>\n<li>\n<h4>promouvoir la connaissance de l&#8217;histoire des techniques, encourager la cr\u00e9ation de r\u00e9seaux d&#8217;\u00e9changes et d&#8217;\u00e9tude sur l&#8217;emploi et l&#8217;usage des technologies issues de l&#8217;audiovisuel.<\/h4>\n<\/li>\n<\/ul>\n<h3>LES TH\u00c8MES PHARES POUR LES PROCHAINES ANN\u00c9ES :<\/h3>\n<ul>\n<li>\n<h4>Le multim\u00e9dia, partie int\u00e9grante du concept des mus\u00e9es et expositions<\/h4>\n<\/li>\n<li>\n<h4>Les nouveaux usages social m\u00e9dia et applications<\/h4>\n<\/li>\n<li>\n<h4>R\u00e9alit\u00e9 virtuelle et augment\u00e9e : pour la reconstruction et la m\u00e9diation du patrimoine culturel<\/h4>\n<\/li>\n<li>\n<h4>L\u2019inclusion et l\u2019int\u00e9gration sociale gr\u00e2ce au multim\u00e9dia<\/h4>\n<\/li>\n<li>\n<h4>Droit et aspects juridiques du multim\u00e9dia<\/h4>\n<\/li>\n<li>\n<h4>Collaboration accrue avec les autres comit\u00e9s nationaux et internationaux de l\u2019ICOM<\/h4>\n<\/li>\n<\/ul>\n<h3>R\u00c9UNIONS, JOURN\u00c9ES PROFESSIONNELLES&#8230; :<\/h3>\n<h4>La r\u00e9union g\u00e9n\u00e9rale du Comit\u00e9 se d\u00e9roule chaque ann\u00e9e dans un pays d&#8217;accueil diff\u00e9rent, autour d&#8217;une th\u00e9matique sp\u00e9cifique et de manifestations diverses (Colloques, Journ\u00e9es professionnelles, Festival). Outil d&#8217;information et de r\u00e9flexion<\/h4>\n<h4><\/h4>\n<p><!-- END: Content of extension \"hpo_relatedlink\", plugin \"tx_hporelatedlink_pi1\" --><\/p>\n<\/div>\n<p><!-- CONTENT ELEMENT, uid:5423\/text [end] --> <!--TYPO3SEARCH_end--><\/p>\n<\/div>\n","protected":false},"excerpt":{"rendered":"<p>LA MISSION DU COMIT\u00c9 AVICOM : conseiller les mus\u00e9es, sensibiliser et informer les professionnels des mus\u00e9es sur l&#8217;utilit\u00e9 et les potentialit\u00e9s de l&#8217;audiovisuel et des nouvelles technologies, dans les domaines p\u00e9dagogiques, informatifs, promotionnels et commerciaux, recommander la prise en compte des technologies de l&#8217;audiovisuel dans les budgets d&#8217;\u00e9quipement, d&#8217;exploitation et de manifestations culturelles, \u00e9tudier le [&hellip;]<\/p>\n","protected":false},"author":1,"featured_media":0,"parent":128,"menu_order":2,"comment_status":"closed","ping_status":"closed","template":"","meta":{"footnotes":""},"yst_prominent_words":[315,314,312,295,291,304,308,313,307,141,306,305,303,337,310,309,149,297,311,264],"acf":[],"_links":{"self":[{"href":"https:\/\/avicom.mini.icom.museum\/fr\/wp-json\/wp\/v2\/pages\/150"}],"collection":[{"href":"https:\/\/avicom.mini.icom.museum\/fr\/wp-json\/wp\/v2\/pages"}],"about":[{"href":"https:\/\/avicom.mini.icom.museum\/fr\/wp-json\/wp\/v2\/types\/page"}],"author":[{"embeddable":true,"href":"https:\/\/avicom.mini.icom.museum\/fr\/wp-json\/wp\/v2\/users\/1"}],"replies":[{"embeddable":true,"href":"https:\/\/avicom.mini.icom.museum\/fr\/wp-json\/wp\/v2\/comments?post=150"}],"version-history":[{"count":6,"href":"https:\/\/avicom.mini.icom.museum\/fr\/wp-json\/wp\/v2\/pages\/150\/revisions"}],"predecessor-version":[{"id":2964,"href":"https:\/\/avicom.mini.icom.museum\/fr\/wp-json\/wp\/v2\/pages\/150\/revisions\/2964"}],"up":[{"embeddable":true,"href":"https:\/\/avicom.mini.icom.museum\/fr\/wp-json\/wp\/v2\/pages\/128"}],"wp:attachment":[{"href":"https:\/\/avicom.mini.icom.museum\/fr\/wp-json\/wp\/v2\/media?parent=150"}],"wp:term":[{"taxonomy":"yst_prominent_words","embeddable":true,"href":"https:\/\/avicom.mini.icom.museum\/fr\/wp-json\/wp\/v2\/yst_prominent_words?post=150"}],"curies":[{"name":"wp","href":"https:\/\/api.w.org\/{rel}","templated":true}]}}