{"id":1524,"date":"2019-01-03T20:42:46","date_gmt":"2019-01-03T20:42:46","guid":{"rendered":"http:\/\/avicom.icom.cust.oxymium.net\/archives\/2006-2\/elections\/"},"modified":"2019-01-03T20:46:07","modified_gmt":"2019-01-03T20:46:07","slug":"elections","status":"publish","type":"page","link":"https:\/\/avicom.mini.icom.museum\/fr\/archives\/2006-2\/elections\/","title":{"rendered":"\u00c9lections"},"content":{"rendered":"<div id=\"RTE_CONTENT\"> <!--TYPO3SEARCH_begin--> \t<!--  CONTENT ELEMENT, uid:5986\/textpic [begin] --> \t\t<\/p>\n<div id=\"c5986\"> \t\t<!--  Header: [begin] --> \t\t\t<\/p>\n<h2>Archives<\/h2>\n<p> \t\t<!--  Header: [end] --> \t\t\t \t\t<!--  Image block: [begin] --> \t\t\t<\/p>\n<div>\n<div><img decoding=\"async\" src=\"http:\/\/avicom.mini.icom.museum\/wp-content\/uploads\/sites\/3\/2019\/01\/marie-francoise_delval_04.jpg\" alt=\"\"><\/div>\n<div> \t\t<!--  Text: [begin] --> \t\t\t<\/p>\n<h2>\u00c9lection du nouveau Conseil et du Comit\u00e9 ex\u00e9cutif d&#8217;AVICOM pour la p\u00e9riode 2007-2010<\/h2>\n<p>Les comit\u00e9s de l&#8217;ICOM doivent \u00e9lire leur conseil d&#8217;administration et son comit\u00e9 ex\u00e9cutif tous les 3 ans. La prochaine \u00e9lection du comit\u00e9 AVICOM aura lieu en ao\u00fbt au moment de son assembl\u00e9e g\u00e9n\u00e9rale \u00e0 Vienne, lors de la Conf\u00e9rence g\u00e9n\u00e9rale de l&#8217;ICOM. Les membres d&#8217;AVICOM doivent donc voter pour r\u00e9\u00e9lire et \/ ou de renouveler le conseil d&#8217;administration et du comit\u00e9 ex\u00e9cutif.<\/p>\n<p>   Vous votez en retournant le bulletin de vote par la poste, par fax ou par e-mail avec les noms des candidats s\u00e9lectionn\u00e9s. Le comptage sera effectu\u00e9 \u00e0 Vienne durant l&#8217;Assembl\u00e9e g\u00e9n\u00e9rale. <\/p>\n<p>Le nouveau Comit\u00e9 ex\u00e9cutif \u00e9lira lui-m\u00eame le nouveau conseil.<\/p>\n<p><b>Les candidats <\/b><\/p>\n<ul>\n<li>Pour le poste de pr\u00e9sidente : Marie-Fran\u00e7oise DELVAL, France  (<a href=\"http:\/\/avicom.mini.icom.museum\/wp-content\/uploads\/sites\/3\/2019\/01\/bio cv_delval_2010.pdf\" title=\"bio+cv_delval_2010.pdf (343 KB)\" target=\"_blank\">pdf<\/a>) <\/li>\n<li>Pour le poste de vice-pr\u00e9sidente : Karina DURAND, Mexique  (<a href=\"http:\/\/avicom.mini.icom.museum\/wp-content\/uploads\/sites\/3\/2019\/01\/KDurand_cvbio_July07.pdf\" title=\"KDurand_cvbio_July07.pdf (143 KB)\" target=\"_blank\">pdf<\/a>)<\/li>\n<li>Pour le poste de secr\u00e9taire g\u00e9n\u00e9rale : Alain MASSE, Canada<\/li>\n<\/ul>\n<p> <strong>Nouveaux demandeurs pour le Comit\u00e9 ex\u00e9cutif et le Conseil<\/strong><\/p>\n<ul>\n<li>Alexandra BOUNIA, Gr\u00e8ce<\/li>\n<li>Marie JANET-ROBERT, France<\/li>\n<li>Jean-Marcel HUMBERT, France (<a href=\"http:\/\/avicom.mini.icom.museum\/wp-content\/uploads\/sites\/3\/2019\/01\/jmhumbert_cvbio_2007.pdf\" title=\"jmhumbert_cvbio_2007.pdf (135 KB)\" target=\"_blank\">pdf<\/a>)<\/li>\n<li>Eric LANGLOIS, Canada (<a href=\"http:\/\/avicom.mini.icom.museum\/wp-content\/uploads\/sites\/3\/2019\/01\/elanglois_cvbio_2007.pdf\" title=\"elanglois_cvbio_2007.pdf (164 KB)\" target=\"_blank\">pdf<\/a>)<\/li>\n<li>Anne-Laure SANTERNE, France <\/li>\n<li>Daniel Chao-ling SUNG, Taiwan (<a href=\"http:\/\/avicom.mini.icom.museum\/wp-content\/uploads\/sites\/3\/2019\/01\/Dan Sung_biocv_2007.pdf\" title=\"Dan Sung_biocv_2007.pdf (339 KB)\" target=\"_blank\">pdf<\/a>)<\/li>\n<li>Janos TARI, Hongrie (<a href=\"http:\/\/avicom.mini.icom.museum\/wp-content\/uploads\/sites\/3\/2019\/01\/JTari_cv_2007.pdf\" title=\"JTari_cv_2007.pdf (134 KB)\" target=\"_blank\">pdf<\/a>)<\/li>\n<\/ul>\n<p>   Pour \u00e9lire les nouveaux membres du Comit\u00e9 ex\u00e9cutif et du Conseil AVICOM 2007-2010, t\u00e9l\u00e9chargez le bulletin ci-dessous, dessinez une croix \u00e0 c\u00f4t\u00e9 du nom de la personne pour laquelle vous souhaitez voter et retourner le formulaire d\u00fbment rempli (mention obligatoire *) , par la poste (AVICOM &#8211; c \/ o Mus\u00e9e national de la Marine &#8211; place du Trocad\u00e9ro &#8211; 75116 Paris, France) ou par fax (+33 (0) 153 656 965), avant le 30 juillet 2007.<\/p>\n<p><b>T\u00e9l\u00e9charger le fichier \u00e9lectoral et les bulletins de vote. <a href=\"http:\/\/avicom.mini.icom.museum\/wp-content\/uploads\/sites\/3\/2019\/01\/AvicomFlash_election2007.pdf\" title=\"AvicomFlash_election2007.pdf (412 KB)\" target=\"_blank\">Format PDF<\/a>.<\/b><\/p>\n<p> \t\t<!--  Text: [end] --> \t\t\t<\/div>\n<\/p><\/div>\n<div><!-- --><\/div>\n<p> \t\t<!--  Image block: [end] --> \t\t\t   \t<!--  \t\tBEGIN: Content of extension \"hpo_relatedlink\", plugin \"tx_hporelatedlink_pi1\"  \t--> \t<\/p>\n<div> \t\t \t<\/div>\n<p> \t \t<!-- END: Content of extension \"hpo_relatedlink\", plugin \"tx_hporelatedlink_pi1\" -->  \t<\/div>\n<p> \t<!--  CONTENT ELEMENT, uid:5986\/textpic [end] --> \t\t<!--TYPO3SEARCH_end--> <\/div>\n","protected":false},"excerpt":{"rendered":"<p>Archives \u00c9lection du nouveau Conseil et du Comit\u00e9 ex\u00e9cutif d&#8217;AVICOM pour la p\u00e9riode 2007-2010 Les comit\u00e9s de l&#8217;ICOM doivent \u00e9lire leur conseil d&#8217;administration et son comit\u00e9 ex\u00e9cutif tous les 3 ans. La prochaine \u00e9lection du comit\u00e9 AVICOM aura lieu en ao\u00fbt au moment de son assembl\u00e9e g\u00e9n\u00e9rale \u00e0 Vienne, lors de la Conf\u00e9rence g\u00e9n\u00e9rale de [&hellip;]<\/p>\n","protected":false},"author":1,"featured_media":0,"parent":630,"menu_order":1,"comment_status":"closed","ping_status":"closed","template":"","meta":{"footnotes":""},"yst_prominent_words":[],"acf":[],"_links":{"self":[{"href":"https:\/\/avicom.mini.icom.museum\/fr\/wp-json\/wp\/v2\/pages\/1524"}],"collection":[{"href":"https:\/\/avicom.mini.icom.museum\/fr\/wp-json\/wp\/v2\/pages"}],"about":[{"href":"https:\/\/avicom.mini.icom.museum\/fr\/wp-json\/wp\/v2\/types\/page"}],"author":[{"embeddable":true,"href":"https:\/\/avicom.mini.icom.museum\/fr\/wp-json\/wp\/v2\/users\/1"}],"replies":[{"embeddable":true,"href":"https:\/\/avicom.mini.icom.museum\/fr\/wp-json\/wp\/v2\/comments?post=1524"}],"version-history":[{"count":1,"href":"https:\/\/avicom.mini.icom.museum\/fr\/wp-json\/wp\/v2\/pages\/1524\/revisions"}],"predecessor-version":[{"id":1976,"href":"https:\/\/avicom.mini.icom.museum\/fr\/wp-json\/wp\/v2\/pages\/1524\/revisions\/1976"}],"up":[{"embeddable":true,"href":"https:\/\/avicom.mini.icom.museum\/fr\/wp-json\/wp\/v2\/pages\/630"}],"wp:attachment":[{"href":"https:\/\/avicom.mini.icom.museum\/fr\/wp-json\/wp\/v2\/media?parent=1524"}],"wp:term":[{"taxonomy":"yst_prominent_words","embeddable":true,"href":"https:\/\/avicom.mini.icom.museum\/fr\/wp-json\/wp\/v2\/yst_prominent_words?post=1524"}],"curies":[{"name":"wp","href":"https:\/\/api.w.org\/{rel}","templated":true}]}}