{"id":1594,"date":"2019-01-03T20:43:27","date_gmt":"2019-01-03T20:43:27","guid":{"rendered":"http:\/\/avicom.icom.cust.oxymium.net\/archives\/2006-2\/les-trophees-du-fiamp-2006\/"},"modified":"2019-01-03T20:46:06","modified_gmt":"2019-01-03T20:46:06","slug":"les-trophees-du-fiamp-2006","status":"publish","type":"page","link":"https:\/\/avicom.mini.icom.museum\/fr\/archives\/2006-2\/les-trophees-du-fiamp-2006\/","title":{"rendered":"Les Troph\u00e9es du FIAMP.2006"},"content":{"rendered":"<div id=\"RTE_CONTENT\"> <!--TYPO3SEARCH_begin--> \t<!--  CONTENT ELEMENT, uid:5998\/textpic [begin] --> \t\t<\/p>\n<div id=\"c5998\"> \t\t<!--  Header: [begin] --> \t\t\t<\/p>\n<h2>Archives<\/h2>\n<p> \t\t<!--  Header: [end] --> \t\t\t \t\t<!--  Image block: [begin] --> \t\t\t<\/p>\n<div>\n<div><img decoding=\"async\" src=\"http:\/\/avicom.mini.icom.museum\/wp-content\/uploads\/sites\/3\/2019\/01\/trophee_2006_01.jpg\" alt=\"\"><\/div>\n<div> \t\t<!--  Text: [begin] --> \t\t\t<\/p>\n<h2>FIAMP.2006<\/h2>\n<h3> Mus\u00e9e national de la Marine \u00e0 Paris,  12 &#8211; 14 d\u00e9cembre 2006<\/h3>\n<p>Les troph\u00e9es du Fiamp.2006 ont \u00e9t\u00e9 r\u00e9alis\u00e9s par l&#8217;artiste marocain <b>Mustapha CHADID<\/b>.<\/p>\n<p> Pesant 1kilo pour 25 cm de haut, le troph\u00e9e est en m\u00e9tal brut, avec un fini cuivr\u00e9. <\/p>\n<p>Ce qui l&#8217;inspire est le curseur de l&#8217;ordinateur qui cherche, montre, s\u00e9lectionne, et r\u00e9v\u00e8le, tout en renfor\u00e7ant la forme des clochers de Vienne, ville de culture qui accueille la 21\u00e8me Conf\u00e9rence G\u00e9n\u00e9rale du Conseil International des Mus\u00e9es durant laquelle se d\u00e9roule la c\u00e9r\u00e9monie de l&#8217;AVICOM Awards du Fiamp.2006.<\/p>\n<p>   Plus d&#8217;information : (<a href=\"http:\/\/avicom.mini.icom.museum\/wp-content\/uploads\/sites\/3\/2019\/01\/presentation_trophee.pdf\" title=\"presentation_trophee.pdf (167 KB)\" target=\"_blank\"><b>PDF<\/b><\/a>) <\/p>\n<p><\/p>\n<p> \t\t<!--  Text: [end] --> \t\t\t<\/div>\n<\/p><\/div>\n<div><!-- --><\/div>\n<p> \t\t<!--  Image block: [end] --> \t\t\t   \t<!--  \t\tBEGIN: Content of extension \"hpo_relatedlink\", plugin \"tx_hporelatedlink_pi1\"  \t--> \t<\/p>\n<div> \t\t \t<\/div>\n<p> \t \t<!-- END: Content of extension \"hpo_relatedlink\", plugin \"tx_hporelatedlink_pi1\" -->  \t<\/div>\n<p> \t<!--  CONTENT ELEMENT, uid:5998\/textpic [end] --> \t\t<!--TYPO3SEARCH_end--> <\/div>\n","protected":false},"excerpt":{"rendered":"<p>Archives FIAMP.2006 Mus\u00e9e national de la Marine \u00e0 Paris, 12 &#8211; 14 d\u00e9cembre 2006 Les troph\u00e9es du Fiamp.2006 ont \u00e9t\u00e9 r\u00e9alis\u00e9s par l&#8217;artiste marocain Mustapha CHADID. Pesant 1kilo pour 25 cm de haut, le troph\u00e9e est en m\u00e9tal brut, avec un fini cuivr\u00e9. Ce qui l&#8217;inspire est le curseur de l&#8217;ordinateur qui cherche, montre, s\u00e9lectionne, [&hellip;]<\/p>\n","protected":false},"author":1,"featured_media":0,"parent":630,"menu_order":7,"comment_status":"closed","ping_status":"closed","template":"","meta":{"footnotes":""},"yst_prominent_words":[],"acf":[],"_links":{"self":[{"href":"https:\/\/avicom.mini.icom.museum\/fr\/wp-json\/wp\/v2\/pages\/1594"}],"collection":[{"href":"https:\/\/avicom.mini.icom.museum\/fr\/wp-json\/wp\/v2\/pages"}],"about":[{"href":"https:\/\/avicom.mini.icom.museum\/fr\/wp-json\/wp\/v2\/types\/page"}],"author":[{"embeddable":true,"href":"https:\/\/avicom.mini.icom.museum\/fr\/wp-json\/wp\/v2\/users\/1"}],"replies":[{"embeddable":true,"href":"https:\/\/avicom.mini.icom.museum\/fr\/wp-json\/wp\/v2\/comments?post=1594"}],"version-history":[{"count":1,"href":"https:\/\/avicom.mini.icom.museum\/fr\/wp-json\/wp\/v2\/pages\/1594\/revisions"}],"predecessor-version":[{"id":1970,"href":"https:\/\/avicom.mini.icom.museum\/fr\/wp-json\/wp\/v2\/pages\/1594\/revisions\/1970"}],"up":[{"embeddable":true,"href":"https:\/\/avicom.mini.icom.museum\/fr\/wp-json\/wp\/v2\/pages\/630"}],"wp:attachment":[{"href":"https:\/\/avicom.mini.icom.museum\/fr\/wp-json\/wp\/v2\/media?parent=1594"}],"wp:term":[{"taxonomy":"yst_prominent_words","embeddable":true,"href":"https:\/\/avicom.mini.icom.museum\/fr\/wp-json\/wp\/v2\/yst_prominent_words?post=1594"}],"curies":[{"name":"wp","href":"https:\/\/api.w.org\/{rel}","templated":true}]}}