{"id":1600,"date":"2019-01-03T20:43:30","date_gmt":"2019-01-03T20:43:30","guid":{"rendered":"http:\/\/avicom.icom.cust.oxymium.net\/archives\/2006-2\/palmares-2006\/"},"modified":"2019-01-03T20:46:06","modified_gmt":"2019-01-03T20:46:06","slug":"palmares-2006","status":"publish","type":"page","link":"https:\/\/avicom.mini.icom.museum\/fr\/archives\/2006-2\/palmares-2006\/","title":{"rendered":"Palmar\u00e8s : 2006"},"content":{"rendered":"<div id=\"RTE_CONTENT\"> <!--TYPO3SEARCH_begin--> \t<!--  CONTENT ELEMENT, uid:5928\/textpic [begin] --> \t\t<\/p>\n<div id=\"c5928\"> \t\t<!--  Image block: [begin] --> \t\t\t<\/p>\n<div>\n<div><img decoding=\"async\" src=\"http:\/\/avicom.mini.icom.museum\/wp-content\/uploads\/sites\/3\/2019\/01\/logo_fiamp_16.jpg\" alt=\"\"><\/div>\n<div> \t\t<!--  Text: [begin] --> \t\t\t<\/p>\n<h3>FIAMP.2006<\/h3>\n<h4>Paris, France<\/h4>\n<\/p>\n<hr>\n<h2>Grand Prix AVICOM toutes cat\u00e9gories<\/h2>\n<ul>\n<li> <b>National Palace Museum, Taiwan <\/b><br \/>     pour la qualit\u00e9 de ses productions audiovisuelles et multim\u00e9dias<\/li>\n<\/ul>\n<h2>Bornes interactives<\/h2>\n<ul>\n<li> <b>Prix Multim\u00e9di&#8217;Art Int\u00e9ractif d\u2019Or<\/b><br \/>     Mus\u00e9e du quai Branly, France, pour l\u2019ensemble de ses bornes interactives<\/li>\n<li> <b>Prix Multim\u00e9di&#8217;Art Int\u00e9ractif d\u2019Argent<\/b><br \/>     Hyptique et \u00e0 CNRS UMS 1834, France, pour &#8220;D\u2019une langue \u00e0 l\u2019autre&#8221;<\/li>\n<li> <b>Prix Multim\u00e9di&#8217;Art  Int\u00e9ractif &#8211; Mention Sp\u00e9ciale \u00e0 la pr\u00e9sentation du patrimoine intangible<\/b><br \/>     Mus\u00e9e du quai Branly, France, pour la borne ASIE<\/li>\n<\/ul>\n<h2>CD-ROM \/ DVD-ROM<\/h2>\n<ul>\n<li> <b>Prix Multim\u00e9di&#8217;Art d\u2019Or<\/b><br \/>     DD Laboratory, Lettonie, pour &#8220;Rainis 2005&#8221;<\/li>\n<li> <b>Prix Multim\u00e9di&#8217;Art d\u2019Argent<\/b><br \/>     Mus\u00e9e de Litt\u00e9rature Pet\u00f6fi, Hongrie, pour &#8220;Consciousness&#8221;<\/li>\n<\/ul>\n<h2>Audiovisuels<\/h2>\n<ul>\n<li> <b>Grand Prix du Court M\u00e9trage<\/b><br \/>     Emblemma Espais Audiovisuals, Espagne, pour &#8220;Jules Verne&#8221;<\/li>\n<li> <b>Grand Prix du Moyen M\u00e9trage<\/b><br \/>     Stelling Arte e Cetera, Pays-Bas, pour &#8220;Keeping the futur : De Mayer program&#8221;<\/li>\n<li> <b>Grand Prix du Long M\u00e9trage \/  Feature Length<\/b><br \/>     Mus\u00e9e Albert Khan, France, pour &#8220;Le Banquier, le Mar\u00e9chal et le Missionnaire&#8221;<\/li>\n<\/ul>\n<h2>Sites Web <\/h2>\n<ul>\n<li> <b>Prix Web\u2019Art d\u2019Or du site Internet<\/b><br \/>     L\u2019Agence photographique de la R\u00e9union des Mus\u00e9es Nationaux, France, pour &#8220;<a href=\"http:\/www.photo.rmn.fr\" target=\"_blank\">Ecortex<\/a>&#8220;<\/li>\n<li> <b>Prix Web\u2019Art d\u2019Or de l\u2019exposition virtuelle<\/b><br \/>     Canadian Heritage Information Network, Canada, pour &#8220;<a href=\"http:\/\/www.tipatshimuna.ca\/1000_f.php\" target=\"_blank\">Tipatshimuna<\/a>&#8220;<\/li>\n<li> <b>Prix Web\u2019Art d\u2019Argent de l\u2019exposition virtuelle<\/b><br \/>     Museum Victoria, Australie, pour &#8220;<a href=\"http:\/\/www.museum.vic.gov.au\/caughtandcoloured\/\" target=\"_blank\">Caught and Coloured<\/a>&#8220;<\/li>\n<\/ul>\n<p>\u00a0<\/p>\n<p> \t\t<!--  Text: [end] --> \t\t\t<\/div>\n<\/p><\/div>\n<div><!-- --><\/div>\n<p> \t\t<!--  Image block: [end] --> \t\t\t   \t<!--  \t\tBEGIN: Content of extension \"hpo_relatedlink\", plugin \"tx_hporelatedlink_pi1\"  \t--> \t<\/p>\n<div> \t\t \t<\/div>\n<p> \t \t<!-- END: Content of extension \"hpo_relatedlink\", plugin \"tx_hporelatedlink_pi1\" -->  \t<\/div>\n<p> \t<!--  CONTENT ELEMENT, uid:5928\/textpic [end] --> \t\t<!--TYPO3SEARCH_end--> <\/div>\n","protected":false},"excerpt":{"rendered":"<p>FIAMP.2006 Paris, France Grand Prix AVICOM toutes cat\u00e9gories National Palace Museum, Taiwan pour la qualit\u00e9 de ses productions audiovisuelles et multim\u00e9dias Bornes interactives Prix Multim\u00e9di&#8217;Art Int\u00e9ractif d\u2019Or Mus\u00e9e du quai Branly, France, pour l\u2019ensemble de ses bornes interactives Prix Multim\u00e9di&#8217;Art Int\u00e9ractif d\u2019Argent Hyptique et \u00e0 CNRS UMS 1834, France, pour &#8220;D\u2019une langue \u00e0 l\u2019autre&#8221; Prix [&hellip;]<\/p>\n","protected":false},"author":1,"featured_media":0,"parent":630,"menu_order":8,"comment_status":"closed","ping_status":"closed","template":"","meta":{"footnotes":""},"yst_prominent_words":[],"acf":[],"_links":{"self":[{"href":"https:\/\/avicom.mini.icom.museum\/fr\/wp-json\/wp\/v2\/pages\/1600"}],"collection":[{"href":"https:\/\/avicom.mini.icom.museum\/fr\/wp-json\/wp\/v2\/pages"}],"about":[{"href":"https:\/\/avicom.mini.icom.museum\/fr\/wp-json\/wp\/v2\/types\/page"}],"author":[{"embeddable":true,"href":"https:\/\/avicom.mini.icom.museum\/fr\/wp-json\/wp\/v2\/users\/1"}],"replies":[{"embeddable":true,"href":"https:\/\/avicom.mini.icom.museum\/fr\/wp-json\/wp\/v2\/comments?post=1600"}],"version-history":[{"count":1,"href":"https:\/\/avicom.mini.icom.museum\/fr\/wp-json\/wp\/v2\/pages\/1600\/revisions"}],"predecessor-version":[{"id":1969,"href":"https:\/\/avicom.mini.icom.museum\/fr\/wp-json\/wp\/v2\/pages\/1600\/revisions\/1969"}],"up":[{"embeddable":true,"href":"https:\/\/avicom.mini.icom.museum\/fr\/wp-json\/wp\/v2\/pages\/630"}],"wp:attachment":[{"href":"https:\/\/avicom.mini.icom.museum\/fr\/wp-json\/wp\/v2\/media?parent=1600"}],"wp:term":[{"taxonomy":"yst_prominent_words","embeddable":true,"href":"https:\/\/avicom.mini.icom.museum\/fr\/wp-json\/wp\/v2\/yst_prominent_words?post=1600"}],"curies":[{"name":"wp","href":"https:\/\/api.w.org\/{rel}","templated":true}]}}