{"id":1606,"date":"2019-01-03T20:43:33","date_gmt":"2019-01-03T20:43:33","guid":{"rendered":"http:\/\/avicom.icom.cust.oxymium.net\/archives\/2006-2\/selection-officielle-2\/"},"modified":"2019-01-03T20:46:06","modified_gmt":"2019-01-03T20:46:06","slug":"selection-officielle-2","status":"publish","type":"page","link":"https:\/\/avicom.mini.icom.museum\/fr\/archives\/2006-2\/selection-officielle-2\/","title":{"rendered":"S\u00e9l\u00e9ction officielle"},"content":{"rendered":"<div id=\"RTE_CONTENT\"> <!--TYPO3SEARCH_begin--> \t<!--  CONTENT ELEMENT, uid:5990\/textpic [begin] --> \t\t<\/p>\n<div id=\"c5990\"> \t\t<!--  Header: [begin] --> \t\t\t<\/p>\n<h2>Archives<\/h2>\n<p> \t\t<!--  Header: [end] --> \t\t\t \t\t<!--  Image block: [begin] --> \t\t\t<\/p>\n<div>\n<div><img decoding=\"async\" src=\"http:\/\/avicom.mini.icom.museum\/wp-content\/uploads\/sites\/3\/2019\/01\/logo_fiamp_33.jpg\" alt=\"\"><\/div>\n<div> \t\t<!--  Text: [begin] --> \t\t\t<\/p>\n<h2>FIAMP.2006<\/h2>\n<h3> Mus\u00e9e national de la Marine \u00e0 Paris,  12 &#8211; 14 d\u00e9cembre 2006<\/h3>\n<h2>Bornes interactives <\/h2>\n<ul>\n<li>\u00c9tablissement public du Quai Branly, France, &#8220;Oc\u00e9anie&#8221;<\/li>\n<li>\u00c9tablissement public du Quai Branly, France, &#8220;Asie&#8221;<\/li>\n<li>\u00c9tablissement public du Quai Branly, France, &#8220;Am\u00e9riques&#8221;<\/li>\n<li>\u00c9tablissement public du Quai Branly, France, &#8220;Afrique&#8221;<\/li>\n<li>Hyptique, France, &#8220;D&#8217;une langue \u00e0 l&#8217;autre&#8221;<\/li>\n<li>Museo Case Mata, Mexique, &#8220;Interactivos Museo Casa Mata&#8221;<\/li>\n<\/ul>\n<h2>CD-ROM<\/h2>\n<ul>\n<li>DD Laboratory, Latvia, &#8220;Alexandrs Caks&#8221;<\/li>\n<li>DD Laboratory, Latvia, &#8220;Rainis 2005&#8221;<\/li>\n<li>Gobustan State Historical Artist, Azerbaijan, &#8220;Virtual Gobustan&#8221;<\/li>\n<li>Museum of Literature &#8220;PET\u00d6FI&#8221;, Hongrie, &#8220;Consciousness&#8221;<\/li>\n<li>National Palace Museum, Taiwain, &#8220;Precious Ju Ware&#8221;<\/li>\n<li>Zagreb City Museum, Croatie, &#8220;The Dictates of the Time&#8221;<\/li>\n<\/ul>\n<h2>Audiovisuels<\/h2>\n<h3>Court M\u00e9trage <\/h3>\n<ul>\n<li>Emblemma Espais Audiovisuals, Espagne, &#8220;Jules Verne&#8221;<\/li>\n<li>Indianapolis Museum of Art, USA, &#8220;Caroline Marmon Fesler&#8221;<\/li>\n<li>Indianapolis Museum of Art, USA, &#8220;Bing Davis&#8221;<\/li>\n<li>Mental Media Pty Ltd., Australie, &#8220;The Shrine Orientation&#8221;<\/li>\n<li>National Palace Museum, Taiwan,  &#8220;In the golden\u2026 Curio Boxes&#8221;<\/li>\n<li>Parc National du Morvan, France, &#8220;La charrette morvandelle&#8221;<\/li>\n<li>Ryksmuseum Amsterdam, Pays-Bas, &#8220;Neutron Transmission Radiography&#8221;<\/li>\n<li>The Getty Conservation Institute, USA, &#8220;The Wall Paintings of Mogao&#8221;<\/li>\n<\/ul>\n<p>\u00a0<\/p>\n<h3>Moyen M\u00e9trage<\/h3>\n<ul>\n<li>Emblemma Espais Audiovisuals, Espagne, &#8220;Les Veus del Front&#8221;<\/li>\n<li>Mental Media Pty Ltd., Australie, &#8220;Spirit of Anzac&#8221;<\/li>\n<li>National Palace Museum, Taiwan, &#8220;Tang Ying&#8221;<\/li>\n<li>National Palace Museum, Taiwan, &#8220;Laque rouge&#8221;<\/li>\n<li>Stelling Arte e Cetera, Pays Bas, &#8220;Keeping the futur : De mayer program&#8221;<\/li>\n<li>Suenos y Quimeras, Mexique, &#8220;Kakawa Xocoatl&#8221;<\/li>\n<li>Svo Art, France, V\u00e9ron\u00e8se : &#8220;commentaire des \u0153uvres&#8221;<\/li>\n<li>Svo Art, France, Boticelli : &#8220;\u00e0 propos de Boticelli&#8221;<\/li>\n<li>Svo Art, France, &#8220;L&#8217;Envol\u00e9e Lyrique : Entretiens&#8221;<\/li>\n<li>The Canadian War Museum,  Canada, &#8220;Entrance visual&#8221;<\/li>\n<\/ul>\n<p>\u00a0<\/p>\n<h3>Long M\u00e9trage <\/h3>\n<ul>\n<li>Mus\u00e9e Albert Khan, France, Le Banquier, &#8220;Le Mar\u00e9chal et le Missionnaire&#8221;<\/li>\n<li>Museum of Ethnography, Hongrie, &#8220;Swings and Swingers&#8221;<\/li>\n<li>Stitchting Arte e Cetera, Pays-Bas, &#8220;Keeping for the Future&#8221;<\/li>\n<li>Svo Art, France, Matisse : &#8220;parcours d&#8217;expo&#8221;<\/li>\n<\/ul>\n<p>\u00a0<\/p>\n<h3>Audiovisuels DVD-ROM<\/h3>\n<ul>\n<li>\u00c9tablissement public du Quai Branly, France, &#8220;Sonorama, sud du B\u00e9nin&#8221;<\/li>\n<\/ul>\n<h2>Sites Web <\/h2>\n<h3>Expos virtuelles et programmes sp\u00e9cifiques<\/h3>\n<ul>\n<li>Canadian Heritage Information Network, Canada, &#8220;<a href=\"http:\/\/www.tipatshimuna.ca\/1000_f.php\" target=\"_blank\">Tipatshimuna<\/a>&#8220;<\/li>\n<li>Centre d&#8217;interpr\u00e9tation du patrimoine de Sorel, Canada, &#8220;<a href=\"http:\/\/www.survoldulacsaintpierre.com\/\" target=\"_blank\">Survol du Lac Saint-Pierre<\/a>&#8220;<\/li>\n<li>Centre national d&#8217;art et de culture Georges Pompidou, France, &#8220;<a href=\"http:\/\/www.junior.centrepompidou.fr\/\" target=\"_blank\">WAOUH<\/a>&#8220;<\/li>\n<li>Commission des Champs de Bataille, Canada, &#8220;1759&#8221;<\/li>\n<li>Digital Media Concept Corp, Taiwan, &#8220;<a href=\"http:\/\/tech2.npm.gov.tw\/sung\/\" target=\"_blank\">Painting and Calligraphy of the Northern Sung<\/a>&#8221; <\/li>\n<li>Museum Victoria, Australie, &#8220;<a href=\"http:\/\/www.museum.vic.gov.au\/caughtandcoloured\/\" target=\"_blank\">Caught and Coloured<\/a>&#8220;<\/li>\n<li>National Museum of Australia, Australie,  &#8220;<a href=\"http:\/\/www.nma.gov.au\/play\/oscars_sketchbook\/\" target=\"_blank\">Oscar&#8217;s Sketchbook interactive<\/a>&#8220;<\/li>\n<li>National Palace Museum, Taiwan,  &#8220;The Spirit of Jade&#8221;<\/li>\n<li> <a href=\"http:\/\/www.staatsvertrag.at\/\" target=\"_blank\">Technisches Museum Wien Mit \u00d6sterreichischer Mediathek<\/a>, Autriche<\/li>\n<li>The Canadian Museum of Civilization,  Canada, &#8220;Avant le cybercommerce&#8221;<\/li>\n<li>The Canadian Museum of Civilization, Canada, &#8220;Citoyennes&#8221;<\/li>\n<li>The Canadian War Museum, Canada, &#8220;Over the top&#8221;<\/li>\n<\/ul>\n<p>\u00a0<\/p>\n<h3>Sites g\u00e9n\u00e9ralistes<\/h3>\n<ul>\n<li>Cit\u00e9 nationale de l&#8217;histoire de l&#8217;immigration, France, &#8220;<a href=\"http:\/\/www.histoire-immigration.fr\/\" target=\"_blank\">Deux si\u00e8cles d&#8217;histoire de L&#8217;immigration en France<\/a>&#8220;<\/li>\n<li>RMN \u2013 Agence Photo, France, &#8220;<a href=\"http:\/\/www.photo.rmn.fr\/\" target=\"_blank\">Ecortex<\/a>&#8221; <\/li>\n<\/ul>\n<p> <!--  Text: [end] --> <\/div>\n<\/p><\/div>\n<div><!-- --><\/div>\n<p> \t\t<!--  Image block: [end] --> \t\t\t   \t<!--  \t\tBEGIN: Content of extension \"hpo_relatedlink\", plugin \"tx_hporelatedlink_pi1\"  \t--> \t<\/p>\n<div> \t\t \t<\/div>\n<p> \t \t<!-- END: Content of extension \"hpo_relatedlink\", plugin \"tx_hporelatedlink_pi1\" -->  \t<\/div>\n<p> \t<!--  CONTENT ELEMENT, uid:5990\/textpic [end] --> \t\t<!--TYPO3SEARCH_end--> <\/div>\n","protected":false},"excerpt":{"rendered":"<p>Archives FIAMP.2006 Mus\u00e9e national de la Marine \u00e0 Paris, 12 &#8211; 14 d\u00e9cembre 2006 Bornes interactives \u00c9tablissement public du Quai Branly, France, &#8220;Oc\u00e9anie&#8221; \u00c9tablissement public du Quai Branly, France, &#8220;Asie&#8221; \u00c9tablissement public du Quai Branly, France, &#8220;Am\u00e9riques&#8221; \u00c9tablissement public du Quai Branly, France, &#8220;Afrique&#8221; Hyptique, France, &#8220;D&#8217;une langue \u00e0 l&#8217;autre&#8221; Museo Case Mata, Mexique, &#8220;Interactivos [&hellip;]<\/p>\n","protected":false},"author":1,"featured_media":0,"parent":630,"menu_order":9,"comment_status":"closed","ping_status":"closed","template":"","meta":{"footnotes":""},"yst_prominent_words":[],"acf":[],"_links":{"self":[{"href":"https:\/\/avicom.mini.icom.museum\/fr\/wp-json\/wp\/v2\/pages\/1606"}],"collection":[{"href":"https:\/\/avicom.mini.icom.museum\/fr\/wp-json\/wp\/v2\/pages"}],"about":[{"href":"https:\/\/avicom.mini.icom.museum\/fr\/wp-json\/wp\/v2\/types\/page"}],"author":[{"embeddable":true,"href":"https:\/\/avicom.mini.icom.museum\/fr\/wp-json\/wp\/v2\/users\/1"}],"replies":[{"embeddable":true,"href":"https:\/\/avicom.mini.icom.museum\/fr\/wp-json\/wp\/v2\/comments?post=1606"}],"version-history":[{"count":1,"href":"https:\/\/avicom.mini.icom.museum\/fr\/wp-json\/wp\/v2\/pages\/1606\/revisions"}],"predecessor-version":[{"id":1968,"href":"https:\/\/avicom.mini.icom.museum\/fr\/wp-json\/wp\/v2\/pages\/1606\/revisions\/1968"}],"up":[{"embeddable":true,"href":"https:\/\/avicom.mini.icom.museum\/fr\/wp-json\/wp\/v2\/pages\/630"}],"wp:attachment":[{"href":"https:\/\/avicom.mini.icom.museum\/fr\/wp-json\/wp\/v2\/media?parent=1606"}],"wp:term":[{"taxonomy":"yst_prominent_words","embeddable":true,"href":"https:\/\/avicom.mini.icom.museum\/fr\/wp-json\/wp\/v2\/yst_prominent_words?post=1606"}],"curies":[{"name":"wp","href":"https:\/\/api.w.org\/{rel}","templated":true}]}}